{"id":4649,"date":"2024-06-24T06:22:58","date_gmt":"2024-06-24T09:22:58","guid":{"rendered":"https:\/\/kaitekviajes.com.ar\/?post_type=product&#038;p=4649"},"modified":"2026-03-22T16:09:23","modified_gmt":"2026-03-22T19:09:23","slug":"nieve-y-aventura-todo-incluido","status":"publish","type":"product","link":"https:\/\/kaitekviajes.com.ar\/pt\/produto\/nieve-y-aventura-todo-incluido\/","title":{"rendered":"Neve e Aventura Tudo Inclu\u00eddo"},"content":{"rendered":"<h1>O pacote de atividades de inverno mais completo em Ushuaia e Terra do Fogo, para que voc\u00ea possa aproveitar a neve ao m\u00e1ximo!<\/h1>\n<p><strong>Neve e Aventura Tudo Inclu\u00eddo<\/strong>, un paquete de dos d\u00edas para vivir la nieve y la aventura al m\u00e1ximo! El producto de invierno m\u00e1s completo y atractivo de Ushuaia y Tierra del Fuego. Lo mejor, pod\u00e9s elegir el orden de las actividades y realizarlas las veces que quieras!<\/p>","protected":false},"excerpt":{"rendered":"<p>El Paquete con Actividades Invernales m\u00e1s completo de Ushuaia y Tierra del Fuego, para que disfrutes la Nieve al Extremo! Nieve y Aventura en Todo Incluido, un paquete de dos d\u00edas para vivir la nieve y la aventura al m\u00e1ximo! El producto de invierno m\u00e1s completo y atractivo de Ushuaia y Tierra del Fuego. Lo [&hellip;]<\/p>","protected":false},"featured_media":4660,"comment_status":"open","ping_status":"closed","template":"","meta":{"_joinchat":[]},"product_brand":[],"product_cat":[31],"product_tag":[],"actividad":[267,280,278,265,277],"ciudad":[59],"provincia":[238],"lugar":[240,239],"pais":[47],"class_list":{"0":"post-4649","1":"product","2":"type-product","3":"status-publish","4":"has-post-thumbnail","6":"product_cat-paquetes","7":"actividad-caminata-con-raquetas","8":"actividad-excursiones-de-invierno","9":"actividad-motos-de-nieve","10":"actividad-ski","11":"actividad-trineo-con-huskies","12":"ciudad-ushuaia","13":"provincia-tierra-del-fuego","14":"lugar-lago-escondido","15":"lugar-lago-fagnano","16":"pais-argentina","18":"first","19":"instock","20":"sold-individually","21":"shipping-taxable","22":"purchasable","23":"product-type-booking"},"yoast_head":"<!-- This site is optimized with the Yoast SEO plugin v27.2 - https:\/\/yoast.com\/product\/yoast-seo-wordpress\/ -->\n<title>Nieve y Aventura Todo Incluido - Kaitek Viajes<\/title>\n<meta name=\"description\" content=\"El Paquete con Actividades Invernales m\u00e1s completo de Ushuaia y Tierra del Fuego, para que disfrutes la Nieve al Extremo!\" \/>\n<meta name=\"robots\" content=\"index, follow, max-snippet:-1, max-image-preview:large, max-video-preview:-1\" \/>\n<link rel=\"canonical\" href=\"https:\/\/kaitekviajes.com.ar\/pt\/produto\/nieve-y-aventura-todo-incluido\/?wmc-currency=USD\" \/>\n<meta property=\"og:locale\" content=\"pt_BR\" \/>\n<meta property=\"og:type\" content=\"article\" \/>\n<meta property=\"og:title\" content=\"Nieve y Aventura Todo Incluido - Kaitek Viajes\" \/>\n<meta property=\"og:description\" content=\"El Paquete con Actividades Invernales m\u00e1s completo de Ushuaia y Tierra del Fuego, para que disfrutes la Nieve al Extremo!\" \/>\n<meta property=\"og:url\" content=\"https:\/\/kaitekviajes.com.ar\/pt\/produto\/nieve-y-aventura-todo-incluido\/?wmc-currency=USD\" \/>\n<meta property=\"og:site_name\" content=\"Kaitek Viajes\" \/>\n<meta property=\"article:modified_time\" content=\"2026-03-22T19:09:23+00:00\" \/>\n<meta property=\"og:image\" content=\"https:\/\/kaitekviajes.com.ar\/wp-content\/uploads\/2023\/08\/Ktk-FullPack-101-copia.jpg\" \/>\n\t<meta property=\"og:image:width\" content=\"1209\" \/>\n\t<meta property=\"og:image:height\" content=\"844\" \/>\n\t<meta property=\"og:image:type\" content=\"image\/jpeg\" \/>\n<meta name=\"twitter:card\" content=\"summary_large_image\" \/>\n<meta name=\"twitter:label1\" content=\"Est. tempo de leitura\" \/>\n\t<meta name=\"twitter:data1\" content=\"1 minuto\" \/>\n<script type=\"application\/ld+json\" class=\"yoast-schema-graph\">{\"@context\":\"https:\/\/schema.org\",\"@graph\":[{\"@type\":\"WebPage\",\"@id\":\"https:\/\/kaitekviajes.com.ar\/producto\/nieve-y-aventura-todo-incluido\/\",\"url\":\"https:\/\/kaitekviajes.com.ar\/producto\/nieve-y-aventura-todo-incluido\/\",\"name\":\"Nieve y Aventura Todo Incluido - Kaitek Viajes\",\"isPartOf\":{\"@id\":\"https:\/\/kaitekviajes.com.ar\/#website\"},\"primaryImageOfPage\":{\"@id\":\"https:\/\/kaitekviajes.com.ar\/producto\/nieve-y-aventura-todo-incluido\/#primaryimage\"},\"image\":{\"@id\":\"https:\/\/kaitekviajes.com.ar\/producto\/nieve-y-aventura-todo-incluido\/#primaryimage\"},\"thumbnailUrl\":\"https:\/\/kaitekviajes.com.ar\/wp-content\/uploads\/2023\/08\/Ktk-FullPack-101-copia.jpg\",\"datePublished\":\"2024-06-24T09:22:58+00:00\",\"dateModified\":\"2026-03-22T19:09:23+00:00\",\"description\":\"El Paquete con Actividades Invernales m\u00e1s completo de Ushuaia y Tierra del Fuego, para que disfrutes la Nieve al Extremo!\",\"breadcrumb\":{\"@id\":\"https:\/\/kaitekviajes.com.ar\/producto\/nieve-y-aventura-todo-incluido\/#breadcrumb\"},\"inLanguage\":\"pt-BR\",\"potentialAction\":[{\"@type\":\"ReadAction\",\"target\":[\"https:\/\/kaitekviajes.com.ar\/producto\/nieve-y-aventura-todo-incluido\/\"]}]},{\"@type\":\"ImageObject\",\"inLanguage\":\"pt-BR\",\"@id\":\"https:\/\/kaitekviajes.com.ar\/producto\/nieve-y-aventura-todo-incluido\/#primaryimage\",\"url\":\"https:\/\/kaitekviajes.com.ar\/wp-content\/uploads\/2023\/08\/Ktk-FullPack-101-copia.jpg\",\"contentUrl\":\"https:\/\/kaitekviajes.com.ar\/wp-content\/uploads\/2023\/08\/Ktk-FullPack-101-copia.jpg\",\"width\":1209,\"height\":844},{\"@type\":\"BreadcrumbList\",\"@id\":\"https:\/\/kaitekviajes.com.ar\/producto\/nieve-y-aventura-todo-incluido\/#breadcrumb\",\"itemListElement\":[{\"@type\":\"ListItem\",\"position\":1,\"name\":\"Portada\",\"item\":\"https:\/\/kaitekviajes.com.ar\/\"},{\"@type\":\"ListItem\",\"position\":2,\"name\":\"Tienda\",\"item\":\"https:\/\/kaitekviajes.com.ar\/tienda\/\"},{\"@type\":\"ListItem\",\"position\":3,\"name\":\"Nieve y Aventura Todo Incluido\"}]},{\"@type\":\"WebSite\",\"@id\":\"https:\/\/kaitekviajes.com.ar\/#website\",\"url\":\"https:\/\/kaitekviajes.com.ar\/\",\"name\":\"Kaitek Viajes\",\"description\":\"Excursiones - Ushuaia y Tierra del Fuego, Patagonia\",\"publisher\":{\"@id\":\"https:\/\/kaitekviajes.com.ar\/#organization\"},\"potentialAction\":[{\"@type\":\"SearchAction\",\"target\":{\"@type\":\"EntryPoint\",\"urlTemplate\":\"https:\/\/kaitekviajes.com.ar\/?s={search_term_string}\"},\"query-input\":{\"@type\":\"PropertyValueSpecification\",\"valueRequired\":true,\"valueName\":\"search_term_string\"}}],\"inLanguage\":\"pt-BR\"},{\"@type\":\"Organization\",\"@id\":\"https:\/\/kaitekviajes.com.ar\/#organization\",\"name\":\"Kaitek Viajes\",\"url\":\"https:\/\/kaitekviajes.com.ar\/\",\"logo\":{\"@type\":\"ImageObject\",\"inLanguage\":\"pt-BR\",\"@id\":\"https:\/\/kaitekviajes.com.ar\/#\/schema\/logo\/image\/\",\"url\":\"https:\/\/kaitekviajes.com.ar\/wp-content\/uploads\/2023\/04\/cropped-Logo-Kaitek-completo.png\",\"contentUrl\":\"https:\/\/kaitekviajes.com.ar\/wp-content\/uploads\/2023\/04\/cropped-Logo-Kaitek-completo.png\",\"width\":1380,\"height\":706,\"caption\":\"Kaitek Viajes\"},\"image\":{\"@id\":\"https:\/\/kaitekviajes.com.ar\/#\/schema\/logo\/image\/\"}}]}<\/script>\n<!-- \/ Yoast SEO plugin. -->","yoast_head_json":{"title":"Nieve y Aventura Todo Incluido - Kaitek Viajes","description":"El Paquete con Actividades Invernales m\u00e1s completo de Ushuaia y Tierra del Fuego, para que disfrutes la Nieve al Extremo!","robots":{"index":"index","follow":"follow","max-snippet":"max-snippet:-1","max-image-preview":"max-image-preview:large","max-video-preview":"max-video-preview:-1"},"canonical":"https:\/\/kaitekviajes.com.ar\/pt\/produto\/nieve-y-aventura-todo-incluido\/?wmc-currency=USD","og_locale":"pt_BR","og_type":"article","og_title":"Nieve y Aventura Todo Incluido - Kaitek Viajes","og_description":"El Paquete con Actividades Invernales m\u00e1s completo de Ushuaia y Tierra del Fuego, para que disfrutes la Nieve al Extremo!","og_url":"https:\/\/kaitekviajes.com.ar\/pt\/produto\/nieve-y-aventura-todo-incluido\/?wmc-currency=USD","og_site_name":"Kaitek Viajes","article_modified_time":"2026-03-22T19:09:23+00:00","og_image":[{"width":1209,"height":844,"url":"https:\/\/kaitekviajes.com.ar\/wp-content\/uploads\/2023\/08\/Ktk-FullPack-101-copia.jpg","type":"image\/jpeg"}],"twitter_card":"summary_large_image","twitter_misc":{"Est. tempo de leitura":"1 minuto"},"schema":{"@context":"https:\/\/schema.org","@graph":[{"@type":"WebPage","@id":"https:\/\/kaitekviajes.com.ar\/producto\/nieve-y-aventura-todo-incluido\/","url":"https:\/\/kaitekviajes.com.ar\/producto\/nieve-y-aventura-todo-incluido\/","name":"Nieve y Aventura Todo Incluido - Kaitek Viajes","isPartOf":{"@id":"https:\/\/kaitekviajes.com.ar\/#website"},"primaryImageOfPage":{"@id":"https:\/\/kaitekviajes.com.ar\/producto\/nieve-y-aventura-todo-incluido\/#primaryimage"},"image":{"@id":"https:\/\/kaitekviajes.com.ar\/producto\/nieve-y-aventura-todo-incluido\/#primaryimage"},"thumbnailUrl":"https:\/\/kaitekviajes.com.ar\/wp-content\/uploads\/2023\/08\/Ktk-FullPack-101-copia.jpg","datePublished":"2024-06-24T09:22:58+00:00","dateModified":"2026-03-22T19:09:23+00:00","description":"El Paquete con Actividades Invernales m\u00e1s completo de Ushuaia y Tierra del Fuego, para que disfrutes la Nieve al Extremo!","breadcrumb":{"@id":"https:\/\/kaitekviajes.com.ar\/producto\/nieve-y-aventura-todo-incluido\/#breadcrumb"},"inLanguage":"pt-BR","potentialAction":[{"@type":"ReadAction","target":["https:\/\/kaitekviajes.com.ar\/producto\/nieve-y-aventura-todo-incluido\/"]}]},{"@type":"ImageObject","inLanguage":"pt-BR","@id":"https:\/\/kaitekviajes.com.ar\/producto\/nieve-y-aventura-todo-incluido\/#primaryimage","url":"https:\/\/kaitekviajes.com.ar\/wp-content\/uploads\/2023\/08\/Ktk-FullPack-101-copia.jpg","contentUrl":"https:\/\/kaitekviajes.com.ar\/wp-content\/uploads\/2023\/08\/Ktk-FullPack-101-copia.jpg","width":1209,"height":844},{"@type":"BreadcrumbList","@id":"https:\/\/kaitekviajes.com.ar\/producto\/nieve-y-aventura-todo-incluido\/#breadcrumb","itemListElement":[{"@type":"ListItem","position":1,"name":"Portada","item":"https:\/\/kaitekviajes.com.ar\/"},{"@type":"ListItem","position":2,"name":"Tienda","item":"https:\/\/kaitekviajes.com.ar\/tienda\/"},{"@type":"ListItem","position":3,"name":"Nieve y Aventura Todo Incluido"}]},{"@type":"WebSite","@id":"https:\/\/kaitekviajes.com.ar\/#website","url":"https:\/\/kaitekviajes.com.ar\/","name":"Kaitek Viajes","description":"Excursiones - Ushuaia y Tierra del Fuego, Patagonia","publisher":{"@id":"https:\/\/kaitekviajes.com.ar\/#organization"},"potentialAction":[{"@type":"SearchAction","target":{"@type":"EntryPoint","urlTemplate":"https:\/\/kaitekviajes.com.ar\/?s={search_term_string}"},"query-input":{"@type":"PropertyValueSpecification","valueRequired":true,"valueName":"search_term_string"}}],"inLanguage":"pt-BR"},{"@type":"Organization","@id":"https:\/\/kaitekviajes.com.ar\/#organization","name":"Kaitek Viajes","url":"https:\/\/kaitekviajes.com.ar\/","logo":{"@type":"ImageObject","inLanguage":"pt-BR","@id":"https:\/\/kaitekviajes.com.ar\/#\/schema\/logo\/image\/","url":"https:\/\/kaitekviajes.com.ar\/wp-content\/uploads\/2023\/04\/cropped-Logo-Kaitek-completo.png","contentUrl":"https:\/\/kaitekviajes.com.ar\/wp-content\/uploads\/2023\/04\/cropped-Logo-Kaitek-completo.png","width":1380,"height":706,"caption":"Kaitek Viajes"},"image":{"@id":"https:\/\/kaitekviajes.com.ar\/#\/schema\/logo\/image\/"}}]}},"_links":{"self":[{"href":"https:\/\/kaitekviajes.com.ar\/pt\/wp-json\/wp\/v2\/product\/4649","targetHints":{"allow":["GET"]}}],"collection":[{"href":"https:\/\/kaitekviajes.com.ar\/pt\/wp-json\/wp\/v2\/product"}],"about":[{"href":"https:\/\/kaitekviajes.com.ar\/pt\/wp-json\/wp\/v2\/types\/product"}],"replies":[{"embeddable":true,"href":"https:\/\/kaitekviajes.com.ar\/pt\/wp-json\/wp\/v2\/comments?post=4649"}],"wp:featuredmedia":[{"embeddable":true,"href":"https:\/\/kaitekviajes.com.ar\/pt\/wp-json\/wp\/v2\/media\/4660"}],"wp:attachment":[{"href":"https:\/\/kaitekviajes.com.ar\/pt\/wp-json\/wp\/v2\/media?parent=4649"}],"wp:term":[{"taxonomy":"product_brand","embeddable":true,"href":"https:\/\/kaitekviajes.com.ar\/pt\/wp-json\/wp\/v2\/product_brand?post=4649"},{"taxonomy":"product_cat","embeddable":true,"href":"https:\/\/kaitekviajes.com.ar\/pt\/wp-json\/wp\/v2\/product_cat?post=4649"},{"taxonomy":"product_tag","embeddable":true,"href":"https:\/\/kaitekviajes.com.ar\/pt\/wp-json\/wp\/v2\/product_tag?post=4649"},{"taxonomy":"actividad","embeddable":true,"href":"https:\/\/kaitekviajes.com.ar\/pt\/wp-json\/wp\/v2\/actividad?post=4649"},{"taxonomy":"ciudad","embeddable":true,"href":"https:\/\/kaitekviajes.com.ar\/pt\/wp-json\/wp\/v2\/ciudad?post=4649"},{"taxonomy":"provincia","embeddable":true,"href":"https:\/\/kaitekviajes.com.ar\/pt\/wp-json\/wp\/v2\/provincia?post=4649"},{"taxonomy":"lugar","embeddable":true,"href":"https:\/\/kaitekviajes.com.ar\/pt\/wp-json\/wp\/v2\/lugar?post=4649"},{"taxonomy":"pais","embeddable":true,"href":"https:\/\/kaitekviajes.com.ar\/pt\/wp-json\/wp\/v2\/pais?post=4649"}],"curies":[{"name":"wp","href":"https:\/\/api.w.org\/{rel}","templated":true}]}}