{"id":2901,"date":"2023-06-11T20:42:57","date_gmt":"2023-06-11T23:42:57","guid":{"rendered":"https:\/\/kaitekviajes.com.ar\/?post_type=product&#038;p=2901"},"modified":"2025-10-03T15:24:41","modified_gmt":"2025-10-03T18:24:41","slug":"sobrevuelo-a-grandes-lagos","status":"publish","type":"product","link":"https:\/\/kaitekviajes.com.ar\/pt\/produto\/sobrevuelo-a-grandes-lagos\/","title":{"rendered":"Sobrevoo dos Grandes Lagos"},"content":{"rendered":"<h1><strong>Visite os Lagos Escondido e Fagnano do ar, com as melhores vistas panor\u00e2micas da Cordilheira dos Andes.<\/strong><\/h1>\n<p>Asombroso recorrido por el valle hacia el Centro de Esqu\u00ed \u00abCerro Castor\u00bb, giramos a la izquierda para observar el encanto de los lagos Escondido y Fagnano, y lagunas Santa Laura, San Ricardo y Margarita. Comenzaremos nuestro descenso bordeando el lago Fagnano, con sus mas 110 km. de extensi\u00f3n, para finalmente aterrizar en Bah\u00eda Torito, cuyos \u00fanicos accesos son v\u00eda mar\u00edtima o a\u00e9rea.\u00a0La hospitalidad de los due\u00f1os permite la posibilidad de navegar sus heladas aguas y compartir un exquisito cordero patag\u00f3nico o deliciosas tortas caseras. Emprendemos el regreso al Sur atravesando el Paso Beban, con direcci\u00f3n al Valle Carbajal para arribar al helipuerto.<\/p>","protected":false},"excerpt":{"rendered":"<p>Visit\u00e1 los Lagos Escondido y Fagnano, desde el aire, con las mejores vistas panor\u00e1micas de la Cordillera de los Andes Asombroso recorrido por el valle hacia el Centro de Esqu\u00ed \u00abCerro Castor\u00bb, giramos a la izquierda para observar el encanto de los lagos Escondido y Fagnano, y lagunas Santa Laura, San Ricardo y Margarita. Comenzaremos [&hellip;]<\/p>","protected":false},"featured_media":2871,"comment_status":"open","ping_status":"closed","template":"","meta":{"_joinchat":[]},"product_brand":[],"product_cat":[27],"product_tag":[],"actividad":[262],"ciudad":[59],"provincia":[238],"lugar":[240,239,247,242],"pais":[47],"class_list":{"0":"post-2901","1":"product","2":"type-product","3":"status-publish","4":"has-post-thumbnail","6":"product_cat-excursiones","7":"actividad-sobrevuelos","8":"ciudad-ushuaia","9":"provincia-tierra-del-fuego","10":"lugar-lago-escondido","11":"lugar-lago-fagnano","12":"lugar-laguna-esmeralda","13":"lugar-monte-olivia","14":"pais-argentina","16":"first","17":"instock","18":"sold-individually","19":"shipping-taxable","20":"purchasable","21":"product-type-booking"},"yoast_head":"<!-- This site is optimized with the Yoast SEO plugin v27.2 - https:\/\/yoast.com\/product\/yoast-seo-wordpress\/ -->\n<title>Sobrevuelo a Grandes Lagos - Kaitek Viajes<\/title>\n<meta name=\"description\" content=\"Visit\u00e1 los Lagos Escondido y Fagnano, desde el aire, con las mejores vistas panor\u00e1micas de la Cordillera de los Andes\" \/>\n<meta name=\"robots\" content=\"index, follow, max-snippet:-1, max-image-preview:large, max-video-preview:-1\" \/>\n<link rel=\"canonical\" href=\"https:\/\/kaitekviajes.com.ar\/pt\/produto\/sobrevuelo-a-grandes-lagos\/?wmc-currency=USD\" \/>\n<meta property=\"og:locale\" content=\"pt_BR\" \/>\n<meta property=\"og:type\" content=\"article\" \/>\n<meta property=\"og:title\" content=\"Sobrevuelo a Grandes Lagos - Kaitek Viajes\" \/>\n<meta property=\"og:description\" content=\"Visit\u00e1 los Lagos Escondido y Fagnano, desde el aire, con las mejores vistas panor\u00e1micas de la Cordillera de los Andes\" \/>\n<meta property=\"og:url\" content=\"https:\/\/kaitekviajes.com.ar\/pt\/produto\/sobrevuelo-a-grandes-lagos\/?wmc-currency=USD\" \/>\n<meta property=\"og:site_name\" content=\"Kaitek Viajes\" \/>\n<meta property=\"article:modified_time\" content=\"2025-10-03T18:24:41+00:00\" \/>\n<meta property=\"og:image\" content=\"https:\/\/kaitekviajes.com.ar\/wp-content\/uploads\/2023\/07\/03_sobrevuelo_esmeralda_helicoptero.jpg\" \/>\n\t<meta property=\"og:image:width\" content=\"800\" \/>\n\t<meta property=\"og:image:height\" content=\"669\" \/>\n\t<meta property=\"og:image:type\" content=\"image\/jpeg\" \/>\n<meta name=\"twitter:card\" content=\"summary_large_image\" \/>\n<meta name=\"twitter:label1\" content=\"Est. tempo de leitura\" \/>\n\t<meta name=\"twitter:data1\" content=\"1 minuto\" \/>\n<script type=\"application\/ld+json\" class=\"yoast-schema-graph\">{\"@context\":\"https:\/\/schema.org\",\"@graph\":[{\"@type\":\"WebPage\",\"@id\":\"https:\/\/kaitekviajes.com.ar\/producto\/sobrevuelo-a-grandes-lagos\/\",\"url\":\"https:\/\/kaitekviajes.com.ar\/producto\/sobrevuelo-a-grandes-lagos\/\",\"name\":\"Sobrevuelo a Grandes Lagos - Kaitek Viajes\",\"isPartOf\":{\"@id\":\"https:\/\/kaitekviajes.com.ar\/#website\"},\"primaryImageOfPage\":{\"@id\":\"https:\/\/kaitekviajes.com.ar\/producto\/sobrevuelo-a-grandes-lagos\/#primaryimage\"},\"image\":{\"@id\":\"https:\/\/kaitekviajes.com.ar\/producto\/sobrevuelo-a-grandes-lagos\/#primaryimage\"},\"thumbnailUrl\":\"https:\/\/kaitekviajes.com.ar\/wp-content\/uploads\/2023\/07\/03_sobrevuelo_esmeralda_helicoptero.jpg\",\"datePublished\":\"2023-06-11T23:42:57+00:00\",\"dateModified\":\"2025-10-03T18:24:41+00:00\",\"description\":\"Visit\u00e1 los Lagos Escondido y Fagnano, desde el aire, con las mejores vistas panor\u00e1micas de la Cordillera de los Andes\",\"breadcrumb\":{\"@id\":\"https:\/\/kaitekviajes.com.ar\/producto\/sobrevuelo-a-grandes-lagos\/#breadcrumb\"},\"inLanguage\":\"pt-BR\",\"potentialAction\":[{\"@type\":\"ReadAction\",\"target\":[\"https:\/\/kaitekviajes.com.ar\/producto\/sobrevuelo-a-grandes-lagos\/\"]}]},{\"@type\":\"ImageObject\",\"inLanguage\":\"pt-BR\",\"@id\":\"https:\/\/kaitekviajes.com.ar\/producto\/sobrevuelo-a-grandes-lagos\/#primaryimage\",\"url\":\"https:\/\/kaitekviajes.com.ar\/wp-content\/uploads\/2023\/07\/03_sobrevuelo_esmeralda_helicoptero.jpg\",\"contentUrl\":\"https:\/\/kaitekviajes.com.ar\/wp-content\/uploads\/2023\/07\/03_sobrevuelo_esmeralda_helicoptero.jpg\",\"width\":800,\"height\":669},{\"@type\":\"BreadcrumbList\",\"@id\":\"https:\/\/kaitekviajes.com.ar\/producto\/sobrevuelo-a-grandes-lagos\/#breadcrumb\",\"itemListElement\":[{\"@type\":\"ListItem\",\"position\":1,\"name\":\"Portada\",\"item\":\"https:\/\/kaitekviajes.com.ar\/\"},{\"@type\":\"ListItem\",\"position\":2,\"name\":\"Tienda\",\"item\":\"https:\/\/kaitekviajes.com.ar\/tienda\/\"},{\"@type\":\"ListItem\",\"position\":3,\"name\":\"Sobrevuelo a Grandes Lagos\"}]},{\"@type\":\"WebSite\",\"@id\":\"https:\/\/kaitekviajes.com.ar\/#website\",\"url\":\"https:\/\/kaitekviajes.com.ar\/\",\"name\":\"Kaitek Viajes\",\"description\":\"Excursiones - Ushuaia y Tierra del Fuego, Patagonia\",\"publisher\":{\"@id\":\"https:\/\/kaitekviajes.com.ar\/#organization\"},\"potentialAction\":[{\"@type\":\"SearchAction\",\"target\":{\"@type\":\"EntryPoint\",\"urlTemplate\":\"https:\/\/kaitekviajes.com.ar\/?s={search_term_string}\"},\"query-input\":{\"@type\":\"PropertyValueSpecification\",\"valueRequired\":true,\"valueName\":\"search_term_string\"}}],\"inLanguage\":\"pt-BR\"},{\"@type\":\"Organization\",\"@id\":\"https:\/\/kaitekviajes.com.ar\/#organization\",\"name\":\"Kaitek Viajes\",\"url\":\"https:\/\/kaitekviajes.com.ar\/\",\"logo\":{\"@type\":\"ImageObject\",\"inLanguage\":\"pt-BR\",\"@id\":\"https:\/\/kaitekviajes.com.ar\/#\/schema\/logo\/image\/\",\"url\":\"https:\/\/kaitekviajes.com.ar\/wp-content\/uploads\/2023\/04\/cropped-Logo-Kaitek-completo.png\",\"contentUrl\":\"https:\/\/kaitekviajes.com.ar\/wp-content\/uploads\/2023\/04\/cropped-Logo-Kaitek-completo.png\",\"width\":1380,\"height\":706,\"caption\":\"Kaitek Viajes\"},\"image\":{\"@id\":\"https:\/\/kaitekviajes.com.ar\/#\/schema\/logo\/image\/\"}}]}<\/script>\n<!-- \/ Yoast SEO plugin. -->","yoast_head_json":{"title":"Sobrevuelo a Grandes Lagos - Kaitek Viajes","description":"Visit\u00e1 los Lagos Escondido y Fagnano, desde el aire, con las mejores vistas panor\u00e1micas de la Cordillera de los Andes","robots":{"index":"index","follow":"follow","max-snippet":"max-snippet:-1","max-image-preview":"max-image-preview:large","max-video-preview":"max-video-preview:-1"},"canonical":"https:\/\/kaitekviajes.com.ar\/pt\/produto\/sobrevuelo-a-grandes-lagos\/?wmc-currency=USD","og_locale":"pt_BR","og_type":"article","og_title":"Sobrevuelo a Grandes Lagos - Kaitek Viajes","og_description":"Visit\u00e1 los Lagos Escondido y Fagnano, desde el aire, con las mejores vistas panor\u00e1micas de la Cordillera de los Andes","og_url":"https:\/\/kaitekviajes.com.ar\/pt\/produto\/sobrevuelo-a-grandes-lagos\/?wmc-currency=USD","og_site_name":"Kaitek Viajes","article_modified_time":"2025-10-03T18:24:41+00:00","og_image":[{"width":800,"height":669,"url":"https:\/\/kaitekviajes.com.ar\/wp-content\/uploads\/2023\/07\/03_sobrevuelo_esmeralda_helicoptero.jpg","type":"image\/jpeg"}],"twitter_card":"summary_large_image","twitter_misc":{"Est. tempo de leitura":"1 minuto"},"schema":{"@context":"https:\/\/schema.org","@graph":[{"@type":"WebPage","@id":"https:\/\/kaitekviajes.com.ar\/producto\/sobrevuelo-a-grandes-lagos\/","url":"https:\/\/kaitekviajes.com.ar\/producto\/sobrevuelo-a-grandes-lagos\/","name":"Sobrevuelo a Grandes Lagos - Kaitek Viajes","isPartOf":{"@id":"https:\/\/kaitekviajes.com.ar\/#website"},"primaryImageOfPage":{"@id":"https:\/\/kaitekviajes.com.ar\/producto\/sobrevuelo-a-grandes-lagos\/#primaryimage"},"image":{"@id":"https:\/\/kaitekviajes.com.ar\/producto\/sobrevuelo-a-grandes-lagos\/#primaryimage"},"thumbnailUrl":"https:\/\/kaitekviajes.com.ar\/wp-content\/uploads\/2023\/07\/03_sobrevuelo_esmeralda_helicoptero.jpg","datePublished":"2023-06-11T23:42:57+00:00","dateModified":"2025-10-03T18:24:41+00:00","description":"Visit\u00e1 los Lagos Escondido y Fagnano, desde el aire, con las mejores vistas panor\u00e1micas de la Cordillera de los Andes","breadcrumb":{"@id":"https:\/\/kaitekviajes.com.ar\/producto\/sobrevuelo-a-grandes-lagos\/#breadcrumb"},"inLanguage":"pt-BR","potentialAction":[{"@type":"ReadAction","target":["https:\/\/kaitekviajes.com.ar\/producto\/sobrevuelo-a-grandes-lagos\/"]}]},{"@type":"ImageObject","inLanguage":"pt-BR","@id":"https:\/\/kaitekviajes.com.ar\/producto\/sobrevuelo-a-grandes-lagos\/#primaryimage","url":"https:\/\/kaitekviajes.com.ar\/wp-content\/uploads\/2023\/07\/03_sobrevuelo_esmeralda_helicoptero.jpg","contentUrl":"https:\/\/kaitekviajes.com.ar\/wp-content\/uploads\/2023\/07\/03_sobrevuelo_esmeralda_helicoptero.jpg","width":800,"height":669},{"@type":"BreadcrumbList","@id":"https:\/\/kaitekviajes.com.ar\/producto\/sobrevuelo-a-grandes-lagos\/#breadcrumb","itemListElement":[{"@type":"ListItem","position":1,"name":"Portada","item":"https:\/\/kaitekviajes.com.ar\/"},{"@type":"ListItem","position":2,"name":"Tienda","item":"https:\/\/kaitekviajes.com.ar\/tienda\/"},{"@type":"ListItem","position":3,"name":"Sobrevuelo a Grandes Lagos"}]},{"@type":"WebSite","@id":"https:\/\/kaitekviajes.com.ar\/#website","url":"https:\/\/kaitekviajes.com.ar\/","name":"Kaitek Viajes","description":"Excursiones - Ushuaia y Tierra del Fuego, Patagonia","publisher":{"@id":"https:\/\/kaitekviajes.com.ar\/#organization"},"potentialAction":[{"@type":"SearchAction","target":{"@type":"EntryPoint","urlTemplate":"https:\/\/kaitekviajes.com.ar\/?s={search_term_string}"},"query-input":{"@type":"PropertyValueSpecification","valueRequired":true,"valueName":"search_term_string"}}],"inLanguage":"pt-BR"},{"@type":"Organization","@id":"https:\/\/kaitekviajes.com.ar\/#organization","name":"Kaitek Viajes","url":"https:\/\/kaitekviajes.com.ar\/","logo":{"@type":"ImageObject","inLanguage":"pt-BR","@id":"https:\/\/kaitekviajes.com.ar\/#\/schema\/logo\/image\/","url":"https:\/\/kaitekviajes.com.ar\/wp-content\/uploads\/2023\/04\/cropped-Logo-Kaitek-completo.png","contentUrl":"https:\/\/kaitekviajes.com.ar\/wp-content\/uploads\/2023\/04\/cropped-Logo-Kaitek-completo.png","width":1380,"height":706,"caption":"Kaitek Viajes"},"image":{"@id":"https:\/\/kaitekviajes.com.ar\/#\/schema\/logo\/image\/"}}]}},"_links":{"self":[{"href":"https:\/\/kaitekviajes.com.ar\/pt\/wp-json\/wp\/v2\/product\/2901","targetHints":{"allow":["GET"]}}],"collection":[{"href":"https:\/\/kaitekviajes.com.ar\/pt\/wp-json\/wp\/v2\/product"}],"about":[{"href":"https:\/\/kaitekviajes.com.ar\/pt\/wp-json\/wp\/v2\/types\/product"}],"replies":[{"embeddable":true,"href":"https:\/\/kaitekviajes.com.ar\/pt\/wp-json\/wp\/v2\/comments?post=2901"}],"wp:featuredmedia":[{"embeddable":true,"href":"https:\/\/kaitekviajes.com.ar\/pt\/wp-json\/wp\/v2\/media\/2871"}],"wp:attachment":[{"href":"https:\/\/kaitekviajes.com.ar\/pt\/wp-json\/wp\/v2\/media?parent=2901"}],"wp:term":[{"taxonomy":"product_brand","embeddable":true,"href":"https:\/\/kaitekviajes.com.ar\/pt\/wp-json\/wp\/v2\/product_brand?post=2901"},{"taxonomy":"product_cat","embeddable":true,"href":"https:\/\/kaitekviajes.com.ar\/pt\/wp-json\/wp\/v2\/product_cat?post=2901"},{"taxonomy":"product_tag","embeddable":true,"href":"https:\/\/kaitekviajes.com.ar\/pt\/wp-json\/wp\/v2\/product_tag?post=2901"},{"taxonomy":"actividad","embeddable":true,"href":"https:\/\/kaitekviajes.com.ar\/pt\/wp-json\/wp\/v2\/actividad?post=2901"},{"taxonomy":"ciudad","embeddable":true,"href":"https:\/\/kaitekviajes.com.ar\/pt\/wp-json\/wp\/v2\/ciudad?post=2901"},{"taxonomy":"provincia","embeddable":true,"href":"https:\/\/kaitekviajes.com.ar\/pt\/wp-json\/wp\/v2\/provincia?post=2901"},{"taxonomy":"lugar","embeddable":true,"href":"https:\/\/kaitekviajes.com.ar\/pt\/wp-json\/wp\/v2\/lugar?post=2901"},{"taxonomy":"pais","embeddable":true,"href":"https:\/\/kaitekviajes.com.ar\/pt\/wp-json\/wp\/v2\/pais?post=2901"}],"curies":[{"name":"wp","href":"https:\/\/api.w.org\/{rel}","templated":true}]}}