{"id":2889,"date":"2023-06-11T20:32:43","date_gmt":"2023-06-11T23:32:43","guid":{"rendered":"https:\/\/kaitekviajes.com.ar\/?post_type=product&#038;p=2889"},"modified":"2025-10-03T15:25:07","modified_gmt":"2025-10-03T18:25:07","slug":"circuito-doble-en-avioneta","status":"publish","type":"product","link":"https:\/\/kaitekviajes.com.ar\/pt\/produto\/circuito-doble-en-avioneta\/","title":{"rendered":"Circuito Duplo em uma Aeronave Leve"},"content":{"rendered":"<h1>Aventure-se para ver os edif\u00edcios mais not\u00e1veis da cidade, o <strong>Cordilheira dos Andes e o famoso Glaciar Le Martial<\/strong><\/h1>\n<p>Em nossa jornada at\u00e9 o Parque, voc\u00ea poder\u00e1 avistar a Ba\u00eda de Golondrina, o Vale do Rio Pipo, o C\u00e2nion de La Oveja e o Monte Susana. Uma vez dentro do Parque Nacional, os principais pontos de interesse da reserva poder\u00e3o ser avistados: Ba\u00eda de Ensenada, Ba\u00eda de Lapataia, Ilha Redonda, Ilha de Estorbo, Lagoa Roca, Laguna Negra, Laguna Verde, entre outros. Continuaremos voando para oeste at\u00e9 a fronteira internacional com o Chile, no Marco XXVI, de onde voc\u00ea poder\u00e1 avistar a Ba\u00eda de Yendegaia com sua imponente geleira, localizada em territ\u00f3rio chileno.<\/p>","protected":false},"excerpt":{"rendered":"<p>Aventurate a ver los edificios m\u00e1s destacados de la ciudad, la Cordillera de los Andes y el famoso Glaciar Le Martial En nuestro recorrido hacia el Parque, se puede observar la Bah\u00eda Golondrina, el Valle del R\u00edo Pipo, el Ca\u00f1ad\u00f3n de La Oveja y el Monte Susana. Una vez en el sector del Parque Nacional, [&hellip;]<\/p>","protected":false},"featured_media":2892,"comment_status":"open","ping_status":"closed","template":"","meta":{"_joinchat":[]},"product_brand":[],"product_cat":[27],"product_tag":[],"actividad":[262],"ciudad":[59],"provincia":[238],"lugar":[248,244,275],"pais":[47],"class_list":{"0":"post-2889","1":"product","2":"type-product","3":"status-publish","4":"has-post-thumbnail","6":"product_cat-excursiones","7":"actividad-sobrevuelos","8":"ciudad-ushuaia","9":"provincia-tierra-del-fuego","10":"lugar-canal-beagle","11":"lugar-glaciar-martial","12":"lugar-isla-de-los-lobos","13":"pais-argentina","15":"first","16":"instock","17":"sold-individually","18":"shipping-taxable","19":"purchasable","20":"product-type-booking"},"yoast_head":"<!-- This site is optimized with the Yoast SEO plugin v27.2 - https:\/\/yoast.com\/product\/yoast-seo-wordpress\/ -->\n<title>Circuito Doble en Avioneta - Kaitek Viajes<\/title>\n<meta name=\"description\" content=\"Aventurate a ver los edificios m\u00e1s destacados de la ciudad, la Cordillera de los Andes y el famoso Glaciar Le Martial\" \/>\n<meta name=\"robots\" content=\"index, follow, max-snippet:-1, max-image-preview:large, max-video-preview:-1\" \/>\n<link rel=\"canonical\" href=\"https:\/\/kaitekviajes.com.ar\/pt\/produto\/circuito-doble-en-avioneta\/?wmc-currency=USD\" \/>\n<meta property=\"og:locale\" content=\"pt_BR\" \/>\n<meta property=\"og:type\" content=\"article\" \/>\n<meta property=\"og:title\" content=\"Circuito Doble en Avioneta - Kaitek Viajes\" \/>\n<meta property=\"og:description\" content=\"Aventurate a ver los edificios m\u00e1s destacados de la ciudad, la Cordillera de los Andes y el famoso Glaciar Le Martial\" \/>\n<meta property=\"og:url\" content=\"https:\/\/kaitekviajes.com.ar\/pt\/produto\/circuito-doble-en-avioneta\/?wmc-currency=USD\" \/>\n<meta property=\"og:site_name\" content=\"Kaitek Viajes\" \/>\n<meta property=\"article:modified_time\" content=\"2025-10-03T18:25:07+00:00\" \/>\n<meta property=\"og:image\" content=\"https:\/\/kaitekviajes.com.ar\/wp-content\/uploads\/2023\/07\/05_circuito_doble_avioneta.jpg\" \/>\n\t<meta property=\"og:image:width\" content=\"800\" \/>\n\t<meta property=\"og:image:height\" content=\"669\" \/>\n\t<meta property=\"og:image:type\" content=\"image\/jpeg\" \/>\n<meta name=\"twitter:card\" content=\"summary_large_image\" \/>\n<meta name=\"twitter:label1\" content=\"Est. tempo de leitura\" \/>\n\t<meta name=\"twitter:data1\" content=\"1 minuto\" \/>\n<script type=\"application\/ld+json\" class=\"yoast-schema-graph\">{\"@context\":\"https:\/\/schema.org\",\"@graph\":[{\"@type\":\"WebPage\",\"@id\":\"https:\/\/kaitekviajes.com.ar\/producto\/circuito-doble-en-avioneta\/\",\"url\":\"https:\/\/kaitekviajes.com.ar\/producto\/circuito-doble-en-avioneta\/\",\"name\":\"Circuito Doble en Avioneta - Kaitek Viajes\",\"isPartOf\":{\"@id\":\"https:\/\/kaitekviajes.com.ar\/#website\"},\"primaryImageOfPage\":{\"@id\":\"https:\/\/kaitekviajes.com.ar\/producto\/circuito-doble-en-avioneta\/#primaryimage\"},\"image\":{\"@id\":\"https:\/\/kaitekviajes.com.ar\/producto\/circuito-doble-en-avioneta\/#primaryimage\"},\"thumbnailUrl\":\"https:\/\/kaitekviajes.com.ar\/wp-content\/uploads\/2023\/07\/05_circuito_doble_avioneta.jpg\",\"datePublished\":\"2023-06-11T23:32:43+00:00\",\"dateModified\":\"2025-10-03T18:25:07+00:00\",\"description\":\"Aventurate a ver los edificios m\u00e1s destacados de la ciudad, la Cordillera de los Andes y el famoso Glaciar Le Martial\",\"breadcrumb\":{\"@id\":\"https:\/\/kaitekviajes.com.ar\/producto\/circuito-doble-en-avioneta\/#breadcrumb\"},\"inLanguage\":\"pt-BR\",\"potentialAction\":[{\"@type\":\"ReadAction\",\"target\":[\"https:\/\/kaitekviajes.com.ar\/producto\/circuito-doble-en-avioneta\/\"]}]},{\"@type\":\"ImageObject\",\"inLanguage\":\"pt-BR\",\"@id\":\"https:\/\/kaitekviajes.com.ar\/producto\/circuito-doble-en-avioneta\/#primaryimage\",\"url\":\"https:\/\/kaitekviajes.com.ar\/wp-content\/uploads\/2023\/07\/05_circuito_doble_avioneta.jpg\",\"contentUrl\":\"https:\/\/kaitekviajes.com.ar\/wp-content\/uploads\/2023\/07\/05_circuito_doble_avioneta.jpg\",\"width\":800,\"height\":669},{\"@type\":\"BreadcrumbList\",\"@id\":\"https:\/\/kaitekviajes.com.ar\/producto\/circuito-doble-en-avioneta\/#breadcrumb\",\"itemListElement\":[{\"@type\":\"ListItem\",\"position\":1,\"name\":\"Portada\",\"item\":\"https:\/\/kaitekviajes.com.ar\/\"},{\"@type\":\"ListItem\",\"position\":2,\"name\":\"Tienda\",\"item\":\"https:\/\/kaitekviajes.com.ar\/tienda\/\"},{\"@type\":\"ListItem\",\"position\":3,\"name\":\"Circuito Doble en Avioneta\"}]},{\"@type\":\"WebSite\",\"@id\":\"https:\/\/kaitekviajes.com.ar\/#website\",\"url\":\"https:\/\/kaitekviajes.com.ar\/\",\"name\":\"Kaitek Viajes\",\"description\":\"Excursiones - Ushuaia y Tierra del Fuego, Patagonia\",\"publisher\":{\"@id\":\"https:\/\/kaitekviajes.com.ar\/#organization\"},\"potentialAction\":[{\"@type\":\"SearchAction\",\"target\":{\"@type\":\"EntryPoint\",\"urlTemplate\":\"https:\/\/kaitekviajes.com.ar\/?s={search_term_string}\"},\"query-input\":{\"@type\":\"PropertyValueSpecification\",\"valueRequired\":true,\"valueName\":\"search_term_string\"}}],\"inLanguage\":\"pt-BR\"},{\"@type\":\"Organization\",\"@id\":\"https:\/\/kaitekviajes.com.ar\/#organization\",\"name\":\"Kaitek Viajes\",\"url\":\"https:\/\/kaitekviajes.com.ar\/\",\"logo\":{\"@type\":\"ImageObject\",\"inLanguage\":\"pt-BR\",\"@id\":\"https:\/\/kaitekviajes.com.ar\/#\/schema\/logo\/image\/\",\"url\":\"https:\/\/kaitekviajes.com.ar\/wp-content\/uploads\/2023\/04\/cropped-Logo-Kaitek-completo.png\",\"contentUrl\":\"https:\/\/kaitekviajes.com.ar\/wp-content\/uploads\/2023\/04\/cropped-Logo-Kaitek-completo.png\",\"width\":1380,\"height\":706,\"caption\":\"Kaitek Viajes\"},\"image\":{\"@id\":\"https:\/\/kaitekviajes.com.ar\/#\/schema\/logo\/image\/\"}}]}<\/script>\n<!-- \/ Yoast SEO plugin. -->","yoast_head_json":{"title":"Circuito Doble en Avioneta - Kaitek Viajes","description":"Aventurate a ver los edificios m\u00e1s destacados de la ciudad, la Cordillera de los Andes y el famoso Glaciar Le Martial","robots":{"index":"index","follow":"follow","max-snippet":"max-snippet:-1","max-image-preview":"max-image-preview:large","max-video-preview":"max-video-preview:-1"},"canonical":"https:\/\/kaitekviajes.com.ar\/pt\/produto\/circuito-doble-en-avioneta\/?wmc-currency=USD","og_locale":"pt_BR","og_type":"article","og_title":"Circuito Doble en Avioneta - Kaitek Viajes","og_description":"Aventurate a ver los edificios m\u00e1s destacados de la ciudad, la Cordillera de los Andes y el famoso Glaciar Le Martial","og_url":"https:\/\/kaitekviajes.com.ar\/pt\/produto\/circuito-doble-en-avioneta\/?wmc-currency=USD","og_site_name":"Kaitek Viajes","article_modified_time":"2025-10-03T18:25:07+00:00","og_image":[{"width":800,"height":669,"url":"https:\/\/kaitekviajes.com.ar\/wp-content\/uploads\/2023\/07\/05_circuito_doble_avioneta.jpg","type":"image\/jpeg"}],"twitter_card":"summary_large_image","twitter_misc":{"Est. tempo de leitura":"1 minuto"},"schema":{"@context":"https:\/\/schema.org","@graph":[{"@type":"WebPage","@id":"https:\/\/kaitekviajes.com.ar\/producto\/circuito-doble-en-avioneta\/","url":"https:\/\/kaitekviajes.com.ar\/producto\/circuito-doble-en-avioneta\/","name":"Circuito Doble en Avioneta - Kaitek Viajes","isPartOf":{"@id":"https:\/\/kaitekviajes.com.ar\/#website"},"primaryImageOfPage":{"@id":"https:\/\/kaitekviajes.com.ar\/producto\/circuito-doble-en-avioneta\/#primaryimage"},"image":{"@id":"https:\/\/kaitekviajes.com.ar\/producto\/circuito-doble-en-avioneta\/#primaryimage"},"thumbnailUrl":"https:\/\/kaitekviajes.com.ar\/wp-content\/uploads\/2023\/07\/05_circuito_doble_avioneta.jpg","datePublished":"2023-06-11T23:32:43+00:00","dateModified":"2025-10-03T18:25:07+00:00","description":"Aventurate a ver los edificios m\u00e1s destacados de la ciudad, la Cordillera de los Andes y el famoso Glaciar Le Martial","breadcrumb":{"@id":"https:\/\/kaitekviajes.com.ar\/producto\/circuito-doble-en-avioneta\/#breadcrumb"},"inLanguage":"pt-BR","potentialAction":[{"@type":"ReadAction","target":["https:\/\/kaitekviajes.com.ar\/producto\/circuito-doble-en-avioneta\/"]}]},{"@type":"ImageObject","inLanguage":"pt-BR","@id":"https:\/\/kaitekviajes.com.ar\/producto\/circuito-doble-en-avioneta\/#primaryimage","url":"https:\/\/kaitekviajes.com.ar\/wp-content\/uploads\/2023\/07\/05_circuito_doble_avioneta.jpg","contentUrl":"https:\/\/kaitekviajes.com.ar\/wp-content\/uploads\/2023\/07\/05_circuito_doble_avioneta.jpg","width":800,"height":669},{"@type":"BreadcrumbList","@id":"https:\/\/kaitekviajes.com.ar\/producto\/circuito-doble-en-avioneta\/#breadcrumb","itemListElement":[{"@type":"ListItem","position":1,"name":"Portada","item":"https:\/\/kaitekviajes.com.ar\/"},{"@type":"ListItem","position":2,"name":"Tienda","item":"https:\/\/kaitekviajes.com.ar\/tienda\/"},{"@type":"ListItem","position":3,"name":"Circuito Doble en Avioneta"}]},{"@type":"WebSite","@id":"https:\/\/kaitekviajes.com.ar\/#website","url":"https:\/\/kaitekviajes.com.ar\/","name":"Kaitek Viajes","description":"Excursiones - Ushuaia y Tierra del Fuego, Patagonia","publisher":{"@id":"https:\/\/kaitekviajes.com.ar\/#organization"},"potentialAction":[{"@type":"SearchAction","target":{"@type":"EntryPoint","urlTemplate":"https:\/\/kaitekviajes.com.ar\/?s={search_term_string}"},"query-input":{"@type":"PropertyValueSpecification","valueRequired":true,"valueName":"search_term_string"}}],"inLanguage":"pt-BR"},{"@type":"Organization","@id":"https:\/\/kaitekviajes.com.ar\/#organization","name":"Kaitek Viajes","url":"https:\/\/kaitekviajes.com.ar\/","logo":{"@type":"ImageObject","inLanguage":"pt-BR","@id":"https:\/\/kaitekviajes.com.ar\/#\/schema\/logo\/image\/","url":"https:\/\/kaitekviajes.com.ar\/wp-content\/uploads\/2023\/04\/cropped-Logo-Kaitek-completo.png","contentUrl":"https:\/\/kaitekviajes.com.ar\/wp-content\/uploads\/2023\/04\/cropped-Logo-Kaitek-completo.png","width":1380,"height":706,"caption":"Kaitek Viajes"},"image":{"@id":"https:\/\/kaitekviajes.com.ar\/#\/schema\/logo\/image\/"}}]}},"_links":{"self":[{"href":"https:\/\/kaitekviajes.com.ar\/pt\/wp-json\/wp\/v2\/product\/2889","targetHints":{"allow":["GET"]}}],"collection":[{"href":"https:\/\/kaitekviajes.com.ar\/pt\/wp-json\/wp\/v2\/product"}],"about":[{"href":"https:\/\/kaitekviajes.com.ar\/pt\/wp-json\/wp\/v2\/types\/product"}],"replies":[{"embeddable":true,"href":"https:\/\/kaitekviajes.com.ar\/pt\/wp-json\/wp\/v2\/comments?post=2889"}],"wp:featuredmedia":[{"embeddable":true,"href":"https:\/\/kaitekviajes.com.ar\/pt\/wp-json\/wp\/v2\/media\/2892"}],"wp:attachment":[{"href":"https:\/\/kaitekviajes.com.ar\/pt\/wp-json\/wp\/v2\/media?parent=2889"}],"wp:term":[{"taxonomy":"product_brand","embeddable":true,"href":"https:\/\/kaitekviajes.com.ar\/pt\/wp-json\/wp\/v2\/product_brand?post=2889"},{"taxonomy":"product_cat","embeddable":true,"href":"https:\/\/kaitekviajes.com.ar\/pt\/wp-json\/wp\/v2\/product_cat?post=2889"},{"taxonomy":"product_tag","embeddable":true,"href":"https:\/\/kaitekviajes.com.ar\/pt\/wp-json\/wp\/v2\/product_tag?post=2889"},{"taxonomy":"actividad","embeddable":true,"href":"https:\/\/kaitekviajes.com.ar\/pt\/wp-json\/wp\/v2\/actividad?post=2889"},{"taxonomy":"ciudad","embeddable":true,"href":"https:\/\/kaitekviajes.com.ar\/pt\/wp-json\/wp\/v2\/ciudad?post=2889"},{"taxonomy":"provincia","embeddable":true,"href":"https:\/\/kaitekviajes.com.ar\/pt\/wp-json\/wp\/v2\/provincia?post=2889"},{"taxonomy":"lugar","embeddable":true,"href":"https:\/\/kaitekviajes.com.ar\/pt\/wp-json\/wp\/v2\/lugar?post=2889"},{"taxonomy":"pais","embeddable":true,"href":"https:\/\/kaitekviajes.com.ar\/pt\/wp-json\/wp\/v2\/pais?post=2889"}],"curies":[{"name":"wp","href":"https:\/\/api.w.org\/{rel}","templated":true}]}}