{"id":2791,"date":"2023-08-31T11:01:18","date_gmt":"2023-08-31T14:01:18","guid":{"rendered":"https:\/\/kaitekviajes.com.ar\/?post_type=product&#038;p=2791"},"modified":"2026-03-22T16:02:40","modified_gmt":"2026-03-22T19:02:40","slug":"trekking-al-glaciar-ojo-de-albino","status":"publish","type":"product","link":"https:\/\/kaitekviajes.com.ar\/pt\/produto\/trekking-al-glaciar-ojo-de-albino\/","title":{"rendered":"Trekking ao Glaciar Ojo de Albino"},"content":{"rendered":"<div>\n<h1><strong>Um dos melhores circuitos de trekking para viver uma aventura extrema no glaciar Ojo de Albino.<\/strong>.<\/h1>\n<p>A Laguna Esmeralda \u00e9 um lago glacial que coleta a \u00e1gua derretida da Geleira Albino. Localizada a 450 metros acima do n\u00edvel do mar, est\u00e1 aninhada em uma antiga floresta de lengas e cercada por montanhas de silhuetas acentuadas, algumas com geleiras suspensas que os visitantes podem admirar de um ponto de vista privilegiado. Participe de uma trilha desafiadora que permitir\u00e1 que voc\u00ea explore os melhores picos e circuitos da Terra do Fogo!<\/p>\n<\/div>","protected":false},"excerpt":{"rendered":"<p>Uno de los mejores circuitos de trekking para vivir la aventura al extremo en el glaciar Ojo de Albino. La Laguna Esmeralda es un cuerpo de origen glaciar, que recoge las aguas de deshielo del Glaciar Albino. Se encuentra ubicada a los 450 msnm, dentro de un a\u00f1ejo bosque de lengas, y rodeada de monta\u00f1as [&hellip;]<\/p>","protected":false},"featured_media":2794,"comment_status":"open","ping_status":"closed","template":"","meta":{"_joinchat":[]},"product_brand":[],"product_cat":[27],"product_tag":[],"actividad":[260],"ciudad":[59],"provincia":[238],"lugar":[245],"pais":[47],"class_list":{"0":"post-2791","1":"product","2":"type-product","3":"status-publish","4":"has-post-thumbnail","6":"product_cat-excursiones","7":"actividad-trekking","8":"ciudad-ushuaia","9":"provincia-tierra-del-fuego","10":"lugar-glaciar-ojo-del-albino","11":"pais-argentina","13":"first","14":"instock","15":"sold-individually","16":"shipping-taxable","17":"purchasable","18":"product-type-booking"},"yoast_head":"<!-- This site is optimized with the Yoast SEO plugin v27.2 - https:\/\/yoast.com\/product\/yoast-seo-wordpress\/ -->\n<title>Trekking al Glaciar Ojo de Albino - Kaitek Viajes<\/title>\n<meta name=\"description\" content=\"Uno de los mejores circuitos de trekking para vivir la aventura al extremo en el glaciar Ojo de Albino.\" \/>\n<meta name=\"robots\" content=\"index, follow, max-snippet:-1, max-image-preview:large, max-video-preview:-1\" \/>\n<link rel=\"canonical\" href=\"https:\/\/kaitekviajes.com.ar\/pt\/produto\/trekking-al-glaciar-ojo-de-albino\/?wmc-currency=USD\" \/>\n<meta property=\"og:locale\" content=\"pt_BR\" \/>\n<meta property=\"og:type\" content=\"article\" \/>\n<meta property=\"og:title\" content=\"Trekking al Glaciar Ojo de Albino - Kaitek Viajes\" \/>\n<meta property=\"og:description\" content=\"Uno de los mejores circuitos de trekking para vivir la aventura al extremo en el glaciar Ojo de Albino.\" \/>\n<meta property=\"og:url\" content=\"https:\/\/kaitekviajes.com.ar\/pt\/produto\/trekking-al-glaciar-ojo-de-albino\/?wmc-currency=USD\" \/>\n<meta property=\"og:site_name\" content=\"Kaitek Viajes\" \/>\n<meta property=\"article:modified_time\" content=\"2026-03-22T19:02:40+00:00\" \/>\n<meta property=\"og:image\" content=\"https:\/\/kaitekviajes.com.ar\/wp-content\/uploads\/2023\/07\/00_trekking_ojo_albino.png\" \/>\n\t<meta property=\"og:image:width\" content=\"680\" \/>\n\t<meta property=\"og:image:height\" content=\"390\" \/>\n\t<meta property=\"og:image:type\" content=\"image\/png\" \/>\n<meta name=\"twitter:card\" content=\"summary_large_image\" \/>\n<meta name=\"twitter:label1\" content=\"Est. tempo de leitura\" \/>\n\t<meta name=\"twitter:data1\" content=\"1 minuto\" \/>\n<script type=\"application\/ld+json\" class=\"yoast-schema-graph\">{\"@context\":\"https:\/\/schema.org\",\"@graph\":[{\"@type\":\"WebPage\",\"@id\":\"https:\/\/kaitekviajes.com.ar\/producto\/trekking-al-glaciar-ojo-de-albino\/\",\"url\":\"https:\/\/kaitekviajes.com.ar\/producto\/trekking-al-glaciar-ojo-de-albino\/\",\"name\":\"Trekking al Glaciar Ojo de Albino - Kaitek Viajes\",\"isPartOf\":{\"@id\":\"https:\/\/kaitekviajes.com.ar\/#website\"},\"primaryImageOfPage\":{\"@id\":\"https:\/\/kaitekviajes.com.ar\/producto\/trekking-al-glaciar-ojo-de-albino\/#primaryimage\"},\"image\":{\"@id\":\"https:\/\/kaitekviajes.com.ar\/producto\/trekking-al-glaciar-ojo-de-albino\/#primaryimage\"},\"thumbnailUrl\":\"https:\/\/kaitekviajes.com.ar\/wp-content\/uploads\/2023\/07\/00_trekking_ojo_albino.png\",\"datePublished\":\"2023-08-31T14:01:18+00:00\",\"dateModified\":\"2026-03-22T19:02:40+00:00\",\"description\":\"Uno de los mejores circuitos de trekking para vivir la aventura al extremo en el glaciar Ojo de Albino.\",\"breadcrumb\":{\"@id\":\"https:\/\/kaitekviajes.com.ar\/producto\/trekking-al-glaciar-ojo-de-albino\/#breadcrumb\"},\"inLanguage\":\"pt-BR\",\"potentialAction\":[{\"@type\":\"ReadAction\",\"target\":[\"https:\/\/kaitekviajes.com.ar\/producto\/trekking-al-glaciar-ojo-de-albino\/\"]}]},{\"@type\":\"ImageObject\",\"inLanguage\":\"pt-BR\",\"@id\":\"https:\/\/kaitekviajes.com.ar\/producto\/trekking-al-glaciar-ojo-de-albino\/#primaryimage\",\"url\":\"https:\/\/kaitekviajes.com.ar\/wp-content\/uploads\/2023\/07\/00_trekking_ojo_albino.png\",\"contentUrl\":\"https:\/\/kaitekviajes.com.ar\/wp-content\/uploads\/2023\/07\/00_trekking_ojo_albino.png\",\"width\":680,\"height\":390},{\"@type\":\"BreadcrumbList\",\"@id\":\"https:\/\/kaitekviajes.com.ar\/producto\/trekking-al-glaciar-ojo-de-albino\/#breadcrumb\",\"itemListElement\":[{\"@type\":\"ListItem\",\"position\":1,\"name\":\"Portada\",\"item\":\"https:\/\/kaitekviajes.com.ar\/\"},{\"@type\":\"ListItem\",\"position\":2,\"name\":\"Tienda\",\"item\":\"https:\/\/kaitekviajes.com.ar\/tienda\/\"},{\"@type\":\"ListItem\",\"position\":3,\"name\":\"Trekking al Glaciar Ojo de Albino\"}]},{\"@type\":\"WebSite\",\"@id\":\"https:\/\/kaitekviajes.com.ar\/#website\",\"url\":\"https:\/\/kaitekviajes.com.ar\/\",\"name\":\"Kaitek Viajes\",\"description\":\"Excursiones - Ushuaia y Tierra del Fuego, Patagonia\",\"publisher\":{\"@id\":\"https:\/\/kaitekviajes.com.ar\/#organization\"},\"potentialAction\":[{\"@type\":\"SearchAction\",\"target\":{\"@type\":\"EntryPoint\",\"urlTemplate\":\"https:\/\/kaitekviajes.com.ar\/?s={search_term_string}\"},\"query-input\":{\"@type\":\"PropertyValueSpecification\",\"valueRequired\":true,\"valueName\":\"search_term_string\"}}],\"inLanguage\":\"pt-BR\"},{\"@type\":\"Organization\",\"@id\":\"https:\/\/kaitekviajes.com.ar\/#organization\",\"name\":\"Kaitek Viajes\",\"url\":\"https:\/\/kaitekviajes.com.ar\/\",\"logo\":{\"@type\":\"ImageObject\",\"inLanguage\":\"pt-BR\",\"@id\":\"https:\/\/kaitekviajes.com.ar\/#\/schema\/logo\/image\/\",\"url\":\"https:\/\/kaitekviajes.com.ar\/wp-content\/uploads\/2023\/04\/cropped-Logo-Kaitek-completo.png\",\"contentUrl\":\"https:\/\/kaitekviajes.com.ar\/wp-content\/uploads\/2023\/04\/cropped-Logo-Kaitek-completo.png\",\"width\":1380,\"height\":706,\"caption\":\"Kaitek Viajes\"},\"image\":{\"@id\":\"https:\/\/kaitekviajes.com.ar\/#\/schema\/logo\/image\/\"}}]}<\/script>\n<!-- \/ Yoast SEO plugin. -->","yoast_head_json":{"title":"Trekking al Glaciar Ojo de Albino - Kaitek Viajes","description":"Uno de los mejores circuitos de trekking para vivir la aventura al extremo en el glaciar Ojo de Albino.","robots":{"index":"index","follow":"follow","max-snippet":"max-snippet:-1","max-image-preview":"max-image-preview:large","max-video-preview":"max-video-preview:-1"},"canonical":"https:\/\/kaitekviajes.com.ar\/pt\/produto\/trekking-al-glaciar-ojo-de-albino\/?wmc-currency=USD","og_locale":"pt_BR","og_type":"article","og_title":"Trekking al Glaciar Ojo de Albino - Kaitek Viajes","og_description":"Uno de los mejores circuitos de trekking para vivir la aventura al extremo en el glaciar Ojo de Albino.","og_url":"https:\/\/kaitekviajes.com.ar\/pt\/produto\/trekking-al-glaciar-ojo-de-albino\/?wmc-currency=USD","og_site_name":"Kaitek Viajes","article_modified_time":"2026-03-22T19:02:40+00:00","og_image":[{"width":680,"height":390,"url":"https:\/\/kaitekviajes.com.ar\/wp-content\/uploads\/2023\/07\/00_trekking_ojo_albino.png","type":"image\/png"}],"twitter_card":"summary_large_image","twitter_misc":{"Est. tempo de leitura":"1 minuto"},"schema":{"@context":"https:\/\/schema.org","@graph":[{"@type":"WebPage","@id":"https:\/\/kaitekviajes.com.ar\/producto\/trekking-al-glaciar-ojo-de-albino\/","url":"https:\/\/kaitekviajes.com.ar\/producto\/trekking-al-glaciar-ojo-de-albino\/","name":"Trekking al Glaciar Ojo de Albino - Kaitek Viajes","isPartOf":{"@id":"https:\/\/kaitekviajes.com.ar\/#website"},"primaryImageOfPage":{"@id":"https:\/\/kaitekviajes.com.ar\/producto\/trekking-al-glaciar-ojo-de-albino\/#primaryimage"},"image":{"@id":"https:\/\/kaitekviajes.com.ar\/producto\/trekking-al-glaciar-ojo-de-albino\/#primaryimage"},"thumbnailUrl":"https:\/\/kaitekviajes.com.ar\/wp-content\/uploads\/2023\/07\/00_trekking_ojo_albino.png","datePublished":"2023-08-31T14:01:18+00:00","dateModified":"2026-03-22T19:02:40+00:00","description":"Uno de los mejores circuitos de trekking para vivir la aventura al extremo en el glaciar Ojo de Albino.","breadcrumb":{"@id":"https:\/\/kaitekviajes.com.ar\/producto\/trekking-al-glaciar-ojo-de-albino\/#breadcrumb"},"inLanguage":"pt-BR","potentialAction":[{"@type":"ReadAction","target":["https:\/\/kaitekviajes.com.ar\/producto\/trekking-al-glaciar-ojo-de-albino\/"]}]},{"@type":"ImageObject","inLanguage":"pt-BR","@id":"https:\/\/kaitekviajes.com.ar\/producto\/trekking-al-glaciar-ojo-de-albino\/#primaryimage","url":"https:\/\/kaitekviajes.com.ar\/wp-content\/uploads\/2023\/07\/00_trekking_ojo_albino.png","contentUrl":"https:\/\/kaitekviajes.com.ar\/wp-content\/uploads\/2023\/07\/00_trekking_ojo_albino.png","width":680,"height":390},{"@type":"BreadcrumbList","@id":"https:\/\/kaitekviajes.com.ar\/producto\/trekking-al-glaciar-ojo-de-albino\/#breadcrumb","itemListElement":[{"@type":"ListItem","position":1,"name":"Portada","item":"https:\/\/kaitekviajes.com.ar\/"},{"@type":"ListItem","position":2,"name":"Tienda","item":"https:\/\/kaitekviajes.com.ar\/tienda\/"},{"@type":"ListItem","position":3,"name":"Trekking al Glaciar Ojo de Albino"}]},{"@type":"WebSite","@id":"https:\/\/kaitekviajes.com.ar\/#website","url":"https:\/\/kaitekviajes.com.ar\/","name":"Kaitek Viajes","description":"Excursiones - Ushuaia y Tierra del Fuego, Patagonia","publisher":{"@id":"https:\/\/kaitekviajes.com.ar\/#organization"},"potentialAction":[{"@type":"SearchAction","target":{"@type":"EntryPoint","urlTemplate":"https:\/\/kaitekviajes.com.ar\/?s={search_term_string}"},"query-input":{"@type":"PropertyValueSpecification","valueRequired":true,"valueName":"search_term_string"}}],"inLanguage":"pt-BR"},{"@type":"Organization","@id":"https:\/\/kaitekviajes.com.ar\/#organization","name":"Kaitek Viajes","url":"https:\/\/kaitekviajes.com.ar\/","logo":{"@type":"ImageObject","inLanguage":"pt-BR","@id":"https:\/\/kaitekviajes.com.ar\/#\/schema\/logo\/image\/","url":"https:\/\/kaitekviajes.com.ar\/wp-content\/uploads\/2023\/04\/cropped-Logo-Kaitek-completo.png","contentUrl":"https:\/\/kaitekviajes.com.ar\/wp-content\/uploads\/2023\/04\/cropped-Logo-Kaitek-completo.png","width":1380,"height":706,"caption":"Kaitek Viajes"},"image":{"@id":"https:\/\/kaitekviajes.com.ar\/#\/schema\/logo\/image\/"}}]}},"_links":{"self":[{"href":"https:\/\/kaitekviajes.com.ar\/pt\/wp-json\/wp\/v2\/product\/2791","targetHints":{"allow":["GET"]}}],"collection":[{"href":"https:\/\/kaitekviajes.com.ar\/pt\/wp-json\/wp\/v2\/product"}],"about":[{"href":"https:\/\/kaitekviajes.com.ar\/pt\/wp-json\/wp\/v2\/types\/product"}],"replies":[{"embeddable":true,"href":"https:\/\/kaitekviajes.com.ar\/pt\/wp-json\/wp\/v2\/comments?post=2791"}],"wp:featuredmedia":[{"embeddable":true,"href":"https:\/\/kaitekviajes.com.ar\/pt\/wp-json\/wp\/v2\/media\/2794"}],"wp:attachment":[{"href":"https:\/\/kaitekviajes.com.ar\/pt\/wp-json\/wp\/v2\/media?parent=2791"}],"wp:term":[{"taxonomy":"product_brand","embeddable":true,"href":"https:\/\/kaitekviajes.com.ar\/pt\/wp-json\/wp\/v2\/product_brand?post=2791"},{"taxonomy":"product_cat","embeddable":true,"href":"https:\/\/kaitekviajes.com.ar\/pt\/wp-json\/wp\/v2\/product_cat?post=2791"},{"taxonomy":"product_tag","embeddable":true,"href":"https:\/\/kaitekviajes.com.ar\/pt\/wp-json\/wp\/v2\/product_tag?post=2791"},{"taxonomy":"actividad","embeddable":true,"href":"https:\/\/kaitekviajes.com.ar\/pt\/wp-json\/wp\/v2\/actividad?post=2791"},{"taxonomy":"ciudad","embeddable":true,"href":"https:\/\/kaitekviajes.com.ar\/pt\/wp-json\/wp\/v2\/ciudad?post=2791"},{"taxonomy":"provincia","embeddable":true,"href":"https:\/\/kaitekviajes.com.ar\/pt\/wp-json\/wp\/v2\/provincia?post=2791"},{"taxonomy":"lugar","embeddable":true,"href":"https:\/\/kaitekviajes.com.ar\/pt\/wp-json\/wp\/v2\/lugar?post=2791"},{"taxonomy":"pais","embeddable":true,"href":"https:\/\/kaitekviajes.com.ar\/pt\/wp-json\/wp\/v2\/pais?post=2791"}],"curies":[{"name":"wp","href":"https:\/\/api.w.org\/{rel}","templated":true}]}}