{"id":2739,"date":"2025-06-21T18:07:35","date_gmt":"2025-06-21T21:07:35","guid":{"rendered":"https:\/\/kaitekviajes.com.ar\/?post_type=product&#038;p=2739"},"modified":"2026-03-22T16:28:29","modified_gmt":"2026-03-22T19:28:29","slug":"tren-del-fin-del-mundo","status":"publish","type":"product","link":"https:\/\/kaitekviajes.com.ar\/pt\/produto\/tren-del-fin-del-mundo\/","title":{"rendered":"Trem do Fim do Mundo"},"content":{"rendered":"<h1>O Trem do Fim do Mundo saindo de Ushuaia. O trem de bitola estreita mais ao sul do mundo.<\/h1>\n<p>O Trem do Fim do Mundo convida voc\u00ea a reviver os \u00faltimos 7 km da rota do trem dos antigos presos, que partia do pres\u00eddio de Ushuaia em dire\u00e7\u00e3o \u00e0s encostas do Monte Susana para obter diversos materiais de constru\u00e7\u00e3o. A bordo do trem, voc\u00ea pode ouvir a hist\u00f3ria e se deleitar com paisagens magn\u00edficas, incluindo o sinuoso Rio Pipo, a cachoeira Macarena, o cemit\u00e9rio de \u00e1rvores e a majestosa floresta.<\/p>","protected":false},"excerpt":{"rendered":"<p>Tren del Fin del Mundo desde Ushuaia. El tren de trocha angosta m\u00e1s austral del mundo. El Tren del Fin del Mundo lo invita a revivir los \u00faltimos 7 km. del antiguo recorrido del tren de los presos, el cual part\u00eda desde la c\u00e1rcel de Ushuaia hacia la ladera del Monte Susana a obtener distintos [&hellip;]<\/p>","protected":false},"featured_media":2742,"comment_status":"open","ping_status":"closed","template":"","meta":{"_joinchat":[]},"product_brand":[],"product_cat":[27],"product_tag":[],"actividad":[272],"ciudad":[59],"provincia":[238],"lugar":[243,269,251],"pais":[47],"class_list":{"0":"post-2739","1":"product","2":"type-product","3":"status-publish","4":"has-post-thumbnail","6":"product_cat-excursiones","7":"actividad-recorrido-en-tren","8":"ciudad-ushuaia","9":"provincia-tierra-del-fuego","10":"lugar-monte-susana","11":"lugar-parque-nacional-tierra-del-fuego","12":"lugar-tren-del-fin-del-mundo","13":"pais-argentina","15":"first","16":"instock","17":"sold-individually","18":"shipping-taxable","19":"purchasable","20":"product-type-booking"},"yoast_head":"<!-- This site is optimized with the Yoast SEO plugin v27.2 - https:\/\/yoast.com\/product\/yoast-seo-wordpress\/ -->\n<title>Tren del Fin del Mundo - Kaitek Viajes<\/title>\n<meta name=\"description\" content=\"Tren del Fin del Mundo desde Ushuaia. El tren de trocha angosta m\u00e1s austral del mundo.\" \/>\n<meta name=\"robots\" content=\"index, follow, max-snippet:-1, max-image-preview:large, max-video-preview:-1\" \/>\n<link rel=\"canonical\" href=\"https:\/\/kaitekviajes.com.ar\/pt\/produto\/tren-del-fin-del-mundo\/?wmc-currency=USD\" \/>\n<meta property=\"og:locale\" content=\"pt_BR\" \/>\n<meta property=\"og:type\" content=\"article\" \/>\n<meta property=\"og:title\" content=\"Tren del Fin del Mundo - Kaitek Viajes\" \/>\n<meta property=\"og:description\" content=\"Tren del Fin del Mundo desde Ushuaia. El tren de trocha angosta m\u00e1s austral del mundo.\" \/>\n<meta property=\"og:url\" content=\"https:\/\/kaitekviajes.com.ar\/pt\/produto\/tren-del-fin-del-mundo\/?wmc-currency=USD\" \/>\n<meta property=\"og:site_name\" content=\"Kaitek Viajes\" \/>\n<meta property=\"article:modified_time\" content=\"2026-03-22T19:28:29+00:00\" \/>\n<meta property=\"og:image\" content=\"https:\/\/kaitekviajes.com.ar\/wp-content\/uploads\/2023\/07\/01_tfm_portada.jpg\" \/>\n\t<meta property=\"og:image:width\" content=\"800\" \/>\n\t<meta property=\"og:image:height\" content=\"520\" \/>\n\t<meta property=\"og:image:type\" content=\"image\/jpeg\" \/>\n<meta name=\"twitter:card\" content=\"summary_large_image\" \/>\n<meta name=\"twitter:label1\" content=\"Est. tempo de leitura\" \/>\n\t<meta name=\"twitter:data1\" content=\"1 minuto\" \/>\n<script type=\"application\/ld+json\" class=\"yoast-schema-graph\">{\"@context\":\"https:\/\/schema.org\",\"@graph\":[{\"@type\":\"WebPage\",\"@id\":\"https:\/\/kaitekviajes.com.ar\/producto\/tren-del-fin-del-mundo\/\",\"url\":\"https:\/\/kaitekviajes.com.ar\/producto\/tren-del-fin-del-mundo\/\",\"name\":\"Tren del Fin del Mundo - Kaitek Viajes\",\"isPartOf\":{\"@id\":\"https:\/\/kaitekviajes.com.ar\/#website\"},\"primaryImageOfPage\":{\"@id\":\"https:\/\/kaitekviajes.com.ar\/producto\/tren-del-fin-del-mundo\/#primaryimage\"},\"image\":{\"@id\":\"https:\/\/kaitekviajes.com.ar\/producto\/tren-del-fin-del-mundo\/#primaryimage\"},\"thumbnailUrl\":\"https:\/\/kaitekviajes.com.ar\/wp-content\/uploads\/2023\/07\/01_tfm_portada.jpg\",\"datePublished\":\"2025-06-21T21:07:35+00:00\",\"dateModified\":\"2026-03-22T19:28:29+00:00\",\"description\":\"Tren del Fin del Mundo desde Ushuaia. El tren de trocha angosta m\u00e1s austral del mundo.\",\"breadcrumb\":{\"@id\":\"https:\/\/kaitekviajes.com.ar\/producto\/tren-del-fin-del-mundo\/#breadcrumb\"},\"inLanguage\":\"pt-BR\",\"potentialAction\":[{\"@type\":\"ReadAction\",\"target\":[\"https:\/\/kaitekviajes.com.ar\/producto\/tren-del-fin-del-mundo\/\"]}]},{\"@type\":\"ImageObject\",\"inLanguage\":\"pt-BR\",\"@id\":\"https:\/\/kaitekviajes.com.ar\/producto\/tren-del-fin-del-mundo\/#primaryimage\",\"url\":\"https:\/\/kaitekviajes.com.ar\/wp-content\/uploads\/2023\/07\/01_tfm_portada.jpg\",\"contentUrl\":\"https:\/\/kaitekviajes.com.ar\/wp-content\/uploads\/2023\/07\/01_tfm_portada.jpg\",\"width\":800,\"height\":520},{\"@type\":\"BreadcrumbList\",\"@id\":\"https:\/\/kaitekviajes.com.ar\/producto\/tren-del-fin-del-mundo\/#breadcrumb\",\"itemListElement\":[{\"@type\":\"ListItem\",\"position\":1,\"name\":\"Portada\",\"item\":\"https:\/\/kaitekviajes.com.ar\/\"},{\"@type\":\"ListItem\",\"position\":2,\"name\":\"Tienda\",\"item\":\"https:\/\/kaitekviajes.com.ar\/tienda\/\"},{\"@type\":\"ListItem\",\"position\":3,\"name\":\"Tren del Fin del Mundo\"}]},{\"@type\":\"WebSite\",\"@id\":\"https:\/\/kaitekviajes.com.ar\/#website\",\"url\":\"https:\/\/kaitekviajes.com.ar\/\",\"name\":\"Kaitek Viajes\",\"description\":\"Excursiones - Ushuaia y Tierra del Fuego, Patagonia\",\"publisher\":{\"@id\":\"https:\/\/kaitekviajes.com.ar\/#organization\"},\"potentialAction\":[{\"@type\":\"SearchAction\",\"target\":{\"@type\":\"EntryPoint\",\"urlTemplate\":\"https:\/\/kaitekviajes.com.ar\/?s={search_term_string}\"},\"query-input\":{\"@type\":\"PropertyValueSpecification\",\"valueRequired\":true,\"valueName\":\"search_term_string\"}}],\"inLanguage\":\"pt-BR\"},{\"@type\":\"Organization\",\"@id\":\"https:\/\/kaitekviajes.com.ar\/#organization\",\"name\":\"Kaitek Viajes\",\"url\":\"https:\/\/kaitekviajes.com.ar\/\",\"logo\":{\"@type\":\"ImageObject\",\"inLanguage\":\"pt-BR\",\"@id\":\"https:\/\/kaitekviajes.com.ar\/#\/schema\/logo\/image\/\",\"url\":\"https:\/\/kaitekviajes.com.ar\/wp-content\/uploads\/2023\/04\/cropped-Logo-Kaitek-completo.png\",\"contentUrl\":\"https:\/\/kaitekviajes.com.ar\/wp-content\/uploads\/2023\/04\/cropped-Logo-Kaitek-completo.png\",\"width\":1380,\"height\":706,\"caption\":\"Kaitek Viajes\"},\"image\":{\"@id\":\"https:\/\/kaitekviajes.com.ar\/#\/schema\/logo\/image\/\"}}]}<\/script>\n<!-- \/ Yoast SEO plugin. -->","yoast_head_json":{"title":"Tren del Fin del Mundo - Kaitek Viajes","description":"Tren del Fin del Mundo desde Ushuaia. El tren de trocha angosta m\u00e1s austral del mundo.","robots":{"index":"index","follow":"follow","max-snippet":"max-snippet:-1","max-image-preview":"max-image-preview:large","max-video-preview":"max-video-preview:-1"},"canonical":"https:\/\/kaitekviajes.com.ar\/pt\/produto\/tren-del-fin-del-mundo\/?wmc-currency=USD","og_locale":"pt_BR","og_type":"article","og_title":"Tren del Fin del Mundo - Kaitek Viajes","og_description":"Tren del Fin del Mundo desde Ushuaia. El tren de trocha angosta m\u00e1s austral del mundo.","og_url":"https:\/\/kaitekviajes.com.ar\/pt\/produto\/tren-del-fin-del-mundo\/?wmc-currency=USD","og_site_name":"Kaitek Viajes","article_modified_time":"2026-03-22T19:28:29+00:00","og_image":[{"width":800,"height":520,"url":"https:\/\/kaitekviajes.com.ar\/wp-content\/uploads\/2023\/07\/01_tfm_portada.jpg","type":"image\/jpeg"}],"twitter_card":"summary_large_image","twitter_misc":{"Est. tempo de leitura":"1 minuto"},"schema":{"@context":"https:\/\/schema.org","@graph":[{"@type":"WebPage","@id":"https:\/\/kaitekviajes.com.ar\/producto\/tren-del-fin-del-mundo\/","url":"https:\/\/kaitekviajes.com.ar\/producto\/tren-del-fin-del-mundo\/","name":"Tren del Fin del Mundo - Kaitek Viajes","isPartOf":{"@id":"https:\/\/kaitekviajes.com.ar\/#website"},"primaryImageOfPage":{"@id":"https:\/\/kaitekviajes.com.ar\/producto\/tren-del-fin-del-mundo\/#primaryimage"},"image":{"@id":"https:\/\/kaitekviajes.com.ar\/producto\/tren-del-fin-del-mundo\/#primaryimage"},"thumbnailUrl":"https:\/\/kaitekviajes.com.ar\/wp-content\/uploads\/2023\/07\/01_tfm_portada.jpg","datePublished":"2025-06-21T21:07:35+00:00","dateModified":"2026-03-22T19:28:29+00:00","description":"Tren del Fin del Mundo desde Ushuaia. El tren de trocha angosta m\u00e1s austral del mundo.","breadcrumb":{"@id":"https:\/\/kaitekviajes.com.ar\/producto\/tren-del-fin-del-mundo\/#breadcrumb"},"inLanguage":"pt-BR","potentialAction":[{"@type":"ReadAction","target":["https:\/\/kaitekviajes.com.ar\/producto\/tren-del-fin-del-mundo\/"]}]},{"@type":"ImageObject","inLanguage":"pt-BR","@id":"https:\/\/kaitekviajes.com.ar\/producto\/tren-del-fin-del-mundo\/#primaryimage","url":"https:\/\/kaitekviajes.com.ar\/wp-content\/uploads\/2023\/07\/01_tfm_portada.jpg","contentUrl":"https:\/\/kaitekviajes.com.ar\/wp-content\/uploads\/2023\/07\/01_tfm_portada.jpg","width":800,"height":520},{"@type":"BreadcrumbList","@id":"https:\/\/kaitekviajes.com.ar\/producto\/tren-del-fin-del-mundo\/#breadcrumb","itemListElement":[{"@type":"ListItem","position":1,"name":"Portada","item":"https:\/\/kaitekviajes.com.ar\/"},{"@type":"ListItem","position":2,"name":"Tienda","item":"https:\/\/kaitekviajes.com.ar\/tienda\/"},{"@type":"ListItem","position":3,"name":"Tren del Fin del Mundo"}]},{"@type":"WebSite","@id":"https:\/\/kaitekviajes.com.ar\/#website","url":"https:\/\/kaitekviajes.com.ar\/","name":"Kaitek Viajes","description":"Excursiones - Ushuaia y Tierra del Fuego, Patagonia","publisher":{"@id":"https:\/\/kaitekviajes.com.ar\/#organization"},"potentialAction":[{"@type":"SearchAction","target":{"@type":"EntryPoint","urlTemplate":"https:\/\/kaitekviajes.com.ar\/?s={search_term_string}"},"query-input":{"@type":"PropertyValueSpecification","valueRequired":true,"valueName":"search_term_string"}}],"inLanguage":"pt-BR"},{"@type":"Organization","@id":"https:\/\/kaitekviajes.com.ar\/#organization","name":"Kaitek Viajes","url":"https:\/\/kaitekviajes.com.ar\/","logo":{"@type":"ImageObject","inLanguage":"pt-BR","@id":"https:\/\/kaitekviajes.com.ar\/#\/schema\/logo\/image\/","url":"https:\/\/kaitekviajes.com.ar\/wp-content\/uploads\/2023\/04\/cropped-Logo-Kaitek-completo.png","contentUrl":"https:\/\/kaitekviajes.com.ar\/wp-content\/uploads\/2023\/04\/cropped-Logo-Kaitek-completo.png","width":1380,"height":706,"caption":"Kaitek Viajes"},"image":{"@id":"https:\/\/kaitekviajes.com.ar\/#\/schema\/logo\/image\/"}}]}},"_links":{"self":[{"href":"https:\/\/kaitekviajes.com.ar\/pt\/wp-json\/wp\/v2\/product\/2739","targetHints":{"allow":["GET"]}}],"collection":[{"href":"https:\/\/kaitekviajes.com.ar\/pt\/wp-json\/wp\/v2\/product"}],"about":[{"href":"https:\/\/kaitekviajes.com.ar\/pt\/wp-json\/wp\/v2\/types\/product"}],"replies":[{"embeddable":true,"href":"https:\/\/kaitekviajes.com.ar\/pt\/wp-json\/wp\/v2\/comments?post=2739"}],"wp:featuredmedia":[{"embeddable":true,"href":"https:\/\/kaitekviajes.com.ar\/pt\/wp-json\/wp\/v2\/media\/2742"}],"wp:attachment":[{"href":"https:\/\/kaitekviajes.com.ar\/pt\/wp-json\/wp\/v2\/media?parent=2739"}],"wp:term":[{"taxonomy":"product_brand","embeddable":true,"href":"https:\/\/kaitekviajes.com.ar\/pt\/wp-json\/wp\/v2\/product_brand?post=2739"},{"taxonomy":"product_cat","embeddable":true,"href":"https:\/\/kaitekviajes.com.ar\/pt\/wp-json\/wp\/v2\/product_cat?post=2739"},{"taxonomy":"product_tag","embeddable":true,"href":"https:\/\/kaitekviajes.com.ar\/pt\/wp-json\/wp\/v2\/product_tag?post=2739"},{"taxonomy":"actividad","embeddable":true,"href":"https:\/\/kaitekviajes.com.ar\/pt\/wp-json\/wp\/v2\/actividad?post=2739"},{"taxonomy":"ciudad","embeddable":true,"href":"https:\/\/kaitekviajes.com.ar\/pt\/wp-json\/wp\/v2\/ciudad?post=2739"},{"taxonomy":"provincia","embeddable":true,"href":"https:\/\/kaitekviajes.com.ar\/pt\/wp-json\/wp\/v2\/provincia?post=2739"},{"taxonomy":"lugar","embeddable":true,"href":"https:\/\/kaitekviajes.com.ar\/pt\/wp-json\/wp\/v2\/lugar?post=2739"},{"taxonomy":"pais","embeddable":true,"href":"https:\/\/kaitekviajes.com.ar\/pt\/wp-json\/wp\/v2\/pais?post=2739"}],"curies":[{"name":"wp","href":"https:\/\/api.w.org\/{rel}","templated":true}]}}