{"id":2663,"date":"2023-07-11T15:52:56","date_gmt":"2023-07-11T18:52:56","guid":{"rendered":"https:\/\/kaitekviajes.com.ar\/?post_type=product&#038;p=2663"},"modified":"2025-10-03T15:20:39","modified_gmt":"2025-10-03T18:20:39","slug":"aterrizaje-en-la-cordillera-de-los-andes","status":"publish","type":"product","link":"https:\/\/kaitekviajes.com.ar\/pt\/produto\/aterrizaje-en-la-cordillera-de-los-andes\/","title":{"rendered":"Desembarque na Cordilheira dos Andes"},"content":{"rendered":"<h1>Voc\u00ea j\u00e1 imaginou pousar no topo dos Andes Fuegianos?<\/h1>\n<p><strong>Esta experi\u00eancia indescrit\u00edvel<\/strong> Come\u00e7amos sobrevoando a Ba\u00eda de Ushuaia. Assim, adentramos o Vale do Rio Olivia, apreciando o majestoso Monte Olivia e o caracter\u00edstico Monte Cinco Hermanos.<\/p>","protected":false},"excerpt":{"rendered":"<p>Te imaginaste aterrizar en lo m\u00e1s alto de la Cordillera de los Andes Fueguinos? Esta indescriptible experiencia comienza sobrevolando la bah\u00eda de Ushuaia. De esta manera, ingresamos al Valle del R\u00edo Olivia, apreciando el majestuoso Monte Olivia y el caracter\u00edstico Monte Cinco Hermanos.<\/p>","protected":false},"featured_media":2666,"comment_status":"open","ping_status":"closed","template":"","meta":{"_joinchat":[]},"product_brand":[],"product_cat":[27],"product_tag":[],"actividad":[262],"ciudad":[59],"provincia":[238],"lugar":[242,243],"pais":[47],"class_list":{"0":"post-2663","1":"product","2":"type-product","3":"status-publish","4":"has-post-thumbnail","6":"product_cat-excursiones","7":"actividad-sobrevuelos","8":"ciudad-ushuaia","9":"provincia-tierra-del-fuego","10":"lugar-monte-olivia","11":"lugar-monte-susana","12":"pais-argentina","14":"first","15":"instock","16":"sold-individually","17":"shipping-taxable","18":"purchasable","19":"product-type-booking"},"yoast_head":"<!-- This site is optimized with the Yoast SEO plugin v27.2 - https:\/\/yoast.com\/product\/yoast-seo-wordpress\/ -->\n<title>Aterrizaje en la Cordillera de los Andes - Kaitek Viajes<\/title>\n<meta name=\"description\" content=\"Ingresamos al Valle del R\u00edo Olivia, apreciando el majestuoso Monte Olivia y el caracter\u00edstico Monte Cinco Hermanos.\" \/>\n<meta name=\"robots\" content=\"index, follow, max-snippet:-1, max-image-preview:large, max-video-preview:-1\" \/>\n<link rel=\"canonical\" href=\"https:\/\/kaitekviajes.com.ar\/pt\/produto\/aterrizaje-en-la-cordillera-de-los-andes\/?wmc-currency=USD\" \/>\n<meta property=\"og:locale\" content=\"pt_BR\" \/>\n<meta property=\"og:type\" content=\"article\" \/>\n<meta property=\"og:title\" content=\"Aterrizaje en la Cordillera de los Andes - Kaitek Viajes\" \/>\n<meta property=\"og:description\" content=\"Ingresamos al Valle del R\u00edo Olivia, apreciando el majestuoso Monte Olivia y el caracter\u00edstico Monte Cinco Hermanos.\" \/>\n<meta property=\"og:url\" content=\"https:\/\/kaitekviajes.com.ar\/pt\/produto\/aterrizaje-en-la-cordillera-de-los-andes\/?wmc-currency=USD\" \/>\n<meta property=\"og:site_name\" content=\"Kaitek Viajes\" \/>\n<meta property=\"article:modified_time\" content=\"2025-10-03T18:20:39+00:00\" \/>\n<meta property=\"og:image\" content=\"https:\/\/kaitekviajes.com.ar\/wp-content\/uploads\/2023\/07\/02_aterrizaje_andes_helicoptero.jpg\" \/>\n\t<meta property=\"og:image:width\" content=\"800\" \/>\n\t<meta property=\"og:image:height\" content=\"669\" \/>\n\t<meta property=\"og:image:type\" content=\"image\/jpeg\" \/>\n<meta name=\"twitter:card\" content=\"summary_large_image\" \/>\n<meta name=\"twitter:label1\" content=\"Est. tempo de leitura\" \/>\n\t<meta name=\"twitter:data1\" content=\"1 minuto\" \/>\n<script type=\"application\/ld+json\" class=\"yoast-schema-graph\">{\"@context\":\"https:\/\/schema.org\",\"@graph\":[{\"@type\":\"WebPage\",\"@id\":\"https:\/\/kaitekviajes.com.ar\/producto\/aterrizaje-en-la-cordillera-de-los-andes\/\",\"url\":\"https:\/\/kaitekviajes.com.ar\/producto\/aterrizaje-en-la-cordillera-de-los-andes\/\",\"name\":\"Aterrizaje en la Cordillera de los Andes - Kaitek Viajes\",\"isPartOf\":{\"@id\":\"https:\/\/kaitekviajes.com.ar\/#website\"},\"primaryImageOfPage\":{\"@id\":\"https:\/\/kaitekviajes.com.ar\/producto\/aterrizaje-en-la-cordillera-de-los-andes\/#primaryimage\"},\"image\":{\"@id\":\"https:\/\/kaitekviajes.com.ar\/producto\/aterrizaje-en-la-cordillera-de-los-andes\/#primaryimage\"},\"thumbnailUrl\":\"https:\/\/kaitekviajes.com.ar\/wp-content\/uploads\/2023\/07\/02_aterrizaje_andes_helicoptero.jpg\",\"datePublished\":\"2023-07-11T18:52:56+00:00\",\"dateModified\":\"2025-10-03T18:20:39+00:00\",\"description\":\"Ingresamos al Valle del R\u00edo Olivia, apreciando el majestuoso Monte Olivia y el caracter\u00edstico Monte Cinco Hermanos.\",\"breadcrumb\":{\"@id\":\"https:\/\/kaitekviajes.com.ar\/producto\/aterrizaje-en-la-cordillera-de-los-andes\/#breadcrumb\"},\"inLanguage\":\"pt-BR\",\"potentialAction\":[{\"@type\":\"ReadAction\",\"target\":[\"https:\/\/kaitekviajes.com.ar\/producto\/aterrizaje-en-la-cordillera-de-los-andes\/\"]}]},{\"@type\":\"ImageObject\",\"inLanguage\":\"pt-BR\",\"@id\":\"https:\/\/kaitekviajes.com.ar\/producto\/aterrizaje-en-la-cordillera-de-los-andes\/#primaryimage\",\"url\":\"https:\/\/kaitekviajes.com.ar\/wp-content\/uploads\/2023\/07\/02_aterrizaje_andes_helicoptero.jpg\",\"contentUrl\":\"https:\/\/kaitekviajes.com.ar\/wp-content\/uploads\/2023\/07\/02_aterrizaje_andes_helicoptero.jpg\",\"width\":800,\"height\":669},{\"@type\":\"BreadcrumbList\",\"@id\":\"https:\/\/kaitekviajes.com.ar\/producto\/aterrizaje-en-la-cordillera-de-los-andes\/#breadcrumb\",\"itemListElement\":[{\"@type\":\"ListItem\",\"position\":1,\"name\":\"Portada\",\"item\":\"https:\/\/kaitekviajes.com.ar\/\"},{\"@type\":\"ListItem\",\"position\":2,\"name\":\"Tienda\",\"item\":\"https:\/\/kaitekviajes.com.ar\/tienda\/\"},{\"@type\":\"ListItem\",\"position\":3,\"name\":\"Aterrizaje en la Cordillera de los Andes\"}]},{\"@type\":\"WebSite\",\"@id\":\"https:\/\/kaitekviajes.com.ar\/#website\",\"url\":\"https:\/\/kaitekviajes.com.ar\/\",\"name\":\"Kaitek Viajes\",\"description\":\"Excursiones - Ushuaia y Tierra del Fuego, Patagonia\",\"publisher\":{\"@id\":\"https:\/\/kaitekviajes.com.ar\/#organization\"},\"potentialAction\":[{\"@type\":\"SearchAction\",\"target\":{\"@type\":\"EntryPoint\",\"urlTemplate\":\"https:\/\/kaitekviajes.com.ar\/?s={search_term_string}\"},\"query-input\":{\"@type\":\"PropertyValueSpecification\",\"valueRequired\":true,\"valueName\":\"search_term_string\"}}],\"inLanguage\":\"pt-BR\"},{\"@type\":\"Organization\",\"@id\":\"https:\/\/kaitekviajes.com.ar\/#organization\",\"name\":\"Kaitek Viajes\",\"url\":\"https:\/\/kaitekviajes.com.ar\/\",\"logo\":{\"@type\":\"ImageObject\",\"inLanguage\":\"pt-BR\",\"@id\":\"https:\/\/kaitekviajes.com.ar\/#\/schema\/logo\/image\/\",\"url\":\"https:\/\/kaitekviajes.com.ar\/wp-content\/uploads\/2023\/04\/cropped-Logo-Kaitek-completo.png\",\"contentUrl\":\"https:\/\/kaitekviajes.com.ar\/wp-content\/uploads\/2023\/04\/cropped-Logo-Kaitek-completo.png\",\"width\":1380,\"height\":706,\"caption\":\"Kaitek Viajes\"},\"image\":{\"@id\":\"https:\/\/kaitekviajes.com.ar\/#\/schema\/logo\/image\/\"}}]}<\/script>\n<!-- \/ Yoast SEO plugin. -->","yoast_head_json":{"title":"Aterrizaje en la Cordillera de los Andes - Kaitek Viajes","description":"Ingresamos al Valle del R\u00edo Olivia, apreciando el majestuoso Monte Olivia y el caracter\u00edstico Monte Cinco Hermanos.","robots":{"index":"index","follow":"follow","max-snippet":"max-snippet:-1","max-image-preview":"max-image-preview:large","max-video-preview":"max-video-preview:-1"},"canonical":"https:\/\/kaitekviajes.com.ar\/pt\/produto\/aterrizaje-en-la-cordillera-de-los-andes\/?wmc-currency=USD","og_locale":"pt_BR","og_type":"article","og_title":"Aterrizaje en la Cordillera de los Andes - Kaitek Viajes","og_description":"Ingresamos al Valle del R\u00edo Olivia, apreciando el majestuoso Monte Olivia y el caracter\u00edstico Monte Cinco Hermanos.","og_url":"https:\/\/kaitekviajes.com.ar\/pt\/produto\/aterrizaje-en-la-cordillera-de-los-andes\/?wmc-currency=USD","og_site_name":"Kaitek Viajes","article_modified_time":"2025-10-03T18:20:39+00:00","og_image":[{"width":800,"height":669,"url":"https:\/\/kaitekviajes.com.ar\/wp-content\/uploads\/2023\/07\/02_aterrizaje_andes_helicoptero.jpg","type":"image\/jpeg"}],"twitter_card":"summary_large_image","twitter_misc":{"Est. tempo de leitura":"1 minuto"},"schema":{"@context":"https:\/\/schema.org","@graph":[{"@type":"WebPage","@id":"https:\/\/kaitekviajes.com.ar\/producto\/aterrizaje-en-la-cordillera-de-los-andes\/","url":"https:\/\/kaitekviajes.com.ar\/producto\/aterrizaje-en-la-cordillera-de-los-andes\/","name":"Aterrizaje en la Cordillera de los Andes - Kaitek Viajes","isPartOf":{"@id":"https:\/\/kaitekviajes.com.ar\/#website"},"primaryImageOfPage":{"@id":"https:\/\/kaitekviajes.com.ar\/producto\/aterrizaje-en-la-cordillera-de-los-andes\/#primaryimage"},"image":{"@id":"https:\/\/kaitekviajes.com.ar\/producto\/aterrizaje-en-la-cordillera-de-los-andes\/#primaryimage"},"thumbnailUrl":"https:\/\/kaitekviajes.com.ar\/wp-content\/uploads\/2023\/07\/02_aterrizaje_andes_helicoptero.jpg","datePublished":"2023-07-11T18:52:56+00:00","dateModified":"2025-10-03T18:20:39+00:00","description":"Ingresamos al Valle del R\u00edo Olivia, apreciando el majestuoso Monte Olivia y el caracter\u00edstico Monte Cinco Hermanos.","breadcrumb":{"@id":"https:\/\/kaitekviajes.com.ar\/producto\/aterrizaje-en-la-cordillera-de-los-andes\/#breadcrumb"},"inLanguage":"pt-BR","potentialAction":[{"@type":"ReadAction","target":["https:\/\/kaitekviajes.com.ar\/producto\/aterrizaje-en-la-cordillera-de-los-andes\/"]}]},{"@type":"ImageObject","inLanguage":"pt-BR","@id":"https:\/\/kaitekviajes.com.ar\/producto\/aterrizaje-en-la-cordillera-de-los-andes\/#primaryimage","url":"https:\/\/kaitekviajes.com.ar\/wp-content\/uploads\/2023\/07\/02_aterrizaje_andes_helicoptero.jpg","contentUrl":"https:\/\/kaitekviajes.com.ar\/wp-content\/uploads\/2023\/07\/02_aterrizaje_andes_helicoptero.jpg","width":800,"height":669},{"@type":"BreadcrumbList","@id":"https:\/\/kaitekviajes.com.ar\/producto\/aterrizaje-en-la-cordillera-de-los-andes\/#breadcrumb","itemListElement":[{"@type":"ListItem","position":1,"name":"Portada","item":"https:\/\/kaitekviajes.com.ar\/"},{"@type":"ListItem","position":2,"name":"Tienda","item":"https:\/\/kaitekviajes.com.ar\/tienda\/"},{"@type":"ListItem","position":3,"name":"Aterrizaje en la Cordillera de los Andes"}]},{"@type":"WebSite","@id":"https:\/\/kaitekviajes.com.ar\/#website","url":"https:\/\/kaitekviajes.com.ar\/","name":"Kaitek Viajes","description":"Excursiones - Ushuaia y Tierra del Fuego, Patagonia","publisher":{"@id":"https:\/\/kaitekviajes.com.ar\/#organization"},"potentialAction":[{"@type":"SearchAction","target":{"@type":"EntryPoint","urlTemplate":"https:\/\/kaitekviajes.com.ar\/?s={search_term_string}"},"query-input":{"@type":"PropertyValueSpecification","valueRequired":true,"valueName":"search_term_string"}}],"inLanguage":"pt-BR"},{"@type":"Organization","@id":"https:\/\/kaitekviajes.com.ar\/#organization","name":"Kaitek Viajes","url":"https:\/\/kaitekviajes.com.ar\/","logo":{"@type":"ImageObject","inLanguage":"pt-BR","@id":"https:\/\/kaitekviajes.com.ar\/#\/schema\/logo\/image\/","url":"https:\/\/kaitekviajes.com.ar\/wp-content\/uploads\/2023\/04\/cropped-Logo-Kaitek-completo.png","contentUrl":"https:\/\/kaitekviajes.com.ar\/wp-content\/uploads\/2023\/04\/cropped-Logo-Kaitek-completo.png","width":1380,"height":706,"caption":"Kaitek Viajes"},"image":{"@id":"https:\/\/kaitekviajes.com.ar\/#\/schema\/logo\/image\/"}}]}},"_links":{"self":[{"href":"https:\/\/kaitekviajes.com.ar\/pt\/wp-json\/wp\/v2\/product\/2663","targetHints":{"allow":["GET"]}}],"collection":[{"href":"https:\/\/kaitekviajes.com.ar\/pt\/wp-json\/wp\/v2\/product"}],"about":[{"href":"https:\/\/kaitekviajes.com.ar\/pt\/wp-json\/wp\/v2\/types\/product"}],"replies":[{"embeddable":true,"href":"https:\/\/kaitekviajes.com.ar\/pt\/wp-json\/wp\/v2\/comments?post=2663"}],"wp:featuredmedia":[{"embeddable":true,"href":"https:\/\/kaitekviajes.com.ar\/pt\/wp-json\/wp\/v2\/media\/2666"}],"wp:attachment":[{"href":"https:\/\/kaitekviajes.com.ar\/pt\/wp-json\/wp\/v2\/media?parent=2663"}],"wp:term":[{"taxonomy":"product_brand","embeddable":true,"href":"https:\/\/kaitekviajes.com.ar\/pt\/wp-json\/wp\/v2\/product_brand?post=2663"},{"taxonomy":"product_cat","embeddable":true,"href":"https:\/\/kaitekviajes.com.ar\/pt\/wp-json\/wp\/v2\/product_cat?post=2663"},{"taxonomy":"product_tag","embeddable":true,"href":"https:\/\/kaitekviajes.com.ar\/pt\/wp-json\/wp\/v2\/product_tag?post=2663"},{"taxonomy":"actividad","embeddable":true,"href":"https:\/\/kaitekviajes.com.ar\/pt\/wp-json\/wp\/v2\/actividad?post=2663"},{"taxonomy":"ciudad","embeddable":true,"href":"https:\/\/kaitekviajes.com.ar\/pt\/wp-json\/wp\/v2\/ciudad?post=2663"},{"taxonomy":"provincia","embeddable":true,"href":"https:\/\/kaitekviajes.com.ar\/pt\/wp-json\/wp\/v2\/provincia?post=2663"},{"taxonomy":"lugar","embeddable":true,"href":"https:\/\/kaitekviajes.com.ar\/pt\/wp-json\/wp\/v2\/lugar?post=2663"},{"taxonomy":"pais","embeddable":true,"href":"https:\/\/kaitekviajes.com.ar\/pt\/wp-json\/wp\/v2\/pais?post=2663"}],"curies":[{"name":"wp","href":"https:\/\/api.w.org\/{rel}","templated":true}]}}