{"id":2645,"date":"2023-08-31T14:44:43","date_gmt":"2023-08-31T17:44:43","guid":{"rendered":"https:\/\/kaitekviajes.com.ar\/?post_type=product&#038;p=2645"},"modified":"2026-03-22T16:11:15","modified_gmt":"2026-03-22T19:11:15","slug":"ushuaia-a-pie-con-degustaciones-regionales","status":"publish","type":"product","link":"https:\/\/kaitekviajes.com.ar\/pt\/produto\/ushuaia-a-pie-con-degustaciones-regionales\/","title":{"rendered":"Ushuaia a P\u00e9 com Degusta\u00e7\u00f5es Regionais"},"content":{"rendered":"<h1>Descobri Ushuaia caminhando pelas margens do Canal de Beagle, uma experi\u00eancia \u00fanica.<\/h1>\n<p><strong>Nossa proposta para voc\u00ea \u00e9 o programa Ushuaia a Pie.<\/strong>Um passeio \u00fanico e relaxante pela cidade, onde exploraremos a hist\u00f3ria em meio a uma beleza cultural e natural extrema. Ao final da experi\u00eancia, levaremos voc\u00ea a um bar localizado no centro de Ushuaia, onde voc\u00ea poder\u00e1 continuar desfrutando de um servi\u00e7o personalizado e degustando as melhores cervejas, caf\u00e9s e chocolates. Uma experi\u00eancia \u00fanica no fim do mundo!<\/p>","protected":false},"excerpt":{"rendered":"<p>Descubr\u00ed Ushuaia caminando a orillas del Canal Beagle, una experiencia \u00fanica Nuestra propuesta para vos es nuestro programa Ushuaia a Pie, una excursi\u00f3n por la ciudad distinta, distendida, donde caminaremos la historia rodeados de extrema belleza cultural y natural. Al final de la experiencia, te llevaremos a un bar c\u00e9ntrico de la ciudad de Ushuaia, [&hellip;]<\/p>","protected":false},"featured_media":2659,"comment_status":"open","ping_status":"closed","template":"","meta":{"_joinchat":[]},"product_brand":[],"product_cat":[27],"product_tag":[],"actividad":[285,268],"ciudad":[59],"provincia":[238],"lugar":[248,242,243,255],"pais":[47],"class_list":{"0":"post-2645","1":"product","2":"type-product","3":"status-publish","4":"has-post-thumbnail","6":"product_cat-excursiones","7":"actividad-city-tour","8":"actividad-gastronomia","9":"ciudad-ushuaia","10":"provincia-tierra-del-fuego","11":"lugar-canal-beagle","12":"lugar-monte-olivia","13":"lugar-monte-susana","14":"lugar-saint-christopher-barco-hundido","15":"pais-argentina","17":"first","18":"instock","19":"sold-individually","20":"shipping-taxable","21":"purchasable","22":"product-type-booking"},"yoast_head":"<!-- This site is optimized with the Yoast SEO plugin v27.2 - https:\/\/yoast.com\/product\/yoast-seo-wordpress\/ -->\n<title>Ushuaia a Pie con Degustaciones Regionales - Kaitek Viajes<\/title>\n<meta name=\"description\" content=\"Descubr\u00ed Ushuaia caminando a orillas del Canal Beagle, una experiencia \u00fanica\" \/>\n<meta name=\"robots\" content=\"index, follow, max-snippet:-1, max-image-preview:large, max-video-preview:-1\" \/>\n<link rel=\"canonical\" href=\"https:\/\/kaitekviajes.com.ar\/pt\/produto\/ushuaia-a-pie-con-degustaciones-regionales\/?wmc-currency=USD\" \/>\n<meta property=\"og:locale\" content=\"pt_BR\" \/>\n<meta property=\"og:type\" content=\"article\" \/>\n<meta property=\"og:title\" content=\"Ushuaia a Pie con Degustaciones Regionales - Kaitek Viajes\" \/>\n<meta property=\"og:description\" content=\"Descubr\u00ed Ushuaia caminando a orillas del Canal Beagle, una experiencia \u00fanica\" \/>\n<meta property=\"og:url\" content=\"https:\/\/kaitekviajes.com.ar\/pt\/produto\/ushuaia-a-pie-con-degustaciones-regionales\/?wmc-currency=USD\" \/>\n<meta property=\"og:site_name\" content=\"Kaitek Viajes\" \/>\n<meta property=\"article:modified_time\" content=\"2026-03-22T19:11:15+00:00\" \/>\n<meta property=\"og:image\" content=\"https:\/\/kaitekviajes.com.ar\/wp-content\/uploads\/2023\/07\/0262.jpg\" \/>\n\t<meta property=\"og:image:width\" content=\"1400\" \/>\n\t<meta property=\"og:image:height\" content=\"933\" \/>\n\t<meta property=\"og:image:type\" content=\"image\/jpeg\" \/>\n<meta name=\"twitter:card\" content=\"summary_large_image\" \/>\n<meta name=\"twitter:label1\" content=\"Est. tempo de leitura\" \/>\n\t<meta name=\"twitter:data1\" content=\"1 minuto\" \/>\n<script type=\"application\/ld+json\" class=\"yoast-schema-graph\">{\"@context\":\"https:\/\/schema.org\",\"@graph\":[{\"@type\":\"WebPage\",\"@id\":\"https:\/\/kaitekviajes.com.ar\/producto\/ushuaia-a-pie-con-degustaciones-regionales\/\",\"url\":\"https:\/\/kaitekviajes.com.ar\/producto\/ushuaia-a-pie-con-degustaciones-regionales\/\",\"name\":\"Ushuaia a Pie con Degustaciones Regionales - Kaitek Viajes\",\"isPartOf\":{\"@id\":\"https:\/\/kaitekviajes.com.ar\/#website\"},\"primaryImageOfPage\":{\"@id\":\"https:\/\/kaitekviajes.com.ar\/producto\/ushuaia-a-pie-con-degustaciones-regionales\/#primaryimage\"},\"image\":{\"@id\":\"https:\/\/kaitekviajes.com.ar\/producto\/ushuaia-a-pie-con-degustaciones-regionales\/#primaryimage\"},\"thumbnailUrl\":\"https:\/\/kaitekviajes.com.ar\/wp-content\/uploads\/2023\/07\/0262.jpg\",\"datePublished\":\"2023-08-31T17:44:43+00:00\",\"dateModified\":\"2026-03-22T19:11:15+00:00\",\"description\":\"Descubr\u00ed Ushuaia caminando a orillas del Canal Beagle, una experiencia \u00fanica\",\"breadcrumb\":{\"@id\":\"https:\/\/kaitekviajes.com.ar\/producto\/ushuaia-a-pie-con-degustaciones-regionales\/#breadcrumb\"},\"inLanguage\":\"pt-BR\",\"potentialAction\":[{\"@type\":\"ReadAction\",\"target\":[\"https:\/\/kaitekviajes.com.ar\/producto\/ushuaia-a-pie-con-degustaciones-regionales\/\"]}]},{\"@type\":\"ImageObject\",\"inLanguage\":\"pt-BR\",\"@id\":\"https:\/\/kaitekviajes.com.ar\/producto\/ushuaia-a-pie-con-degustaciones-regionales\/#primaryimage\",\"url\":\"https:\/\/kaitekviajes.com.ar\/wp-content\/uploads\/2023\/07\/0262.jpg\",\"contentUrl\":\"https:\/\/kaitekviajes.com.ar\/wp-content\/uploads\/2023\/07\/0262.jpg\",\"width\":1400,\"height\":933},{\"@type\":\"BreadcrumbList\",\"@id\":\"https:\/\/kaitekviajes.com.ar\/producto\/ushuaia-a-pie-con-degustaciones-regionales\/#breadcrumb\",\"itemListElement\":[{\"@type\":\"ListItem\",\"position\":1,\"name\":\"Portada\",\"item\":\"https:\/\/kaitekviajes.com.ar\/\"},{\"@type\":\"ListItem\",\"position\":2,\"name\":\"Tienda\",\"item\":\"https:\/\/kaitekviajes.com.ar\/tienda\/\"},{\"@type\":\"ListItem\",\"position\":3,\"name\":\"Ushuaia a Pie con Degustaciones Regionales\"}]},{\"@type\":\"WebSite\",\"@id\":\"https:\/\/kaitekviajes.com.ar\/#website\",\"url\":\"https:\/\/kaitekviajes.com.ar\/\",\"name\":\"Kaitek Viajes\",\"description\":\"Excursiones - Ushuaia y Tierra del Fuego, Patagonia\",\"publisher\":{\"@id\":\"https:\/\/kaitekviajes.com.ar\/#organization\"},\"potentialAction\":[{\"@type\":\"SearchAction\",\"target\":{\"@type\":\"EntryPoint\",\"urlTemplate\":\"https:\/\/kaitekviajes.com.ar\/?s={search_term_string}\"},\"query-input\":{\"@type\":\"PropertyValueSpecification\",\"valueRequired\":true,\"valueName\":\"search_term_string\"}}],\"inLanguage\":\"pt-BR\"},{\"@type\":\"Organization\",\"@id\":\"https:\/\/kaitekviajes.com.ar\/#organization\",\"name\":\"Kaitek Viajes\",\"url\":\"https:\/\/kaitekviajes.com.ar\/\",\"logo\":{\"@type\":\"ImageObject\",\"inLanguage\":\"pt-BR\",\"@id\":\"https:\/\/kaitekviajes.com.ar\/#\/schema\/logo\/image\/\",\"url\":\"https:\/\/kaitekviajes.com.ar\/wp-content\/uploads\/2023\/04\/cropped-Logo-Kaitek-completo.png\",\"contentUrl\":\"https:\/\/kaitekviajes.com.ar\/wp-content\/uploads\/2023\/04\/cropped-Logo-Kaitek-completo.png\",\"width\":1380,\"height\":706,\"caption\":\"Kaitek Viajes\"},\"image\":{\"@id\":\"https:\/\/kaitekviajes.com.ar\/#\/schema\/logo\/image\/\"}}]}<\/script>\n<!-- \/ Yoast SEO plugin. -->","yoast_head_json":{"title":"Ushuaia a Pie con Degustaciones Regionales - Kaitek Viajes","description":"Descubr\u00ed Ushuaia caminando a orillas del Canal Beagle, una experiencia \u00fanica","robots":{"index":"index","follow":"follow","max-snippet":"max-snippet:-1","max-image-preview":"max-image-preview:large","max-video-preview":"max-video-preview:-1"},"canonical":"https:\/\/kaitekviajes.com.ar\/pt\/produto\/ushuaia-a-pie-con-degustaciones-regionales\/?wmc-currency=USD","og_locale":"pt_BR","og_type":"article","og_title":"Ushuaia a Pie con Degustaciones Regionales - Kaitek Viajes","og_description":"Descubr\u00ed Ushuaia caminando a orillas del Canal Beagle, una experiencia \u00fanica","og_url":"https:\/\/kaitekviajes.com.ar\/pt\/produto\/ushuaia-a-pie-con-degustaciones-regionales\/?wmc-currency=USD","og_site_name":"Kaitek Viajes","article_modified_time":"2026-03-22T19:11:15+00:00","og_image":[{"width":1400,"height":933,"url":"https:\/\/kaitekviajes.com.ar\/wp-content\/uploads\/2023\/07\/0262.jpg","type":"image\/jpeg"}],"twitter_card":"summary_large_image","twitter_misc":{"Est. tempo de leitura":"1 minuto"},"schema":{"@context":"https:\/\/schema.org","@graph":[{"@type":"WebPage","@id":"https:\/\/kaitekviajes.com.ar\/producto\/ushuaia-a-pie-con-degustaciones-regionales\/","url":"https:\/\/kaitekviajes.com.ar\/producto\/ushuaia-a-pie-con-degustaciones-regionales\/","name":"Ushuaia a Pie con Degustaciones Regionales - Kaitek Viajes","isPartOf":{"@id":"https:\/\/kaitekviajes.com.ar\/#website"},"primaryImageOfPage":{"@id":"https:\/\/kaitekviajes.com.ar\/producto\/ushuaia-a-pie-con-degustaciones-regionales\/#primaryimage"},"image":{"@id":"https:\/\/kaitekviajes.com.ar\/producto\/ushuaia-a-pie-con-degustaciones-regionales\/#primaryimage"},"thumbnailUrl":"https:\/\/kaitekviajes.com.ar\/wp-content\/uploads\/2023\/07\/0262.jpg","datePublished":"2023-08-31T17:44:43+00:00","dateModified":"2026-03-22T19:11:15+00:00","description":"Descubr\u00ed Ushuaia caminando a orillas del Canal Beagle, una experiencia \u00fanica","breadcrumb":{"@id":"https:\/\/kaitekviajes.com.ar\/producto\/ushuaia-a-pie-con-degustaciones-regionales\/#breadcrumb"},"inLanguage":"pt-BR","potentialAction":[{"@type":"ReadAction","target":["https:\/\/kaitekviajes.com.ar\/producto\/ushuaia-a-pie-con-degustaciones-regionales\/"]}]},{"@type":"ImageObject","inLanguage":"pt-BR","@id":"https:\/\/kaitekviajes.com.ar\/producto\/ushuaia-a-pie-con-degustaciones-regionales\/#primaryimage","url":"https:\/\/kaitekviajes.com.ar\/wp-content\/uploads\/2023\/07\/0262.jpg","contentUrl":"https:\/\/kaitekviajes.com.ar\/wp-content\/uploads\/2023\/07\/0262.jpg","width":1400,"height":933},{"@type":"BreadcrumbList","@id":"https:\/\/kaitekviajes.com.ar\/producto\/ushuaia-a-pie-con-degustaciones-regionales\/#breadcrumb","itemListElement":[{"@type":"ListItem","position":1,"name":"Portada","item":"https:\/\/kaitekviajes.com.ar\/"},{"@type":"ListItem","position":2,"name":"Tienda","item":"https:\/\/kaitekviajes.com.ar\/tienda\/"},{"@type":"ListItem","position":3,"name":"Ushuaia a Pie con Degustaciones Regionales"}]},{"@type":"WebSite","@id":"https:\/\/kaitekviajes.com.ar\/#website","url":"https:\/\/kaitekviajes.com.ar\/","name":"Kaitek Viajes","description":"Excursiones - Ushuaia y Tierra del Fuego, Patagonia","publisher":{"@id":"https:\/\/kaitekviajes.com.ar\/#organization"},"potentialAction":[{"@type":"SearchAction","target":{"@type":"EntryPoint","urlTemplate":"https:\/\/kaitekviajes.com.ar\/?s={search_term_string}"},"query-input":{"@type":"PropertyValueSpecification","valueRequired":true,"valueName":"search_term_string"}}],"inLanguage":"pt-BR"},{"@type":"Organization","@id":"https:\/\/kaitekviajes.com.ar\/#organization","name":"Kaitek Viajes","url":"https:\/\/kaitekviajes.com.ar\/","logo":{"@type":"ImageObject","inLanguage":"pt-BR","@id":"https:\/\/kaitekviajes.com.ar\/#\/schema\/logo\/image\/","url":"https:\/\/kaitekviajes.com.ar\/wp-content\/uploads\/2023\/04\/cropped-Logo-Kaitek-completo.png","contentUrl":"https:\/\/kaitekviajes.com.ar\/wp-content\/uploads\/2023\/04\/cropped-Logo-Kaitek-completo.png","width":1380,"height":706,"caption":"Kaitek Viajes"},"image":{"@id":"https:\/\/kaitekviajes.com.ar\/#\/schema\/logo\/image\/"}}]}},"_links":{"self":[{"href":"https:\/\/kaitekviajes.com.ar\/pt\/wp-json\/wp\/v2\/product\/2645","targetHints":{"allow":["GET"]}}],"collection":[{"href":"https:\/\/kaitekviajes.com.ar\/pt\/wp-json\/wp\/v2\/product"}],"about":[{"href":"https:\/\/kaitekviajes.com.ar\/pt\/wp-json\/wp\/v2\/types\/product"}],"replies":[{"embeddable":true,"href":"https:\/\/kaitekviajes.com.ar\/pt\/wp-json\/wp\/v2\/comments?post=2645"}],"wp:featuredmedia":[{"embeddable":true,"href":"https:\/\/kaitekviajes.com.ar\/pt\/wp-json\/wp\/v2\/media\/2659"}],"wp:attachment":[{"href":"https:\/\/kaitekviajes.com.ar\/pt\/wp-json\/wp\/v2\/media?parent=2645"}],"wp:term":[{"taxonomy":"product_brand","embeddable":true,"href":"https:\/\/kaitekviajes.com.ar\/pt\/wp-json\/wp\/v2\/product_brand?post=2645"},{"taxonomy":"product_cat","embeddable":true,"href":"https:\/\/kaitekviajes.com.ar\/pt\/wp-json\/wp\/v2\/product_cat?post=2645"},{"taxonomy":"product_tag","embeddable":true,"href":"https:\/\/kaitekviajes.com.ar\/pt\/wp-json\/wp\/v2\/product_tag?post=2645"},{"taxonomy":"actividad","embeddable":true,"href":"https:\/\/kaitekviajes.com.ar\/pt\/wp-json\/wp\/v2\/actividad?post=2645"},{"taxonomy":"ciudad","embeddable":true,"href":"https:\/\/kaitekviajes.com.ar\/pt\/wp-json\/wp\/v2\/ciudad?post=2645"},{"taxonomy":"provincia","embeddable":true,"href":"https:\/\/kaitekviajes.com.ar\/pt\/wp-json\/wp\/v2\/provincia?post=2645"},{"taxonomy":"lugar","embeddable":true,"href":"https:\/\/kaitekviajes.com.ar\/pt\/wp-json\/wp\/v2\/lugar?post=2645"},{"taxonomy":"pais","embeddable":true,"href":"https:\/\/kaitekviajes.com.ar\/pt\/wp-json\/wp\/v2\/pais?post=2645"}],"curies":[{"name":"wp","href":"https:\/\/api.w.org\/{rel}","templated":true}]}}