{"id":2388,"date":"2025-06-23T17:55:02","date_gmt":"2025-06-23T20:55:02","guid":{"rendered":"https:\/\/kaitekviajes.com.ar\/?post_type=product&#038;p=2388"},"modified":"2026-03-22T16:17:31","modified_gmt":"2026-03-22T19:17:31","slug":"ruta-de-la-centolla-en-4x4","status":"publish","type":"product","link":"https:\/\/kaitekviajes.com.ar\/pt\/produto\/ruta-de-la-centolla-en-4x4\/","title":{"rendered":"Rota do Caranguejo-Rei 4\u00d74"},"content":{"rendered":"<h1>Ruta de la Centolla en 4&#215;4 a Puerto Almanza desde Ushuaia<\/h1>\n<p><strong>A Rota do Caranguejo-Aranha<\/strong> \u00c9 um dos circuitos mais interessantes e cativantes do planeta, pela combina\u00e7\u00e3o de pratos requintados elaborados com frutos do mar frescos e caranguejo-real com paisagens deslumbrantes, onde a floresta penetra no Canal de Beagle de forma apaixonante e caprichosa.<\/p>","protected":false},"excerpt":{"rendered":"<p>Ruta de la Centolla en 4&#215;4 a Puerto Almanza desde Ushuaia La Ruta de la Centolla es uno de los circuitos m\u00e1s interesantes y atrapantes del planeta, dada la combinaci\u00f3n de exquisitos platos elaborados en base a mariscos y centolla frescos con paisajes deslumbrantes, donde el bosque penetra en el Canal Beagle de manera apasionante [&hellip;]<\/p>","protected":false},"featured_media":15657,"comment_status":"open","ping_status":"closed","template":"","meta":{"_joinchat":[]},"product_brand":[],"product_cat":[27],"product_tag":[],"actividad":[264,268],"ciudad":[59],"provincia":[238],"lugar":[274],"pais":[47],"class_list":{"0":"post-2388","1":"product","2":"type-product","3":"status-publish","4":"has-post-thumbnail","6":"product_cat-excursiones","7":"actividad-aventura-4x4","8":"actividad-gastronomia","9":"ciudad-ushuaia","10":"provincia-tierra-del-fuego","11":"lugar-puerto-almanza","12":"pais-argentina","14":"first","15":"instock","16":"virtual","17":"sold-individually","18":"purchasable","19":"product-type-booking"},"yoast_head":"<!-- This site is optimized with the Yoast SEO plugin v27.2 - https:\/\/yoast.com\/product\/yoast-seo-wordpress\/ -->\n<title>Ruta de la Centolla en 4x4 - Kaitek Viajes<\/title>\n<meta name=\"robots\" content=\"index, follow, max-snippet:-1, max-image-preview:large, max-video-preview:-1\" \/>\n<link rel=\"canonical\" href=\"https:\/\/kaitekviajes.com.ar\/pt\/produto\/ruta-de-la-centolla-en-4x4\/?wmc-currency=USD\" \/>\n<meta property=\"og:locale\" content=\"pt_BR\" \/>\n<meta property=\"og:type\" content=\"article\" \/>\n<meta property=\"og:title\" content=\"Ruta de la Centolla en 4x4 - Kaitek Viajes\" \/>\n<meta property=\"og:description\" content=\"Ruta de la Centolla en 4&#215;4 a Puerto Almanza desde Ushuaia La Ruta de la Centolla es uno de los circuitos m\u00e1s interesantes y atrapantes del planeta, dada la combinaci\u00f3n de exquisitos platos elaborados en base a mariscos y centolla frescos con paisajes deslumbrantes, donde el bosque penetra en el Canal Beagle de manera apasionante [&hellip;]\" \/>\n<meta property=\"og:url\" content=\"https:\/\/kaitekviajes.com.ar\/pt\/produto\/ruta-de-la-centolla-en-4x4\/?wmc-currency=USD\" \/>\n<meta property=\"og:site_name\" content=\"Kaitek Viajes\" \/>\n<meta property=\"article:modified_time\" content=\"2026-03-22T19:17:31+00:00\" \/>\n<meta property=\"og:image\" content=\"https:\/\/kaitekviajes.com.ar\/wp-content\/uploads\/2025\/06\/00_ruta_de_la_centolla-scaled.jpg\" \/>\n\t<meta property=\"og:image:width\" content=\"1664\" \/>\n\t<meta property=\"og:image:height\" content=\"2560\" \/>\n\t<meta property=\"og:image:type\" content=\"image\/jpeg\" \/>\n<meta name=\"twitter:card\" content=\"summary_large_image\" \/>\n<meta name=\"twitter:label1\" content=\"Est. tempo de leitura\" \/>\n\t<meta name=\"twitter:data1\" content=\"1 minuto\" \/>\n<script type=\"application\/ld+json\" class=\"yoast-schema-graph\">{\"@context\":\"https:\/\/schema.org\",\"@graph\":[{\"@type\":\"WebPage\",\"@id\":\"https:\/\/kaitekviajes.com.ar\/producto\/ruta-de-la-centolla-en-4x4\/\",\"url\":\"https:\/\/kaitekviajes.com.ar\/producto\/ruta-de-la-centolla-en-4x4\/\",\"name\":\"Ruta de la Centolla en 4x4 - Kaitek Viajes\",\"isPartOf\":{\"@id\":\"https:\/\/kaitekviajes.com.ar\/#website\"},\"primaryImageOfPage\":{\"@id\":\"https:\/\/kaitekviajes.com.ar\/producto\/ruta-de-la-centolla-en-4x4\/#primaryimage\"},\"image\":{\"@id\":\"https:\/\/kaitekviajes.com.ar\/producto\/ruta-de-la-centolla-en-4x4\/#primaryimage\"},\"thumbnailUrl\":\"https:\/\/kaitekviajes.com.ar\/wp-content\/uploads\/2025\/06\/00_ruta_de_la_centolla-scaled.jpg\",\"datePublished\":\"2025-06-23T20:55:02+00:00\",\"dateModified\":\"2026-03-22T19:17:31+00:00\",\"breadcrumb\":{\"@id\":\"https:\/\/kaitekviajes.com.ar\/producto\/ruta-de-la-centolla-en-4x4\/#breadcrumb\"},\"inLanguage\":\"pt-BR\",\"potentialAction\":[{\"@type\":\"ReadAction\",\"target\":[\"https:\/\/kaitekviajes.com.ar\/producto\/ruta-de-la-centolla-en-4x4\/\"]}]},{\"@type\":\"ImageObject\",\"inLanguage\":\"pt-BR\",\"@id\":\"https:\/\/kaitekviajes.com.ar\/producto\/ruta-de-la-centolla-en-4x4\/#primaryimage\",\"url\":\"https:\/\/kaitekviajes.com.ar\/wp-content\/uploads\/2025\/06\/00_ruta_de_la_centolla-scaled.jpg\",\"contentUrl\":\"https:\/\/kaitekviajes.com.ar\/wp-content\/uploads\/2025\/06\/00_ruta_de_la_centolla-scaled.jpg\",\"width\":1664,\"height\":2560},{\"@type\":\"BreadcrumbList\",\"@id\":\"https:\/\/kaitekviajes.com.ar\/producto\/ruta-de-la-centolla-en-4x4\/#breadcrumb\",\"itemListElement\":[{\"@type\":\"ListItem\",\"position\":1,\"name\":\"Portada\",\"item\":\"https:\/\/kaitekviajes.com.ar\/\"},{\"@type\":\"ListItem\",\"position\":2,\"name\":\"Tienda\",\"item\":\"https:\/\/kaitekviajes.com.ar\/tienda\/\"},{\"@type\":\"ListItem\",\"position\":3,\"name\":\"Ruta de la Centolla en 4&#215;4\"}]},{\"@type\":\"WebSite\",\"@id\":\"https:\/\/kaitekviajes.com.ar\/#website\",\"url\":\"https:\/\/kaitekviajes.com.ar\/\",\"name\":\"Kaitek Viajes\",\"description\":\"Excursiones - Ushuaia y Tierra del Fuego, Patagonia\",\"publisher\":{\"@id\":\"https:\/\/kaitekviajes.com.ar\/#organization\"},\"potentialAction\":[{\"@type\":\"SearchAction\",\"target\":{\"@type\":\"EntryPoint\",\"urlTemplate\":\"https:\/\/kaitekviajes.com.ar\/?s={search_term_string}\"},\"query-input\":{\"@type\":\"PropertyValueSpecification\",\"valueRequired\":true,\"valueName\":\"search_term_string\"}}],\"inLanguage\":\"pt-BR\"},{\"@type\":\"Organization\",\"@id\":\"https:\/\/kaitekviajes.com.ar\/#organization\",\"name\":\"Kaitek Viajes\",\"url\":\"https:\/\/kaitekviajes.com.ar\/\",\"logo\":{\"@type\":\"ImageObject\",\"inLanguage\":\"pt-BR\",\"@id\":\"https:\/\/kaitekviajes.com.ar\/#\/schema\/logo\/image\/\",\"url\":\"https:\/\/kaitekviajes.com.ar\/wp-content\/uploads\/2023\/04\/cropped-Logo-Kaitek-completo.png\",\"contentUrl\":\"https:\/\/kaitekviajes.com.ar\/wp-content\/uploads\/2023\/04\/cropped-Logo-Kaitek-completo.png\",\"width\":1380,\"height\":706,\"caption\":\"Kaitek Viajes\"},\"image\":{\"@id\":\"https:\/\/kaitekviajes.com.ar\/#\/schema\/logo\/image\/\"}}]}<\/script>\n<!-- \/ Yoast SEO plugin. -->","yoast_head_json":{"title":"Ruta de la Centolla en 4x4 - Kaitek Viajes","robots":{"index":"index","follow":"follow","max-snippet":"max-snippet:-1","max-image-preview":"max-image-preview:large","max-video-preview":"max-video-preview:-1"},"canonical":"https:\/\/kaitekviajes.com.ar\/pt\/produto\/ruta-de-la-centolla-en-4x4\/?wmc-currency=USD","og_locale":"pt_BR","og_type":"article","og_title":"Ruta de la Centolla en 4x4 - Kaitek Viajes","og_description":"Ruta de la Centolla en 4&#215;4 a Puerto Almanza desde Ushuaia La Ruta de la Centolla es uno de los circuitos m\u00e1s interesantes y atrapantes del planeta, dada la combinaci\u00f3n de exquisitos platos elaborados en base a mariscos y centolla frescos con paisajes deslumbrantes, donde el bosque penetra en el Canal Beagle de manera apasionante [&hellip;]","og_url":"https:\/\/kaitekviajes.com.ar\/pt\/produto\/ruta-de-la-centolla-en-4x4\/?wmc-currency=USD","og_site_name":"Kaitek Viajes","article_modified_time":"2026-03-22T19:17:31+00:00","og_image":[{"width":1664,"height":2560,"url":"https:\/\/kaitekviajes.com.ar\/wp-content\/uploads\/2025\/06\/00_ruta_de_la_centolla-scaled.jpg","type":"image\/jpeg"}],"twitter_card":"summary_large_image","twitter_misc":{"Est. tempo de leitura":"1 minuto"},"schema":{"@context":"https:\/\/schema.org","@graph":[{"@type":"WebPage","@id":"https:\/\/kaitekviajes.com.ar\/producto\/ruta-de-la-centolla-en-4x4\/","url":"https:\/\/kaitekviajes.com.ar\/producto\/ruta-de-la-centolla-en-4x4\/","name":"Ruta de la Centolla en 4x4 - Kaitek Viajes","isPartOf":{"@id":"https:\/\/kaitekviajes.com.ar\/#website"},"primaryImageOfPage":{"@id":"https:\/\/kaitekviajes.com.ar\/producto\/ruta-de-la-centolla-en-4x4\/#primaryimage"},"image":{"@id":"https:\/\/kaitekviajes.com.ar\/producto\/ruta-de-la-centolla-en-4x4\/#primaryimage"},"thumbnailUrl":"https:\/\/kaitekviajes.com.ar\/wp-content\/uploads\/2025\/06\/00_ruta_de_la_centolla-scaled.jpg","datePublished":"2025-06-23T20:55:02+00:00","dateModified":"2026-03-22T19:17:31+00:00","breadcrumb":{"@id":"https:\/\/kaitekviajes.com.ar\/producto\/ruta-de-la-centolla-en-4x4\/#breadcrumb"},"inLanguage":"pt-BR","potentialAction":[{"@type":"ReadAction","target":["https:\/\/kaitekviajes.com.ar\/producto\/ruta-de-la-centolla-en-4x4\/"]}]},{"@type":"ImageObject","inLanguage":"pt-BR","@id":"https:\/\/kaitekviajes.com.ar\/producto\/ruta-de-la-centolla-en-4x4\/#primaryimage","url":"https:\/\/kaitekviajes.com.ar\/wp-content\/uploads\/2025\/06\/00_ruta_de_la_centolla-scaled.jpg","contentUrl":"https:\/\/kaitekviajes.com.ar\/wp-content\/uploads\/2025\/06\/00_ruta_de_la_centolla-scaled.jpg","width":1664,"height":2560},{"@type":"BreadcrumbList","@id":"https:\/\/kaitekviajes.com.ar\/producto\/ruta-de-la-centolla-en-4x4\/#breadcrumb","itemListElement":[{"@type":"ListItem","position":1,"name":"Portada","item":"https:\/\/kaitekviajes.com.ar\/"},{"@type":"ListItem","position":2,"name":"Tienda","item":"https:\/\/kaitekviajes.com.ar\/tienda\/"},{"@type":"ListItem","position":3,"name":"Ruta de la Centolla en 4&#215;4"}]},{"@type":"WebSite","@id":"https:\/\/kaitekviajes.com.ar\/#website","url":"https:\/\/kaitekviajes.com.ar\/","name":"Kaitek Viajes","description":"Excursiones - Ushuaia y Tierra del Fuego, Patagonia","publisher":{"@id":"https:\/\/kaitekviajes.com.ar\/#organization"},"potentialAction":[{"@type":"SearchAction","target":{"@type":"EntryPoint","urlTemplate":"https:\/\/kaitekviajes.com.ar\/?s={search_term_string}"},"query-input":{"@type":"PropertyValueSpecification","valueRequired":true,"valueName":"search_term_string"}}],"inLanguage":"pt-BR"},{"@type":"Organization","@id":"https:\/\/kaitekviajes.com.ar\/#organization","name":"Kaitek Viajes","url":"https:\/\/kaitekviajes.com.ar\/","logo":{"@type":"ImageObject","inLanguage":"pt-BR","@id":"https:\/\/kaitekviajes.com.ar\/#\/schema\/logo\/image\/","url":"https:\/\/kaitekviajes.com.ar\/wp-content\/uploads\/2023\/04\/cropped-Logo-Kaitek-completo.png","contentUrl":"https:\/\/kaitekviajes.com.ar\/wp-content\/uploads\/2023\/04\/cropped-Logo-Kaitek-completo.png","width":1380,"height":706,"caption":"Kaitek Viajes"},"image":{"@id":"https:\/\/kaitekviajes.com.ar\/#\/schema\/logo\/image\/"}}]}},"_links":{"self":[{"href":"https:\/\/kaitekviajes.com.ar\/pt\/wp-json\/wp\/v2\/product\/2388","targetHints":{"allow":["GET"]}}],"collection":[{"href":"https:\/\/kaitekviajes.com.ar\/pt\/wp-json\/wp\/v2\/product"}],"about":[{"href":"https:\/\/kaitekviajes.com.ar\/pt\/wp-json\/wp\/v2\/types\/product"}],"replies":[{"embeddable":true,"href":"https:\/\/kaitekviajes.com.ar\/pt\/wp-json\/wp\/v2\/comments?post=2388"}],"wp:featuredmedia":[{"embeddable":true,"href":"https:\/\/kaitekviajes.com.ar\/pt\/wp-json\/wp\/v2\/media\/15657"}],"wp:attachment":[{"href":"https:\/\/kaitekviajes.com.ar\/pt\/wp-json\/wp\/v2\/media?parent=2388"}],"wp:term":[{"taxonomy":"product_brand","embeddable":true,"href":"https:\/\/kaitekviajes.com.ar\/pt\/wp-json\/wp\/v2\/product_brand?post=2388"},{"taxonomy":"product_cat","embeddable":true,"href":"https:\/\/kaitekviajes.com.ar\/pt\/wp-json\/wp\/v2\/product_cat?post=2388"},{"taxonomy":"product_tag","embeddable":true,"href":"https:\/\/kaitekviajes.com.ar\/pt\/wp-json\/wp\/v2\/product_tag?post=2388"},{"taxonomy":"actividad","embeddable":true,"href":"https:\/\/kaitekviajes.com.ar\/pt\/wp-json\/wp\/v2\/actividad?post=2388"},{"taxonomy":"ciudad","embeddable":true,"href":"https:\/\/kaitekviajes.com.ar\/pt\/wp-json\/wp\/v2\/ciudad?post=2388"},{"taxonomy":"provincia","embeddable":true,"href":"https:\/\/kaitekviajes.com.ar\/pt\/wp-json\/wp\/v2\/provincia?post=2388"},{"taxonomy":"lugar","embeddable":true,"href":"https:\/\/kaitekviajes.com.ar\/pt\/wp-json\/wp\/v2\/lugar?post=2388"},{"taxonomy":"pais","embeddable":true,"href":"https:\/\/kaitekviajes.com.ar\/pt\/wp-json\/wp\/v2\/pais?post=2388"}],"curies":[{"name":"wp","href":"https:\/\/api.w.org\/{rel}","templated":true}]}}