{"id":14748,"date":"2025-06-17T14:27:49","date_gmt":"2025-06-17T17:27:49","guid":{"rendered":"https:\/\/kaitekviajes.com.ar\/?post_type=product&#038;p=14748"},"modified":"2025-10-03T14:57:17","modified_gmt":"2025-10-03T17:57:17","slug":"paquete-ushuaia-el-calafate-clasico","status":"publish","type":"product","link":"https:\/\/kaitekviajes.com.ar\/pt\/produto\/paquete-ushuaia-el-calafate-clasico\/","title":{"rendered":"Pacote Cl\u00e1ssico Ushuaia e El Calafate"},"content":{"rendered":"<h1>Ideal para quem quer aproveitar Ushuaia e El Calafate com os passeios imperd\u00edveis da Patag\u00f4nia Austral<\/h1>\n<p>Neste programa de 2 dias, convidamos voc\u00ea a descobrir Ushuaia e El Calafate da melhor maneira poss\u00edvel, com as melhores experi\u00eancias, ao melhor pre\u00e7o e financiamento!<\/p>","protected":false},"excerpt":{"rendered":"<p>Ideal para quienes quieran aprovechar Ushuaia y El Calafate con las excursiones imperdibles de la Patagonia Austral En este programa d\u00edas te proponemos conocer Ushuaia y El Calafate de la mejor manera, con las mejores experiencias, al mejor precio y financiaci\u00f3n!<\/p>","protected":false},"featured_media":14751,"comment_status":"open","ping_status":"closed","template":"","meta":{"_joinchat":[]},"product_brand":[],"product_cat":[31],"product_tag":[],"actividad":[264,263,272],"ciudad":[259,59],"provincia":[237,238],"lugar":[250,248,256,275,242,269],"pais":[47],"class_list":{"0":"post-14748","1":"product","2":"type-product","3":"status-publish","4":"has-post-thumbnail","6":"product_cat-paquetes","7":"actividad-aventura-4x4","8":"actividad-navegacion","9":"actividad-recorrido-en-tren","10":"ciudad-el-calafate","11":"ciudad-ushuaia","12":"provincia-santa-cruz","13":"provincia-tierra-del-fuego","14":"lugar-bahia-lapataia","15":"lugar-canal-beagle","16":"lugar-glaciar-perito-moreno","17":"lugar-isla-de-los-lobos","18":"lugar-monte-olivia","19":"lugar-parque-nacional-tierra-del-fuego","20":"pais-argentina","22":"first","23":"instock","24":"sold-individually","25":"shipping-taxable","26":"purchasable","27":"product-type-booking"},"yoast_head":"<!-- This site is optimized with the Yoast SEO plugin v27.2 - https:\/\/yoast.com\/product\/yoast-seo-wordpress\/ -->\n<title>Paquete Ushuaia &amp; El Calafate Cl\u00e1sico - Kaitek Viajes<\/title>\n<meta name=\"description\" content=\"Ideal para quienes quieran aprovechar Ushuaia y El Calafate con las excursiones imperdibles de la Patagonia Austral\" \/>\n<meta name=\"robots\" content=\"index, follow, max-snippet:-1, max-image-preview:large, max-video-preview:-1\" \/>\n<link rel=\"canonical\" href=\"https:\/\/kaitekviajes.com.ar\/pt\/produto\/paquete-ushuaia-el-calafate-clasico\/?wmc-currency=USD\" \/>\n<meta property=\"og:locale\" content=\"pt_BR\" \/>\n<meta property=\"og:type\" content=\"article\" \/>\n<meta property=\"og:title\" content=\"Paquete Ushuaia &amp; El Calafate Cl\u00e1sico - Kaitek Viajes\" \/>\n<meta property=\"og:description\" content=\"Ideal para quienes quieran aprovechar Ushuaia y El Calafate con las excursiones imperdibles de la Patagonia Austral\" \/>\n<meta property=\"og:url\" content=\"https:\/\/kaitekviajes.com.ar\/pt\/produto\/paquete-ushuaia-el-calafate-clasico\/?wmc-currency=USD\" \/>\n<meta property=\"og:site_name\" content=\"Kaitek Viajes\" \/>\n<meta property=\"article:modified_time\" content=\"2025-10-03T17:57:17+00:00\" \/>\n<meta property=\"og:image\" content=\"https:\/\/kaitekviajes.com.ar\/wp-content\/uploads\/2025\/06\/heather_peirto_moreno_2.png\" \/>\n\t<meta property=\"og:image:width\" content=\"600\" \/>\n\t<meta property=\"og:image:height\" content=\"315\" \/>\n\t<meta property=\"og:image:type\" content=\"image\/png\" \/>\n<meta name=\"twitter:card\" content=\"summary_large_image\" \/>\n<meta name=\"twitter:label1\" content=\"Est. tempo de leitura\" \/>\n\t<meta name=\"twitter:data1\" content=\"1 minuto\" \/>\n<script type=\"application\/ld+json\" class=\"yoast-schema-graph\">{\"@context\":\"https:\/\/schema.org\",\"@graph\":[{\"@type\":\"WebPage\",\"@id\":\"https:\/\/kaitekviajes.com.ar\/producto\/paquete-ushuaia-el-calafate-clasico\/\",\"url\":\"https:\/\/kaitekviajes.com.ar\/producto\/paquete-ushuaia-el-calafate-clasico\/\",\"name\":\"Paquete Ushuaia & El Calafate Cl\u00e1sico - Kaitek Viajes\",\"isPartOf\":{\"@id\":\"https:\/\/kaitekviajes.com.ar\/#website\"},\"primaryImageOfPage\":{\"@id\":\"https:\/\/kaitekviajes.com.ar\/producto\/paquete-ushuaia-el-calafate-clasico\/#primaryimage\"},\"image\":{\"@id\":\"https:\/\/kaitekviajes.com.ar\/producto\/paquete-ushuaia-el-calafate-clasico\/#primaryimage\"},\"thumbnailUrl\":\"https:\/\/kaitekviajes.com.ar\/wp-content\/uploads\/2025\/06\/heather_peirto_moreno_2.png\",\"datePublished\":\"2025-06-17T17:27:49+00:00\",\"dateModified\":\"2025-10-03T17:57:17+00:00\",\"description\":\"Ideal para quienes quieran aprovechar Ushuaia y El Calafate con las excursiones imperdibles de la Patagonia Austral\",\"breadcrumb\":{\"@id\":\"https:\/\/kaitekviajes.com.ar\/producto\/paquete-ushuaia-el-calafate-clasico\/#breadcrumb\"},\"inLanguage\":\"pt-BR\",\"potentialAction\":[{\"@type\":\"ReadAction\",\"target\":[\"https:\/\/kaitekviajes.com.ar\/producto\/paquete-ushuaia-el-calafate-clasico\/\"]}]},{\"@type\":\"ImageObject\",\"inLanguage\":\"pt-BR\",\"@id\":\"https:\/\/kaitekviajes.com.ar\/producto\/paquete-ushuaia-el-calafate-clasico\/#primaryimage\",\"url\":\"https:\/\/kaitekviajes.com.ar\/wp-content\/uploads\/2025\/06\/heather_peirto_moreno_2.png\",\"contentUrl\":\"https:\/\/kaitekviajes.com.ar\/wp-content\/uploads\/2025\/06\/heather_peirto_moreno_2.png\",\"width\":600,\"height\":315},{\"@type\":\"BreadcrumbList\",\"@id\":\"https:\/\/kaitekviajes.com.ar\/producto\/paquete-ushuaia-el-calafate-clasico\/#breadcrumb\",\"itemListElement\":[{\"@type\":\"ListItem\",\"position\":1,\"name\":\"Portada\",\"item\":\"https:\/\/kaitekviajes.com.ar\/\"},{\"@type\":\"ListItem\",\"position\":2,\"name\":\"Tienda\",\"item\":\"https:\/\/kaitekviajes.com.ar\/tienda\/\"},{\"@type\":\"ListItem\",\"position\":3,\"name\":\"Paquete Ushuaia &#038; El Calafate Cl\u00e1sico\"}]},{\"@type\":\"WebSite\",\"@id\":\"https:\/\/kaitekviajes.com.ar\/#website\",\"url\":\"https:\/\/kaitekviajes.com.ar\/\",\"name\":\"Kaitek Viajes\",\"description\":\"Excursiones - Ushuaia y Tierra del Fuego, Patagonia\",\"publisher\":{\"@id\":\"https:\/\/kaitekviajes.com.ar\/#organization\"},\"potentialAction\":[{\"@type\":\"SearchAction\",\"target\":{\"@type\":\"EntryPoint\",\"urlTemplate\":\"https:\/\/kaitekviajes.com.ar\/?s={search_term_string}\"},\"query-input\":{\"@type\":\"PropertyValueSpecification\",\"valueRequired\":true,\"valueName\":\"search_term_string\"}}],\"inLanguage\":\"pt-BR\"},{\"@type\":\"Organization\",\"@id\":\"https:\/\/kaitekviajes.com.ar\/#organization\",\"name\":\"Kaitek Viajes\",\"url\":\"https:\/\/kaitekviajes.com.ar\/\",\"logo\":{\"@type\":\"ImageObject\",\"inLanguage\":\"pt-BR\",\"@id\":\"https:\/\/kaitekviajes.com.ar\/#\/schema\/logo\/image\/\",\"url\":\"https:\/\/kaitekviajes.com.ar\/wp-content\/uploads\/2023\/04\/cropped-Logo-Kaitek-completo.png\",\"contentUrl\":\"https:\/\/kaitekviajes.com.ar\/wp-content\/uploads\/2023\/04\/cropped-Logo-Kaitek-completo.png\",\"width\":1380,\"height\":706,\"caption\":\"Kaitek Viajes\"},\"image\":{\"@id\":\"https:\/\/kaitekviajes.com.ar\/#\/schema\/logo\/image\/\"}}]}<\/script>\n<!-- \/ Yoast SEO plugin. -->","yoast_head_json":{"title":"Paquete Ushuaia & El Calafate Cl\u00e1sico - Kaitek Viajes","description":"Ideal para quienes quieran aprovechar Ushuaia y El Calafate con las excursiones imperdibles de la Patagonia Austral","robots":{"index":"index","follow":"follow","max-snippet":"max-snippet:-1","max-image-preview":"max-image-preview:large","max-video-preview":"max-video-preview:-1"},"canonical":"https:\/\/kaitekviajes.com.ar\/pt\/produto\/paquete-ushuaia-el-calafate-clasico\/?wmc-currency=USD","og_locale":"pt_BR","og_type":"article","og_title":"Paquete Ushuaia & El Calafate Cl\u00e1sico - Kaitek Viajes","og_description":"Ideal para quienes quieran aprovechar Ushuaia y El Calafate con las excursiones imperdibles de la Patagonia Austral","og_url":"https:\/\/kaitekviajes.com.ar\/pt\/produto\/paquete-ushuaia-el-calafate-clasico\/?wmc-currency=USD","og_site_name":"Kaitek Viajes","article_modified_time":"2025-10-03T17:57:17+00:00","og_image":[{"width":600,"height":315,"url":"https:\/\/kaitekviajes.com.ar\/wp-content\/uploads\/2025\/06\/heather_peirto_moreno_2.png","type":"image\/png"}],"twitter_card":"summary_large_image","twitter_misc":{"Est. tempo de leitura":"1 minuto"},"schema":{"@context":"https:\/\/schema.org","@graph":[{"@type":"WebPage","@id":"https:\/\/kaitekviajes.com.ar\/producto\/paquete-ushuaia-el-calafate-clasico\/","url":"https:\/\/kaitekviajes.com.ar\/producto\/paquete-ushuaia-el-calafate-clasico\/","name":"Paquete Ushuaia & El Calafate Cl\u00e1sico - Kaitek Viajes","isPartOf":{"@id":"https:\/\/kaitekviajes.com.ar\/#website"},"primaryImageOfPage":{"@id":"https:\/\/kaitekviajes.com.ar\/producto\/paquete-ushuaia-el-calafate-clasico\/#primaryimage"},"image":{"@id":"https:\/\/kaitekviajes.com.ar\/producto\/paquete-ushuaia-el-calafate-clasico\/#primaryimage"},"thumbnailUrl":"https:\/\/kaitekviajes.com.ar\/wp-content\/uploads\/2025\/06\/heather_peirto_moreno_2.png","datePublished":"2025-06-17T17:27:49+00:00","dateModified":"2025-10-03T17:57:17+00:00","description":"Ideal para quienes quieran aprovechar Ushuaia y El Calafate con las excursiones imperdibles de la Patagonia Austral","breadcrumb":{"@id":"https:\/\/kaitekviajes.com.ar\/producto\/paquete-ushuaia-el-calafate-clasico\/#breadcrumb"},"inLanguage":"pt-BR","potentialAction":[{"@type":"ReadAction","target":["https:\/\/kaitekviajes.com.ar\/producto\/paquete-ushuaia-el-calafate-clasico\/"]}]},{"@type":"ImageObject","inLanguage":"pt-BR","@id":"https:\/\/kaitekviajes.com.ar\/producto\/paquete-ushuaia-el-calafate-clasico\/#primaryimage","url":"https:\/\/kaitekviajes.com.ar\/wp-content\/uploads\/2025\/06\/heather_peirto_moreno_2.png","contentUrl":"https:\/\/kaitekviajes.com.ar\/wp-content\/uploads\/2025\/06\/heather_peirto_moreno_2.png","width":600,"height":315},{"@type":"BreadcrumbList","@id":"https:\/\/kaitekviajes.com.ar\/producto\/paquete-ushuaia-el-calafate-clasico\/#breadcrumb","itemListElement":[{"@type":"ListItem","position":1,"name":"Portada","item":"https:\/\/kaitekviajes.com.ar\/"},{"@type":"ListItem","position":2,"name":"Tienda","item":"https:\/\/kaitekviajes.com.ar\/tienda\/"},{"@type":"ListItem","position":3,"name":"Paquete Ushuaia &#038; El Calafate Cl\u00e1sico"}]},{"@type":"WebSite","@id":"https:\/\/kaitekviajes.com.ar\/#website","url":"https:\/\/kaitekviajes.com.ar\/","name":"Kaitek Viajes","description":"Excursiones - Ushuaia y Tierra del Fuego, Patagonia","publisher":{"@id":"https:\/\/kaitekviajes.com.ar\/#organization"},"potentialAction":[{"@type":"SearchAction","target":{"@type":"EntryPoint","urlTemplate":"https:\/\/kaitekviajes.com.ar\/?s={search_term_string}"},"query-input":{"@type":"PropertyValueSpecification","valueRequired":true,"valueName":"search_term_string"}}],"inLanguage":"pt-BR"},{"@type":"Organization","@id":"https:\/\/kaitekviajes.com.ar\/#organization","name":"Kaitek Viajes","url":"https:\/\/kaitekviajes.com.ar\/","logo":{"@type":"ImageObject","inLanguage":"pt-BR","@id":"https:\/\/kaitekviajes.com.ar\/#\/schema\/logo\/image\/","url":"https:\/\/kaitekviajes.com.ar\/wp-content\/uploads\/2023\/04\/cropped-Logo-Kaitek-completo.png","contentUrl":"https:\/\/kaitekviajes.com.ar\/wp-content\/uploads\/2023\/04\/cropped-Logo-Kaitek-completo.png","width":1380,"height":706,"caption":"Kaitek Viajes"},"image":{"@id":"https:\/\/kaitekviajes.com.ar\/#\/schema\/logo\/image\/"}}]}},"_links":{"self":[{"href":"https:\/\/kaitekviajes.com.ar\/pt\/wp-json\/wp\/v2\/product\/14748","targetHints":{"allow":["GET"]}}],"collection":[{"href":"https:\/\/kaitekviajes.com.ar\/pt\/wp-json\/wp\/v2\/product"}],"about":[{"href":"https:\/\/kaitekviajes.com.ar\/pt\/wp-json\/wp\/v2\/types\/product"}],"replies":[{"embeddable":true,"href":"https:\/\/kaitekviajes.com.ar\/pt\/wp-json\/wp\/v2\/comments?post=14748"}],"wp:featuredmedia":[{"embeddable":true,"href":"https:\/\/kaitekviajes.com.ar\/pt\/wp-json\/wp\/v2\/media\/14751"}],"wp:attachment":[{"href":"https:\/\/kaitekviajes.com.ar\/pt\/wp-json\/wp\/v2\/media?parent=14748"}],"wp:term":[{"taxonomy":"product_brand","embeddable":true,"href":"https:\/\/kaitekviajes.com.ar\/pt\/wp-json\/wp\/v2\/product_brand?post=14748"},{"taxonomy":"product_cat","embeddable":true,"href":"https:\/\/kaitekviajes.com.ar\/pt\/wp-json\/wp\/v2\/product_cat?post=14748"},{"taxonomy":"product_tag","embeddable":true,"href":"https:\/\/kaitekviajes.com.ar\/pt\/wp-json\/wp\/v2\/product_tag?post=14748"},{"taxonomy":"actividad","embeddable":true,"href":"https:\/\/kaitekviajes.com.ar\/pt\/wp-json\/wp\/v2\/actividad?post=14748"},{"taxonomy":"ciudad","embeddable":true,"href":"https:\/\/kaitekviajes.com.ar\/pt\/wp-json\/wp\/v2\/ciudad?post=14748"},{"taxonomy":"provincia","embeddable":true,"href":"https:\/\/kaitekviajes.com.ar\/pt\/wp-json\/wp\/v2\/provincia?post=14748"},{"taxonomy":"lugar","embeddable":true,"href":"https:\/\/kaitekviajes.com.ar\/pt\/wp-json\/wp\/v2\/lugar?post=14748"},{"taxonomy":"pais","embeddable":true,"href":"https:\/\/kaitekviajes.com.ar\/pt\/wp-json\/wp\/v2\/pais?post=14748"}],"curies":[{"name":"wp","href":"https:\/\/api.w.org\/{rel}","templated":true}]}}