{"id":14636,"date":"2025-02-17T14:01:07","date_gmt":"2025-02-17T17:01:07","guid":{"rendered":"https:\/\/kaitekviajes.com.ar\/?post_type=product&#038;p=14636"},"modified":"2026-03-20T07:21:15","modified_gmt":"2026-03-20T10:21:15","slug":"excursion-al-glaciar-perito-moreno","status":"publish","type":"product","link":"https:\/\/kaitekviajes.com.ar\/pt\/produto\/excursion-al-glaciar-perito-moreno\/","title":{"rendered":"Excurs\u00e3o ao Glaciar Perito Moreno"},"content":{"rendered":"<h1>O Glaciar Perito Moreno \u00e9 uma obra impressionante da natureza que vale a pena vivenciar e sentir sua energia ao m\u00e1ximo.<\/h1>\n<p>Descobri-lo vai surpreender voc\u00ea; aproveite um dia inteiro cheio de aventura e emo\u00e7\u00e3o.<\/p>","protected":false},"excerpt":{"rendered":"<p>El Glaciar Perito Moreno es una imponente obra de la naturaleza para vivirlo y sentir su energ\u00eda al m\u00e1ximo Conocerlo te sorprender\u00e1, disfrutalo en una completa jornada llena de aventura y emociones.<\/p>","protected":false},"featured_media":14642,"comment_status":"open","ping_status":"closed","template":"","meta":{"_joinchat":[]},"product_brand":[],"product_cat":[27],"product_tag":[],"actividad":[283],"ciudad":[259],"provincia":[237],"lugar":[256],"pais":[47],"class_list":{"0":"post-14636","1":"product","2":"type-product","3":"status-publish","4":"has-post-thumbnail","6":"product_cat-excursiones","7":"actividad-parque-nacional-los-glaciares","8":"ciudad-el-calafate","9":"provincia-santa-cruz","10":"lugar-glaciar-perito-moreno","11":"pais-argentina","13":"first","14":"instock","15":"sold-individually","16":"shipping-taxable","17":"purchasable","18":"product-type-booking"},"yoast_head":"<!-- This site is optimized with the Yoast SEO plugin v27.2 - https:\/\/yoast.com\/product\/yoast-seo-wordpress\/ -->\n<title>Excursi\u00f3n al Glaciar Perito Moreno - Kaitek Viajes<\/title>\n<meta name=\"description\" content=\"El Glaciar Perito Moreno es una imponente obra de la naturaleza para vivirlo y sentir su energ\u00eda al m\u00e1ximo\" \/>\n<meta name=\"robots\" content=\"index, follow, max-snippet:-1, max-image-preview:large, max-video-preview:-1\" \/>\n<link rel=\"canonical\" href=\"https:\/\/kaitekviajes.com.ar\/pt\/produto\/excursion-al-glaciar-perito-moreno\/?wmc-currency=USD\" \/>\n<meta property=\"og:locale\" content=\"pt_BR\" \/>\n<meta property=\"og:type\" content=\"article\" \/>\n<meta property=\"og:title\" content=\"Excursi\u00f3n al Glaciar Perito Moreno - Kaitek Viajes\" \/>\n<meta property=\"og:description\" content=\"El Glaciar Perito Moreno es una imponente obra de la naturaleza para vivirlo y sentir su energ\u00eda al m\u00e1ximo\" \/>\n<meta property=\"og:url\" content=\"https:\/\/kaitekviajes.com.ar\/pt\/produto\/excursion-al-glaciar-perito-moreno\/?wmc-currency=USD\" \/>\n<meta property=\"og:site_name\" content=\"Kaitek Viajes\" \/>\n<meta property=\"article:modified_time\" content=\"2026-03-20T10:21:15+00:00\" \/>\n<meta property=\"og:image\" content=\"https:\/\/kaitekviajes.com.ar\/wp-content\/uploads\/2025\/06\/heather_perito_moreno_1.png\" \/>\n\t<meta property=\"og:image:width\" content=\"600\" \/>\n\t<meta property=\"og:image:height\" content=\"315\" \/>\n\t<meta property=\"og:image:type\" content=\"image\/png\" \/>\n<meta name=\"twitter:card\" content=\"summary_large_image\" \/>\n<meta name=\"twitter:label1\" content=\"Est. tempo de leitura\" \/>\n\t<meta name=\"twitter:data1\" content=\"1 minuto\" \/>\n<script type=\"application\/ld+json\" class=\"yoast-schema-graph\">{\"@context\":\"https:\/\/schema.org\",\"@graph\":[{\"@type\":\"WebPage\",\"@id\":\"https:\/\/kaitekviajes.com.ar\/producto\/excursion-al-glaciar-perito-moreno\/\",\"url\":\"https:\/\/kaitekviajes.com.ar\/producto\/excursion-al-glaciar-perito-moreno\/\",\"name\":\"Excursi\u00f3n al Glaciar Perito Moreno - Kaitek Viajes\",\"isPartOf\":{\"@id\":\"https:\/\/kaitekviajes.com.ar\/#website\"},\"primaryImageOfPage\":{\"@id\":\"https:\/\/kaitekviajes.com.ar\/producto\/excursion-al-glaciar-perito-moreno\/#primaryimage\"},\"image\":{\"@id\":\"https:\/\/kaitekviajes.com.ar\/producto\/excursion-al-glaciar-perito-moreno\/#primaryimage\"},\"thumbnailUrl\":\"https:\/\/kaitekviajes.com.ar\/wp-content\/uploads\/2025\/06\/heather_perito_moreno_1.png\",\"datePublished\":\"2025-02-17T17:01:07+00:00\",\"dateModified\":\"2026-03-20T10:21:15+00:00\",\"description\":\"El Glaciar Perito Moreno es una imponente obra de la naturaleza para vivirlo y sentir su energ\u00eda al m\u00e1ximo\",\"breadcrumb\":{\"@id\":\"https:\/\/kaitekviajes.com.ar\/producto\/excursion-al-glaciar-perito-moreno\/#breadcrumb\"},\"inLanguage\":\"pt-BR\",\"potentialAction\":[{\"@type\":\"ReadAction\",\"target\":[\"https:\/\/kaitekviajes.com.ar\/producto\/excursion-al-glaciar-perito-moreno\/\"]}]},{\"@type\":\"ImageObject\",\"inLanguage\":\"pt-BR\",\"@id\":\"https:\/\/kaitekviajes.com.ar\/producto\/excursion-al-glaciar-perito-moreno\/#primaryimage\",\"url\":\"https:\/\/kaitekviajes.com.ar\/wp-content\/uploads\/2025\/06\/heather_perito_moreno_1.png\",\"contentUrl\":\"https:\/\/kaitekviajes.com.ar\/wp-content\/uploads\/2025\/06\/heather_perito_moreno_1.png\",\"width\":600,\"height\":315},{\"@type\":\"BreadcrumbList\",\"@id\":\"https:\/\/kaitekviajes.com.ar\/producto\/excursion-al-glaciar-perito-moreno\/#breadcrumb\",\"itemListElement\":[{\"@type\":\"ListItem\",\"position\":1,\"name\":\"Portada\",\"item\":\"https:\/\/kaitekviajes.com.ar\/\"},{\"@type\":\"ListItem\",\"position\":2,\"name\":\"Tienda\",\"item\":\"https:\/\/kaitekviajes.com.ar\/tienda\/\"},{\"@type\":\"ListItem\",\"position\":3,\"name\":\"Excursi\u00f3n al Glaciar Perito Moreno\"}]},{\"@type\":\"WebSite\",\"@id\":\"https:\/\/kaitekviajes.com.ar\/#website\",\"url\":\"https:\/\/kaitekviajes.com.ar\/\",\"name\":\"Kaitek Viajes\",\"description\":\"Excursiones - Ushuaia y Tierra del Fuego, Patagonia\",\"publisher\":{\"@id\":\"https:\/\/kaitekviajes.com.ar\/#organization\"},\"potentialAction\":[{\"@type\":\"SearchAction\",\"target\":{\"@type\":\"EntryPoint\",\"urlTemplate\":\"https:\/\/kaitekviajes.com.ar\/?s={search_term_string}\"},\"query-input\":{\"@type\":\"PropertyValueSpecification\",\"valueRequired\":true,\"valueName\":\"search_term_string\"}}],\"inLanguage\":\"pt-BR\"},{\"@type\":\"Organization\",\"@id\":\"https:\/\/kaitekviajes.com.ar\/#organization\",\"name\":\"Kaitek Viajes\",\"url\":\"https:\/\/kaitekviajes.com.ar\/\",\"logo\":{\"@type\":\"ImageObject\",\"inLanguage\":\"pt-BR\",\"@id\":\"https:\/\/kaitekviajes.com.ar\/#\/schema\/logo\/image\/\",\"url\":\"https:\/\/kaitekviajes.com.ar\/wp-content\/uploads\/2023\/04\/cropped-Logo-Kaitek-completo.png\",\"contentUrl\":\"https:\/\/kaitekviajes.com.ar\/wp-content\/uploads\/2023\/04\/cropped-Logo-Kaitek-completo.png\",\"width\":1380,\"height\":706,\"caption\":\"Kaitek Viajes\"},\"image\":{\"@id\":\"https:\/\/kaitekviajes.com.ar\/#\/schema\/logo\/image\/\"}}]}<\/script>\n<!-- \/ Yoast SEO plugin. -->","yoast_head_json":{"title":"Excursi\u00f3n al Glaciar Perito Moreno - Kaitek Viajes","description":"El Glaciar Perito Moreno es una imponente obra de la naturaleza para vivirlo y sentir su energ\u00eda al m\u00e1ximo","robots":{"index":"index","follow":"follow","max-snippet":"max-snippet:-1","max-image-preview":"max-image-preview:large","max-video-preview":"max-video-preview:-1"},"canonical":"https:\/\/kaitekviajes.com.ar\/pt\/produto\/excursion-al-glaciar-perito-moreno\/?wmc-currency=USD","og_locale":"pt_BR","og_type":"article","og_title":"Excursi\u00f3n al Glaciar Perito Moreno - Kaitek Viajes","og_description":"El Glaciar Perito Moreno es una imponente obra de la naturaleza para vivirlo y sentir su energ\u00eda al m\u00e1ximo","og_url":"https:\/\/kaitekviajes.com.ar\/pt\/produto\/excursion-al-glaciar-perito-moreno\/?wmc-currency=USD","og_site_name":"Kaitek Viajes","article_modified_time":"2026-03-20T10:21:15+00:00","og_image":[{"width":600,"height":315,"url":"https:\/\/kaitekviajes.com.ar\/wp-content\/uploads\/2025\/06\/heather_perito_moreno_1.png","type":"image\/png"}],"twitter_card":"summary_large_image","twitter_misc":{"Est. tempo de leitura":"1 minuto"},"schema":{"@context":"https:\/\/schema.org","@graph":[{"@type":"WebPage","@id":"https:\/\/kaitekviajes.com.ar\/producto\/excursion-al-glaciar-perito-moreno\/","url":"https:\/\/kaitekviajes.com.ar\/producto\/excursion-al-glaciar-perito-moreno\/","name":"Excursi\u00f3n al Glaciar Perito Moreno - Kaitek Viajes","isPartOf":{"@id":"https:\/\/kaitekviajes.com.ar\/#website"},"primaryImageOfPage":{"@id":"https:\/\/kaitekviajes.com.ar\/producto\/excursion-al-glaciar-perito-moreno\/#primaryimage"},"image":{"@id":"https:\/\/kaitekviajes.com.ar\/producto\/excursion-al-glaciar-perito-moreno\/#primaryimage"},"thumbnailUrl":"https:\/\/kaitekviajes.com.ar\/wp-content\/uploads\/2025\/06\/heather_perito_moreno_1.png","datePublished":"2025-02-17T17:01:07+00:00","dateModified":"2026-03-20T10:21:15+00:00","description":"El Glaciar Perito Moreno es una imponente obra de la naturaleza para vivirlo y sentir su energ\u00eda al m\u00e1ximo","breadcrumb":{"@id":"https:\/\/kaitekviajes.com.ar\/producto\/excursion-al-glaciar-perito-moreno\/#breadcrumb"},"inLanguage":"pt-BR","potentialAction":[{"@type":"ReadAction","target":["https:\/\/kaitekviajes.com.ar\/producto\/excursion-al-glaciar-perito-moreno\/"]}]},{"@type":"ImageObject","inLanguage":"pt-BR","@id":"https:\/\/kaitekviajes.com.ar\/producto\/excursion-al-glaciar-perito-moreno\/#primaryimage","url":"https:\/\/kaitekviajes.com.ar\/wp-content\/uploads\/2025\/06\/heather_perito_moreno_1.png","contentUrl":"https:\/\/kaitekviajes.com.ar\/wp-content\/uploads\/2025\/06\/heather_perito_moreno_1.png","width":600,"height":315},{"@type":"BreadcrumbList","@id":"https:\/\/kaitekviajes.com.ar\/producto\/excursion-al-glaciar-perito-moreno\/#breadcrumb","itemListElement":[{"@type":"ListItem","position":1,"name":"Portada","item":"https:\/\/kaitekviajes.com.ar\/"},{"@type":"ListItem","position":2,"name":"Tienda","item":"https:\/\/kaitekviajes.com.ar\/tienda\/"},{"@type":"ListItem","position":3,"name":"Excursi\u00f3n al Glaciar Perito Moreno"}]},{"@type":"WebSite","@id":"https:\/\/kaitekviajes.com.ar\/#website","url":"https:\/\/kaitekviajes.com.ar\/","name":"Kaitek Viajes","description":"Excursiones - Ushuaia y Tierra del Fuego, Patagonia","publisher":{"@id":"https:\/\/kaitekviajes.com.ar\/#organization"},"potentialAction":[{"@type":"SearchAction","target":{"@type":"EntryPoint","urlTemplate":"https:\/\/kaitekviajes.com.ar\/?s={search_term_string}"},"query-input":{"@type":"PropertyValueSpecification","valueRequired":true,"valueName":"search_term_string"}}],"inLanguage":"pt-BR"},{"@type":"Organization","@id":"https:\/\/kaitekviajes.com.ar\/#organization","name":"Kaitek Viajes","url":"https:\/\/kaitekviajes.com.ar\/","logo":{"@type":"ImageObject","inLanguage":"pt-BR","@id":"https:\/\/kaitekviajes.com.ar\/#\/schema\/logo\/image\/","url":"https:\/\/kaitekviajes.com.ar\/wp-content\/uploads\/2023\/04\/cropped-Logo-Kaitek-completo.png","contentUrl":"https:\/\/kaitekviajes.com.ar\/wp-content\/uploads\/2023\/04\/cropped-Logo-Kaitek-completo.png","width":1380,"height":706,"caption":"Kaitek Viajes"},"image":{"@id":"https:\/\/kaitekviajes.com.ar\/#\/schema\/logo\/image\/"}}]}},"_links":{"self":[{"href":"https:\/\/kaitekviajes.com.ar\/pt\/wp-json\/wp\/v2\/product\/14636","targetHints":{"allow":["GET"]}}],"collection":[{"href":"https:\/\/kaitekviajes.com.ar\/pt\/wp-json\/wp\/v2\/product"}],"about":[{"href":"https:\/\/kaitekviajes.com.ar\/pt\/wp-json\/wp\/v2\/types\/product"}],"replies":[{"embeddable":true,"href":"https:\/\/kaitekviajes.com.ar\/pt\/wp-json\/wp\/v2\/comments?post=14636"}],"wp:featuredmedia":[{"embeddable":true,"href":"https:\/\/kaitekviajes.com.ar\/pt\/wp-json\/wp\/v2\/media\/14642"}],"wp:attachment":[{"href":"https:\/\/kaitekviajes.com.ar\/pt\/wp-json\/wp\/v2\/media?parent=14636"}],"wp:term":[{"taxonomy":"product_brand","embeddable":true,"href":"https:\/\/kaitekviajes.com.ar\/pt\/wp-json\/wp\/v2\/product_brand?post=14636"},{"taxonomy":"product_cat","embeddable":true,"href":"https:\/\/kaitekviajes.com.ar\/pt\/wp-json\/wp\/v2\/product_cat?post=14636"},{"taxonomy":"product_tag","embeddable":true,"href":"https:\/\/kaitekviajes.com.ar\/pt\/wp-json\/wp\/v2\/product_tag?post=14636"},{"taxonomy":"actividad","embeddable":true,"href":"https:\/\/kaitekviajes.com.ar\/pt\/wp-json\/wp\/v2\/actividad?post=14636"},{"taxonomy":"ciudad","embeddable":true,"href":"https:\/\/kaitekviajes.com.ar\/pt\/wp-json\/wp\/v2\/ciudad?post=14636"},{"taxonomy":"provincia","embeddable":true,"href":"https:\/\/kaitekviajes.com.ar\/pt\/wp-json\/wp\/v2\/provincia?post=14636"},{"taxonomy":"lugar","embeddable":true,"href":"https:\/\/kaitekviajes.com.ar\/pt\/wp-json\/wp\/v2\/lugar?post=14636"},{"taxonomy":"pais","embeddable":true,"href":"https:\/\/kaitekviajes.com.ar\/pt\/wp-json\/wp\/v2\/pais?post=14636"}],"curies":[{"name":"wp","href":"https:\/\/api.w.org\/{rel}","templated":true}]}}