{"id":14560,"date":"2025-02-17T09:44:36","date_gmt":"2025-02-17T12:44:36","guid":{"rendered":"https:\/\/kaitekviajes.com.ar\/?post_type=product&#038;p=14560"},"modified":"2026-03-20T07:29:02","modified_gmt":"2026-03-20T10:29:02","slug":"navegacion-por-el-glaciar-perito-moreno","status":"publish","type":"product","link":"https:\/\/kaitekviajes.com.ar\/pt\/produto\/navegacion-por-el-glaciar-perito-moreno\/","title":{"rendered":"Navega\u00e7\u00e3o pelo Glaciar Perito Moreno"},"content":{"rendered":"<h1>Navega\u00e7\u00e3o atrativa de uma hora para combinar com uma visita ao Parque Nacional Los Glaciares<\/h1>\n<p>A bordo de confort\u00e1veis embarca\u00e7\u00f5es com servi\u00e7o de buffet, voc\u00ea embarcar\u00e1 em uma experi\u00eancia curta, por\u00e9m inesquec\u00edvel, onde a natureza se manifesta com for\u00e7a e beleza \u00fanicas. Voc\u00ea ter\u00e1 o privil\u00e9gio de se aproximar do imponente Glaciar Perito Moreno, uma das joias naturais mais admiradas do planeta.<\/p>","protected":false},"excerpt":{"rendered":"<p>Atractiva Navegaci\u00f3n de una hora para combinar con la visita al Parque Nacional Los Glaciares A bordo de embarcaciones confortables y con servicio de gastronom\u00eda a bordo, podr\u00e1s embarcarte en una experiencia corta pero inolvidable, donde la naturaleza se manifiesta con una fuerza y \u200b\u200bbelleza \u00fanicas. Tendr\u00e1s el privilegio de acercarte al imponente Glaciar Perito [&hellip;]<\/p>","protected":false},"featured_media":14563,"comment_status":"open","ping_status":"closed","template":"","meta":{"_joinchat":[]},"product_brand":[],"product_cat":[27],"product_tag":[],"actividad":[263,283],"ciudad":[259],"provincia":[237],"lugar":[256],"pais":[47],"class_list":{"0":"post-14560","1":"product","2":"type-product","3":"status-publish","4":"has-post-thumbnail","6":"product_cat-excursiones","7":"actividad-navegacion","8":"actividad-parque-nacional-los-glaciares","9":"ciudad-el-calafate","10":"provincia-santa-cruz","11":"lugar-glaciar-perito-moreno","12":"pais-argentina","14":"first","15":"instock","16":"sold-individually","17":"shipping-taxable","18":"purchasable","19":"product-type-booking"},"yoast_head":"<!-- This site is optimized with the Yoast SEO plugin v27.2 - https:\/\/yoast.com\/product\/yoast-seo-wordpress\/ -->\n<title>Navegaci\u00f3n por el Glaciar Perito Moreno - Kaitek Viajes<\/title>\n<meta name=\"description\" content=\"Atractiva Navegaci\u00f3n de una hora para combinar con la visita al Parque Nacional Los Glaciares\" \/>\n<meta name=\"robots\" content=\"index, follow, max-snippet:-1, max-image-preview:large, max-video-preview:-1\" \/>\n<link rel=\"canonical\" href=\"https:\/\/kaitekviajes.com.ar\/pt\/produto\/navegacion-por-el-glaciar-perito-moreno\/?wmc-currency=USD\" \/>\n<meta property=\"og:locale\" content=\"pt_BR\" \/>\n<meta property=\"og:type\" content=\"article\" \/>\n<meta property=\"og:title\" content=\"Navegaci\u00f3n por el Glaciar Perito Moreno - Kaitek Viajes\" \/>\n<meta property=\"og:description\" content=\"Atractiva Navegaci\u00f3n de una hora para combinar con la visita al Parque Nacional Los Glaciares\" \/>\n<meta property=\"og:url\" content=\"https:\/\/kaitekviajes.com.ar\/pt\/produto\/navegacion-por-el-glaciar-perito-moreno\/?wmc-currency=USD\" \/>\n<meta property=\"og:site_name\" content=\"Kaitek Viajes\" \/>\n<meta property=\"article:modified_time\" content=\"2026-03-20T10:29:02+00:00\" \/>\n<meta property=\"og:image\" content=\"https:\/\/kaitekviajes.com.ar\/wp-content\/uploads\/2025\/06\/heather_navegacion_moreno.png\" \/>\n\t<meta property=\"og:image:width\" content=\"600\" \/>\n\t<meta property=\"og:image:height\" content=\"315\" \/>\n\t<meta property=\"og:image:type\" content=\"image\/png\" \/>\n<meta name=\"twitter:card\" content=\"summary_large_image\" \/>\n<meta name=\"twitter:label1\" content=\"Est. tempo de leitura\" \/>\n\t<meta name=\"twitter:data1\" content=\"1 minuto\" \/>\n<script type=\"application\/ld+json\" class=\"yoast-schema-graph\">{\"@context\":\"https:\/\/schema.org\",\"@graph\":[{\"@type\":\"WebPage\",\"@id\":\"https:\/\/kaitekviajes.com.ar\/producto\/navegacion-por-el-glaciar-perito-moreno\/\",\"url\":\"https:\/\/kaitekviajes.com.ar\/producto\/navegacion-por-el-glaciar-perito-moreno\/\",\"name\":\"Navegaci\u00f3n por el Glaciar Perito Moreno - Kaitek Viajes\",\"isPartOf\":{\"@id\":\"https:\/\/kaitekviajes.com.ar\/#website\"},\"primaryImageOfPage\":{\"@id\":\"https:\/\/kaitekviajes.com.ar\/producto\/navegacion-por-el-glaciar-perito-moreno\/#primaryimage\"},\"image\":{\"@id\":\"https:\/\/kaitekviajes.com.ar\/producto\/navegacion-por-el-glaciar-perito-moreno\/#primaryimage\"},\"thumbnailUrl\":\"https:\/\/kaitekviajes.com.ar\/wp-content\/uploads\/2025\/06\/heather_navegacion_moreno.png\",\"datePublished\":\"2025-02-17T12:44:36+00:00\",\"dateModified\":\"2026-03-20T10:29:02+00:00\",\"description\":\"Atractiva Navegaci\u00f3n de una hora para combinar con la visita al Parque Nacional Los Glaciares\",\"breadcrumb\":{\"@id\":\"https:\/\/kaitekviajes.com.ar\/producto\/navegacion-por-el-glaciar-perito-moreno\/#breadcrumb\"},\"inLanguage\":\"pt-BR\",\"potentialAction\":[{\"@type\":\"ReadAction\",\"target\":[\"https:\/\/kaitekviajes.com.ar\/producto\/navegacion-por-el-glaciar-perito-moreno\/\"]}]},{\"@type\":\"ImageObject\",\"inLanguage\":\"pt-BR\",\"@id\":\"https:\/\/kaitekviajes.com.ar\/producto\/navegacion-por-el-glaciar-perito-moreno\/#primaryimage\",\"url\":\"https:\/\/kaitekviajes.com.ar\/wp-content\/uploads\/2025\/06\/heather_navegacion_moreno.png\",\"contentUrl\":\"https:\/\/kaitekviajes.com.ar\/wp-content\/uploads\/2025\/06\/heather_navegacion_moreno.png\",\"width\":600,\"height\":315},{\"@type\":\"BreadcrumbList\",\"@id\":\"https:\/\/kaitekviajes.com.ar\/producto\/navegacion-por-el-glaciar-perito-moreno\/#breadcrumb\",\"itemListElement\":[{\"@type\":\"ListItem\",\"position\":1,\"name\":\"Portada\",\"item\":\"https:\/\/kaitekviajes.com.ar\/\"},{\"@type\":\"ListItem\",\"position\":2,\"name\":\"Tienda\",\"item\":\"https:\/\/kaitekviajes.com.ar\/tienda\/\"},{\"@type\":\"ListItem\",\"position\":3,\"name\":\"Navegaci\u00f3n por el Glaciar Perito Moreno\"}]},{\"@type\":\"WebSite\",\"@id\":\"https:\/\/kaitekviajes.com.ar\/#website\",\"url\":\"https:\/\/kaitekviajes.com.ar\/\",\"name\":\"Kaitek Viajes\",\"description\":\"Excursiones - Ushuaia y Tierra del Fuego, Patagonia\",\"publisher\":{\"@id\":\"https:\/\/kaitekviajes.com.ar\/#organization\"},\"potentialAction\":[{\"@type\":\"SearchAction\",\"target\":{\"@type\":\"EntryPoint\",\"urlTemplate\":\"https:\/\/kaitekviajes.com.ar\/?s={search_term_string}\"},\"query-input\":{\"@type\":\"PropertyValueSpecification\",\"valueRequired\":true,\"valueName\":\"search_term_string\"}}],\"inLanguage\":\"pt-BR\"},{\"@type\":\"Organization\",\"@id\":\"https:\/\/kaitekviajes.com.ar\/#organization\",\"name\":\"Kaitek Viajes\",\"url\":\"https:\/\/kaitekviajes.com.ar\/\",\"logo\":{\"@type\":\"ImageObject\",\"inLanguage\":\"pt-BR\",\"@id\":\"https:\/\/kaitekviajes.com.ar\/#\/schema\/logo\/image\/\",\"url\":\"https:\/\/kaitekviajes.com.ar\/wp-content\/uploads\/2023\/04\/cropped-Logo-Kaitek-completo.png\",\"contentUrl\":\"https:\/\/kaitekviajes.com.ar\/wp-content\/uploads\/2023\/04\/cropped-Logo-Kaitek-completo.png\",\"width\":1380,\"height\":706,\"caption\":\"Kaitek Viajes\"},\"image\":{\"@id\":\"https:\/\/kaitekviajes.com.ar\/#\/schema\/logo\/image\/\"}}]}<\/script>\n<!-- \/ Yoast SEO plugin. -->","yoast_head_json":{"title":"Navegaci\u00f3n por el Glaciar Perito Moreno - Kaitek Viajes","description":"Atractiva Navegaci\u00f3n de una hora para combinar con la visita al Parque Nacional Los Glaciares","robots":{"index":"index","follow":"follow","max-snippet":"max-snippet:-1","max-image-preview":"max-image-preview:large","max-video-preview":"max-video-preview:-1"},"canonical":"https:\/\/kaitekviajes.com.ar\/pt\/produto\/navegacion-por-el-glaciar-perito-moreno\/?wmc-currency=USD","og_locale":"pt_BR","og_type":"article","og_title":"Navegaci\u00f3n por el Glaciar Perito Moreno - Kaitek Viajes","og_description":"Atractiva Navegaci\u00f3n de una hora para combinar con la visita al Parque Nacional Los Glaciares","og_url":"https:\/\/kaitekviajes.com.ar\/pt\/produto\/navegacion-por-el-glaciar-perito-moreno\/?wmc-currency=USD","og_site_name":"Kaitek Viajes","article_modified_time":"2026-03-20T10:29:02+00:00","og_image":[{"width":600,"height":315,"url":"https:\/\/kaitekviajes.com.ar\/wp-content\/uploads\/2025\/06\/heather_navegacion_moreno.png","type":"image\/png"}],"twitter_card":"summary_large_image","twitter_misc":{"Est. tempo de leitura":"1 minuto"},"schema":{"@context":"https:\/\/schema.org","@graph":[{"@type":"WebPage","@id":"https:\/\/kaitekviajes.com.ar\/producto\/navegacion-por-el-glaciar-perito-moreno\/","url":"https:\/\/kaitekviajes.com.ar\/producto\/navegacion-por-el-glaciar-perito-moreno\/","name":"Navegaci\u00f3n por el Glaciar Perito Moreno - Kaitek Viajes","isPartOf":{"@id":"https:\/\/kaitekviajes.com.ar\/#website"},"primaryImageOfPage":{"@id":"https:\/\/kaitekviajes.com.ar\/producto\/navegacion-por-el-glaciar-perito-moreno\/#primaryimage"},"image":{"@id":"https:\/\/kaitekviajes.com.ar\/producto\/navegacion-por-el-glaciar-perito-moreno\/#primaryimage"},"thumbnailUrl":"https:\/\/kaitekviajes.com.ar\/wp-content\/uploads\/2025\/06\/heather_navegacion_moreno.png","datePublished":"2025-02-17T12:44:36+00:00","dateModified":"2026-03-20T10:29:02+00:00","description":"Atractiva Navegaci\u00f3n de una hora para combinar con la visita al Parque Nacional Los Glaciares","breadcrumb":{"@id":"https:\/\/kaitekviajes.com.ar\/producto\/navegacion-por-el-glaciar-perito-moreno\/#breadcrumb"},"inLanguage":"pt-BR","potentialAction":[{"@type":"ReadAction","target":["https:\/\/kaitekviajes.com.ar\/producto\/navegacion-por-el-glaciar-perito-moreno\/"]}]},{"@type":"ImageObject","inLanguage":"pt-BR","@id":"https:\/\/kaitekviajes.com.ar\/producto\/navegacion-por-el-glaciar-perito-moreno\/#primaryimage","url":"https:\/\/kaitekviajes.com.ar\/wp-content\/uploads\/2025\/06\/heather_navegacion_moreno.png","contentUrl":"https:\/\/kaitekviajes.com.ar\/wp-content\/uploads\/2025\/06\/heather_navegacion_moreno.png","width":600,"height":315},{"@type":"BreadcrumbList","@id":"https:\/\/kaitekviajes.com.ar\/producto\/navegacion-por-el-glaciar-perito-moreno\/#breadcrumb","itemListElement":[{"@type":"ListItem","position":1,"name":"Portada","item":"https:\/\/kaitekviajes.com.ar\/"},{"@type":"ListItem","position":2,"name":"Tienda","item":"https:\/\/kaitekviajes.com.ar\/tienda\/"},{"@type":"ListItem","position":3,"name":"Navegaci\u00f3n por el Glaciar Perito Moreno"}]},{"@type":"WebSite","@id":"https:\/\/kaitekviajes.com.ar\/#website","url":"https:\/\/kaitekviajes.com.ar\/","name":"Kaitek Viajes","description":"Excursiones - Ushuaia y Tierra del Fuego, Patagonia","publisher":{"@id":"https:\/\/kaitekviajes.com.ar\/#organization"},"potentialAction":[{"@type":"SearchAction","target":{"@type":"EntryPoint","urlTemplate":"https:\/\/kaitekviajes.com.ar\/?s={search_term_string}"},"query-input":{"@type":"PropertyValueSpecification","valueRequired":true,"valueName":"search_term_string"}}],"inLanguage":"pt-BR"},{"@type":"Organization","@id":"https:\/\/kaitekviajes.com.ar\/#organization","name":"Kaitek Viajes","url":"https:\/\/kaitekviajes.com.ar\/","logo":{"@type":"ImageObject","inLanguage":"pt-BR","@id":"https:\/\/kaitekviajes.com.ar\/#\/schema\/logo\/image\/","url":"https:\/\/kaitekviajes.com.ar\/wp-content\/uploads\/2023\/04\/cropped-Logo-Kaitek-completo.png","contentUrl":"https:\/\/kaitekviajes.com.ar\/wp-content\/uploads\/2023\/04\/cropped-Logo-Kaitek-completo.png","width":1380,"height":706,"caption":"Kaitek Viajes"},"image":{"@id":"https:\/\/kaitekviajes.com.ar\/#\/schema\/logo\/image\/"}}]}},"_links":{"self":[{"href":"https:\/\/kaitekviajes.com.ar\/pt\/wp-json\/wp\/v2\/product\/14560","targetHints":{"allow":["GET"]}}],"collection":[{"href":"https:\/\/kaitekviajes.com.ar\/pt\/wp-json\/wp\/v2\/product"}],"about":[{"href":"https:\/\/kaitekviajes.com.ar\/pt\/wp-json\/wp\/v2\/types\/product"}],"replies":[{"embeddable":true,"href":"https:\/\/kaitekviajes.com.ar\/pt\/wp-json\/wp\/v2\/comments?post=14560"}],"wp:featuredmedia":[{"embeddable":true,"href":"https:\/\/kaitekviajes.com.ar\/pt\/wp-json\/wp\/v2\/media\/14563"}],"wp:attachment":[{"href":"https:\/\/kaitekviajes.com.ar\/pt\/wp-json\/wp\/v2\/media?parent=14560"}],"wp:term":[{"taxonomy":"product_brand","embeddable":true,"href":"https:\/\/kaitekviajes.com.ar\/pt\/wp-json\/wp\/v2\/product_brand?post=14560"},{"taxonomy":"product_cat","embeddable":true,"href":"https:\/\/kaitekviajes.com.ar\/pt\/wp-json\/wp\/v2\/product_cat?post=14560"},{"taxonomy":"product_tag","embeddable":true,"href":"https:\/\/kaitekviajes.com.ar\/pt\/wp-json\/wp\/v2\/product_tag?post=14560"},{"taxonomy":"actividad","embeddable":true,"href":"https:\/\/kaitekviajes.com.ar\/pt\/wp-json\/wp\/v2\/actividad?post=14560"},{"taxonomy":"ciudad","embeddable":true,"href":"https:\/\/kaitekviajes.com.ar\/pt\/wp-json\/wp\/v2\/ciudad?post=14560"},{"taxonomy":"provincia","embeddable":true,"href":"https:\/\/kaitekviajes.com.ar\/pt\/wp-json\/wp\/v2\/provincia?post=14560"},{"taxonomy":"lugar","embeddable":true,"href":"https:\/\/kaitekviajes.com.ar\/pt\/wp-json\/wp\/v2\/lugar?post=14560"},{"taxonomy":"pais","embeddable":true,"href":"https:\/\/kaitekviajes.com.ar\/pt\/wp-json\/wp\/v2\/pais?post=14560"}],"curies":[{"name":"wp","href":"https:\/\/api.w.org\/{rel}","templated":true}]}}