{"id":135,"date":"2023-04-04T19:29:14","date_gmt":"2023-04-04T22:29:14","guid":{"rendered":"https:\/\/kaitekviajes.com.ar\/?post_type=product&#038;p=135"},"modified":"2026-03-22T16:07:56","modified_gmt":"2026-03-22T19:07:56","slug":"ruta-de-la-centolla-en-la-nieve-en-4x4","status":"publish","type":"product","link":"https:\/\/kaitekviajes.com.ar\/pt\/produto\/ruta-de-la-centolla-en-la-nieve-en-4x4\/","title":{"rendered":"Rota do Caranguejo da Neve 4x4"},"content":{"rendered":"<h1>Motos de Nieve, Caminata con Raquetas y Ruta de la Centolla en 4&#215;4 a Puerto Almanza desde Ushuaia<\/h1>\n<p><strong>La Ruta de la Centolla en la Nieve 4&#215;4<\/strong> \u00c9 um cl\u00e1ssico da Kaitek Viajes, que no inverno se desenvolve com novas propostas como caminhar com <strong>\u00abRaquetas de Nieve\u00bb<\/strong>, entre <strong>\u00abMotos de Nieve\u00bb<\/strong> as\u00ed como desayunar en nuestro exclusivo refugio en un completo Centro Invernal. Durante el trayecto tambi\u00e9n vamos a conocer una laguna ancestral, adem\u00e1s de recorrer la famosa ruta y almorzar delicias de mar frente al canal Beagle, y como plato principal \u00abCentolla gratinada\u00bb, la especialidad de la casa.<\/p>","protected":false},"excerpt":{"rendered":"<p>Motos de Nieve, Caminata con Raquetas y Ruta de la Centolla en 4&#215;4 a Puerto Almanza desde Ushuaia La Ruta de la Centolla en la Nieve 4&#215;4 es un cl\u00e1sico de Kaitek Viajes, que en invierno se desarrolla con nuevas propuestas como caminar con \u00abRaquetas de Nieve\u00bb, paseo en \u00abMotos de Nieve\u00bb as\u00ed como desayunar [&hellip;]<\/p>","protected":false},"featured_media":14357,"comment_status":"open","ping_status":"closed","template":"","meta":{"_joinchat":[]},"product_brand":[],"product_cat":[27],"product_tag":[],"actividad":[267,280,264,268,278],"ciudad":[212,59],"provincia":[238],"lugar":[274],"pais":[47],"class_list":{"0":"post-135","1":"product","2":"type-product","3":"status-publish","4":"has-post-thumbnail","6":"product_cat-excursiones","7":"actividad-caminata-con-raquetas","8":"actividad-excursiones-de-invierno","9":"actividad-aventura-4x4","10":"actividad-gastronomia","11":"actividad-motos-de-nieve","12":"ciudad-puerto-almanza","13":"ciudad-ushuaia","14":"provincia-tierra-del-fuego","15":"lugar-puerto-almanza","16":"pais-argentina","18":"first","19":"instock","20":"sold-individually","21":"shipping-taxable","22":"purchasable","23":"product-type-booking"},"yoast_head":"<!-- This site is optimized with the Yoast SEO plugin v27.2 - https:\/\/yoast.com\/product\/yoast-seo-wordpress\/ -->\n<title>Ruta de la Centolla en la Nieve en 4x4 - Kaitek Viajes<\/title>\n<meta name=\"description\" content=\"Motos de Nieve, Caminata con Raquetas y Ruta de la Centolla en 4x4 a Puerto Almanza desde Ushuaia\" \/>\n<meta name=\"robots\" content=\"index, follow, max-snippet:-1, max-image-preview:large, max-video-preview:-1\" \/>\n<link rel=\"canonical\" href=\"https:\/\/kaitekviajes.com.ar\/pt\/produto\/ruta-de-la-centolla-en-la-nieve-en-4x4\/?wmc-currency=USD\" \/>\n<meta property=\"og:locale\" content=\"pt_BR\" \/>\n<meta property=\"og:type\" content=\"article\" \/>\n<meta property=\"og:title\" content=\"Ruta de la Centolla en la Nieve en 4x4 - Kaitek Viajes\" \/>\n<meta property=\"og:description\" content=\"Motos de Nieve, Caminata con Raquetas y Ruta de la Centolla en 4x4 a Puerto Almanza desde Ushuaia\" \/>\n<meta property=\"og:url\" content=\"https:\/\/kaitekviajes.com.ar\/pt\/produto\/ruta-de-la-centolla-en-la-nieve-en-4x4\/?wmc-currency=USD\" \/>\n<meta property=\"og:site_name\" content=\"Kaitek Viajes\" \/>\n<meta property=\"article:modified_time\" content=\"2026-03-22T19:07:56+00:00\" \/>\n<meta property=\"og:image\" content=\"https:\/\/kaitekviajes.com.ar\/wp-content\/uploads\/2023\/04\/heather_centolla_nieve.png\" \/>\n\t<meta property=\"og:image:width\" content=\"600\" \/>\n\t<meta property=\"og:image:height\" content=\"315\" \/>\n\t<meta property=\"og:image:type\" content=\"image\/png\" \/>\n<meta name=\"twitter:card\" content=\"summary_large_image\" \/>\n<meta name=\"twitter:label1\" content=\"Est. tempo de leitura\" \/>\n\t<meta name=\"twitter:data1\" content=\"1 minuto\" \/>\n<script type=\"application\/ld+json\" class=\"yoast-schema-graph\">{\"@context\":\"https:\/\/schema.org\",\"@graph\":[{\"@type\":\"WebPage\",\"@id\":\"https:\/\/kaitekviajes.com.ar\/producto\/ruta-de-la-centolla-en-la-nieve-en-4x4\/\",\"url\":\"https:\/\/kaitekviajes.com.ar\/producto\/ruta-de-la-centolla-en-la-nieve-en-4x4\/\",\"name\":\"Ruta de la Centolla en la Nieve en 4x4 - Kaitek Viajes\",\"isPartOf\":{\"@id\":\"https:\/\/kaitekviajes.com.ar\/#website\"},\"primaryImageOfPage\":{\"@id\":\"https:\/\/kaitekviajes.com.ar\/producto\/ruta-de-la-centolla-en-la-nieve-en-4x4\/#primaryimage\"},\"image\":{\"@id\":\"https:\/\/kaitekviajes.com.ar\/producto\/ruta-de-la-centolla-en-la-nieve-en-4x4\/#primaryimage\"},\"thumbnailUrl\":\"https:\/\/kaitekviajes.com.ar\/wp-content\/uploads\/2023\/04\/heather_centolla_nieve.png\",\"datePublished\":\"2023-04-04T22:29:14+00:00\",\"dateModified\":\"2026-03-22T19:07:56+00:00\",\"description\":\"Motos de Nieve, Caminata con Raquetas y Ruta de la Centolla en 4x4 a Puerto Almanza desde Ushuaia\",\"breadcrumb\":{\"@id\":\"https:\/\/kaitekviajes.com.ar\/producto\/ruta-de-la-centolla-en-la-nieve-en-4x4\/#breadcrumb\"},\"inLanguage\":\"pt-BR\",\"potentialAction\":[{\"@type\":\"ReadAction\",\"target\":[\"https:\/\/kaitekviajes.com.ar\/producto\/ruta-de-la-centolla-en-la-nieve-en-4x4\/\"]}]},{\"@type\":\"ImageObject\",\"inLanguage\":\"pt-BR\",\"@id\":\"https:\/\/kaitekviajes.com.ar\/producto\/ruta-de-la-centolla-en-la-nieve-en-4x4\/#primaryimage\",\"url\":\"https:\/\/kaitekviajes.com.ar\/wp-content\/uploads\/2023\/04\/heather_centolla_nieve.png\",\"contentUrl\":\"https:\/\/kaitekviajes.com.ar\/wp-content\/uploads\/2023\/04\/heather_centolla_nieve.png\",\"width\":600,\"height\":315},{\"@type\":\"BreadcrumbList\",\"@id\":\"https:\/\/kaitekviajes.com.ar\/producto\/ruta-de-la-centolla-en-la-nieve-en-4x4\/#breadcrumb\",\"itemListElement\":[{\"@type\":\"ListItem\",\"position\":1,\"name\":\"Portada\",\"item\":\"https:\/\/kaitekviajes.com.ar\/\"},{\"@type\":\"ListItem\",\"position\":2,\"name\":\"Tienda\",\"item\":\"https:\/\/kaitekviajes.com.ar\/tienda\/\"},{\"@type\":\"ListItem\",\"position\":3,\"name\":\"Ruta de la Centolla en la Nieve en 4&#215;4\"}]},{\"@type\":\"WebSite\",\"@id\":\"https:\/\/kaitekviajes.com.ar\/#website\",\"url\":\"https:\/\/kaitekviajes.com.ar\/\",\"name\":\"Kaitek Viajes\",\"description\":\"Excursiones - Ushuaia y Tierra del Fuego, Patagonia\",\"publisher\":{\"@id\":\"https:\/\/kaitekviajes.com.ar\/#organization\"},\"potentialAction\":[{\"@type\":\"SearchAction\",\"target\":{\"@type\":\"EntryPoint\",\"urlTemplate\":\"https:\/\/kaitekviajes.com.ar\/?s={search_term_string}\"},\"query-input\":{\"@type\":\"PropertyValueSpecification\",\"valueRequired\":true,\"valueName\":\"search_term_string\"}}],\"inLanguage\":\"pt-BR\"},{\"@type\":\"Organization\",\"@id\":\"https:\/\/kaitekviajes.com.ar\/#organization\",\"name\":\"Kaitek Viajes\",\"url\":\"https:\/\/kaitekviajes.com.ar\/\",\"logo\":{\"@type\":\"ImageObject\",\"inLanguage\":\"pt-BR\",\"@id\":\"https:\/\/kaitekviajes.com.ar\/#\/schema\/logo\/image\/\",\"url\":\"https:\/\/kaitekviajes.com.ar\/wp-content\/uploads\/2023\/04\/cropped-Logo-Kaitek-completo.png\",\"contentUrl\":\"https:\/\/kaitekviajes.com.ar\/wp-content\/uploads\/2023\/04\/cropped-Logo-Kaitek-completo.png\",\"width\":1380,\"height\":706,\"caption\":\"Kaitek Viajes\"},\"image\":{\"@id\":\"https:\/\/kaitekviajes.com.ar\/#\/schema\/logo\/image\/\"}}]}<\/script>\n<!-- \/ Yoast SEO plugin. -->","yoast_head_json":{"title":"Ruta de la Centolla en la Nieve en 4x4 - Kaitek Viajes","description":"Motos de Nieve, Caminata con Raquetas y Ruta de la Centolla en 4x4 a Puerto Almanza desde Ushuaia","robots":{"index":"index","follow":"follow","max-snippet":"max-snippet:-1","max-image-preview":"max-image-preview:large","max-video-preview":"max-video-preview:-1"},"canonical":"https:\/\/kaitekviajes.com.ar\/pt\/produto\/ruta-de-la-centolla-en-la-nieve-en-4x4\/?wmc-currency=USD","og_locale":"pt_BR","og_type":"article","og_title":"Ruta de la Centolla en la Nieve en 4x4 - Kaitek Viajes","og_description":"Motos de Nieve, Caminata con Raquetas y Ruta de la Centolla en 4x4 a Puerto Almanza desde Ushuaia","og_url":"https:\/\/kaitekviajes.com.ar\/pt\/produto\/ruta-de-la-centolla-en-la-nieve-en-4x4\/?wmc-currency=USD","og_site_name":"Kaitek Viajes","article_modified_time":"2026-03-22T19:07:56+00:00","og_image":[{"width":600,"height":315,"url":"https:\/\/kaitekviajes.com.ar\/wp-content\/uploads\/2023\/04\/heather_centolla_nieve.png","type":"image\/png"}],"twitter_card":"summary_large_image","twitter_misc":{"Est. tempo de leitura":"1 minuto"},"schema":{"@context":"https:\/\/schema.org","@graph":[{"@type":"WebPage","@id":"https:\/\/kaitekviajes.com.ar\/producto\/ruta-de-la-centolla-en-la-nieve-en-4x4\/","url":"https:\/\/kaitekviajes.com.ar\/producto\/ruta-de-la-centolla-en-la-nieve-en-4x4\/","name":"Ruta de la Centolla en la Nieve en 4x4 - Kaitek Viajes","isPartOf":{"@id":"https:\/\/kaitekviajes.com.ar\/#website"},"primaryImageOfPage":{"@id":"https:\/\/kaitekviajes.com.ar\/producto\/ruta-de-la-centolla-en-la-nieve-en-4x4\/#primaryimage"},"image":{"@id":"https:\/\/kaitekviajes.com.ar\/producto\/ruta-de-la-centolla-en-la-nieve-en-4x4\/#primaryimage"},"thumbnailUrl":"https:\/\/kaitekviajes.com.ar\/wp-content\/uploads\/2023\/04\/heather_centolla_nieve.png","datePublished":"2023-04-04T22:29:14+00:00","dateModified":"2026-03-22T19:07:56+00:00","description":"Motos de Nieve, Caminata con Raquetas y Ruta de la Centolla en 4x4 a Puerto Almanza desde Ushuaia","breadcrumb":{"@id":"https:\/\/kaitekviajes.com.ar\/producto\/ruta-de-la-centolla-en-la-nieve-en-4x4\/#breadcrumb"},"inLanguage":"pt-BR","potentialAction":[{"@type":"ReadAction","target":["https:\/\/kaitekviajes.com.ar\/producto\/ruta-de-la-centolla-en-la-nieve-en-4x4\/"]}]},{"@type":"ImageObject","inLanguage":"pt-BR","@id":"https:\/\/kaitekviajes.com.ar\/producto\/ruta-de-la-centolla-en-la-nieve-en-4x4\/#primaryimage","url":"https:\/\/kaitekviajes.com.ar\/wp-content\/uploads\/2023\/04\/heather_centolla_nieve.png","contentUrl":"https:\/\/kaitekviajes.com.ar\/wp-content\/uploads\/2023\/04\/heather_centolla_nieve.png","width":600,"height":315},{"@type":"BreadcrumbList","@id":"https:\/\/kaitekviajes.com.ar\/producto\/ruta-de-la-centolla-en-la-nieve-en-4x4\/#breadcrumb","itemListElement":[{"@type":"ListItem","position":1,"name":"Portada","item":"https:\/\/kaitekviajes.com.ar\/"},{"@type":"ListItem","position":2,"name":"Tienda","item":"https:\/\/kaitekviajes.com.ar\/tienda\/"},{"@type":"ListItem","position":3,"name":"Ruta de la Centolla en la Nieve en 4&#215;4"}]},{"@type":"WebSite","@id":"https:\/\/kaitekviajes.com.ar\/#website","url":"https:\/\/kaitekviajes.com.ar\/","name":"Kaitek Viajes","description":"Excursiones - Ushuaia y Tierra del Fuego, Patagonia","publisher":{"@id":"https:\/\/kaitekviajes.com.ar\/#organization"},"potentialAction":[{"@type":"SearchAction","target":{"@type":"EntryPoint","urlTemplate":"https:\/\/kaitekviajes.com.ar\/?s={search_term_string}"},"query-input":{"@type":"PropertyValueSpecification","valueRequired":true,"valueName":"search_term_string"}}],"inLanguage":"pt-BR"},{"@type":"Organization","@id":"https:\/\/kaitekviajes.com.ar\/#organization","name":"Kaitek Viajes","url":"https:\/\/kaitekviajes.com.ar\/","logo":{"@type":"ImageObject","inLanguage":"pt-BR","@id":"https:\/\/kaitekviajes.com.ar\/#\/schema\/logo\/image\/","url":"https:\/\/kaitekviajes.com.ar\/wp-content\/uploads\/2023\/04\/cropped-Logo-Kaitek-completo.png","contentUrl":"https:\/\/kaitekviajes.com.ar\/wp-content\/uploads\/2023\/04\/cropped-Logo-Kaitek-completo.png","width":1380,"height":706,"caption":"Kaitek Viajes"},"image":{"@id":"https:\/\/kaitekviajes.com.ar\/#\/schema\/logo\/image\/"}}]}},"_links":{"self":[{"href":"https:\/\/kaitekviajes.com.ar\/pt\/wp-json\/wp\/v2\/product\/135","targetHints":{"allow":["GET"]}}],"collection":[{"href":"https:\/\/kaitekviajes.com.ar\/pt\/wp-json\/wp\/v2\/product"}],"about":[{"href":"https:\/\/kaitekviajes.com.ar\/pt\/wp-json\/wp\/v2\/types\/product"}],"replies":[{"embeddable":true,"href":"https:\/\/kaitekviajes.com.ar\/pt\/wp-json\/wp\/v2\/comments?post=135"}],"wp:featuredmedia":[{"embeddable":true,"href":"https:\/\/kaitekviajes.com.ar\/pt\/wp-json\/wp\/v2\/media\/14357"}],"wp:attachment":[{"href":"https:\/\/kaitekviajes.com.ar\/pt\/wp-json\/wp\/v2\/media?parent=135"}],"wp:term":[{"taxonomy":"product_brand","embeddable":true,"href":"https:\/\/kaitekviajes.com.ar\/pt\/wp-json\/wp\/v2\/product_brand?post=135"},{"taxonomy":"product_cat","embeddable":true,"href":"https:\/\/kaitekviajes.com.ar\/pt\/wp-json\/wp\/v2\/product_cat?post=135"},{"taxonomy":"product_tag","embeddable":true,"href":"https:\/\/kaitekviajes.com.ar\/pt\/wp-json\/wp\/v2\/product_tag?post=135"},{"taxonomy":"actividad","embeddable":true,"href":"https:\/\/kaitekviajes.com.ar\/pt\/wp-json\/wp\/v2\/actividad?post=135"},{"taxonomy":"ciudad","embeddable":true,"href":"https:\/\/kaitekviajes.com.ar\/pt\/wp-json\/wp\/v2\/ciudad?post=135"},{"taxonomy":"provincia","embeddable":true,"href":"https:\/\/kaitekviajes.com.ar\/pt\/wp-json\/wp\/v2\/provincia?post=135"},{"taxonomy":"lugar","embeddable":true,"href":"https:\/\/kaitekviajes.com.ar\/pt\/wp-json\/wp\/v2\/lugar?post=135"},{"taxonomy":"pais","embeddable":true,"href":"https:\/\/kaitekviajes.com.ar\/pt\/wp-json\/wp\/v2\/pais?post=135"}],"curies":[{"name":"wp","href":"https:\/\/api.w.org\/{rel}","templated":true}]}}