{"id":13444,"date":"2025-04-23T12:55:24","date_gmt":"2025-04-23T15:55:24","guid":{"rendered":"https:\/\/kaitekviajes.com.ar\/?post_type=product&#038;p=13444"},"modified":"2025-10-03T15:07:07","modified_gmt":"2025-10-03T18:07:07","slug":"paquete-aventura-en-el-fin-del-mundo","status":"publish","type":"product","link":"https:\/\/kaitekviajes.com.ar\/pt\/produto\/paquete-aventura-en-el-fin-del-mundo\/","title":{"rendered":"Pacote Aventura no Fim do Mundo"},"content":{"rendered":"<h1>O pacote de viagem mais completo, com voos, hot\u00e9is e excurs\u00f5es saindo de Ushuaia.<\/h1>\n<p>Nosso <strong>Pacote Aventura no Fim do Mundo<\/strong> Ele foi pensado para que voc\u00ea possa desfrutar das paisagens aut\u00eanticas de Ushuaia e da Terra do Fogo, atrav\u00e9s de um programa all inclusive cheio de aventura e emo\u00e7\u00e3o.<\/p>","protected":false},"excerpt":{"rendered":"<p>El Paquete de Viajes m\u00e1s completo, con a\u00e9reos, hotel y excursiones desde Ushuaia Nuestro Paquete Aventura en el Fin del Mundo est\u00e1 pensado para que puedas disfrutar de los paisajes aut\u00e9nticos de Ushuaia y Tierra del Fuego, a trav\u00e9s de un programa todo incluido lleno de aventura y emociones.<\/p>","protected":false},"featured_media":13460,"comment_status":"open","ping_status":"closed","template":"","meta":{"_joinchat":[]},"product_brand":[],"product_cat":[31],"product_tag":[],"actividad":[264,263,282],"ciudad":[59],"provincia":[238],"lugar":[250,248,275,240,239,242,243,269],"pais":[47],"class_list":{"0":"post-13444","1":"product","2":"type-product","3":"status-publish","4":"has-post-thumbnail","6":"product_cat-paquetes","7":"actividad-aventura-4x4","8":"actividad-navegacion","9":"actividad-parque-nacional-tierra-del-fuego","10":"ciudad-ushuaia","11":"provincia-tierra-del-fuego","12":"lugar-bahia-lapataia","13":"lugar-canal-beagle","14":"lugar-isla-de-los-lobos","15":"lugar-lago-escondido","16":"lugar-lago-fagnano","17":"lugar-monte-olivia","18":"lugar-monte-susana","19":"lugar-parque-nacional-tierra-del-fuego","20":"pais-argentina","22":"first","23":"instock","24":"sold-individually","25":"shipping-taxable","26":"purchasable","27":"product-type-booking"},"yoast_head":"<!-- This site is optimized with the Yoast SEO plugin v27.2 - https:\/\/yoast.com\/product\/yoast-seo-wordpress\/ -->\n<title>Paquete Aventura en el Fin del Mundo - Kaitek Viajes<\/title>\n<meta name=\"description\" content=\"El Paquete de Viajes m\u00e1s completo, con a\u00e9reos, hotel y excursiones desde Ushuaia\" \/>\n<meta name=\"robots\" content=\"index, follow, max-snippet:-1, max-image-preview:large, max-video-preview:-1\" \/>\n<link rel=\"canonical\" href=\"https:\/\/kaitekviajes.com.ar\/pt\/produto\/paquete-aventura-en-el-fin-del-mundo\/?wmc-currency=USD\" \/>\n<meta property=\"og:locale\" content=\"pt_BR\" \/>\n<meta property=\"og:type\" content=\"article\" \/>\n<meta property=\"og:title\" content=\"Paquete Aventura en el Fin del Mundo - Kaitek Viajes\" \/>\n<meta property=\"og:description\" content=\"El Paquete de Viajes m\u00e1s completo, con a\u00e9reos, hotel y excursiones desde Ushuaia\" \/>\n<meta property=\"og:url\" content=\"https:\/\/kaitekviajes.com.ar\/pt\/produto\/paquete-aventura-en-el-fin-del-mundo\/?wmc-currency=USD\" \/>\n<meta property=\"og:site_name\" content=\"Kaitek Viajes\" \/>\n<meta property=\"article:modified_time\" content=\"2025-10-03T18:07:07+00:00\" \/>\n<meta property=\"og:image\" content=\"https:\/\/kaitekviajes.com.ar\/wp-content\/uploads\/2025\/04\/heather_paquete_aventura-1.png\" \/>\n\t<meta property=\"og:image:width\" content=\"600\" \/>\n\t<meta property=\"og:image:height\" content=\"315\" \/>\n\t<meta property=\"og:image:type\" content=\"image\/png\" \/>\n<meta name=\"twitter:card\" content=\"summary_large_image\" \/>\n<meta name=\"twitter:label1\" content=\"Est. tempo de leitura\" \/>\n\t<meta name=\"twitter:data1\" content=\"1 minuto\" \/>\n<script type=\"application\/ld+json\" class=\"yoast-schema-graph\">{\"@context\":\"https:\/\/schema.org\",\"@graph\":[{\"@type\":\"WebPage\",\"@id\":\"https:\/\/kaitekviajes.com.ar\/producto\/paquete-aventura-en-el-fin-del-mundo\/\",\"url\":\"https:\/\/kaitekviajes.com.ar\/producto\/paquete-aventura-en-el-fin-del-mundo\/\",\"name\":\"Paquete Aventura en el Fin del Mundo - Kaitek Viajes\",\"isPartOf\":{\"@id\":\"https:\/\/kaitekviajes.com.ar\/#website\"},\"primaryImageOfPage\":{\"@id\":\"https:\/\/kaitekviajes.com.ar\/producto\/paquete-aventura-en-el-fin-del-mundo\/#primaryimage\"},\"image\":{\"@id\":\"https:\/\/kaitekviajes.com.ar\/producto\/paquete-aventura-en-el-fin-del-mundo\/#primaryimage\"},\"thumbnailUrl\":\"https:\/\/kaitekviajes.com.ar\/wp-content\/uploads\/2025\/04\/heather_paquete_aventura-1.png\",\"datePublished\":\"2025-04-23T15:55:24+00:00\",\"dateModified\":\"2025-10-03T18:07:07+00:00\",\"description\":\"El Paquete de Viajes m\u00e1s completo, con a\u00e9reos, hotel y excursiones desde Ushuaia\",\"breadcrumb\":{\"@id\":\"https:\/\/kaitekviajes.com.ar\/producto\/paquete-aventura-en-el-fin-del-mundo\/#breadcrumb\"},\"inLanguage\":\"pt-BR\",\"potentialAction\":[{\"@type\":\"ReadAction\",\"target\":[\"https:\/\/kaitekviajes.com.ar\/producto\/paquete-aventura-en-el-fin-del-mundo\/\"]}]},{\"@type\":\"ImageObject\",\"inLanguage\":\"pt-BR\",\"@id\":\"https:\/\/kaitekviajes.com.ar\/producto\/paquete-aventura-en-el-fin-del-mundo\/#primaryimage\",\"url\":\"https:\/\/kaitekviajes.com.ar\/wp-content\/uploads\/2025\/04\/heather_paquete_aventura-1.png\",\"contentUrl\":\"https:\/\/kaitekviajes.com.ar\/wp-content\/uploads\/2025\/04\/heather_paquete_aventura-1.png\",\"width\":600,\"height\":315},{\"@type\":\"BreadcrumbList\",\"@id\":\"https:\/\/kaitekviajes.com.ar\/producto\/paquete-aventura-en-el-fin-del-mundo\/#breadcrumb\",\"itemListElement\":[{\"@type\":\"ListItem\",\"position\":1,\"name\":\"Portada\",\"item\":\"https:\/\/kaitekviajes.com.ar\/\"},{\"@type\":\"ListItem\",\"position\":2,\"name\":\"Tienda\",\"item\":\"https:\/\/kaitekviajes.com.ar\/tienda\/\"},{\"@type\":\"ListItem\",\"position\":3,\"name\":\"Paquete Aventura en el Fin del Mundo\"}]},{\"@type\":\"WebSite\",\"@id\":\"https:\/\/kaitekviajes.com.ar\/#website\",\"url\":\"https:\/\/kaitekviajes.com.ar\/\",\"name\":\"Kaitek Viajes\",\"description\":\"Excursiones - Ushuaia y Tierra del Fuego, Patagonia\",\"publisher\":{\"@id\":\"https:\/\/kaitekviajes.com.ar\/#organization\"},\"potentialAction\":[{\"@type\":\"SearchAction\",\"target\":{\"@type\":\"EntryPoint\",\"urlTemplate\":\"https:\/\/kaitekviajes.com.ar\/?s={search_term_string}\"},\"query-input\":{\"@type\":\"PropertyValueSpecification\",\"valueRequired\":true,\"valueName\":\"search_term_string\"}}],\"inLanguage\":\"pt-BR\"},{\"@type\":\"Organization\",\"@id\":\"https:\/\/kaitekviajes.com.ar\/#organization\",\"name\":\"Kaitek Viajes\",\"url\":\"https:\/\/kaitekviajes.com.ar\/\",\"logo\":{\"@type\":\"ImageObject\",\"inLanguage\":\"pt-BR\",\"@id\":\"https:\/\/kaitekviajes.com.ar\/#\/schema\/logo\/image\/\",\"url\":\"https:\/\/kaitekviajes.com.ar\/wp-content\/uploads\/2023\/04\/cropped-Logo-Kaitek-completo.png\",\"contentUrl\":\"https:\/\/kaitekviajes.com.ar\/wp-content\/uploads\/2023\/04\/cropped-Logo-Kaitek-completo.png\",\"width\":1380,\"height\":706,\"caption\":\"Kaitek Viajes\"},\"image\":{\"@id\":\"https:\/\/kaitekviajes.com.ar\/#\/schema\/logo\/image\/\"}}]}<\/script>\n<!-- \/ Yoast SEO plugin. -->","yoast_head_json":{"title":"Paquete Aventura en el Fin del Mundo - Kaitek Viajes","description":"El Paquete de Viajes m\u00e1s completo, con a\u00e9reos, hotel y excursiones desde Ushuaia","robots":{"index":"index","follow":"follow","max-snippet":"max-snippet:-1","max-image-preview":"max-image-preview:large","max-video-preview":"max-video-preview:-1"},"canonical":"https:\/\/kaitekviajes.com.ar\/pt\/produto\/paquete-aventura-en-el-fin-del-mundo\/?wmc-currency=USD","og_locale":"pt_BR","og_type":"article","og_title":"Paquete Aventura en el Fin del Mundo - Kaitek Viajes","og_description":"El Paquete de Viajes m\u00e1s completo, con a\u00e9reos, hotel y excursiones desde Ushuaia","og_url":"https:\/\/kaitekviajes.com.ar\/pt\/produto\/paquete-aventura-en-el-fin-del-mundo\/?wmc-currency=USD","og_site_name":"Kaitek Viajes","article_modified_time":"2025-10-03T18:07:07+00:00","og_image":[{"width":600,"height":315,"url":"https:\/\/kaitekviajes.com.ar\/wp-content\/uploads\/2025\/04\/heather_paquete_aventura-1.png","type":"image\/png"}],"twitter_card":"summary_large_image","twitter_misc":{"Est. tempo de leitura":"1 minuto"},"schema":{"@context":"https:\/\/schema.org","@graph":[{"@type":"WebPage","@id":"https:\/\/kaitekviajes.com.ar\/producto\/paquete-aventura-en-el-fin-del-mundo\/","url":"https:\/\/kaitekviajes.com.ar\/producto\/paquete-aventura-en-el-fin-del-mundo\/","name":"Paquete Aventura en el Fin del Mundo - Kaitek Viajes","isPartOf":{"@id":"https:\/\/kaitekviajes.com.ar\/#website"},"primaryImageOfPage":{"@id":"https:\/\/kaitekviajes.com.ar\/producto\/paquete-aventura-en-el-fin-del-mundo\/#primaryimage"},"image":{"@id":"https:\/\/kaitekviajes.com.ar\/producto\/paquete-aventura-en-el-fin-del-mundo\/#primaryimage"},"thumbnailUrl":"https:\/\/kaitekviajes.com.ar\/wp-content\/uploads\/2025\/04\/heather_paquete_aventura-1.png","datePublished":"2025-04-23T15:55:24+00:00","dateModified":"2025-10-03T18:07:07+00:00","description":"El Paquete de Viajes m\u00e1s completo, con a\u00e9reos, hotel y excursiones desde Ushuaia","breadcrumb":{"@id":"https:\/\/kaitekviajes.com.ar\/producto\/paquete-aventura-en-el-fin-del-mundo\/#breadcrumb"},"inLanguage":"pt-BR","potentialAction":[{"@type":"ReadAction","target":["https:\/\/kaitekviajes.com.ar\/producto\/paquete-aventura-en-el-fin-del-mundo\/"]}]},{"@type":"ImageObject","inLanguage":"pt-BR","@id":"https:\/\/kaitekviajes.com.ar\/producto\/paquete-aventura-en-el-fin-del-mundo\/#primaryimage","url":"https:\/\/kaitekviajes.com.ar\/wp-content\/uploads\/2025\/04\/heather_paquete_aventura-1.png","contentUrl":"https:\/\/kaitekviajes.com.ar\/wp-content\/uploads\/2025\/04\/heather_paquete_aventura-1.png","width":600,"height":315},{"@type":"BreadcrumbList","@id":"https:\/\/kaitekviajes.com.ar\/producto\/paquete-aventura-en-el-fin-del-mundo\/#breadcrumb","itemListElement":[{"@type":"ListItem","position":1,"name":"Portada","item":"https:\/\/kaitekviajes.com.ar\/"},{"@type":"ListItem","position":2,"name":"Tienda","item":"https:\/\/kaitekviajes.com.ar\/tienda\/"},{"@type":"ListItem","position":3,"name":"Paquete Aventura en el Fin del Mundo"}]},{"@type":"WebSite","@id":"https:\/\/kaitekviajes.com.ar\/#website","url":"https:\/\/kaitekviajes.com.ar\/","name":"Kaitek Viajes","description":"Excursiones - Ushuaia y Tierra del Fuego, Patagonia","publisher":{"@id":"https:\/\/kaitekviajes.com.ar\/#organization"},"potentialAction":[{"@type":"SearchAction","target":{"@type":"EntryPoint","urlTemplate":"https:\/\/kaitekviajes.com.ar\/?s={search_term_string}"},"query-input":{"@type":"PropertyValueSpecification","valueRequired":true,"valueName":"search_term_string"}}],"inLanguage":"pt-BR"},{"@type":"Organization","@id":"https:\/\/kaitekviajes.com.ar\/#organization","name":"Kaitek Viajes","url":"https:\/\/kaitekviajes.com.ar\/","logo":{"@type":"ImageObject","inLanguage":"pt-BR","@id":"https:\/\/kaitekviajes.com.ar\/#\/schema\/logo\/image\/","url":"https:\/\/kaitekviajes.com.ar\/wp-content\/uploads\/2023\/04\/cropped-Logo-Kaitek-completo.png","contentUrl":"https:\/\/kaitekviajes.com.ar\/wp-content\/uploads\/2023\/04\/cropped-Logo-Kaitek-completo.png","width":1380,"height":706,"caption":"Kaitek Viajes"},"image":{"@id":"https:\/\/kaitekviajes.com.ar\/#\/schema\/logo\/image\/"}}]}},"_links":{"self":[{"href":"https:\/\/kaitekviajes.com.ar\/pt\/wp-json\/wp\/v2\/product\/13444","targetHints":{"allow":["GET"]}}],"collection":[{"href":"https:\/\/kaitekviajes.com.ar\/pt\/wp-json\/wp\/v2\/product"}],"about":[{"href":"https:\/\/kaitekviajes.com.ar\/pt\/wp-json\/wp\/v2\/types\/product"}],"replies":[{"embeddable":true,"href":"https:\/\/kaitekviajes.com.ar\/pt\/wp-json\/wp\/v2\/comments?post=13444"}],"wp:featuredmedia":[{"embeddable":true,"href":"https:\/\/kaitekviajes.com.ar\/pt\/wp-json\/wp\/v2\/media\/13460"}],"wp:attachment":[{"href":"https:\/\/kaitekviajes.com.ar\/pt\/wp-json\/wp\/v2\/media?parent=13444"}],"wp:term":[{"taxonomy":"product_brand","embeddable":true,"href":"https:\/\/kaitekviajes.com.ar\/pt\/wp-json\/wp\/v2\/product_brand?post=13444"},{"taxonomy":"product_cat","embeddable":true,"href":"https:\/\/kaitekviajes.com.ar\/pt\/wp-json\/wp\/v2\/product_cat?post=13444"},{"taxonomy":"product_tag","embeddable":true,"href":"https:\/\/kaitekviajes.com.ar\/pt\/wp-json\/wp\/v2\/product_tag?post=13444"},{"taxonomy":"actividad","embeddable":true,"href":"https:\/\/kaitekviajes.com.ar\/pt\/wp-json\/wp\/v2\/actividad?post=13444"},{"taxonomy":"ciudad","embeddable":true,"href":"https:\/\/kaitekviajes.com.ar\/pt\/wp-json\/wp\/v2\/ciudad?post=13444"},{"taxonomy":"provincia","embeddable":true,"href":"https:\/\/kaitekviajes.com.ar\/pt\/wp-json\/wp\/v2\/provincia?post=13444"},{"taxonomy":"lugar","embeddable":true,"href":"https:\/\/kaitekviajes.com.ar\/pt\/wp-json\/wp\/v2\/lugar?post=13444"},{"taxonomy":"pais","embeddable":true,"href":"https:\/\/kaitekviajes.com.ar\/pt\/wp-json\/wp\/v2\/pais?post=13444"}],"curies":[{"name":"wp","href":"https:\/\/api.w.org\/{rel}","templated":true}]}}