{"id":13328,"date":"2025-06-20T07:20:58","date_gmt":"2025-06-20T10:20:58","guid":{"rendered":"https:\/\/kaitekviajes.com.ar\/?post_type=product&#038;p=13328"},"modified":"2025-12-16T18:39:08","modified_gmt":"2025-12-16T21:39:08","slug":"paquete-aventura-3x2-en-ushuaia","status":"publish","type":"product","link":"https:\/\/kaitekviajes.com.ar\/pt\/produto\/paquete-aventura-3x2-en-ushuaia\/","title":{"rendered":"Pacote Aventura 3x2 Ushuaia"},"content":{"rendered":"<h1>Ao reservar duas excurs\u00f5es de aventura, voc\u00ea ganhar\u00e1 uma excurs\u00e3o gratuita em Ushuaia.<\/h1>\n<p>El Paquete 3&#215;2 de Turismo Aventura te permitir\u00e1 obtener una excursi\u00f3n gratis a tu elecci\u00f3n a elegir entre Tren del Fin del Mundo, Parque Nacional o Navegaci\u00f3n Isla de los Lobos.\u00a0En 3 d\u00edas te proponemos conocer Ushuaia y la Isla de Tierra del Fuego de la mejor manera, con Aventura en 4&#215;4 y al mejor precio y financiaci\u00f3n!<\/p>","protected":false},"excerpt":{"rendered":"<p>Reservando dos excursiones de Aventura, te regalamos una excursi\u00f3n en Ushuaia El Paquete 3&#215;2 de Turismo Aventura te permitir\u00e1 obtener una excursi\u00f3n gratis a tu elecci\u00f3n a elegir entre Tren del Fin del Mundo, Parque Nacional o Navegaci\u00f3n Isla de los Lobos.\u00a0En 3 d\u00edas te proponemos conocer Ushuaia y la Isla de Tierra del Fuego [&hellip;]<\/p>","protected":false},"featured_media":13329,"comment_status":"open","ping_status":"closed","template":"","meta":{"_joinchat":[]},"product_brand":[],"product_cat":[31],"product_tag":[],"actividad":[264,268,263,282,272],"ciudad":[212,59],"provincia":[238],"lugar":[250,248,240,239,269,274,251],"pais":[47],"class_list":{"0":"post-13328","1":"product","2":"type-product","3":"status-publish","4":"has-post-thumbnail","6":"product_cat-paquetes","7":"actividad-aventura-4x4","8":"actividad-gastronomia","9":"actividad-navegacion","10":"actividad-parque-nacional-tierra-del-fuego","11":"actividad-recorrido-en-tren","12":"ciudad-puerto-almanza","13":"ciudad-ushuaia","14":"provincia-tierra-del-fuego","15":"lugar-bahia-lapataia","16":"lugar-canal-beagle","17":"lugar-lago-escondido","18":"lugar-lago-fagnano","19":"lugar-parque-nacional-tierra-del-fuego","20":"lugar-puerto-almanza","21":"lugar-tren-del-fin-del-mundo","22":"pais-argentina","24":"first","25":"instock","26":"sold-individually","27":"shipping-taxable","28":"purchasable","29":"product-type-booking"},"yoast_head":"<!-- This site is optimized with the Yoast SEO plugin v27.2 - https:\/\/yoast.com\/product\/yoast-seo-wordpress\/ -->\n<title>Paquete Aventura 3x2 Ushuaia - Kaitek Viajes<\/title>\n<meta name=\"description\" content=\"Reservando dos excursiones de Aventura, te regalamos una excursi\u00f3n en Ushuaia\" \/>\n<meta name=\"robots\" content=\"index, follow, max-snippet:-1, max-image-preview:large, max-video-preview:-1\" \/>\n<link rel=\"canonical\" href=\"https:\/\/kaitekviajes.com.ar\/pt\/produto\/paquete-aventura-3x2-en-ushuaia\/?wmc-currency=USD\" \/>\n<meta property=\"og:locale\" content=\"pt_BR\" \/>\n<meta property=\"og:type\" content=\"article\" \/>\n<meta property=\"og:title\" content=\"Paquete Aventura 3x2 Ushuaia - Kaitek Viajes\" \/>\n<meta property=\"og:description\" content=\"Reservando dos excursiones de Aventura, te regalamos una excursi\u00f3n en Ushuaia\" \/>\n<meta property=\"og:url\" content=\"https:\/\/kaitekviajes.com.ar\/pt\/produto\/paquete-aventura-3x2-en-ushuaia\/?wmc-currency=USD\" \/>\n<meta property=\"og:site_name\" content=\"Kaitek Viajes\" \/>\n<meta property=\"article:modified_time\" content=\"2025-12-16T21:39:08+00:00\" \/>\n<meta property=\"og:image\" content=\"https:\/\/kaitekviajes.com.ar\/wp-content\/uploads\/2025\/04\/IMG_5023.jpg\" \/>\n\t<meta property=\"og:image:width\" content=\"1400\" \/>\n\t<meta property=\"og:image:height\" content=\"933\" \/>\n\t<meta property=\"og:image:type\" content=\"image\/jpeg\" \/>\n<meta name=\"twitter:card\" content=\"summary_large_image\" \/>\n<meta name=\"twitter:label1\" content=\"Est. tempo de leitura\" \/>\n\t<meta name=\"twitter:data1\" content=\"1 minuto\" \/>\n<script type=\"application\/ld+json\" class=\"yoast-schema-graph\">{\"@context\":\"https:\/\/schema.org\",\"@graph\":[{\"@type\":\"WebPage\",\"@id\":\"https:\/\/kaitekviajes.com.ar\/producto\/paquete-aventura-3x2-en-ushuaia\/\",\"url\":\"https:\/\/kaitekviajes.com.ar\/producto\/paquete-aventura-3x2-en-ushuaia\/\",\"name\":\"Paquete Aventura 3x2 Ushuaia - Kaitek Viajes\",\"isPartOf\":{\"@id\":\"https:\/\/kaitekviajes.com.ar\/#website\"},\"primaryImageOfPage\":{\"@id\":\"https:\/\/kaitekviajes.com.ar\/producto\/paquete-aventura-3x2-en-ushuaia\/#primaryimage\"},\"image\":{\"@id\":\"https:\/\/kaitekviajes.com.ar\/producto\/paquete-aventura-3x2-en-ushuaia\/#primaryimage\"},\"thumbnailUrl\":\"https:\/\/kaitekviajes.com.ar\/wp-content\/uploads\/2025\/04\/IMG_5023.jpg\",\"datePublished\":\"2025-06-20T10:20:58+00:00\",\"dateModified\":\"2025-12-16T21:39:08+00:00\",\"description\":\"Reservando dos excursiones de Aventura, te regalamos una excursi\u00f3n en Ushuaia\",\"breadcrumb\":{\"@id\":\"https:\/\/kaitekviajes.com.ar\/producto\/paquete-aventura-3x2-en-ushuaia\/#breadcrumb\"},\"inLanguage\":\"pt-BR\",\"potentialAction\":[{\"@type\":\"ReadAction\",\"target\":[\"https:\/\/kaitekviajes.com.ar\/producto\/paquete-aventura-3x2-en-ushuaia\/\"]}]},{\"@type\":\"ImageObject\",\"inLanguage\":\"pt-BR\",\"@id\":\"https:\/\/kaitekviajes.com.ar\/producto\/paquete-aventura-3x2-en-ushuaia\/#primaryimage\",\"url\":\"https:\/\/kaitekviajes.com.ar\/wp-content\/uploads\/2025\/04\/IMG_5023.jpg\",\"contentUrl\":\"https:\/\/kaitekviajes.com.ar\/wp-content\/uploads\/2025\/04\/IMG_5023.jpg\",\"width\":1400,\"height\":933},{\"@type\":\"BreadcrumbList\",\"@id\":\"https:\/\/kaitekviajes.com.ar\/producto\/paquete-aventura-3x2-en-ushuaia\/#breadcrumb\",\"itemListElement\":[{\"@type\":\"ListItem\",\"position\":1,\"name\":\"Portada\",\"item\":\"https:\/\/kaitekviajes.com.ar\/\"},{\"@type\":\"ListItem\",\"position\":2,\"name\":\"Tienda\",\"item\":\"https:\/\/kaitekviajes.com.ar\/tienda\/\"},{\"@type\":\"ListItem\",\"position\":3,\"name\":\"Paquete Aventura 3&#215;2 Ushuaia\"}]},{\"@type\":\"WebSite\",\"@id\":\"https:\/\/kaitekviajes.com.ar\/#website\",\"url\":\"https:\/\/kaitekviajes.com.ar\/\",\"name\":\"Kaitek Viajes\",\"description\":\"Excursiones - Ushuaia y Tierra del Fuego, Patagonia\",\"publisher\":{\"@id\":\"https:\/\/kaitekviajes.com.ar\/#organization\"},\"potentialAction\":[{\"@type\":\"SearchAction\",\"target\":{\"@type\":\"EntryPoint\",\"urlTemplate\":\"https:\/\/kaitekviajes.com.ar\/?s={search_term_string}\"},\"query-input\":{\"@type\":\"PropertyValueSpecification\",\"valueRequired\":true,\"valueName\":\"search_term_string\"}}],\"inLanguage\":\"pt-BR\"},{\"@type\":\"Organization\",\"@id\":\"https:\/\/kaitekviajes.com.ar\/#organization\",\"name\":\"Kaitek Viajes\",\"url\":\"https:\/\/kaitekviajes.com.ar\/\",\"logo\":{\"@type\":\"ImageObject\",\"inLanguage\":\"pt-BR\",\"@id\":\"https:\/\/kaitekviajes.com.ar\/#\/schema\/logo\/image\/\",\"url\":\"https:\/\/kaitekviajes.com.ar\/wp-content\/uploads\/2023\/04\/cropped-Logo-Kaitek-completo.png\",\"contentUrl\":\"https:\/\/kaitekviajes.com.ar\/wp-content\/uploads\/2023\/04\/cropped-Logo-Kaitek-completo.png\",\"width\":1380,\"height\":706,\"caption\":\"Kaitek Viajes\"},\"image\":{\"@id\":\"https:\/\/kaitekviajes.com.ar\/#\/schema\/logo\/image\/\"}}]}<\/script>\n<!-- \/ Yoast SEO plugin. -->","yoast_head_json":{"title":"Paquete Aventura 3x2 Ushuaia - Kaitek Viajes","description":"Reservando dos excursiones de Aventura, te regalamos una excursi\u00f3n en Ushuaia","robots":{"index":"index","follow":"follow","max-snippet":"max-snippet:-1","max-image-preview":"max-image-preview:large","max-video-preview":"max-video-preview:-1"},"canonical":"https:\/\/kaitekviajes.com.ar\/pt\/produto\/paquete-aventura-3x2-en-ushuaia\/?wmc-currency=USD","og_locale":"pt_BR","og_type":"article","og_title":"Paquete Aventura 3x2 Ushuaia - Kaitek Viajes","og_description":"Reservando dos excursiones de Aventura, te regalamos una excursi\u00f3n en Ushuaia","og_url":"https:\/\/kaitekviajes.com.ar\/pt\/produto\/paquete-aventura-3x2-en-ushuaia\/?wmc-currency=USD","og_site_name":"Kaitek Viajes","article_modified_time":"2025-12-16T21:39:08+00:00","og_image":[{"width":1400,"height":933,"url":"https:\/\/kaitekviajes.com.ar\/wp-content\/uploads\/2025\/04\/IMG_5023.jpg","type":"image\/jpeg"}],"twitter_card":"summary_large_image","twitter_misc":{"Est. tempo de leitura":"1 minuto"},"schema":{"@context":"https:\/\/schema.org","@graph":[{"@type":"WebPage","@id":"https:\/\/kaitekviajes.com.ar\/producto\/paquete-aventura-3x2-en-ushuaia\/","url":"https:\/\/kaitekviajes.com.ar\/producto\/paquete-aventura-3x2-en-ushuaia\/","name":"Paquete Aventura 3x2 Ushuaia - Kaitek Viajes","isPartOf":{"@id":"https:\/\/kaitekviajes.com.ar\/#website"},"primaryImageOfPage":{"@id":"https:\/\/kaitekviajes.com.ar\/producto\/paquete-aventura-3x2-en-ushuaia\/#primaryimage"},"image":{"@id":"https:\/\/kaitekviajes.com.ar\/producto\/paquete-aventura-3x2-en-ushuaia\/#primaryimage"},"thumbnailUrl":"https:\/\/kaitekviajes.com.ar\/wp-content\/uploads\/2025\/04\/IMG_5023.jpg","datePublished":"2025-06-20T10:20:58+00:00","dateModified":"2025-12-16T21:39:08+00:00","description":"Reservando dos excursiones de Aventura, te regalamos una excursi\u00f3n en Ushuaia","breadcrumb":{"@id":"https:\/\/kaitekviajes.com.ar\/producto\/paquete-aventura-3x2-en-ushuaia\/#breadcrumb"},"inLanguage":"pt-BR","potentialAction":[{"@type":"ReadAction","target":["https:\/\/kaitekviajes.com.ar\/producto\/paquete-aventura-3x2-en-ushuaia\/"]}]},{"@type":"ImageObject","inLanguage":"pt-BR","@id":"https:\/\/kaitekviajes.com.ar\/producto\/paquete-aventura-3x2-en-ushuaia\/#primaryimage","url":"https:\/\/kaitekviajes.com.ar\/wp-content\/uploads\/2025\/04\/IMG_5023.jpg","contentUrl":"https:\/\/kaitekviajes.com.ar\/wp-content\/uploads\/2025\/04\/IMG_5023.jpg","width":1400,"height":933},{"@type":"BreadcrumbList","@id":"https:\/\/kaitekviajes.com.ar\/producto\/paquete-aventura-3x2-en-ushuaia\/#breadcrumb","itemListElement":[{"@type":"ListItem","position":1,"name":"Portada","item":"https:\/\/kaitekviajes.com.ar\/"},{"@type":"ListItem","position":2,"name":"Tienda","item":"https:\/\/kaitekviajes.com.ar\/tienda\/"},{"@type":"ListItem","position":3,"name":"Paquete Aventura 3&#215;2 Ushuaia"}]},{"@type":"WebSite","@id":"https:\/\/kaitekviajes.com.ar\/#website","url":"https:\/\/kaitekviajes.com.ar\/","name":"Kaitek Viajes","description":"Excursiones - Ushuaia y Tierra del Fuego, Patagonia","publisher":{"@id":"https:\/\/kaitekviajes.com.ar\/#organization"},"potentialAction":[{"@type":"SearchAction","target":{"@type":"EntryPoint","urlTemplate":"https:\/\/kaitekviajes.com.ar\/?s={search_term_string}"},"query-input":{"@type":"PropertyValueSpecification","valueRequired":true,"valueName":"search_term_string"}}],"inLanguage":"pt-BR"},{"@type":"Organization","@id":"https:\/\/kaitekviajes.com.ar\/#organization","name":"Kaitek Viajes","url":"https:\/\/kaitekviajes.com.ar\/","logo":{"@type":"ImageObject","inLanguage":"pt-BR","@id":"https:\/\/kaitekviajes.com.ar\/#\/schema\/logo\/image\/","url":"https:\/\/kaitekviajes.com.ar\/wp-content\/uploads\/2023\/04\/cropped-Logo-Kaitek-completo.png","contentUrl":"https:\/\/kaitekviajes.com.ar\/wp-content\/uploads\/2023\/04\/cropped-Logo-Kaitek-completo.png","width":1380,"height":706,"caption":"Kaitek Viajes"},"image":{"@id":"https:\/\/kaitekviajes.com.ar\/#\/schema\/logo\/image\/"}}]}},"_links":{"self":[{"href":"https:\/\/kaitekviajes.com.ar\/pt\/wp-json\/wp\/v2\/product\/13328","targetHints":{"allow":["GET"]}}],"collection":[{"href":"https:\/\/kaitekviajes.com.ar\/pt\/wp-json\/wp\/v2\/product"}],"about":[{"href":"https:\/\/kaitekviajes.com.ar\/pt\/wp-json\/wp\/v2\/types\/product"}],"replies":[{"embeddable":true,"href":"https:\/\/kaitekviajes.com.ar\/pt\/wp-json\/wp\/v2\/comments?post=13328"}],"wp:featuredmedia":[{"embeddable":true,"href":"https:\/\/kaitekviajes.com.ar\/pt\/wp-json\/wp\/v2\/media\/13329"}],"wp:attachment":[{"href":"https:\/\/kaitekviajes.com.ar\/pt\/wp-json\/wp\/v2\/media?parent=13328"}],"wp:term":[{"taxonomy":"product_brand","embeddable":true,"href":"https:\/\/kaitekviajes.com.ar\/pt\/wp-json\/wp\/v2\/product_brand?post=13328"},{"taxonomy":"product_cat","embeddable":true,"href":"https:\/\/kaitekviajes.com.ar\/pt\/wp-json\/wp\/v2\/product_cat?post=13328"},{"taxonomy":"product_tag","embeddable":true,"href":"https:\/\/kaitekviajes.com.ar\/pt\/wp-json\/wp\/v2\/product_tag?post=13328"},{"taxonomy":"actividad","embeddable":true,"href":"https:\/\/kaitekviajes.com.ar\/pt\/wp-json\/wp\/v2\/actividad?post=13328"},{"taxonomy":"ciudad","embeddable":true,"href":"https:\/\/kaitekviajes.com.ar\/pt\/wp-json\/wp\/v2\/ciudad?post=13328"},{"taxonomy":"provincia","embeddable":true,"href":"https:\/\/kaitekviajes.com.ar\/pt\/wp-json\/wp\/v2\/provincia?post=13328"},{"taxonomy":"lugar","embeddable":true,"href":"https:\/\/kaitekviajes.com.ar\/pt\/wp-json\/wp\/v2\/lugar?post=13328"},{"taxonomy":"pais","embeddable":true,"href":"https:\/\/kaitekviajes.com.ar\/pt\/wp-json\/wp\/v2\/pais?post=13328"}],"curies":[{"name":"wp","href":"https:\/\/api.w.org\/{rel}","templated":true}]}}