{"id":12122,"date":"2024-11-28T10:54:11","date_gmt":"2024-11-28T13:54:11","guid":{"rendered":"https:\/\/kaitekviajes.com.ar\/?post_type=product&#038;p=12122"},"modified":"2025-10-03T15:11:01","modified_gmt":"2025-10-03T18:11:01","slug":"aventura-de-2-dias-4wd-off-road-y-lodge","status":"publish","type":"product","link":"https:\/\/kaitekviajes.com.ar\/pt\/produto\/aventura-de-2-dias-4wd-off-road-y-lodge\/","title":{"rendered":"Aventura off-road 4x4 de 2 dias e alojamento"},"content":{"rendered":"<h2>Aventura off-road de 2 dias em ve\u00edculo com tra\u00e7\u00e3o nas quatro rodas e alojamento saindo de Ushuaia<\/h2>\n<p><strong>A experi\u00eancia off-road com acomoda\u00e7\u00f5es em lodges<\/strong> \u00c9 uma aventura \u00fanica, combinando experi\u00eancias de aventura com acomoda\u00e7\u00f5es administradas pelos propriet\u00e1rios, em meio a uma paisagem \u00fanica, de frente para o Lago Fagnano. A acomoda\u00e7\u00e3o fica a meio caminho entre as duas experi\u00eancias, o que a torna ainda mais agrad\u00e1vel para o conforto dos h\u00f3spedes.<\/p>","protected":false},"excerpt":{"rendered":"<p>Aventura de 2 d\u00edas 4WD Off Road y Lodge desde Ushuaia La experiencia off road con alojamiento en lodge es una aventura \u00fanica en el mundo, dada la combinaci\u00f3n de experiencias de aventura con alojamiento atendido por sus propios due\u00f1os, en medio de un paisaje sin igual, frente a Lago Fagnano. El alojamiento se ubica [&hellip;]<\/p>","protected":false},"featured_media":12153,"comment_status":"open","ping_status":"closed","template":"","meta":{"_joinchat":[]},"product_brand":[],"product_cat":[31],"product_tag":[],"actividad":[264,268],"ciudad":[286,212,59],"provincia":[238],"lugar":[252,274],"pais":[47],"class_list":{"0":"post-12122","1":"product","2":"type-product","3":"status-publish","4":"has-post-thumbnail","6":"product_cat-paquetes","7":"actividad-aventura-4x4","8":"actividad-gastronomia","9":"ciudad-cabo-san-pablo","10":"ciudad-puerto-almanza","11":"ciudad-ushuaia","12":"provincia-tierra-del-fuego","13":"lugar-cabo-san-pablo","14":"lugar-puerto-almanza","15":"pais-argentina","17":"first","18":"instock","19":"sold-individually","20":"shipping-taxable","21":"purchasable","22":"product-type-booking"},"yoast_head":"<!-- This site is optimized with the Yoast SEO plugin v27.2 - https:\/\/yoast.com\/product\/yoast-seo-wordpress\/ -->\n<title>Aventura de 2 d\u00edas 4WD Off Road y Lodge - Kaitek Viajes<\/title>\n<meta name=\"description\" content=\"Aventura de 2 d\u00edas 4WD Off Road y Lodge desde UshuaiaLa experiencia off road con alojamiento en lodge es una aventura \u00fanica en el mundo\" \/>\n<meta name=\"robots\" content=\"index, follow, max-snippet:-1, max-image-preview:large, max-video-preview:-1\" \/>\n<link rel=\"canonical\" href=\"https:\/\/kaitekviajes.com.ar\/pt\/produto\/aventura-de-2-dias-4wd-off-road-y-lodge\/?wmc-currency=USD\" \/>\n<meta property=\"og:locale\" content=\"pt_BR\" \/>\n<meta property=\"og:type\" content=\"article\" \/>\n<meta property=\"og:title\" content=\"Aventura de 2 d\u00edas 4WD Off Road y Lodge - Kaitek Viajes\" \/>\n<meta property=\"og:description\" content=\"Aventura de 2 d\u00edas 4WD Off Road y Lodge desde UshuaiaLa experiencia off road con alojamiento en lodge es una aventura \u00fanica en el mundo\" \/>\n<meta property=\"og:url\" content=\"https:\/\/kaitekviajes.com.ar\/pt\/produto\/aventura-de-2-dias-4wd-off-road-y-lodge\/?wmc-currency=USD\" \/>\n<meta property=\"og:site_name\" content=\"Kaitek Viajes\" \/>\n<meta property=\"article:modified_time\" content=\"2025-10-03T18:11:01+00:00\" \/>\n<meta property=\"og:image\" content=\"https:\/\/kaitekviajes.com.ar\/wp-content\/uploads\/2024\/11\/DSC04342-1-scaled.jpg\" \/>\n\t<meta property=\"og:image:width\" content=\"2560\" \/>\n\t<meta property=\"og:image:height\" content=\"1373\" \/>\n\t<meta property=\"og:image:type\" content=\"image\/jpeg\" \/>\n<meta name=\"twitter:card\" content=\"summary_large_image\" \/>\n<meta name=\"twitter:label1\" content=\"Est. tempo de leitura\" \/>\n\t<meta name=\"twitter:data1\" content=\"1 minuto\" \/>\n<script type=\"application\/ld+json\" class=\"yoast-schema-graph\">{\"@context\":\"https:\/\/schema.org\",\"@graph\":[{\"@type\":\"WebPage\",\"@id\":\"https:\/\/kaitekviajes.com.ar\/producto\/aventura-de-2-dias-4wd-off-road-y-lodge\/\",\"url\":\"https:\/\/kaitekviajes.com.ar\/producto\/aventura-de-2-dias-4wd-off-road-y-lodge\/\",\"name\":\"Aventura de 2 d\u00edas 4WD Off Road y Lodge - Kaitek Viajes\",\"isPartOf\":{\"@id\":\"https:\/\/kaitekviajes.com.ar\/#website\"},\"primaryImageOfPage\":{\"@id\":\"https:\/\/kaitekviajes.com.ar\/producto\/aventura-de-2-dias-4wd-off-road-y-lodge\/#primaryimage\"},\"image\":{\"@id\":\"https:\/\/kaitekviajes.com.ar\/producto\/aventura-de-2-dias-4wd-off-road-y-lodge\/#primaryimage\"},\"thumbnailUrl\":\"https:\/\/kaitekviajes.com.ar\/wp-content\/uploads\/2024\/11\/DSC04342-1-scaled.jpg\",\"datePublished\":\"2024-11-28T13:54:11+00:00\",\"dateModified\":\"2025-10-03T18:11:01+00:00\",\"description\":\"Aventura de 2 d\u00edas 4WD Off Road y Lodge desde UshuaiaLa experiencia off road con alojamiento en lodge es una aventura \u00fanica en el mundo\",\"breadcrumb\":{\"@id\":\"https:\/\/kaitekviajes.com.ar\/producto\/aventura-de-2-dias-4wd-off-road-y-lodge\/#breadcrumb\"},\"inLanguage\":\"pt-BR\",\"potentialAction\":[{\"@type\":\"ReadAction\",\"target\":[\"https:\/\/kaitekviajes.com.ar\/producto\/aventura-de-2-dias-4wd-off-road-y-lodge\/\"]}]},{\"@type\":\"ImageObject\",\"inLanguage\":\"pt-BR\",\"@id\":\"https:\/\/kaitekviajes.com.ar\/producto\/aventura-de-2-dias-4wd-off-road-y-lodge\/#primaryimage\",\"url\":\"https:\/\/kaitekviajes.com.ar\/wp-content\/uploads\/2024\/11\/DSC04342-1-scaled.jpg\",\"contentUrl\":\"https:\/\/kaitekviajes.com.ar\/wp-content\/uploads\/2024\/11\/DSC04342-1-scaled.jpg\",\"width\":2560,\"height\":1373},{\"@type\":\"BreadcrumbList\",\"@id\":\"https:\/\/kaitekviajes.com.ar\/producto\/aventura-de-2-dias-4wd-off-road-y-lodge\/#breadcrumb\",\"itemListElement\":[{\"@type\":\"ListItem\",\"position\":1,\"name\":\"Portada\",\"item\":\"https:\/\/kaitekviajes.com.ar\/\"},{\"@type\":\"ListItem\",\"position\":2,\"name\":\"Tienda\",\"item\":\"https:\/\/kaitekviajes.com.ar\/tienda\/\"},{\"@type\":\"ListItem\",\"position\":3,\"name\":\"Aventura de 2 d\u00edas 4WD Off Road y Lodge\"}]},{\"@type\":\"WebSite\",\"@id\":\"https:\/\/kaitekviajes.com.ar\/#website\",\"url\":\"https:\/\/kaitekviajes.com.ar\/\",\"name\":\"Kaitek Viajes\",\"description\":\"Excursiones - Ushuaia y Tierra del Fuego, Patagonia\",\"publisher\":{\"@id\":\"https:\/\/kaitekviajes.com.ar\/#organization\"},\"potentialAction\":[{\"@type\":\"SearchAction\",\"target\":{\"@type\":\"EntryPoint\",\"urlTemplate\":\"https:\/\/kaitekviajes.com.ar\/?s={search_term_string}\"},\"query-input\":{\"@type\":\"PropertyValueSpecification\",\"valueRequired\":true,\"valueName\":\"search_term_string\"}}],\"inLanguage\":\"pt-BR\"},{\"@type\":\"Organization\",\"@id\":\"https:\/\/kaitekviajes.com.ar\/#organization\",\"name\":\"Kaitek Viajes\",\"url\":\"https:\/\/kaitekviajes.com.ar\/\",\"logo\":{\"@type\":\"ImageObject\",\"inLanguage\":\"pt-BR\",\"@id\":\"https:\/\/kaitekviajes.com.ar\/#\/schema\/logo\/image\/\",\"url\":\"https:\/\/kaitekviajes.com.ar\/wp-content\/uploads\/2023\/04\/cropped-Logo-Kaitek-completo.png\",\"contentUrl\":\"https:\/\/kaitekviajes.com.ar\/wp-content\/uploads\/2023\/04\/cropped-Logo-Kaitek-completo.png\",\"width\":1380,\"height\":706,\"caption\":\"Kaitek Viajes\"},\"image\":{\"@id\":\"https:\/\/kaitekviajes.com.ar\/#\/schema\/logo\/image\/\"}}]}<\/script>\n<!-- \/ Yoast SEO plugin. -->","yoast_head_json":{"title":"Aventura de 2 d\u00edas 4WD Off Road y Lodge - Kaitek Viajes","description":"Aventura de 2 d\u00edas 4WD Off Road y Lodge desde UshuaiaLa experiencia off road con alojamiento en lodge es una aventura \u00fanica en el mundo","robots":{"index":"index","follow":"follow","max-snippet":"max-snippet:-1","max-image-preview":"max-image-preview:large","max-video-preview":"max-video-preview:-1"},"canonical":"https:\/\/kaitekviajes.com.ar\/pt\/produto\/aventura-de-2-dias-4wd-off-road-y-lodge\/?wmc-currency=USD","og_locale":"pt_BR","og_type":"article","og_title":"Aventura de 2 d\u00edas 4WD Off Road y Lodge - Kaitek Viajes","og_description":"Aventura de 2 d\u00edas 4WD Off Road y Lodge desde UshuaiaLa experiencia off road con alojamiento en lodge es una aventura \u00fanica en el mundo","og_url":"https:\/\/kaitekviajes.com.ar\/pt\/produto\/aventura-de-2-dias-4wd-off-road-y-lodge\/?wmc-currency=USD","og_site_name":"Kaitek Viajes","article_modified_time":"2025-10-03T18:11:01+00:00","og_image":[{"width":2560,"height":1373,"url":"https:\/\/kaitekviajes.com.ar\/wp-content\/uploads\/2024\/11\/DSC04342-1-scaled.jpg","type":"image\/jpeg"}],"twitter_card":"summary_large_image","twitter_misc":{"Est. tempo de leitura":"1 minuto"},"schema":{"@context":"https:\/\/schema.org","@graph":[{"@type":"WebPage","@id":"https:\/\/kaitekviajes.com.ar\/producto\/aventura-de-2-dias-4wd-off-road-y-lodge\/","url":"https:\/\/kaitekviajes.com.ar\/producto\/aventura-de-2-dias-4wd-off-road-y-lodge\/","name":"Aventura de 2 d\u00edas 4WD Off Road y Lodge - Kaitek Viajes","isPartOf":{"@id":"https:\/\/kaitekviajes.com.ar\/#website"},"primaryImageOfPage":{"@id":"https:\/\/kaitekviajes.com.ar\/producto\/aventura-de-2-dias-4wd-off-road-y-lodge\/#primaryimage"},"image":{"@id":"https:\/\/kaitekviajes.com.ar\/producto\/aventura-de-2-dias-4wd-off-road-y-lodge\/#primaryimage"},"thumbnailUrl":"https:\/\/kaitekviajes.com.ar\/wp-content\/uploads\/2024\/11\/DSC04342-1-scaled.jpg","datePublished":"2024-11-28T13:54:11+00:00","dateModified":"2025-10-03T18:11:01+00:00","description":"Aventura de 2 d\u00edas 4WD Off Road y Lodge desde UshuaiaLa experiencia off road con alojamiento en lodge es una aventura \u00fanica en el mundo","breadcrumb":{"@id":"https:\/\/kaitekviajes.com.ar\/producto\/aventura-de-2-dias-4wd-off-road-y-lodge\/#breadcrumb"},"inLanguage":"pt-BR","potentialAction":[{"@type":"ReadAction","target":["https:\/\/kaitekviajes.com.ar\/producto\/aventura-de-2-dias-4wd-off-road-y-lodge\/"]}]},{"@type":"ImageObject","inLanguage":"pt-BR","@id":"https:\/\/kaitekviajes.com.ar\/producto\/aventura-de-2-dias-4wd-off-road-y-lodge\/#primaryimage","url":"https:\/\/kaitekviajes.com.ar\/wp-content\/uploads\/2024\/11\/DSC04342-1-scaled.jpg","contentUrl":"https:\/\/kaitekviajes.com.ar\/wp-content\/uploads\/2024\/11\/DSC04342-1-scaled.jpg","width":2560,"height":1373},{"@type":"BreadcrumbList","@id":"https:\/\/kaitekviajes.com.ar\/producto\/aventura-de-2-dias-4wd-off-road-y-lodge\/#breadcrumb","itemListElement":[{"@type":"ListItem","position":1,"name":"Portada","item":"https:\/\/kaitekviajes.com.ar\/"},{"@type":"ListItem","position":2,"name":"Tienda","item":"https:\/\/kaitekviajes.com.ar\/tienda\/"},{"@type":"ListItem","position":3,"name":"Aventura de 2 d\u00edas 4WD Off Road y Lodge"}]},{"@type":"WebSite","@id":"https:\/\/kaitekviajes.com.ar\/#website","url":"https:\/\/kaitekviajes.com.ar\/","name":"Kaitek Viajes","description":"Excursiones - Ushuaia y Tierra del Fuego, Patagonia","publisher":{"@id":"https:\/\/kaitekviajes.com.ar\/#organization"},"potentialAction":[{"@type":"SearchAction","target":{"@type":"EntryPoint","urlTemplate":"https:\/\/kaitekviajes.com.ar\/?s={search_term_string}"},"query-input":{"@type":"PropertyValueSpecification","valueRequired":true,"valueName":"search_term_string"}}],"inLanguage":"pt-BR"},{"@type":"Organization","@id":"https:\/\/kaitekviajes.com.ar\/#organization","name":"Kaitek Viajes","url":"https:\/\/kaitekviajes.com.ar\/","logo":{"@type":"ImageObject","inLanguage":"pt-BR","@id":"https:\/\/kaitekviajes.com.ar\/#\/schema\/logo\/image\/","url":"https:\/\/kaitekviajes.com.ar\/wp-content\/uploads\/2023\/04\/cropped-Logo-Kaitek-completo.png","contentUrl":"https:\/\/kaitekviajes.com.ar\/wp-content\/uploads\/2023\/04\/cropped-Logo-Kaitek-completo.png","width":1380,"height":706,"caption":"Kaitek Viajes"},"image":{"@id":"https:\/\/kaitekviajes.com.ar\/#\/schema\/logo\/image\/"}}]}},"_links":{"self":[{"href":"https:\/\/kaitekviajes.com.ar\/pt\/wp-json\/wp\/v2\/product\/12122","targetHints":{"allow":["GET"]}}],"collection":[{"href":"https:\/\/kaitekviajes.com.ar\/pt\/wp-json\/wp\/v2\/product"}],"about":[{"href":"https:\/\/kaitekviajes.com.ar\/pt\/wp-json\/wp\/v2\/types\/product"}],"replies":[{"embeddable":true,"href":"https:\/\/kaitekviajes.com.ar\/pt\/wp-json\/wp\/v2\/comments?post=12122"}],"wp:featuredmedia":[{"embeddable":true,"href":"https:\/\/kaitekviajes.com.ar\/pt\/wp-json\/wp\/v2\/media\/12153"}],"wp:attachment":[{"href":"https:\/\/kaitekviajes.com.ar\/pt\/wp-json\/wp\/v2\/media?parent=12122"}],"wp:term":[{"taxonomy":"product_brand","embeddable":true,"href":"https:\/\/kaitekviajes.com.ar\/pt\/wp-json\/wp\/v2\/product_brand?post=12122"},{"taxonomy":"product_cat","embeddable":true,"href":"https:\/\/kaitekviajes.com.ar\/pt\/wp-json\/wp\/v2\/product_cat?post=12122"},{"taxonomy":"product_tag","embeddable":true,"href":"https:\/\/kaitekviajes.com.ar\/pt\/wp-json\/wp\/v2\/product_tag?post=12122"},{"taxonomy":"actividad","embeddable":true,"href":"https:\/\/kaitekviajes.com.ar\/pt\/wp-json\/wp\/v2\/actividad?post=12122"},{"taxonomy":"ciudad","embeddable":true,"href":"https:\/\/kaitekviajes.com.ar\/pt\/wp-json\/wp\/v2\/ciudad?post=12122"},{"taxonomy":"provincia","embeddable":true,"href":"https:\/\/kaitekviajes.com.ar\/pt\/wp-json\/wp\/v2\/provincia?post=12122"},{"taxonomy":"lugar","embeddable":true,"href":"https:\/\/kaitekviajes.com.ar\/pt\/wp-json\/wp\/v2\/lugar?post=12122"},{"taxonomy":"pais","embeddable":true,"href":"https:\/\/kaitekviajes.com.ar\/pt\/wp-json\/wp\/v2\/pais?post=12122"}],"curies":[{"name":"wp","href":"https:\/\/api.w.org\/{rel}","templated":true}]}}