{"id":11684,"date":"2025-06-20T20:23:39","date_gmt":"2025-06-20T23:23:39","guid":{"rendered":"https:\/\/kaitekviajes.com.ar\/?post_type=product&#038;p=11684"},"modified":"2026-03-22T16:24:10","modified_gmt":"2026-03-22T19:24:10","slug":"ruta-cultural-y-gastronomica-de-ushuaia","status":"publish","type":"product","link":"https:\/\/kaitekviajes.com.ar\/pt\/produto\/ruta-cultural-y-gastronomica-de-ushuaia\/","title":{"rendered":"Rota Cultural e Gastron\u00f4mica de Ushuaia"},"content":{"rendered":"<h1>Aprenda sobre a hist\u00f3ria de Ushuaia e da Terra do Fogo e saboreie deliciosas receitas locais no Museu Gastron\u00f4mico.<\/h1>\n<p>Criamos uma experi\u00eancia ideal para voc\u00ea aprender e apreciar a hist\u00f3ria da nossa cidade a p\u00e9, al\u00e9m de mergulhar em uma experi\u00eancia gastron\u00f4mica, onde poder\u00e1 saborear pratos feitos com ingredientes locais e regionais, cercado por belas vistas da cidade e uma rica hist\u00f3ria local!<\/p>","protected":false},"excerpt":{"rendered":"<p>Conoc\u00e9 la historia de Ushuaia y Tierra del Fuego, y disfrut\u00e1 de riqu\u00edsimas recetas locales en el Museo Gastron\u00f3mico Creamos una experiencia ideal para poder conocer y apreciar la historia de nuestra ciudad a pie, as\u00ed como introducirse en una experiencia gastron\u00f3mica, donde podr\u00e1s degustar platos elaborados con ingredientes locales y regionales rodeado de hermosas [&hellip;]<\/p>","protected":false},"featured_media":14773,"comment_status":"open","ping_status":"closed","template":"","meta":{"_joinchat":[]},"product_brand":[],"product_cat":[27],"product_tag":[],"actividad":[285,268],"ciudad":[59],"provincia":[238],"lugar":[248,242,243,255],"pais":[47],"class_list":{"0":"post-11684","1":"product","2":"type-product","3":"status-publish","4":"has-post-thumbnail","6":"product_cat-excursiones","7":"actividad-city-tour","8":"actividad-gastronomia","9":"ciudad-ushuaia","10":"provincia-tierra-del-fuego","11":"lugar-canal-beagle","12":"lugar-monte-olivia","13":"lugar-monte-susana","14":"lugar-saint-christopher-barco-hundido","15":"pais-argentina","17":"first","18":"instock","19":"sold-individually","20":"shipping-taxable","21":"purchasable","22":"product-type-booking"},"yoast_head":"<!-- This site is optimized with the Yoast SEO plugin v27.2 - https:\/\/yoast.com\/product\/yoast-seo-wordpress\/ -->\n<title>Ruta Cultural y Gastron\u00f3mica de Ushuaia - Kaitek Viajes<\/title>\n<meta name=\"description\" content=\"Conoc\u00e9 la historia de Ushuaia y Tierra del Fuego, y disfrut\u00e1 de riqu\u00edsimas recetas locales en el Museo Gastron\u00f3mico\" \/>\n<meta name=\"robots\" content=\"index, follow, max-snippet:-1, max-image-preview:large, max-video-preview:-1\" \/>\n<link rel=\"canonical\" href=\"https:\/\/kaitekviajes.com.ar\/pt\/produto\/ruta-cultural-y-gastronomica-de-ushuaia\/?wmc-currency=USD\" \/>\n<meta property=\"og:locale\" content=\"pt_BR\" \/>\n<meta property=\"og:type\" content=\"article\" \/>\n<meta property=\"og:title\" content=\"Ruta Cultural y Gastron\u00f3mica de Ushuaia - Kaitek Viajes\" \/>\n<meta property=\"og:description\" content=\"Conoc\u00e9 la historia de Ushuaia y Tierra del Fuego, y disfrut\u00e1 de riqu\u00edsimas recetas locales en el Museo Gastron\u00f3mico\" \/>\n<meta property=\"og:url\" content=\"https:\/\/kaitekviajes.com.ar\/pt\/produto\/ruta-cultural-y-gastronomica-de-ushuaia\/?wmc-currency=USD\" \/>\n<meta property=\"og:site_name\" content=\"Kaitek Viajes\" \/>\n<meta property=\"article:modified_time\" content=\"2026-03-22T19:24:10+00:00\" \/>\n<meta property=\"og:image\" content=\"https:\/\/kaitekviajes.com.ar\/wp-content\/uploads\/2024\/10\/heather_ccg_ushuaia.png\" \/>\n\t<meta property=\"og:image:width\" content=\"600\" \/>\n\t<meta property=\"og:image:height\" content=\"315\" \/>\n\t<meta property=\"og:image:type\" content=\"image\/png\" \/>\n<meta name=\"twitter:card\" content=\"summary_large_image\" \/>\n<meta name=\"twitter:label1\" content=\"Est. tempo de leitura\" \/>\n\t<meta name=\"twitter:data1\" content=\"1 minuto\" \/>\n<script type=\"application\/ld+json\" class=\"yoast-schema-graph\">{\"@context\":\"https:\/\/schema.org\",\"@graph\":[{\"@type\":\"WebPage\",\"@id\":\"https:\/\/kaitekviajes.com.ar\/producto\/ruta-cultural-y-gastronomica-de-ushuaia\/\",\"url\":\"https:\/\/kaitekviajes.com.ar\/producto\/ruta-cultural-y-gastronomica-de-ushuaia\/\",\"name\":\"Ruta Cultural y Gastron\u00f3mica de Ushuaia - Kaitek Viajes\",\"isPartOf\":{\"@id\":\"https:\/\/kaitekviajes.com.ar\/#website\"},\"primaryImageOfPage\":{\"@id\":\"https:\/\/kaitekviajes.com.ar\/producto\/ruta-cultural-y-gastronomica-de-ushuaia\/#primaryimage\"},\"image\":{\"@id\":\"https:\/\/kaitekviajes.com.ar\/producto\/ruta-cultural-y-gastronomica-de-ushuaia\/#primaryimage\"},\"thumbnailUrl\":\"https:\/\/kaitekviajes.com.ar\/wp-content\/uploads\/2024\/10\/heather_ccg_ushuaia.png\",\"datePublished\":\"2025-06-20T23:23:39+00:00\",\"dateModified\":\"2026-03-22T19:24:10+00:00\",\"description\":\"Conoc\u00e9 la historia de Ushuaia y Tierra del Fuego, y disfrut\u00e1 de riqu\u00edsimas recetas locales en el Museo Gastron\u00f3mico\",\"breadcrumb\":{\"@id\":\"https:\/\/kaitekviajes.com.ar\/producto\/ruta-cultural-y-gastronomica-de-ushuaia\/#breadcrumb\"},\"inLanguage\":\"pt-BR\",\"potentialAction\":[{\"@type\":\"ReadAction\",\"target\":[\"https:\/\/kaitekviajes.com.ar\/producto\/ruta-cultural-y-gastronomica-de-ushuaia\/\"]}]},{\"@type\":\"ImageObject\",\"inLanguage\":\"pt-BR\",\"@id\":\"https:\/\/kaitekviajes.com.ar\/producto\/ruta-cultural-y-gastronomica-de-ushuaia\/#primaryimage\",\"url\":\"https:\/\/kaitekviajes.com.ar\/wp-content\/uploads\/2024\/10\/heather_ccg_ushuaia.png\",\"contentUrl\":\"https:\/\/kaitekviajes.com.ar\/wp-content\/uploads\/2024\/10\/heather_ccg_ushuaia.png\",\"width\":600,\"height\":315},{\"@type\":\"BreadcrumbList\",\"@id\":\"https:\/\/kaitekviajes.com.ar\/producto\/ruta-cultural-y-gastronomica-de-ushuaia\/#breadcrumb\",\"itemListElement\":[{\"@type\":\"ListItem\",\"position\":1,\"name\":\"Portada\",\"item\":\"https:\/\/kaitekviajes.com.ar\/\"},{\"@type\":\"ListItem\",\"position\":2,\"name\":\"Tienda\",\"item\":\"https:\/\/kaitekviajes.com.ar\/tienda\/\"},{\"@type\":\"ListItem\",\"position\":3,\"name\":\"Ruta Cultural y Gastron\u00f3mica de Ushuaia\"}]},{\"@type\":\"WebSite\",\"@id\":\"https:\/\/kaitekviajes.com.ar\/#website\",\"url\":\"https:\/\/kaitekviajes.com.ar\/\",\"name\":\"Kaitek Viajes\",\"description\":\"Excursiones - Ushuaia y Tierra del Fuego, Patagonia\",\"publisher\":{\"@id\":\"https:\/\/kaitekviajes.com.ar\/#organization\"},\"potentialAction\":[{\"@type\":\"SearchAction\",\"target\":{\"@type\":\"EntryPoint\",\"urlTemplate\":\"https:\/\/kaitekviajes.com.ar\/?s={search_term_string}\"},\"query-input\":{\"@type\":\"PropertyValueSpecification\",\"valueRequired\":true,\"valueName\":\"search_term_string\"}}],\"inLanguage\":\"pt-BR\"},{\"@type\":\"Organization\",\"@id\":\"https:\/\/kaitekviajes.com.ar\/#organization\",\"name\":\"Kaitek Viajes\",\"url\":\"https:\/\/kaitekviajes.com.ar\/\",\"logo\":{\"@type\":\"ImageObject\",\"inLanguage\":\"pt-BR\",\"@id\":\"https:\/\/kaitekviajes.com.ar\/#\/schema\/logo\/image\/\",\"url\":\"https:\/\/kaitekviajes.com.ar\/wp-content\/uploads\/2023\/04\/cropped-Logo-Kaitek-completo.png\",\"contentUrl\":\"https:\/\/kaitekviajes.com.ar\/wp-content\/uploads\/2023\/04\/cropped-Logo-Kaitek-completo.png\",\"width\":1380,\"height\":706,\"caption\":\"Kaitek Viajes\"},\"image\":{\"@id\":\"https:\/\/kaitekviajes.com.ar\/#\/schema\/logo\/image\/\"}}]}<\/script>\n<!-- \/ Yoast SEO plugin. -->","yoast_head_json":{"title":"Ruta Cultural y Gastron\u00f3mica de Ushuaia - Kaitek Viajes","description":"Conoc\u00e9 la historia de Ushuaia y Tierra del Fuego, y disfrut\u00e1 de riqu\u00edsimas recetas locales en el Museo Gastron\u00f3mico","robots":{"index":"index","follow":"follow","max-snippet":"max-snippet:-1","max-image-preview":"max-image-preview:large","max-video-preview":"max-video-preview:-1"},"canonical":"https:\/\/kaitekviajes.com.ar\/pt\/produto\/ruta-cultural-y-gastronomica-de-ushuaia\/?wmc-currency=USD","og_locale":"pt_BR","og_type":"article","og_title":"Ruta Cultural y Gastron\u00f3mica de Ushuaia - Kaitek Viajes","og_description":"Conoc\u00e9 la historia de Ushuaia y Tierra del Fuego, y disfrut\u00e1 de riqu\u00edsimas recetas locales en el Museo Gastron\u00f3mico","og_url":"https:\/\/kaitekviajes.com.ar\/pt\/produto\/ruta-cultural-y-gastronomica-de-ushuaia\/?wmc-currency=USD","og_site_name":"Kaitek Viajes","article_modified_time":"2026-03-22T19:24:10+00:00","og_image":[{"width":600,"height":315,"url":"https:\/\/kaitekviajes.com.ar\/wp-content\/uploads\/2024\/10\/heather_ccg_ushuaia.png","type":"image\/png"}],"twitter_card":"summary_large_image","twitter_misc":{"Est. tempo de leitura":"1 minuto"},"schema":{"@context":"https:\/\/schema.org","@graph":[{"@type":"WebPage","@id":"https:\/\/kaitekviajes.com.ar\/producto\/ruta-cultural-y-gastronomica-de-ushuaia\/","url":"https:\/\/kaitekviajes.com.ar\/producto\/ruta-cultural-y-gastronomica-de-ushuaia\/","name":"Ruta Cultural y Gastron\u00f3mica de Ushuaia - Kaitek Viajes","isPartOf":{"@id":"https:\/\/kaitekviajes.com.ar\/#website"},"primaryImageOfPage":{"@id":"https:\/\/kaitekviajes.com.ar\/producto\/ruta-cultural-y-gastronomica-de-ushuaia\/#primaryimage"},"image":{"@id":"https:\/\/kaitekviajes.com.ar\/producto\/ruta-cultural-y-gastronomica-de-ushuaia\/#primaryimage"},"thumbnailUrl":"https:\/\/kaitekviajes.com.ar\/wp-content\/uploads\/2024\/10\/heather_ccg_ushuaia.png","datePublished":"2025-06-20T23:23:39+00:00","dateModified":"2026-03-22T19:24:10+00:00","description":"Conoc\u00e9 la historia de Ushuaia y Tierra del Fuego, y disfrut\u00e1 de riqu\u00edsimas recetas locales en el Museo Gastron\u00f3mico","breadcrumb":{"@id":"https:\/\/kaitekviajes.com.ar\/producto\/ruta-cultural-y-gastronomica-de-ushuaia\/#breadcrumb"},"inLanguage":"pt-BR","potentialAction":[{"@type":"ReadAction","target":["https:\/\/kaitekviajes.com.ar\/producto\/ruta-cultural-y-gastronomica-de-ushuaia\/"]}]},{"@type":"ImageObject","inLanguage":"pt-BR","@id":"https:\/\/kaitekviajes.com.ar\/producto\/ruta-cultural-y-gastronomica-de-ushuaia\/#primaryimage","url":"https:\/\/kaitekviajes.com.ar\/wp-content\/uploads\/2024\/10\/heather_ccg_ushuaia.png","contentUrl":"https:\/\/kaitekviajes.com.ar\/wp-content\/uploads\/2024\/10\/heather_ccg_ushuaia.png","width":600,"height":315},{"@type":"BreadcrumbList","@id":"https:\/\/kaitekviajes.com.ar\/producto\/ruta-cultural-y-gastronomica-de-ushuaia\/#breadcrumb","itemListElement":[{"@type":"ListItem","position":1,"name":"Portada","item":"https:\/\/kaitekviajes.com.ar\/"},{"@type":"ListItem","position":2,"name":"Tienda","item":"https:\/\/kaitekviajes.com.ar\/tienda\/"},{"@type":"ListItem","position":3,"name":"Ruta Cultural y Gastron\u00f3mica de Ushuaia"}]},{"@type":"WebSite","@id":"https:\/\/kaitekviajes.com.ar\/#website","url":"https:\/\/kaitekviajes.com.ar\/","name":"Kaitek Viajes","description":"Excursiones - Ushuaia y Tierra del Fuego, Patagonia","publisher":{"@id":"https:\/\/kaitekviajes.com.ar\/#organization"},"potentialAction":[{"@type":"SearchAction","target":{"@type":"EntryPoint","urlTemplate":"https:\/\/kaitekviajes.com.ar\/?s={search_term_string}"},"query-input":{"@type":"PropertyValueSpecification","valueRequired":true,"valueName":"search_term_string"}}],"inLanguage":"pt-BR"},{"@type":"Organization","@id":"https:\/\/kaitekviajes.com.ar\/#organization","name":"Kaitek Viajes","url":"https:\/\/kaitekviajes.com.ar\/","logo":{"@type":"ImageObject","inLanguage":"pt-BR","@id":"https:\/\/kaitekviajes.com.ar\/#\/schema\/logo\/image\/","url":"https:\/\/kaitekviajes.com.ar\/wp-content\/uploads\/2023\/04\/cropped-Logo-Kaitek-completo.png","contentUrl":"https:\/\/kaitekviajes.com.ar\/wp-content\/uploads\/2023\/04\/cropped-Logo-Kaitek-completo.png","width":1380,"height":706,"caption":"Kaitek Viajes"},"image":{"@id":"https:\/\/kaitekviajes.com.ar\/#\/schema\/logo\/image\/"}}]}},"_links":{"self":[{"href":"https:\/\/kaitekviajes.com.ar\/pt\/wp-json\/wp\/v2\/product\/11684","targetHints":{"allow":["GET"]}}],"collection":[{"href":"https:\/\/kaitekviajes.com.ar\/pt\/wp-json\/wp\/v2\/product"}],"about":[{"href":"https:\/\/kaitekviajes.com.ar\/pt\/wp-json\/wp\/v2\/types\/product"}],"replies":[{"embeddable":true,"href":"https:\/\/kaitekviajes.com.ar\/pt\/wp-json\/wp\/v2\/comments?post=11684"}],"wp:featuredmedia":[{"embeddable":true,"href":"https:\/\/kaitekviajes.com.ar\/pt\/wp-json\/wp\/v2\/media\/14773"}],"wp:attachment":[{"href":"https:\/\/kaitekviajes.com.ar\/pt\/wp-json\/wp\/v2\/media?parent=11684"}],"wp:term":[{"taxonomy":"product_brand","embeddable":true,"href":"https:\/\/kaitekviajes.com.ar\/pt\/wp-json\/wp\/v2\/product_brand?post=11684"},{"taxonomy":"product_cat","embeddable":true,"href":"https:\/\/kaitekviajes.com.ar\/pt\/wp-json\/wp\/v2\/product_cat?post=11684"},{"taxonomy":"product_tag","embeddable":true,"href":"https:\/\/kaitekviajes.com.ar\/pt\/wp-json\/wp\/v2\/product_tag?post=11684"},{"taxonomy":"actividad","embeddable":true,"href":"https:\/\/kaitekviajes.com.ar\/pt\/wp-json\/wp\/v2\/actividad?post=11684"},{"taxonomy":"ciudad","embeddable":true,"href":"https:\/\/kaitekviajes.com.ar\/pt\/wp-json\/wp\/v2\/ciudad?post=11684"},{"taxonomy":"provincia","embeddable":true,"href":"https:\/\/kaitekviajes.com.ar\/pt\/wp-json\/wp\/v2\/provincia?post=11684"},{"taxonomy":"lugar","embeddable":true,"href":"https:\/\/kaitekviajes.com.ar\/pt\/wp-json\/wp\/v2\/lugar?post=11684"},{"taxonomy":"pais","embeddable":true,"href":"https:\/\/kaitekviajes.com.ar\/pt\/wp-json\/wp\/v2\/pais?post=11684"}],"curies":[{"name":"wp","href":"https:\/\/api.w.org\/{rel}","templated":true}]}}