{"id":609,"date":"2023-05-09T16:02:18","date_gmt":"2023-05-09T19:02:18","guid":{"rendered":"https:\/\/kaitekviajes.com.ar\/?page_id=609"},"modified":"2025-04-03T22:59:53","modified_gmt":"2025-04-04T01:59:53","slug":"politica-de-privacidad","status":"publish","type":"page","link":"https:\/\/kaitekviajes.com.ar\/pt\/politica-de-privacidad\/","title":{"rendered":"pol\u00edtica de Privacidade"},"content":{"rendered":"<div data-elementor-type=\"wp-page\" data-elementor-id=\"609\" class=\"elementor elementor-609\" data-elementor-post-type=\"page\">\n\t\t\t\t\t\t<section class=\"elementor-section elementor-top-section elementor-element elementor-element-258a4a5 elementor-section-full_width elementor-section-height-min-height elementor-section-stretched elementor-section-height-default elementor-section-items-middle\" data-id=\"258a4a5\" data-element_type=\"section\" data-e-type=\"section\" data-settings=\"{&quot;stretch_section&quot;:&quot;section-stretched&quot;,&quot;background_background&quot;:&quot;classic&quot;}\">\n\t\t\t\t\t\t\t<div class=\"elementor-background-overlay\"><\/div>\n\t\t\t\t\t\t\t<div class=\"elementor-container elementor-column-gap-default\">\n\t\t\t\t\t<div class=\"elementor-column elementor-col-100 elementor-top-column elementor-element elementor-element-20f4342\" data-id=\"20f4342\" data-element_type=\"column\" data-e-type=\"column\">\n\t\t\t<div class=\"elementor-widget-wrap elementor-element-populated\">\n\t\t\t\t\t\t<div class=\"elementor-element elementor-element-213b024 elementor-widget elementor-widget-heading\" data-id=\"213b024\" data-element_type=\"widget\" data-e-type=\"widget\" data-widget_type=\"heading.default\">\n\t\t\t\t\t<h1 class=\"elementor-heading-title elementor-size-default\">pol\u00edtica de Privacidade<\/h1>\t\t\t\t<\/div>\n\t\t\t\t\t<\/div>\n\t\t<\/div>\n\t\t\t\t\t<\/div>\n\t\t<\/section>\n\t\t\t\t<section class=\"elementor-section elementor-top-section elementor-element elementor-element-aeb7cad elementor-section-stretched elementor-section-boxed elementor-section-height-default elementor-section-height-default\" data-id=\"aeb7cad\" data-element_type=\"section\" data-e-type=\"section\" data-settings=\"{&quot;stretch_section&quot;:&quot;section-stretched&quot;}\">\n\t\t\t\t\t\t<div class=\"elementor-container elementor-column-gap-default\">\n\t\t\t\t\t<div class=\"elementor-column elementor-col-100 elementor-top-column elementor-element elementor-element-9c850ba\" data-id=\"9c850ba\" data-element_type=\"column\" data-e-type=\"column\">\n\t\t\t<div class=\"elementor-widget-wrap elementor-element-populated\">\n\t\t\t\t\t\t<div class=\"elementor-element elementor-element-fdfa22c elementor-widget elementor-widget-text-editor\" data-id=\"fdfa22c\" data-element_type=\"widget\" data-e-type=\"widget\" data-widget_type=\"text-editor.default\">\n\t\t\t\t\t\t\t\t\t<p>As informa\u00e7\u00f5es a seguir sobre nossa Pol\u00edtica de Privacidade refletem o compromisso da MERIDION TRAVEL COMPANY SAS em manter e garantir relacionamentos comerciais seguros, protegendo dados pessoais e garantindo o direito \u00e0 privacidade de cada um dos usu\u00e1rios dos nossos servi\u00e7os. Este documento explica como utilizamos os dados pessoais dos usu\u00e1rios do site.<\/p>\t\t\t\t\t\t\t\t<\/div>\n\t\t\t\t<div class=\"elementor-element elementor-element-0fd1b56 elementor-widget__width-auto elementor-widget elementor-widget-heading\" data-id=\"0fd1b56\" data-element_type=\"widget\" data-e-type=\"widget\" data-widget_type=\"heading.default\">\n\t\t\t\t\t<h2 class=\"elementor-heading-title elementor-size-default\">Defini\u00e7\u00e3o de dados pessoais<\/h2>\t\t\t\t<\/div>\n\t\t\t\t<div class=\"elementor-element elementor-element-fc5c516 elementor-widget elementor-widget-text-editor\" data-id=\"fc5c516\" data-element_type=\"widget\" data-e-type=\"widget\" data-widget_type=\"text-editor.default\">\n\t\t\t\t\t\t\t\t\t<p>&quot;Dados Pessoais&quot; referem-se a quaisquer informa\u00e7\u00f5es relativas a uma pessoa f\u00edsica identificada ou identific\u00e1vel. Isso inclui, entre outras coisas, nome e sobrenome, endere\u00e7os postal e de e-mail e n\u00famero de telefone.<\/p>\t\t\t\t\t\t\t\t<\/div>\n\t\t\t\t<div class=\"elementor-element elementor-element-0affc3d elementor-widget__width-auto elementor-widget elementor-widget-heading\" data-id=\"0affc3d\" data-element_type=\"widget\" data-e-type=\"widget\" data-widget_type=\"heading.default\">\n\t\t\t\t\t<h2 class=\"elementor-heading-title elementor-size-default\">Tratamentos e finalidades dos dados recolhidos<\/h2>\t\t\t\t<\/div>\n\t\t\t\t<div class=\"elementor-element elementor-element-8006c92 elementor-widget elementor-widget-text-editor\" data-id=\"8006c92\" data-element_type=\"widget\" data-e-type=\"widget\" data-widget_type=\"text-editor.default\">\n\t\t\t\t\t\t\t\t\t<div>Quaisquer dados pessoais que voc\u00ea fornecer ao visitar qualquer um de nossos sites ou instalar nosso aplicativo m\u00f3vel ser\u00e3o processados de acordo com os regulamentos de prote\u00e7\u00e3o de dados e ser\u00e3o coletados, processados e utilizados apenas para fins l\u00edcitos, leg\u00edtimos e informados. Portanto, detalhamos todas as finalidades para as quais a MERIDION TRAVEL COMPANY SAS utiliza dados pessoais como controladora de dados:<\/div><div>\u00a0<\/div><div>Gerenciar formul\u00e1rios de registro para que voc\u00ea possa se tornar um usu\u00e1rio registrado e acessar os servi\u00e7os, bem como entrar em contato com voc\u00ea e responder a perguntas que voc\u00ea possa ter ou receber informa\u00e7\u00f5es comerciais sobre novos produtos e novidades da empresa.<\/div><div>Outra finalidade para a qual os dados s\u00e3o coletados \u00e9 responder \u00e0s perguntas enviadas por meio de formul\u00e1rios de contato. Os dados obtidos por esse meio s\u00e3o utilizados para responder aos usu\u00e1rios e enviar-lhes informa\u00e7\u00f5es comerciais, bem como para inclu\u00ed-los na lista de distribui\u00e7\u00e3o.<\/div><div>A MERIDION TRAVEL COMPANY SAS informar\u00e1 todos os usu\u00e1rios que a coleta de determinados dados pessoais n\u00e3o \u00e9 obrigat\u00f3ria, exceto nos campos indicados em contr\u00e1rio. No entanto, a n\u00e3o disponibiliza\u00e7\u00e3o desses dados poder\u00e1 impedir a MERIDION TRAVEL COMPANY SAS de fornecer todos os Servi\u00e7os vinculados a esses dados, isentando-nos de qualquer responsabilidade pela n\u00e3o presta\u00e7\u00e3o ou presta\u00e7\u00e3o incompleta desses Servi\u00e7os.<\/div><div>\u00a0<\/div><div>\u00c9 obriga\u00e7\u00e3o do usu\u00e1rio fornecer dados exatos e mant\u00ea-los atualizados. A MERIDION TRAVEL COMPANY SAS reserva-se o direito de excluir de seus servi\u00e7os e cancelar o servi\u00e7o qualquer usu\u00e1rio que tenha fornecido dados falsos, sem preju\u00edzo de outras a\u00e7\u00f5es legais.<\/div>\t\t\t\t\t\t\t\t<\/div>\n\t\t\t\t<div class=\"elementor-element elementor-element-133b0c2 elementor-widget__width-auto elementor-widget elementor-widget-heading\" data-id=\"133b0c2\" data-element_type=\"widget\" data-e-type=\"widget\" data-widget_type=\"heading.default\">\n\t\t\t\t\t<h2 class=\"elementor-heading-title elementor-size-default\">Legitima\u00e7\u00e3o para o tratamento dos seus dados<\/h2>\t\t\t\t<\/div>\n\t\t\t\t<div class=\"elementor-element elementor-element-0af205b elementor-widget elementor-widget-text-editor\" data-id=\"0af205b\" data-element_type=\"widget\" data-e-type=\"widget\" data-widget_type=\"text-editor.default\">\n\t\t\t\t\t\t\t\t\t<div>A base legal para o processamento dos seus dados \u00e9 a resposta \u00e0s consultas enviadas atrav\u00e9s do site, o que implica a tomada de medidas pr\u00e9-contratuais a pedido do titular dos dados.<\/div>\t\t\t\t\t\t\t\t<\/div>\n\t\t\t\t<div class=\"elementor-element elementor-element-6ddbb99 elementor-widget__width-auto elementor-widget elementor-widget-heading\" data-id=\"6ddbb99\" data-element_type=\"widget\" data-e-type=\"widget\" data-widget_type=\"heading.default\">\n\t\t\t\t\t<h2 class=\"elementor-heading-title elementor-size-default\">Per\u00edodo de reten\u00e7\u00e3o de dados<\/h2>\t\t\t\t<\/div>\n\t\t\t\t<div class=\"elementor-element elementor-element-8125669 elementor-widget elementor-widget-text-editor\" data-id=\"8125669\" data-element_type=\"widget\" data-e-type=\"widget\" data-widget_type=\"text-editor.default\">\n\t\t\t\t\t\t\t\t\t<div>Os dados ser\u00e3o mantidos pelo tempo necess\u00e1rio para responder \u00e0s consultas.<\/div>\t\t\t\t\t\t\t\t<\/div>\n\t\t\t\t<div class=\"elementor-element elementor-element-a4f87ea elementor-widget__width-auto elementor-widget elementor-widget-heading\" data-id=\"a4f87ea\" data-element_type=\"widget\" data-e-type=\"widget\" data-widget_type=\"heading.default\">\n\t\t\t\t\t<h2 class=\"elementor-heading-title elementor-size-default\">Comunica\u00e7\u00e3o dos seus dados pessoais a terceiros<\/h2>\t\t\t\t<\/div>\n\t\t\t\t<div class=\"elementor-element elementor-element-da64d4d elementor-widget elementor-widget-text-editor\" data-id=\"da64d4d\" data-element_type=\"widget\" data-e-type=\"widget\" data-widget_type=\"text-editor.default\">\n\t\t\t\t\t\t\t\t\t<div>Seus dados pessoais n\u00e3o ser\u00e3o compartilhados com terceiros. Caso seja necess\u00e1rio compartilhar suas informa\u00e7\u00f5es com terceiros, seu consentimento ser\u00e1 solicitado.<\/div>\t\t\t\t\t\t\t\t<\/div>\n\t\t\t\t<div class=\"elementor-element elementor-element-aed0a2f elementor-widget__width-auto elementor-widget elementor-widget-heading\" data-id=\"aed0a2f\" data-element_type=\"widget\" data-e-type=\"widget\" data-widget_type=\"heading.default\">\n\t\t\t\t\t<h2 class=\"elementor-heading-title elementor-size-default\">Seguran\u00e7a dos seus dados pessoais<\/h2>\t\t\t\t<\/div>\n\t\t\t\t<div class=\"elementor-element elementor-element-6144e59 elementor-widget elementor-widget-text-editor\" data-id=\"6144e59\" data-element_type=\"widget\" data-e-type=\"widget\" data-widget_type=\"text-editor.default\">\n\t\t\t\t\t\t\t\t\t<div>A MERIDION TRAVEL COMPANY SAS toma especial cuidado para garantir a seguran\u00e7a dos seus dados pessoais. Seus dados s\u00e3o armazenados em nossos sistemas de informa\u00e7\u00e3o, onde adotamos e implementamos medidas t\u00e9cnicas e organizacionais de seguran\u00e7a para evitar qualquer perda ou uso n\u00e3o autorizado por terceiros. Por exemplo, nossos portais utilizam protocolos de criptografia de dados HTTPS.<\/div>\t\t\t\t\t\t\t\t<\/div>\n\t\t\t\t<div class=\"elementor-element elementor-element-91308ad elementor-widget__width-auto elementor-widget elementor-widget-heading\" data-id=\"91308ad\" data-element_type=\"widget\" data-e-type=\"widget\" data-widget_type=\"heading.default\">\n\t\t\t\t\t<h2 class=\"elementor-heading-title elementor-size-default\">Informa\u00e7\u00f5es sobre o uso de cookies<\/h2>\t\t\t\t<\/div>\n\t\t\t\t<div class=\"elementor-element elementor-element-39f4903 elementor-widget elementor-widget-text-editor\" data-id=\"39f4903\" data-element_type=\"widget\" data-e-type=\"widget\" data-widget_type=\"text-editor.default\">\n\t\t\t\t\t\t\t\t\t<div>A simples visita a este site ou a utiliza\u00e7\u00e3o dos servi\u00e7os da MERIDION TRAVEL COMPANY SAS n\u00e3o registra automaticamente nenhum dado pessoal que identifique o Usu\u00e1rio. No entanto, informamos que, durante a navega\u00e7\u00e3o no Site, s\u00e3o utilizados &quot;cookies&quot;. Estes s\u00e3o pequenos arquivos de dados gerados no computador do usu\u00e1rio da Internet e que nos permitem obter as seguintes informa\u00e7\u00f5es anal\u00edticas:<\/div><div>\u00a0<\/div><div>a) A data e a hora de acesso \u00e0 Web, permitindo-nos conhecer os hor\u00e1rios de maior movimento e fazer os ajustes necess\u00e1rios para evitar problemas de satura\u00e7\u00e3o nos nossos hor\u00e1rios de pico.<\/div><div>b) O n\u00famero de visitantes di\u00e1rios de cada se\u00e7\u00e3o, permitindo-nos identificar as \u00e1reas de maior sucesso e aumentar e melhorar seu conte\u00fado, para que os usu\u00e1rios obtenham resultados mais satisfat\u00f3rios e melhorem o design do conte\u00fado.<\/div><div>c) A data e a hora da \u00faltima vez que o usu\u00e1rio visitou o Site para realizar estudos anal\u00edticos e estat\u00edsticos sobre o uso do site.<\/div><div>d) Elementos de seguran\u00e7a envolvidos no controle de acesso a \u00e1reas restritas.<\/div><div>Para mais informa\u00e7\u00f5es, visite nossa pol\u00edtica de cookies.<\/div>\t\t\t\t\t\t\t\t<\/div>\n\t\t\t\t<div class=\"elementor-element elementor-element-a767996 elementor-widget__width-auto elementor-widget elementor-widget-heading\" data-id=\"a767996\" data-element_type=\"widget\" data-e-type=\"widget\" data-widget_type=\"heading.default\">\n\t\t\t\t\t<h2 class=\"elementor-heading-title elementor-size-default\">Direitos do usu\u00e1rio<\/h2>\t\t\t\t<\/div>\n\t\t\t\t<div class=\"elementor-element elementor-element-912ad10 elementor-widget elementor-widget-text-editor\" data-id=\"912ad10\" data-element_type=\"widget\" data-e-type=\"widget\" data-widget_type=\"text-editor.default\">\n\t\t\t\t\t\t\t\t\t<div>Todos os usu\u00e1rios podem exercer quaisquer dos direitos que lhes s\u00e3o conferidos pela regulamenta\u00e7\u00e3o de prote\u00e7\u00e3o de dados, como o direito de acesso, retifica\u00e7\u00e3o, limita\u00e7\u00e3o de tratamento, elimina\u00e7\u00e3o, portabilidade de dados e oposi\u00e7\u00e3o que os assistem, escrevendo para MERIDION TRAVEL COMPANY SAS, localizada em Enrique Brisighelli 1308, Edif\u00edcio 20, Escrit\u00f3rio 10, Ushuaia, Terra do Fogo, ou enviando um e-mail para&nbsp;&nbsp;<a href=\"mailto:info@kaitekviajes.com.ar\">info@kaitekviajes.com.ar<\/a>Se voc\u00ea considerar isso, voc\u00ea pode registrar uma reclama\u00e7\u00e3o junto \u00e0 Dire\u00e7\u00e3o Nacional Argentina de Prote\u00e7\u00e3o de Dados Pessoais.<\/div>\t\t\t\t\t\t\t\t<\/div>\n\t\t\t\t<div class=\"elementor-element elementor-element-4676916 elementor-widget__width-auto elementor-widget elementor-widget-heading\" data-id=\"4676916\" data-element_type=\"widget\" data-e-type=\"widget\" data-widget_type=\"heading.default\">\n\t\t\t\t\t<h2 class=\"elementor-heading-title elementor-size-default\">Voc\u00ea n\u00e3o deseja receber informa\u00e7\u00f5es nossas ou gostaria de revogar seu consentimento?<\/h2>\t\t\t\t<\/div>\n\t\t\t\t<div class=\"elementor-element elementor-element-c0de171 elementor-widget elementor-widget-text-editor\" data-id=\"c0de171\" data-element_type=\"widget\" data-e-type=\"widget\" data-widget_type=\"text-editor.default\">\n\t\t\t\t\t\t\t\t\t<div>Qualquer usu\u00e1rio pode se opor ao uso de suas informa\u00e7\u00f5es para fins publicit\u00e1rios, pesquisas de mercado ou pesquisas de satisfa\u00e7\u00e3o, podendo revogar seu consentimento a qualquer momento (sem efeito retroativo). Para tanto, dever\u00e1 enviar um e-mail para o endere\u00e7o\u00a0<a href=\"mailto:info@kaitekviajes.com.ar\">info@kaitekviajes.com.ar<\/a>Ao receber publicidade por e-mail, voc\u00ea tamb\u00e9m pode cancelar o recebimento do pr\u00f3prio e-mail clicando no link inclu\u00eddo no e-mail e seguindo as instru\u00e7\u00f5es fornecidas.<\/div>\t\t\t\t\t\t\t\t<\/div>\n\t\t\t\t<div class=\"elementor-element elementor-element-92609c2 elementor-widget__width-auto elementor-widget elementor-widget-heading\" data-id=\"92609c2\" data-element_type=\"widget\" data-e-type=\"widget\" data-widget_type=\"heading.default\">\n\t\t\t\t\t<h2 class=\"elementor-heading-title elementor-size-default\">Altera\u00e7\u00f5es na Pol\u00edtica de Privacidade<\/h2>\t\t\t\t<\/div>\n\t\t\t\t<div class=\"elementor-element elementor-element-c65faf4 elementor-widget elementor-widget-text-editor\" data-id=\"c65faf4\" data-element_type=\"widget\" data-e-type=\"widget\" data-widget_type=\"text-editor.default\">\n\t\t\t\t\t\t\t\t\t<div>Nossa Pol\u00edtica de Privacidade poder\u00e1 ser atualizada em decorr\u00eancia de altera\u00e7\u00f5es e exig\u00eancias legais, bem como em decorr\u00eancia de melhorias e altera\u00e7\u00f5es na forma como oferecemos e prestamos nossos servi\u00e7os e nos recursos do aplicativo. Portanto, recomendamos que voc\u00ea visite e acesse nossa Pol\u00edtica de Privacidade periodicamente para se manter informado sobre quaisquer altera\u00e7\u00f5es recentes. Caso essas altera\u00e7\u00f5es estejam relacionadas ao consentimento do usu\u00e1rio, voc\u00ea receber\u00e1 uma notifica\u00e7\u00e3o separada para obt\u00ea-lo novamente.<\/div><div>\u00a0<\/div><div><div class=\"container\"><div class=\"wrapper_contenidos\"><div>Caso durante a leitura voc\u00ea tenha alguma d\u00favida ou preocupa\u00e7\u00e3o sobre nossa Pol\u00edtica de Privacidade ou deseje exercer qualquer direito ou a\u00e7\u00e3o relacionada aos seus dados pessoais, entre em contato conosco no seguinte endere\u00e7o de e-mail.\u00a0<a href=\"mailto:info@kaitekviajes.com.ar\">info@kaitekviajes.com.ar<\/a>.<\/div><\/div><\/div><\/div>\t\t\t\t\t\t\t\t<\/div>\n\t\t\t\t\t<\/div>\n\t\t<\/div>\n\t\t\t\t\t<\/div>\n\t\t<\/section>\n\t\t\t\t<\/div>","protected":false},"excerpt":{"rendered":"<p>La siguiente informaci\u00f3n sobre nuestra Pol\u00edtica de Privacidad refleja el compromiso de MERIDION TRAVEL COMPANY S.A.S. por mantener y garantizar relaciones comerciales seguras mediante la protecci\u00f3n de los datos personales, garantizando el derecho a la privacidad de cada uno de los usuarios de nuestros servicios. En este documento explicamos c\u00f3mo utilizamos los datos personales de [&hellip;]<\/p>","protected":false},"author":2,"featured_media":0,"parent":0,"menu_order":0,"comment_status":"closed","ping_status":"closed","template":"","meta":{"_joinchat":[],"footnotes":""},"class_list":["post-609","page","type-page","status-publish","hentry"],"yoast_head":"<!-- This site is optimized with the Yoast SEO plugin v27.2 - https:\/\/yoast.com\/product\/yoast-seo-wordpress\/ -->\n<title>Pol\u00edtica de Privacidad - Kaitek Viajes<\/title>\n<meta name=\"robots\" content=\"index, follow, max-snippet:-1, max-image-preview:large, max-video-preview:-1\" \/>\n<link rel=\"canonical\" href=\"https:\/\/kaitekviajes.com.ar\/pt\/politica-de-privacidad\/?wmc-currency=USD\" \/>\n<meta property=\"og:locale\" content=\"pt_BR\" \/>\n<meta property=\"og:type\" content=\"article\" \/>\n<meta property=\"og:title\" content=\"Pol\u00edtica de Privacidad - Kaitek Viajes\" \/>\n<meta property=\"og:description\" content=\"La siguiente informaci\u00f3n sobre nuestra Pol\u00edtica de Privacidad refleja el compromiso de MERIDION TRAVEL COMPANY S.A.S. por mantener y garantizar relaciones comerciales seguras mediante la protecci\u00f3n de los datos personales, garantizando el derecho a la privacidad de cada uno de los usuarios de nuestros servicios. En este documento explicamos c\u00f3mo utilizamos los datos personales de [&hellip;]\" \/>\n<meta property=\"og:url\" content=\"https:\/\/kaitekviajes.com.ar\/pt\/politica-de-privacidad\/?wmc-currency=USD\" \/>\n<meta property=\"og:site_name\" content=\"Kaitek Viajes\" \/>\n<meta property=\"article:modified_time\" content=\"2025-04-04T01:59:53+00:00\" \/>\n<meta name=\"twitter:card\" content=\"summary_large_image\" \/>\n<meta name=\"twitter:label1\" content=\"Est. tempo de leitura\" \/>\n\t<meta name=\"twitter:data1\" content=\"6 minutos\" \/>\n<script type=\"application\/ld+json\" class=\"yoast-schema-graph\">{\"@context\":\"https:\/\/schema.org\",\"@graph\":[{\"@type\":\"WebPage\",\"@id\":\"https:\/\/kaitekviajes.com.ar\/politica-de-privacidad\/\",\"url\":\"https:\/\/kaitekviajes.com.ar\/politica-de-privacidad\/\",\"name\":\"Pol\u00edtica de Privacidad - Kaitek Viajes\",\"isPartOf\":{\"@id\":\"https:\/\/kaitekviajes.com.ar\/#website\"},\"datePublished\":\"2023-05-09T19:02:18+00:00\",\"dateModified\":\"2025-04-04T01:59:53+00:00\",\"breadcrumb\":{\"@id\":\"https:\/\/kaitekviajes.com.ar\/politica-de-privacidad\/#breadcrumb\"},\"inLanguage\":\"pt-BR\",\"potentialAction\":[{\"@type\":\"ReadAction\",\"target\":[\"https:\/\/kaitekviajes.com.ar\/politica-de-privacidad\/\"]}]},{\"@type\":\"BreadcrumbList\",\"@id\":\"https:\/\/kaitekviajes.com.ar\/politica-de-privacidad\/#breadcrumb\",\"itemListElement\":[{\"@type\":\"ListItem\",\"position\":1,\"name\":\"Portada\",\"item\":\"https:\/\/kaitekviajes.com.ar\/\"},{\"@type\":\"ListItem\",\"position\":2,\"name\":\"Pol\u00edtica de Privacidad\"}]},{\"@type\":\"WebSite\",\"@id\":\"https:\/\/kaitekviajes.com.ar\/#website\",\"url\":\"https:\/\/kaitekviajes.com.ar\/\",\"name\":\"Kaitek Viajes\",\"description\":\"Excursiones - Ushuaia y Tierra del Fuego, Patagonia\",\"publisher\":{\"@id\":\"https:\/\/kaitekviajes.com.ar\/#organization\"},\"potentialAction\":[{\"@type\":\"SearchAction\",\"target\":{\"@type\":\"EntryPoint\",\"urlTemplate\":\"https:\/\/kaitekviajes.com.ar\/?s={search_term_string}\"},\"query-input\":{\"@type\":\"PropertyValueSpecification\",\"valueRequired\":true,\"valueName\":\"search_term_string\"}}],\"inLanguage\":\"pt-BR\"},{\"@type\":\"Organization\",\"@id\":\"https:\/\/kaitekviajes.com.ar\/#organization\",\"name\":\"Kaitek Viajes\",\"url\":\"https:\/\/kaitekviajes.com.ar\/\",\"logo\":{\"@type\":\"ImageObject\",\"inLanguage\":\"pt-BR\",\"@id\":\"https:\/\/kaitekviajes.com.ar\/#\/schema\/logo\/image\/\",\"url\":\"https:\/\/kaitekviajes.com.ar\/wp-content\/uploads\/2023\/04\/cropped-Logo-Kaitek-completo.png\",\"contentUrl\":\"https:\/\/kaitekviajes.com.ar\/wp-content\/uploads\/2023\/04\/cropped-Logo-Kaitek-completo.png\",\"width\":1380,\"height\":706,\"caption\":\"Kaitek Viajes\"},\"image\":{\"@id\":\"https:\/\/kaitekviajes.com.ar\/#\/schema\/logo\/image\/\"}}]}<\/script>\n<!-- \/ Yoast SEO plugin. -->","yoast_head_json":{"title":"Pol\u00edtica de Privacidad - Kaitek Viajes","robots":{"index":"index","follow":"follow","max-snippet":"max-snippet:-1","max-image-preview":"max-image-preview:large","max-video-preview":"max-video-preview:-1"},"canonical":"https:\/\/kaitekviajes.com.ar\/pt\/politica-de-privacidad\/?wmc-currency=USD","og_locale":"pt_BR","og_type":"article","og_title":"Pol\u00edtica de Privacidad - Kaitek Viajes","og_description":"La siguiente informaci\u00f3n sobre nuestra Pol\u00edtica de Privacidad refleja el compromiso de MERIDION TRAVEL COMPANY S.A.S. por mantener y garantizar relaciones comerciales seguras mediante la protecci\u00f3n de los datos personales, garantizando el derecho a la privacidad de cada uno de los usuarios de nuestros servicios. En este documento explicamos c\u00f3mo utilizamos los datos personales de [&hellip;]","og_url":"https:\/\/kaitekviajes.com.ar\/pt\/politica-de-privacidad\/?wmc-currency=USD","og_site_name":"Kaitek Viajes","article_modified_time":"2025-04-04T01:59:53+00:00","twitter_card":"summary_large_image","twitter_misc":{"Est. tempo de leitura":"6 minutos"},"schema":{"@context":"https:\/\/schema.org","@graph":[{"@type":"WebPage","@id":"https:\/\/kaitekviajes.com.ar\/politica-de-privacidad\/","url":"https:\/\/kaitekviajes.com.ar\/politica-de-privacidad\/","name":"Pol\u00edtica de Privacidad - Kaitek Viajes","isPartOf":{"@id":"https:\/\/kaitekviajes.com.ar\/#website"},"datePublished":"2023-05-09T19:02:18+00:00","dateModified":"2025-04-04T01:59:53+00:00","breadcrumb":{"@id":"https:\/\/kaitekviajes.com.ar\/politica-de-privacidad\/#breadcrumb"},"inLanguage":"pt-BR","potentialAction":[{"@type":"ReadAction","target":["https:\/\/kaitekviajes.com.ar\/politica-de-privacidad\/"]}]},{"@type":"BreadcrumbList","@id":"https:\/\/kaitekviajes.com.ar\/politica-de-privacidad\/#breadcrumb","itemListElement":[{"@type":"ListItem","position":1,"name":"Portada","item":"https:\/\/kaitekviajes.com.ar\/"},{"@type":"ListItem","position":2,"name":"Pol\u00edtica de Privacidad"}]},{"@type":"WebSite","@id":"https:\/\/kaitekviajes.com.ar\/#website","url":"https:\/\/kaitekviajes.com.ar\/","name":"Kaitek Viajes","description":"Excursiones - Ushuaia y Tierra del Fuego, Patagonia","publisher":{"@id":"https:\/\/kaitekviajes.com.ar\/#organization"},"potentialAction":[{"@type":"SearchAction","target":{"@type":"EntryPoint","urlTemplate":"https:\/\/kaitekviajes.com.ar\/?s={search_term_string}"},"query-input":{"@type":"PropertyValueSpecification","valueRequired":true,"valueName":"search_term_string"}}],"inLanguage":"pt-BR"},{"@type":"Organization","@id":"https:\/\/kaitekviajes.com.ar\/#organization","name":"Kaitek Viajes","url":"https:\/\/kaitekviajes.com.ar\/","logo":{"@type":"ImageObject","inLanguage":"pt-BR","@id":"https:\/\/kaitekviajes.com.ar\/#\/schema\/logo\/image\/","url":"https:\/\/kaitekviajes.com.ar\/wp-content\/uploads\/2023\/04\/cropped-Logo-Kaitek-completo.png","contentUrl":"https:\/\/kaitekviajes.com.ar\/wp-content\/uploads\/2023\/04\/cropped-Logo-Kaitek-completo.png","width":1380,"height":706,"caption":"Kaitek Viajes"},"image":{"@id":"https:\/\/kaitekviajes.com.ar\/#\/schema\/logo\/image\/"}}]}},"_links":{"self":[{"href":"https:\/\/kaitekviajes.com.ar\/pt\/wp-json\/wp\/v2\/pages\/609","targetHints":{"allow":["GET"]}}],"collection":[{"href":"https:\/\/kaitekviajes.com.ar\/pt\/wp-json\/wp\/v2\/pages"}],"about":[{"href":"https:\/\/kaitekviajes.com.ar\/pt\/wp-json\/wp\/v2\/types\/page"}],"author":[{"embeddable":true,"href":"https:\/\/kaitekviajes.com.ar\/pt\/wp-json\/wp\/v2\/users\/2"}],"replies":[{"embeddable":true,"href":"https:\/\/kaitekviajes.com.ar\/pt\/wp-json\/wp\/v2\/comments?post=609"}],"version-history":[{"count":16,"href":"https:\/\/kaitekviajes.com.ar\/pt\/wp-json\/wp\/v2\/pages\/609\/revisions"}],"predecessor-version":[{"id":13301,"href":"https:\/\/kaitekviajes.com.ar\/pt\/wp-json\/wp\/v2\/pages\/609\/revisions\/13301"}],"wp:attachment":[{"href":"https:\/\/kaitekviajes.com.ar\/pt\/wp-json\/wp\/v2\/media?parent=609"}],"curies":[{"name":"wp","href":"https:\/\/api.w.org\/{rel}","templated":true}]}}