{"id":4819,"date":"2023-05-09T16:02:18","date_gmt":"2023-05-09T19:02:18","guid":{"rendered":"https:\/\/kaitekviajes.com.ar\/politica-de-privacidade\/"},"modified":"2023-08-07T17:46:06","modified_gmt":"2023-08-07T20:46:06","slug":"politica-de-privacidade","status":"publish","type":"page","link":"https:\/\/kaitekviajes.com.ar\/pt\/politica-de-privacidade\/","title":{"rendered":"Pol\u00edtica de privacidade"},"content":{"rendered":"<div data-elementor-type=\"wp-page\" data-elementor-id=\"4819\" class=\"elementor elementor-4819\" data-elementor-post-type=\"page\">\n\t\t\t\t\t\t<section class=\"elementor-section elementor-top-section elementor-element elementor-element-258a4a5 elementor-section-full_width elementor-section-height-min-height elementor-section-stretched elementor-section-height-default elementor-section-items-middle\" data-id=\"258a4a5\" data-element_type=\"section\" data-e-type=\"section\" data-settings=\"{&quot;stretch_section&quot;:&quot;section-stretched&quot;,&quot;background_background&quot;:&quot;classic&quot;}\">\n\t\t\t\t\t\t\t<div class=\"elementor-background-overlay\"><\/div>\n\t\t\t\t\t\t\t<div class=\"elementor-container elementor-column-gap-default\">\n\t\t\t\t\t<div class=\"elementor-column elementor-col-100 elementor-top-column elementor-element elementor-element-20f4342\" data-id=\"20f4342\" data-element_type=\"column\" data-e-type=\"column\">\n\t\t\t<div class=\"elementor-widget-wrap elementor-element-populated\">\n\t\t\t\t\t\t<div class=\"elementor-element elementor-element-213b024 elementor-widget elementor-widget-heading\" data-id=\"213b024\" data-element_type=\"widget\" data-e-type=\"widget\" data-widget_type=\"heading.default\">\n\t\t\t\t\t<h1 class=\"elementor-heading-title elementor-size-default\">Pol\u00edtica de privacidade<\/h1>\t\t\t\t<\/div>\n\t\t\t\t\t<\/div>\n\t\t<\/div>\n\t\t\t\t\t<\/div>\n\t\t<\/section>\n\t\t\t\t<section class=\"elementor-section elementor-top-section elementor-element elementor-element-aeb7cad elementor-section-stretched elementor-section-boxed elementor-section-height-default elementor-section-height-default\" data-id=\"aeb7cad\" data-element_type=\"section\" data-e-type=\"section\" data-settings=\"{&quot;stretch_section&quot;:&quot;section-stretched&quot;}\">\n\t\t\t\t\t\t<div class=\"elementor-container elementor-column-gap-default\">\n\t\t\t\t\t<div class=\"elementor-column elementor-col-100 elementor-top-column elementor-element elementor-element-9c850ba\" data-id=\"9c850ba\" data-element_type=\"column\" data-e-type=\"column\">\n\t\t\t<div class=\"elementor-widget-wrap elementor-element-populated\">\n\t\t\t\t\t\t<div class=\"elementor-element elementor-element-fdfa22c elementor-widget elementor-widget-text-editor\" data-id=\"fdfa22c\" data-element_type=\"widget\" data-e-type=\"widget\" data-widget_type=\"text-editor.default\">\n\t\t\t\t\t\t\t\t\t<p>A seguinte informa\u00e7\u00e3o sobre a nossa Pol\u00edtica de Privacidade reflecte o compromisso da MERIDION TRAVEL COMPANY S.A.S. em manter e assegurar rela\u00e7\u00f5es comerciais seguras atrav\u00e9s da prote\u00e7\u00e3o dos dados pessoais, garantindo o direito \u00e0 privacidade de cada um dos utilizadores dos nossos servi\u00e7os. Neste documento, explicamos como utilizamos os dados pessoais dos utilizadores do s\u00edtio Web.<\/p>\n\t\t\t\t\t\t\t\t<\/div>\n\t\t\t\t<div class=\"elementor-element elementor-element-0fd1b56 elementor-widget__width-auto elementor-widget elementor-widget-heading\" data-id=\"0fd1b56\" data-element_type=\"widget\" data-e-type=\"widget\" data-widget_type=\"heading.default\">\n\t\t\t\t\t<h2 class=\"elementor-heading-title elementor-size-default\">Defini\u00e7\u00e3o de dados pessoais<\/h2>\t\t\t\t<\/div>\n\t\t\t\t<div class=\"elementor-element elementor-element-fc5c516 elementor-widget elementor-widget-text-editor\" data-id=\"fc5c516\" data-element_type=\"widget\" data-e-type=\"widget\" data-widget_type=\"text-editor.default\">\n\t\t\t\t\t\t\t\t\t<p>Dados pessoais\u00bb, qualquer informa\u00e7\u00e3o relativa a uma pessoa singular identificada ou identific\u00e1vel. Inclui, entre outros, o nome, apelido, nome pr\u00f3prio, endere\u00e7o postal, endere\u00e7o eletr\u00f3nico e n\u00famero de telefone.<\/p>\n\t\t\t\t\t\t\t\t<\/div>\n\t\t\t\t<div class=\"elementor-element elementor-element-0affc3d elementor-widget__width-auto elementor-widget elementor-widget-heading\" data-id=\"0affc3d\" data-element_type=\"widget\" data-e-type=\"widget\" data-widget_type=\"heading.default\">\n\t\t\t\t\t<h2 class=\"elementor-heading-title elementor-size-default\">Tratamento e finalidade dos dados recolhidos<\/h2>\t\t\t\t<\/div>\n\t\t\t\t<div class=\"elementor-element elementor-element-8006c92 elementor-widget elementor-widget-text-editor\" data-id=\"8006c92\" data-element_type=\"widget\" data-e-type=\"widget\" data-widget_type=\"text-editor.default\">\n\t\t\t\t\t\t\t\t\t<div>Quaisquer dados pessoais que nos forne\u00e7a ao visitar qualquer um dos nossos portais web ou ao instalar a nossa aplica\u00e7\u00e3o m\u00f3vel ser\u00e3o tratados em conformidade com os regulamentos de prote\u00e7\u00e3o de dados e s\u00f3 ser\u00e3o recolhidos, processados e utilizados para fins legais, leg\u00edtimos e informados. Por conseguinte, detalhamos todas as finalidades para as quais os dados pessoais s\u00e3o utilizados pela MERIDION TRAVEL COMPANY S.A.S. como respons\u00e1vel pelo tratamento dos dados:<\/div>\n<div> <\/div>\n<div>Gerir os formul\u00e1rios de inscri\u00e7\u00e3o para se tornarem utilizadores registados e acederem aos servi\u00e7os, bem como para os contactar e responder \u00e0s suas perguntas ou receber informa\u00e7\u00f5es comerciais sobre novos produtos e not\u00edcias da empresa.<\/div>\n<div>Outra finalidade para a qual os dados s\u00e3o recolhidos \u00e9 responder a pedidos de informa\u00e7\u00e3o atrav\u00e9s do envio de formul\u00e1rios de contacto. Os dados assim obtidos s\u00e3o utilizados para responder aos pr\u00f3prios utilizadores e para lhes enviar informa\u00e7\u00f5es comerciais, bem como para os incluir na lista de distribui\u00e7\u00e3o.<\/div>\n<div>A MERIDION TRAVEL COMPANY S.A.S. informar\u00e1 todos os utilizadores do car\u00e1cter n\u00e3o obrigat\u00f3rio da recolha de determinados dados pessoais, exceto nos campos em que se indique o contr\u00e1rio. No entanto, o n\u00e3o preenchimento desses dados pode impedir a MERIDION TRAVEL COMPANY S.A.S. de prestar todos os Servi\u00e7os ligados a esses dados, eximindo-nos de qualquer responsabilidade pela n\u00e3o presta\u00e7\u00e3o ou presta\u00e7\u00e3o incompleta desses Servi\u00e7os.<\/div>\n<div> <\/div>\n<div>\u00c9 obriga\u00e7\u00e3o do utilizador fornecer dados verdadeiros e mant\u00ea-los actualizados, pelo que a MERIDION TRAVEL COMPANY S.A.S. reserva-se o direito de excluir dos servi\u00e7os e proceder ao cancelamento do servi\u00e7o a qualquer utilizador que tenha fornecido informa\u00e7\u00f5es falsas, sem preju\u00edzo de outras ac\u00e7\u00f5es previstas na lei.<\/div>\n\t\t\t\t\t\t\t\t<\/div>\n\t\t\t\t<div class=\"elementor-element elementor-element-133b0c2 elementor-widget__width-auto elementor-widget elementor-widget-heading\" data-id=\"133b0c2\" data-element_type=\"widget\" data-e-type=\"widget\" data-widget_type=\"heading.default\">\n\t\t\t\t\t<h2 class=\"elementor-heading-title elementor-size-default\">Legitima\u00e7\u00e3o para o tratamento dos seus dados<\/h2>\t\t\t\t<\/div>\n\t\t\t\t<div class=\"elementor-element elementor-element-0af205b elementor-widget elementor-widget-text-editor\" data-id=\"0af205b\" data-element_type=\"widget\" data-e-type=\"widget\" data-widget_type=\"text-editor.default\">\n\t\t\t\t\t\t\t\t\t<div>A base jur\u00eddica para o tratamento dos seus dados \u00e9 a resposta a pedidos de informa\u00e7\u00e3o feitos atrav\u00e9s do s\u00edtio Web, o que implica a aplica\u00e7\u00e3o, a pedido da pessoa em causa, de medidas pr\u00e9-contratuais por parte da pessoa em causa.<\/div>\n\t\t\t\t\t\t\t\t<\/div>\n\t\t\t\t<div class=\"elementor-element elementor-element-6ddbb99 elementor-widget__width-auto elementor-widget elementor-widget-heading\" data-id=\"6ddbb99\" data-element_type=\"widget\" data-e-type=\"widget\" data-widget_type=\"heading.default\">\n\t\t\t\t\t<h2 class=\"elementor-heading-title elementor-size-default\">Per\u00edodo de conserva\u00e7\u00e3o dos dados<\/h2>\t\t\t\t<\/div>\n\t\t\t\t<div class=\"elementor-element elementor-element-8125669 elementor-widget elementor-widget-text-editor\" data-id=\"8125669\" data-element_type=\"widget\" data-e-type=\"widget\" data-widget_type=\"text-editor.default\">\n\t\t\t\t\t\t\t\t\t<div>Os dados ser\u00e3o conservados durante o tempo necess\u00e1rio para responder a pedidos de informa\u00e7\u00e3o.<\/div>\n\t\t\t\t\t\t\t\t<\/div>\n\t\t\t\t<div class=\"elementor-element elementor-element-a4f87ea elementor-widget__width-auto elementor-widget elementor-widget-heading\" data-id=\"a4f87ea\" data-element_type=\"widget\" data-e-type=\"widget\" data-widget_type=\"heading.default\">\n\t\t\t\t\t<h2 class=\"elementor-heading-title elementor-size-default\">Divulga\u00e7\u00e3o dos seus dados pessoais a terceiros<\/h2>\t\t\t\t<\/div>\n\t\t\t\t<div class=\"elementor-element elementor-element-da64d4d elementor-widget elementor-widget-text-editor\" data-id=\"da64d4d\" data-element_type=\"widget\" data-e-type=\"widget\" data-widget_type=\"text-editor.default\">\n\t\t\t\t\t\t\t\t\t<div>Os seus dados pessoais n\u00e3o ser\u00e3o divulgados a terceiros. Caso seja necess\u00e1rio comunicar as suas informa\u00e7\u00f5es a terceiros, ser\u00e1 solicitado o seu consentimento.<\/div>\n\t\t\t\t\t\t\t\t<\/div>\n\t\t\t\t<div class=\"elementor-element elementor-element-aed0a2f elementor-widget__width-auto elementor-widget elementor-widget-heading\" data-id=\"aed0a2f\" data-element_type=\"widget\" data-e-type=\"widget\" data-widget_type=\"heading.default\">\n\t\t\t\t\t<h2 class=\"elementor-heading-title elementor-size-default\">Seguran\u00e7a dos seus dados pessoais<\/h2>\t\t\t\t<\/div>\n\t\t\t\t<div class=\"elementor-element elementor-element-6144e59 elementor-widget elementor-widget-text-editor\" data-id=\"6144e59\" data-element_type=\"widget\" data-e-type=\"widget\" data-widget_type=\"text-editor.default\">\n\t\t\t\t\t\t\t\t\t<div>A MERIDION TRAVEL COMPANY S.A.S. preocupa-se particularmente com a seguran\u00e7a dos seus dados pessoais. Os seus dados s\u00e3o armazenados nos nossos sistemas de informa\u00e7\u00e3o, onde adopt\u00e1mos e implement\u00e1mos medidas de seguran\u00e7a t\u00e9cnicas e organizacionais para evitar qualquer perda ou utiliza\u00e7\u00e3o n\u00e3o autorizada por terceiros, por exemplo, os nossos portais Web utilizam protocolos de encripta\u00e7\u00e3o de dados Https.<\/div>\n\t\t\t\t\t\t\t\t<\/div>\n\t\t\t\t<div class=\"elementor-element elementor-element-91308ad elementor-widget__width-auto elementor-widget elementor-widget-heading\" data-id=\"91308ad\" data-element_type=\"widget\" data-e-type=\"widget\" data-widget_type=\"heading.default\">\n\t\t\t\t\t<h2 class=\"elementor-heading-title elementor-size-default\">Informa\u00e7\u00f5es sobre a utiliza\u00e7\u00e3o de cookies<\/h2>\t\t\t\t<\/div>\n\t\t\t\t<div class=\"elementor-element elementor-element-39f4903 elementor-widget elementor-widget-text-editor\" data-id=\"39f4903\" data-element_type=\"widget\" data-e-type=\"widget\" data-widget_type=\"text-editor.default\">\n\t\t\t\t\t\t\t\t\t<div>Pelo simples facto de visitar este portal web ou utilizar os servi\u00e7os da MERIDION TRAVEL COMPANY S.A.S. n\u00e3o se regista automaticamente nenhum dado pessoal que identifique um utilizador. No entanto, informamos que, durante a navega\u00e7\u00e3o no s\u00edtio Web, s\u00e3o utilizados \u00abcookies\u00bb, pequenos ficheiros de dados que s\u00e3o gerados no computador do utilizador e que nos permitem obter as seguintes informa\u00e7\u00f5es anal\u00edticas:<\/div>\n<div> <\/div>\n<div>a) A data e a hora de acesso \u00e0 Web, o que nos permite conhecer as horas de maior aflu\u00eancia e fazer os ajustes necess\u00e1rios para evitar problemas de satura\u00e7\u00e3o nas nossas horas de ponta.<\/div>\n<div>b) O n\u00famero de visitantes di\u00e1rios de cada sec\u00e7\u00e3o, permitindo conhecer as \u00e1reas de maior sucesso e aumentar e melhorar o seu conte\u00fado, de forma a obter um resultado mais satisfat\u00f3rio para os utilizadores e melhorar a conce\u00e7\u00e3o dos conte\u00fados.<\/div>\n<div>c) A data e a hora da \u00faltima vez que o utilizador visitou o s\u00edtio Web, a fim de realizar estudos anal\u00edticos e estat\u00edsticos sobre a utiliza\u00e7\u00e3o do s\u00edtio Web.<\/div>\n<div>d) Elementos de seguran\u00e7a envolvidos no controlo do acesso a zonas restritas.<\/div>\n<div>Para mais informa\u00e7\u00f5es, consulte a nossa pol\u00edtica de cookies<\/div>\n\t\t\t\t\t\t\t\t<\/div>\n\t\t\t\t<div class=\"elementor-element elementor-element-a767996 elementor-widget__width-auto elementor-widget elementor-widget-heading\" data-id=\"a767996\" data-element_type=\"widget\" data-e-type=\"widget\" data-widget_type=\"heading.default\">\n\t\t\t\t\t<h2 class=\"elementor-heading-title elementor-size-default\">Direitos do utilizador<\/h2>\t\t\t\t<\/div>\n\t\t\t\t<div class=\"elementor-element elementor-element-912ad10 elementor-widget elementor-widget-text-editor\" data-id=\"912ad10\" data-element_type=\"widget\" data-e-type=\"widget\" data-widget_type=\"text-editor.default\">\n\t\t\t\t\t\t\t\t\t<div>Todos os utilizadores podem exercer qualquer um dos direitos conferidos pela normativa de prote\u00e7\u00e3o de dados, tais como o direito de acesso, retifica\u00e7\u00e3o, limita\u00e7\u00e3o do tratamento, supress\u00e3o, portabilidade dos dados e oposi\u00e7\u00e3o, dirigindo-se por escrito \u00e0 MERIDION TRAVEL COMPANY S.A.S., com sede em GOBERNADOR PAZ 368, 9410, USHUAIA, TIERRA DEL FUEGO, ARGENTINA, ou enviando um e-mail para  <a href=\"mailto:info@kaitekviajes.com.ar\">info@kaitekviajes.com.ar.<\/a> Caso o considere, pode apresentar uma queixa junto da Direcci\u00f3n Nacional de Protecci\u00f3n de Datos Personales Argentina (Dire\u00e7\u00e3o Nacional de Prote\u00e7\u00e3o de Dados Pessoais Argentina).<\/div>\n\t\t\t\t\t\t\t\t<\/div>\n\t\t\t\t<div class=\"elementor-element elementor-element-4676916 elementor-widget__width-auto elementor-widget elementor-widget-heading\" data-id=\"4676916\" data-element_type=\"widget\" data-e-type=\"widget\" data-widget_type=\"heading.default\">\n\t\t\t\t\t<h2 class=\"elementor-heading-title elementor-size-default\">N\u00e3o deseja receber informa\u00e7\u00f5es da nossa parte ou deseja revogar o seu consentimento?<\/h2>\t\t\t\t<\/div>\n\t\t\t\t<div class=\"elementor-element elementor-element-c0de171 elementor-widget elementor-widget-text-editor\" data-id=\"c0de171\" data-element_type=\"widget\" data-e-type=\"widget\" data-widget_type=\"text-editor.default\">\n\t\t\t\t\t\t\t\t\t<div>Qualquer utilizador pode opor-se \u00e0 utiliza\u00e7\u00e3o das suas informa\u00e7\u00f5es para fins de publicidade, estudos de mercado ou inqu\u00e9ritos de satisfa\u00e7\u00e3o e pode revogar o seu consentimento em qualquer altura (sem efeitos retroactivos). Para o fazer, envie uma mensagem de correio eletr\u00f3nico para <a href=\"mailto:info@kaitekviajes.com.ar\">info@kaitekviajes.com.ar.<\/a> Quando recebe publicidade por correio eletr\u00f3nico, pode tamb\u00e9m opor-se \u00e0 mesma clicando na liga\u00e7\u00e3o inclu\u00edda na mensagem e seguindo as instru\u00e7\u00f5es fornecidas.<\/div>\n\t\t\t\t\t\t\t\t<\/div>\n\t\t\t\t<div class=\"elementor-element elementor-element-92609c2 elementor-widget__width-auto elementor-widget elementor-widget-heading\" data-id=\"92609c2\" data-element_type=\"widget\" data-e-type=\"widget\" data-widget_type=\"heading.default\">\n\t\t\t\t\t<h2 class=\"elementor-heading-title elementor-size-default\">Altera\u00e7\u00f5es \u00e0 pol\u00edtica de privacidade<\/h2>\t\t\t\t<\/div>\n\t\t\t\t<div class=\"elementor-element elementor-element-c65faf4 elementor-widget elementor-widget-text-editor\" data-id=\"c65faf4\" data-element_type=\"widget\" data-e-type=\"widget\" data-widget_type=\"text-editor.default\">\n\t\t\t\t\t\t\t\t\t<div>A nossa Pol\u00edtica de Privacidade pode ser actualizada devido a altera\u00e7\u00f5es e requisitos legais, bem como devido a melhorias e altera\u00e7\u00f5es inclu\u00eddas na forma como oferecemos e fornecemos os nossos servi\u00e7os e utilit\u00e1rios de aplica\u00e7\u00f5es. Por isso, recomendamos que visite e aceda periodicamente \u00e0 nossa Pol\u00edtica de Privacidade, para ter acesso e conhecer as \u00faltimas altera\u00e7\u00f5es que possam ter sido incorporadas. No caso de tais altera\u00e7\u00f5es estarem relacionadas com o consentimento dado pelo utilizador, ser\u00e1 enviada uma notifica\u00e7\u00e3o separada e independente ao utilizador para uma nova retifica\u00e7\u00e3o do consentimento.<\/div>\n<div> <\/div>\n<div>\n<div class=\"container\">\n<div class=\"wrapper_contenidos\">\n<div>Se tiver quaisquer quest\u00f5es ou d\u00favidas sobre a nossa Pol\u00edtica de Privacidade ou pretender exercer quaisquer direitos ou tomar qualquer medida em rela\u00e7\u00e3o aos seus dados pessoais, contacte-nos atrav\u00e9s do seguinte endere\u00e7o de correio eletr\u00f3nico <a href=\"mailto:info@kaitekviajes.com.ar\">info@kaitekviajes.com.ar.<\/a><\/div>\n<\/div>\n<\/div>\n<\/div>\n\t\t\t\t\t\t\t\t<\/div>\n\t\t\t\t\t<\/div>\n\t\t<\/div>\n\t\t\t\t\t<\/div>\n\t\t<\/section>\n\t\t\t\t<\/div>","protected":false},"excerpt":{"rendered":"<p>A seguinte informa\u00e7\u00e3o sobre a nossa Pol\u00edtica de Privacidade reflecte o compromisso da MERIDION TRAVEL COMPANY S.A.S. em manter e assegurar rela\u00e7\u00f5es comerciais seguras atrav\u00e9s da prote\u00e7\u00e3o dos dados pessoais, garantindo o direito \u00e0 privacidade de cada um dos utilizadores dos nossos servi\u00e7os. Neste documento, explicamos como utilizamos os dados pessoais dos utilizadores do s\u00edtio [&hellip;]<\/p>","protected":false},"author":2,"featured_media":0,"parent":0,"menu_order":0,"comment_status":"closed","ping_status":"closed","template":"","meta":{"_joinchat":[],"footnotes":""},"class_list":["post-4819","page","type-page","status-publish","hentry"],"yoast_head":"<!-- This site is optimized with the Yoast SEO plugin v27.2 - https:\/\/yoast.com\/product\/yoast-seo-wordpress\/ -->\n<title>Pol\u00edtica de privacidade - Kaitek Viajes<\/title>\n<meta name=\"robots\" content=\"index, follow, max-snippet:-1, max-image-preview:large, max-video-preview:-1\" \/>\n<link rel=\"canonical\" href=\"https:\/\/kaitekviajes.com.ar\/pt\/politica-de-privacidade\/?wmc-currency=USD\" \/>\n<meta property=\"og:locale\" content=\"pt_BR\" \/>\n<meta property=\"og:type\" content=\"article\" \/>\n<meta property=\"og:title\" content=\"Pol\u00edtica de privacidade - Kaitek Viajes\" \/>\n<meta property=\"og:description\" content=\"A seguinte informa\u00e7\u00e3o sobre a nossa Pol\u00edtica de Privacidade reflecte o compromisso da MERIDION TRAVEL COMPANY S.A.S. em manter e assegurar rela\u00e7\u00f5es comerciais seguras atrav\u00e9s da prote\u00e7\u00e3o dos dados pessoais, garantindo o direito \u00e0 privacidade de cada um dos utilizadores dos nossos servi\u00e7os. Neste documento, explicamos como utilizamos os dados pessoais dos utilizadores do s\u00edtio [&hellip;]\" \/>\n<meta property=\"og:url\" content=\"https:\/\/kaitekviajes.com.ar\/pt\/politica-de-privacidade\/?wmc-currency=USD\" \/>\n<meta property=\"og:site_name\" content=\"Kaitek Viajes\" \/>\n<meta property=\"article:modified_time\" content=\"2023-08-07T20:46:06+00:00\" \/>\n<meta name=\"twitter:card\" content=\"summary_large_image\" \/>\n<meta name=\"twitter:label1\" content=\"Est. tempo de leitura\" \/>\n\t<meta name=\"twitter:data1\" content=\"6 minutos\" \/>\n<script type=\"application\/ld+json\" class=\"yoast-schema-graph\">{\"@context\":\"https:\/\/schema.org\",\"@graph\":[{\"@type\":\"WebPage\",\"@id\":\"https:\/\/kaitekviajes.com.ar\/politica-de-privacidade\/\",\"url\":\"https:\/\/kaitekviajes.com.ar\/politica-de-privacidade\/\",\"name\":\"Pol\u00edtica de privacidade - Kaitek Viajes\",\"isPartOf\":{\"@id\":\"https:\/\/kaitekviajes.com.ar\/#website\"},\"datePublished\":\"2023-05-09T19:02:18+00:00\",\"dateModified\":\"2023-08-07T20:46:06+00:00\",\"breadcrumb\":{\"@id\":\"https:\/\/kaitekviajes.com.ar\/politica-de-privacidade\/#breadcrumb\"},\"inLanguage\":\"pt-BR\",\"potentialAction\":[{\"@type\":\"ReadAction\",\"target\":[\"https:\/\/kaitekviajes.com.ar\/politica-de-privacidade\/\"]}]},{\"@type\":\"BreadcrumbList\",\"@id\":\"https:\/\/kaitekviajes.com.ar\/politica-de-privacidade\/#breadcrumb\",\"itemListElement\":[{\"@type\":\"ListItem\",\"position\":1,\"name\":\"Portada\",\"item\":\"https:\/\/kaitekviajes.com.ar\/\"},{\"@type\":\"ListItem\",\"position\":2,\"name\":\"Pol\u00edtica de privacidade\"}]},{\"@type\":\"WebSite\",\"@id\":\"https:\/\/kaitekviajes.com.ar\/#website\",\"url\":\"https:\/\/kaitekviajes.com.ar\/\",\"name\":\"Kaitek Viajes\",\"description\":\"Excursiones - Ushuaia y Tierra del Fuego, Patagonia\",\"publisher\":{\"@id\":\"https:\/\/kaitekviajes.com.ar\/#organization\"},\"potentialAction\":[{\"@type\":\"SearchAction\",\"target\":{\"@type\":\"EntryPoint\",\"urlTemplate\":\"https:\/\/kaitekviajes.com.ar\/?s={search_term_string}\"},\"query-input\":{\"@type\":\"PropertyValueSpecification\",\"valueRequired\":true,\"valueName\":\"search_term_string\"}}],\"inLanguage\":\"pt-BR\"},{\"@type\":\"Organization\",\"@id\":\"https:\/\/kaitekviajes.com.ar\/#organization\",\"name\":\"Kaitek Viajes\",\"url\":\"https:\/\/kaitekviajes.com.ar\/\",\"logo\":{\"@type\":\"ImageObject\",\"inLanguage\":\"pt-BR\",\"@id\":\"https:\/\/kaitekviajes.com.ar\/#\/schema\/logo\/image\/\",\"url\":\"https:\/\/kaitekviajes.com.ar\/wp-content\/uploads\/2023\/04\/cropped-Logo-Kaitek-completo.png\",\"contentUrl\":\"https:\/\/kaitekviajes.com.ar\/wp-content\/uploads\/2023\/04\/cropped-Logo-Kaitek-completo.png\",\"width\":1380,\"height\":706,\"caption\":\"Kaitek Viajes\"},\"image\":{\"@id\":\"https:\/\/kaitekviajes.com.ar\/#\/schema\/logo\/image\/\"}}]}<\/script>\n<!-- \/ Yoast SEO plugin. -->","yoast_head_json":{"title":"Pol\u00edtica de privacidade - Kaitek Viajes","robots":{"index":"index","follow":"follow","max-snippet":"max-snippet:-1","max-image-preview":"max-image-preview:large","max-video-preview":"max-video-preview:-1"},"canonical":"https:\/\/kaitekviajes.com.ar\/pt\/politica-de-privacidade\/?wmc-currency=USD","og_locale":"pt_BR","og_type":"article","og_title":"Pol\u00edtica de privacidade - Kaitek Viajes","og_description":"A seguinte informa\u00e7\u00e3o sobre a nossa Pol\u00edtica de Privacidade reflecte o compromisso da MERIDION TRAVEL COMPANY S.A.S. em manter e assegurar rela\u00e7\u00f5es comerciais seguras atrav\u00e9s da prote\u00e7\u00e3o dos dados pessoais, garantindo o direito \u00e0 privacidade de cada um dos utilizadores dos nossos servi\u00e7os. Neste documento, explicamos como utilizamos os dados pessoais dos utilizadores do s\u00edtio [&hellip;]","og_url":"https:\/\/kaitekviajes.com.ar\/pt\/politica-de-privacidade\/?wmc-currency=USD","og_site_name":"Kaitek Viajes","article_modified_time":"2023-08-07T20:46:06+00:00","twitter_card":"summary_large_image","twitter_misc":{"Est. tempo de leitura":"6 minutos"},"schema":{"@context":"https:\/\/schema.org","@graph":[{"@type":"WebPage","@id":"https:\/\/kaitekviajes.com.ar\/politica-de-privacidade\/","url":"https:\/\/kaitekviajes.com.ar\/politica-de-privacidade\/","name":"Pol\u00edtica de privacidade - Kaitek Viajes","isPartOf":{"@id":"https:\/\/kaitekviajes.com.ar\/#website"},"datePublished":"2023-05-09T19:02:18+00:00","dateModified":"2023-08-07T20:46:06+00:00","breadcrumb":{"@id":"https:\/\/kaitekviajes.com.ar\/politica-de-privacidade\/#breadcrumb"},"inLanguage":"pt-BR","potentialAction":[{"@type":"ReadAction","target":["https:\/\/kaitekviajes.com.ar\/politica-de-privacidade\/"]}]},{"@type":"BreadcrumbList","@id":"https:\/\/kaitekviajes.com.ar\/politica-de-privacidade\/#breadcrumb","itemListElement":[{"@type":"ListItem","position":1,"name":"Portada","item":"https:\/\/kaitekviajes.com.ar\/"},{"@type":"ListItem","position":2,"name":"Pol\u00edtica de privacidade"}]},{"@type":"WebSite","@id":"https:\/\/kaitekviajes.com.ar\/#website","url":"https:\/\/kaitekviajes.com.ar\/","name":"Kaitek Viajes","description":"Excursiones - Ushuaia y Tierra del Fuego, Patagonia","publisher":{"@id":"https:\/\/kaitekviajes.com.ar\/#organization"},"potentialAction":[{"@type":"SearchAction","target":{"@type":"EntryPoint","urlTemplate":"https:\/\/kaitekviajes.com.ar\/?s={search_term_string}"},"query-input":{"@type":"PropertyValueSpecification","valueRequired":true,"valueName":"search_term_string"}}],"inLanguage":"pt-BR"},{"@type":"Organization","@id":"https:\/\/kaitekviajes.com.ar\/#organization","name":"Kaitek Viajes","url":"https:\/\/kaitekviajes.com.ar\/","logo":{"@type":"ImageObject","inLanguage":"pt-BR","@id":"https:\/\/kaitekviajes.com.ar\/#\/schema\/logo\/image\/","url":"https:\/\/kaitekviajes.com.ar\/wp-content\/uploads\/2023\/04\/cropped-Logo-Kaitek-completo.png","contentUrl":"https:\/\/kaitekviajes.com.ar\/wp-content\/uploads\/2023\/04\/cropped-Logo-Kaitek-completo.png","width":1380,"height":706,"caption":"Kaitek Viajes"},"image":{"@id":"https:\/\/kaitekviajes.com.ar\/#\/schema\/logo\/image\/"}}]}},"_links":{"self":[{"href":"https:\/\/kaitekviajes.com.ar\/pt\/wp-json\/wp\/v2\/pages\/4819","targetHints":{"allow":["GET"]}}],"collection":[{"href":"https:\/\/kaitekviajes.com.ar\/pt\/wp-json\/wp\/v2\/pages"}],"about":[{"href":"https:\/\/kaitekviajes.com.ar\/pt\/wp-json\/wp\/v2\/types\/page"}],"author":[{"embeddable":true,"href":"https:\/\/kaitekviajes.com.ar\/pt\/wp-json\/wp\/v2\/users\/2"}],"replies":[{"embeddable":true,"href":"https:\/\/kaitekviajes.com.ar\/pt\/wp-json\/wp\/v2\/comments?post=4819"}],"version-history":[{"count":1,"href":"https:\/\/kaitekviajes.com.ar\/pt\/wp-json\/wp\/v2\/pages\/4819\/revisions"}],"predecessor-version":[{"id":4824,"href":"https:\/\/kaitekviajes.com.ar\/pt\/wp-json\/wp\/v2\/pages\/4819\/revisions\/4824"}],"wp:attachment":[{"href":"https:\/\/kaitekviajes.com.ar\/pt\/wp-json\/wp\/v2\/media?parent=4819"}],"curies":[{"name":"wp","href":"https:\/\/api.w.org\/{rel}","templated":true}]}}