{"id":765,"date":"2023-05-10T08:26:01","date_gmt":"2023-05-10T11:26:01","guid":{"rendered":"https:\/\/kaitekviajes.com.ar\/?post_type=product&#038;p=765"},"modified":"2025-10-03T15:28:46","modified_gmt":"2025-10-03T18:28:46","slug":"gran-circuito-aventura-en-tierra-del-fuego","status":"publish","type":"product","link":"https:\/\/kaitekviajes.com.ar\/en\/product\/gran-circuito-aventura-en-tierra-del-fuego\/","title":{"rendered":"Great Adventure Circuit in Tierra del Fuego"},"content":{"rendered":"<div>\n<h1>Conoc\u00e9 todo Tierra del Fuego con nuestro circuito en 4&#215;4, recorriendo los r\u00edos, lagos y bosques con nuestras 4&#215;4!<\/h1>\n<div><strong>Great Adventure Circuit in Tierra del Fuego<\/strong>\u00a0It is specifically designed for those who want to explore the entire Tierra del Fuego Province, traversing subantarctic forests, steppes, and ecotones, embracing all the natural wonders surrounding the region. To this end, we highlight the main Kaitek experiences in the package. In addition to exploring the province&#039;s beautiful natural landscapes, you&#039;ll also be able to understand how our ancestors lived in each part of the province and fully enjoy each experience.<\/div>\n<\/div>","protected":false},"excerpt":{"rendered":"<p>Conoc\u00e9 todo Tierra del Fuego con nuestro circuito en 4&#215;4, recorriendo los r\u00edos, lagos y bosques con nuestras 4&#215;4! Gran Circuito Aventura en Tierra del Fuego\u00a0est\u00e1 especialmente dise\u00f1ado para quienes quieran conocer la Provincia de Tierra del Fuego en su totalidad, atravesando bosques subant\u00e1rticos, estepa, regi\u00f3n de Ecotono, con todas las maravillas naturales que circundan [&hellip;]<\/p>","protected":false},"featured_media":12150,"comment_status":"open","ping_status":"closed","template":"","meta":{"_joinchat":[]},"product_brand":[],"product_cat":[31],"product_tag":[],"actividad":[264,268,288],"ciudad":[286,212,213,59],"provincia":[238],"lugar":[252,240,239,274,287],"pais":[47],"class_list":{"0":"post-765","1":"product","2":"type-product","3":"status-publish","4":"has-post-thumbnail","6":"product_cat-paquetes","7":"actividad-aventura-4x4","8":"actividad-gastronomia","9":"actividad-lagos-escondido-y-fagnano","10":"ciudad-cabo-san-pablo","11":"ciudad-puerto-almanza","12":"ciudad-tolhuin","13":"ciudad-ushuaia","14":"provincia-tierra-del-fuego","15":"lugar-cabo-san-pablo","16":"lugar-lago-escondido","17":"lugar-lago-fagnano","18":"lugar-puerto-almanza","19":"lugar-tolhuin","20":"pais-argentina","22":"first","23":"instock","24":"sold-individually","25":"shipping-taxable","26":"purchasable","27":"product-type-booking"},"yoast_head":"<!-- This site is optimized with the Yoast SEO plugin v27.2 - https:\/\/yoast.com\/product\/yoast-seo-wordpress\/ -->\n<title>Gran Circuito Aventura en Tierra del Fuego - Kaitek Viajes<\/title>\n<meta name=\"description\" content=\"Conoc\u00e9 todo Tierra del Fuego con nuestro circuito en 4x4, recorriendo los r\u00edos, lagos y bosques con nuestras 4x4!\" \/>\n<meta name=\"robots\" content=\"index, follow, max-snippet:-1, max-image-preview:large, max-video-preview:-1\" \/>\n<link rel=\"canonical\" href=\"https:\/\/kaitekviajes.com.ar\/en\/product\/gran-circuito-aventura-en-tierra-del-fuego\/?wmc-currency=USD\" \/>\n<meta property=\"og:locale\" content=\"en_US\" \/>\n<meta property=\"og:type\" content=\"article\" \/>\n<meta property=\"og:title\" content=\"Gran Circuito Aventura en Tierra del Fuego - Kaitek Viajes\" \/>\n<meta property=\"og:description\" content=\"Conoc\u00e9 todo Tierra del Fuego con nuestro circuito en 4x4, recorriendo los r\u00edos, lagos y bosques con nuestras 4x4!\" \/>\n<meta property=\"og:url\" content=\"https:\/\/kaitekviajes.com.ar\/en\/product\/gran-circuito-aventura-en-tierra-del-fuego\/?wmc-currency=USD\" \/>\n<meta property=\"og:site_name\" content=\"Kaitek Viajes\" \/>\n<meta property=\"article:modified_time\" content=\"2025-10-03T18:28:46+00:00\" \/>\n<meta property=\"og:image\" content=\"https:\/\/kaitekviajes.com.ar\/wp-content\/uploads\/2024\/11\/014_cabo_san_pablo.jpg\" \/>\n\t<meta property=\"og:image:width\" content=\"800\" \/>\n\t<meta property=\"og:image:height\" content=\"669\" \/>\n\t<meta property=\"og:image:type\" content=\"image\/jpeg\" \/>\n<meta name=\"twitter:card\" content=\"summary_large_image\" \/>\n<meta name=\"twitter:label1\" content=\"Est. reading time\" \/>\n\t<meta name=\"twitter:data1\" content=\"1 minute\" \/>\n<script type=\"application\/ld+json\" class=\"yoast-schema-graph\">{\"@context\":\"https:\/\/schema.org\",\"@graph\":[{\"@type\":\"WebPage\",\"@id\":\"https:\/\/kaitekviajes.com.ar\/producto\/gran-circuito-aventura-en-tierra-del-fuego\/\",\"url\":\"https:\/\/kaitekviajes.com.ar\/producto\/gran-circuito-aventura-en-tierra-del-fuego\/\",\"name\":\"Gran Circuito Aventura en Tierra del Fuego - Kaitek Viajes\",\"isPartOf\":{\"@id\":\"https:\/\/kaitekviajes.com.ar\/#website\"},\"primaryImageOfPage\":{\"@id\":\"https:\/\/kaitekviajes.com.ar\/producto\/gran-circuito-aventura-en-tierra-del-fuego\/#primaryimage\"},\"image\":{\"@id\":\"https:\/\/kaitekviajes.com.ar\/producto\/gran-circuito-aventura-en-tierra-del-fuego\/#primaryimage\"},\"thumbnailUrl\":\"https:\/\/kaitekviajes.com.ar\/wp-content\/uploads\/2024\/11\/014_cabo_san_pablo.jpg\",\"datePublished\":\"2023-05-10T11:26:01+00:00\",\"dateModified\":\"2025-10-03T18:28:46+00:00\",\"description\":\"Conoc\u00e9 todo Tierra del Fuego con nuestro circuito en 4x4, recorriendo los r\u00edos, lagos y bosques con nuestras 4x4!\",\"breadcrumb\":{\"@id\":\"https:\/\/kaitekviajes.com.ar\/producto\/gran-circuito-aventura-en-tierra-del-fuego\/#breadcrumb\"},\"inLanguage\":\"en-US\",\"potentialAction\":[{\"@type\":\"ReadAction\",\"target\":[\"https:\/\/kaitekviajes.com.ar\/producto\/gran-circuito-aventura-en-tierra-del-fuego\/\"]}]},{\"@type\":\"ImageObject\",\"inLanguage\":\"en-US\",\"@id\":\"https:\/\/kaitekviajes.com.ar\/producto\/gran-circuito-aventura-en-tierra-del-fuego\/#primaryimage\",\"url\":\"https:\/\/kaitekviajes.com.ar\/wp-content\/uploads\/2024\/11\/014_cabo_san_pablo.jpg\",\"contentUrl\":\"https:\/\/kaitekviajes.com.ar\/wp-content\/uploads\/2024\/11\/014_cabo_san_pablo.jpg\",\"width\":800,\"height\":669},{\"@type\":\"BreadcrumbList\",\"@id\":\"https:\/\/kaitekviajes.com.ar\/producto\/gran-circuito-aventura-en-tierra-del-fuego\/#breadcrumb\",\"itemListElement\":[{\"@type\":\"ListItem\",\"position\":1,\"name\":\"Portada\",\"item\":\"https:\/\/kaitekviajes.com.ar\/\"},{\"@type\":\"ListItem\",\"position\":2,\"name\":\"Tienda\",\"item\":\"https:\/\/kaitekviajes.com.ar\/tienda\/\"},{\"@type\":\"ListItem\",\"position\":3,\"name\":\"Gran Circuito Aventura en Tierra del Fuego\"}]},{\"@type\":\"WebSite\",\"@id\":\"https:\/\/kaitekviajes.com.ar\/#website\",\"url\":\"https:\/\/kaitekviajes.com.ar\/\",\"name\":\"Kaitek Viajes\",\"description\":\"Excursiones - Ushuaia y Tierra del Fuego, Patagonia\",\"publisher\":{\"@id\":\"https:\/\/kaitekviajes.com.ar\/#organization\"},\"potentialAction\":[{\"@type\":\"SearchAction\",\"target\":{\"@type\":\"EntryPoint\",\"urlTemplate\":\"https:\/\/kaitekviajes.com.ar\/?s={search_term_string}\"},\"query-input\":{\"@type\":\"PropertyValueSpecification\",\"valueRequired\":true,\"valueName\":\"search_term_string\"}}],\"inLanguage\":\"en-US\"},{\"@type\":\"Organization\",\"@id\":\"https:\/\/kaitekviajes.com.ar\/#organization\",\"name\":\"Kaitek Viajes\",\"url\":\"https:\/\/kaitekviajes.com.ar\/\",\"logo\":{\"@type\":\"ImageObject\",\"inLanguage\":\"en-US\",\"@id\":\"https:\/\/kaitekviajes.com.ar\/#\/schema\/logo\/image\/\",\"url\":\"https:\/\/kaitekviajes.com.ar\/wp-content\/uploads\/2023\/04\/cropped-Logo-Kaitek-completo.png\",\"contentUrl\":\"https:\/\/kaitekviajes.com.ar\/wp-content\/uploads\/2023\/04\/cropped-Logo-Kaitek-completo.png\",\"width\":1380,\"height\":706,\"caption\":\"Kaitek Viajes\"},\"image\":{\"@id\":\"https:\/\/kaitekviajes.com.ar\/#\/schema\/logo\/image\/\"}}]}<\/script>\n<!-- \/ Yoast SEO plugin. -->","yoast_head_json":{"title":"Gran Circuito Aventura en Tierra del Fuego - Kaitek Viajes","description":"Conoc\u00e9 todo Tierra del Fuego con nuestro circuito en 4x4, recorriendo los r\u00edos, lagos y bosques con nuestras 4x4!","robots":{"index":"index","follow":"follow","max-snippet":"max-snippet:-1","max-image-preview":"max-image-preview:large","max-video-preview":"max-video-preview:-1"},"canonical":"https:\/\/kaitekviajes.com.ar\/en\/product\/gran-circuito-aventura-en-tierra-del-fuego\/?wmc-currency=USD","og_locale":"en_US","og_type":"article","og_title":"Gran Circuito Aventura en Tierra del Fuego - Kaitek Viajes","og_description":"Conoc\u00e9 todo Tierra del Fuego con nuestro circuito en 4x4, recorriendo los r\u00edos, lagos y bosques con nuestras 4x4!","og_url":"https:\/\/kaitekviajes.com.ar\/en\/product\/gran-circuito-aventura-en-tierra-del-fuego\/?wmc-currency=USD","og_site_name":"Kaitek Viajes","article_modified_time":"2025-10-03T18:28:46+00:00","og_image":[{"width":800,"height":669,"url":"https:\/\/kaitekviajes.com.ar\/wp-content\/uploads\/2024\/11\/014_cabo_san_pablo.jpg","type":"image\/jpeg"}],"twitter_card":"summary_large_image","twitter_misc":{"Est. reading time":"1 minute"},"schema":{"@context":"https:\/\/schema.org","@graph":[{"@type":"WebPage","@id":"https:\/\/kaitekviajes.com.ar\/producto\/gran-circuito-aventura-en-tierra-del-fuego\/","url":"https:\/\/kaitekviajes.com.ar\/producto\/gran-circuito-aventura-en-tierra-del-fuego\/","name":"Gran Circuito Aventura en Tierra del Fuego - Kaitek Viajes","isPartOf":{"@id":"https:\/\/kaitekviajes.com.ar\/#website"},"primaryImageOfPage":{"@id":"https:\/\/kaitekviajes.com.ar\/producto\/gran-circuito-aventura-en-tierra-del-fuego\/#primaryimage"},"image":{"@id":"https:\/\/kaitekviajes.com.ar\/producto\/gran-circuito-aventura-en-tierra-del-fuego\/#primaryimage"},"thumbnailUrl":"https:\/\/kaitekviajes.com.ar\/wp-content\/uploads\/2024\/11\/014_cabo_san_pablo.jpg","datePublished":"2023-05-10T11:26:01+00:00","dateModified":"2025-10-03T18:28:46+00:00","description":"Conoc\u00e9 todo Tierra del Fuego con nuestro circuito en 4x4, recorriendo los r\u00edos, lagos y bosques con nuestras 4x4!","breadcrumb":{"@id":"https:\/\/kaitekviajes.com.ar\/producto\/gran-circuito-aventura-en-tierra-del-fuego\/#breadcrumb"},"inLanguage":"en-US","potentialAction":[{"@type":"ReadAction","target":["https:\/\/kaitekviajes.com.ar\/producto\/gran-circuito-aventura-en-tierra-del-fuego\/"]}]},{"@type":"ImageObject","inLanguage":"en-US","@id":"https:\/\/kaitekviajes.com.ar\/producto\/gran-circuito-aventura-en-tierra-del-fuego\/#primaryimage","url":"https:\/\/kaitekviajes.com.ar\/wp-content\/uploads\/2024\/11\/014_cabo_san_pablo.jpg","contentUrl":"https:\/\/kaitekviajes.com.ar\/wp-content\/uploads\/2024\/11\/014_cabo_san_pablo.jpg","width":800,"height":669},{"@type":"BreadcrumbList","@id":"https:\/\/kaitekviajes.com.ar\/producto\/gran-circuito-aventura-en-tierra-del-fuego\/#breadcrumb","itemListElement":[{"@type":"ListItem","position":1,"name":"Portada","item":"https:\/\/kaitekviajes.com.ar\/"},{"@type":"ListItem","position":2,"name":"Tienda","item":"https:\/\/kaitekviajes.com.ar\/tienda\/"},{"@type":"ListItem","position":3,"name":"Gran Circuito Aventura en Tierra del Fuego"}]},{"@type":"WebSite","@id":"https:\/\/kaitekviajes.com.ar\/#website","url":"https:\/\/kaitekviajes.com.ar\/","name":"Kaitek Viajes","description":"Excursiones - Ushuaia y Tierra del Fuego, Patagonia","publisher":{"@id":"https:\/\/kaitekviajes.com.ar\/#organization"},"potentialAction":[{"@type":"SearchAction","target":{"@type":"EntryPoint","urlTemplate":"https:\/\/kaitekviajes.com.ar\/?s={search_term_string}"},"query-input":{"@type":"PropertyValueSpecification","valueRequired":true,"valueName":"search_term_string"}}],"inLanguage":"en-US"},{"@type":"Organization","@id":"https:\/\/kaitekviajes.com.ar\/#organization","name":"Kaitek Viajes","url":"https:\/\/kaitekviajes.com.ar\/","logo":{"@type":"ImageObject","inLanguage":"en-US","@id":"https:\/\/kaitekviajes.com.ar\/#\/schema\/logo\/image\/","url":"https:\/\/kaitekviajes.com.ar\/wp-content\/uploads\/2023\/04\/cropped-Logo-Kaitek-completo.png","contentUrl":"https:\/\/kaitekviajes.com.ar\/wp-content\/uploads\/2023\/04\/cropped-Logo-Kaitek-completo.png","width":1380,"height":706,"caption":"Kaitek Viajes"},"image":{"@id":"https:\/\/kaitekviajes.com.ar\/#\/schema\/logo\/image\/"}}]}},"_links":{"self":[{"href":"https:\/\/kaitekviajes.com.ar\/en\/wp-json\/wp\/v2\/product\/765","targetHints":{"allow":["GET"]}}],"collection":[{"href":"https:\/\/kaitekviajes.com.ar\/en\/wp-json\/wp\/v2\/product"}],"about":[{"href":"https:\/\/kaitekviajes.com.ar\/en\/wp-json\/wp\/v2\/types\/product"}],"replies":[{"embeddable":true,"href":"https:\/\/kaitekviajes.com.ar\/en\/wp-json\/wp\/v2\/comments?post=765"}],"wp:featuredmedia":[{"embeddable":true,"href":"https:\/\/kaitekviajes.com.ar\/en\/wp-json\/wp\/v2\/media\/12150"}],"wp:attachment":[{"href":"https:\/\/kaitekviajes.com.ar\/en\/wp-json\/wp\/v2\/media?parent=765"}],"wp:term":[{"taxonomy":"product_brand","embeddable":true,"href":"https:\/\/kaitekviajes.com.ar\/en\/wp-json\/wp\/v2\/product_brand?post=765"},{"taxonomy":"product_cat","embeddable":true,"href":"https:\/\/kaitekviajes.com.ar\/en\/wp-json\/wp\/v2\/product_cat?post=765"},{"taxonomy":"product_tag","embeddable":true,"href":"https:\/\/kaitekviajes.com.ar\/en\/wp-json\/wp\/v2\/product_tag?post=765"},{"taxonomy":"actividad","embeddable":true,"href":"https:\/\/kaitekviajes.com.ar\/en\/wp-json\/wp\/v2\/actividad?post=765"},{"taxonomy":"ciudad","embeddable":true,"href":"https:\/\/kaitekviajes.com.ar\/en\/wp-json\/wp\/v2\/ciudad?post=765"},{"taxonomy":"provincia","embeddable":true,"href":"https:\/\/kaitekviajes.com.ar\/en\/wp-json\/wp\/v2\/provincia?post=765"},{"taxonomy":"lugar","embeddable":true,"href":"https:\/\/kaitekviajes.com.ar\/en\/wp-json\/wp\/v2\/lugar?post=765"},{"taxonomy":"pais","embeddable":true,"href":"https:\/\/kaitekviajes.com.ar\/en\/wp-json\/wp\/v2\/pais?post=765"}],"curies":[{"name":"wp","href":"https:\/\/api.w.org\/{rel}","templated":true}]}}