{"id":2938,"date":"2025-06-21T15:50:36","date_gmt":"2025-06-21T18:50:36","guid":{"rendered":"https:\/\/kaitekviajes.com.ar\/?post_type=product&#038;p=2938"},"modified":"2026-03-22T16:21:46","modified_gmt":"2026-03-22T19:21:46","slug":"trekking-a-glaciar-vinciguerra","status":"publish","type":"product","link":"https:\/\/kaitekviajes.com.ar\/en\/product\/trekking-a-glaciar-vinciguerra\/","title":{"rendered":"Trekking to Vinciguerra Glacier"},"content":{"rendered":"<div>\n<h1>Exciting trekking experience to the Vinciguerra Glacier, unique in the world, from Ushuaia<\/h1>\n<p><strong>The exciting mountain trail has a medium difficulty<\/strong>, but it can be more challenging in late fall or early spring due to the presence of ice, snow, and mud on the slope. Trekking boots and waterproof outerwear are required year-round.<\/p>\n<\/div>","protected":false},"excerpt":{"rendered":"<p>Apasionante experiencia al Trekking al Glaciar Vinciguerra, \u00fanico en el mundo, desde Ushuaia El apasionante sendero de monta\u00f1a tiene una dificultad media, pero puede presentar un mayor desaf\u00edo a fines de oto\u00f1o, o a principios de la primavera, a causa de la presencia de hielo, nieve y barro en la pendiente. Para recorrerlo es necesario [&hellip;]<\/p>","protected":false},"featured_media":2941,"comment_status":"open","ping_status":"closed","template":"","meta":{"_joinchat":[]},"product_brand":[],"product_cat":[27],"product_tag":[],"actividad":[260],"ciudad":[59],"provincia":[238],"lugar":[246],"pais":[47],"class_list":{"0":"post-2938","1":"product","2":"type-product","3":"status-publish","4":"has-post-thumbnail","6":"product_cat-excursiones","7":"actividad-trekking","8":"ciudad-ushuaia","9":"provincia-tierra-del-fuego","10":"lugar-glaciar-vinciguerra","11":"pais-argentina","13":"first","14":"instock","15":"sold-individually","16":"shipping-taxable","17":"purchasable","18":"product-type-booking"},"yoast_head":"<!-- This site is optimized with the Yoast SEO plugin v27.2 - https:\/\/yoast.com\/product\/yoast-seo-wordpress\/ -->\n<title>Trekking a Glaciar Vinciguerra - Kaitek Viajes<\/title>\n<meta name=\"description\" content=\"Apasionante experiencia al Trekking al Glaciar Vinciguerra, \u00fanico en el mundo, desde Ushuaia\" \/>\n<meta name=\"robots\" content=\"index, follow, max-snippet:-1, max-image-preview:large, max-video-preview:-1\" \/>\n<link rel=\"canonical\" href=\"https:\/\/kaitekviajes.com.ar\/en\/product\/trekking-a-glaciar-vinciguerra\/?wmc-currency=USD\" \/>\n<meta property=\"og:locale\" content=\"en_US\" \/>\n<meta property=\"og:type\" content=\"article\" \/>\n<meta property=\"og:title\" content=\"Trekking a Glaciar Vinciguerra - Kaitek Viajes\" \/>\n<meta property=\"og:description\" content=\"Apasionante experiencia al Trekking al Glaciar Vinciguerra, \u00fanico en el mundo, desde Ushuaia\" \/>\n<meta property=\"og:url\" content=\"https:\/\/kaitekviajes.com.ar\/en\/product\/trekking-a-glaciar-vinciguerra\/?wmc-currency=USD\" \/>\n<meta property=\"og:site_name\" content=\"Kaitek Viajes\" \/>\n<meta property=\"article:modified_time\" content=\"2026-03-22T19:21:46+00:00\" \/>\n<meta property=\"og:image\" content=\"https:\/\/kaitekviajes.com.ar\/wp-content\/uploads\/2023\/07\/04_glaciar_vinciguerra.jpg\" \/>\n\t<meta property=\"og:image:width\" content=\"800\" \/>\n\t<meta property=\"og:image:height\" content=\"669\" \/>\n\t<meta property=\"og:image:type\" content=\"image\/jpeg\" \/>\n<meta name=\"twitter:card\" content=\"summary_large_image\" \/>\n<meta name=\"twitter:label1\" content=\"Est. reading time\" \/>\n\t<meta name=\"twitter:data1\" content=\"1 minute\" \/>\n<script type=\"application\/ld+json\" class=\"yoast-schema-graph\">{\"@context\":\"https:\/\/schema.org\",\"@graph\":[{\"@type\":\"WebPage\",\"@id\":\"https:\/\/kaitekviajes.com.ar\/producto\/trekking-a-glaciar-vinciguerra\/\",\"url\":\"https:\/\/kaitekviajes.com.ar\/producto\/trekking-a-glaciar-vinciguerra\/\",\"name\":\"Trekking a Glaciar Vinciguerra - Kaitek Viajes\",\"isPartOf\":{\"@id\":\"https:\/\/kaitekviajes.com.ar\/#website\"},\"primaryImageOfPage\":{\"@id\":\"https:\/\/kaitekviajes.com.ar\/producto\/trekking-a-glaciar-vinciguerra\/#primaryimage\"},\"image\":{\"@id\":\"https:\/\/kaitekviajes.com.ar\/producto\/trekking-a-glaciar-vinciguerra\/#primaryimage\"},\"thumbnailUrl\":\"https:\/\/kaitekviajes.com.ar\/wp-content\/uploads\/2023\/07\/04_glaciar_vinciguerra.jpg\",\"datePublished\":\"2025-06-21T18:50:36+00:00\",\"dateModified\":\"2026-03-22T19:21:46+00:00\",\"description\":\"Apasionante experiencia al Trekking al Glaciar Vinciguerra, \u00fanico en el mundo, desde Ushuaia\",\"breadcrumb\":{\"@id\":\"https:\/\/kaitekviajes.com.ar\/producto\/trekking-a-glaciar-vinciguerra\/#breadcrumb\"},\"inLanguage\":\"en-US\",\"potentialAction\":[{\"@type\":\"ReadAction\",\"target\":[\"https:\/\/kaitekviajes.com.ar\/producto\/trekking-a-glaciar-vinciguerra\/\"]}]},{\"@type\":\"ImageObject\",\"inLanguage\":\"en-US\",\"@id\":\"https:\/\/kaitekviajes.com.ar\/producto\/trekking-a-glaciar-vinciguerra\/#primaryimage\",\"url\":\"https:\/\/kaitekviajes.com.ar\/wp-content\/uploads\/2023\/07\/04_glaciar_vinciguerra.jpg\",\"contentUrl\":\"https:\/\/kaitekviajes.com.ar\/wp-content\/uploads\/2023\/07\/04_glaciar_vinciguerra.jpg\",\"width\":800,\"height\":669},{\"@type\":\"BreadcrumbList\",\"@id\":\"https:\/\/kaitekviajes.com.ar\/producto\/trekking-a-glaciar-vinciguerra\/#breadcrumb\",\"itemListElement\":[{\"@type\":\"ListItem\",\"position\":1,\"name\":\"Portada\",\"item\":\"https:\/\/kaitekviajes.com.ar\/\"},{\"@type\":\"ListItem\",\"position\":2,\"name\":\"Tienda\",\"item\":\"https:\/\/kaitekviajes.com.ar\/tienda\/\"},{\"@type\":\"ListItem\",\"position\":3,\"name\":\"Trekking a Glaciar Vinciguerra\"}]},{\"@type\":\"WebSite\",\"@id\":\"https:\/\/kaitekviajes.com.ar\/#website\",\"url\":\"https:\/\/kaitekviajes.com.ar\/\",\"name\":\"Kaitek Viajes\",\"description\":\"Excursiones - Ushuaia y Tierra del Fuego, Patagonia\",\"publisher\":{\"@id\":\"https:\/\/kaitekviajes.com.ar\/#organization\"},\"potentialAction\":[{\"@type\":\"SearchAction\",\"target\":{\"@type\":\"EntryPoint\",\"urlTemplate\":\"https:\/\/kaitekviajes.com.ar\/?s={search_term_string}\"},\"query-input\":{\"@type\":\"PropertyValueSpecification\",\"valueRequired\":true,\"valueName\":\"search_term_string\"}}],\"inLanguage\":\"en-US\"},{\"@type\":\"Organization\",\"@id\":\"https:\/\/kaitekviajes.com.ar\/#organization\",\"name\":\"Kaitek Viajes\",\"url\":\"https:\/\/kaitekviajes.com.ar\/\",\"logo\":{\"@type\":\"ImageObject\",\"inLanguage\":\"en-US\",\"@id\":\"https:\/\/kaitekviajes.com.ar\/#\/schema\/logo\/image\/\",\"url\":\"https:\/\/kaitekviajes.com.ar\/wp-content\/uploads\/2023\/04\/cropped-Logo-Kaitek-completo.png\",\"contentUrl\":\"https:\/\/kaitekviajes.com.ar\/wp-content\/uploads\/2023\/04\/cropped-Logo-Kaitek-completo.png\",\"width\":1380,\"height\":706,\"caption\":\"Kaitek Viajes\"},\"image\":{\"@id\":\"https:\/\/kaitekviajes.com.ar\/#\/schema\/logo\/image\/\"}}]}<\/script>\n<!-- \/ Yoast SEO plugin. -->","yoast_head_json":{"title":"Trekking a Glaciar Vinciguerra - Kaitek Viajes","description":"Apasionante experiencia al Trekking al Glaciar Vinciguerra, \u00fanico en el mundo, desde Ushuaia","robots":{"index":"index","follow":"follow","max-snippet":"max-snippet:-1","max-image-preview":"max-image-preview:large","max-video-preview":"max-video-preview:-1"},"canonical":"https:\/\/kaitekviajes.com.ar\/en\/product\/trekking-a-glaciar-vinciguerra\/?wmc-currency=USD","og_locale":"en_US","og_type":"article","og_title":"Trekking a Glaciar Vinciguerra - Kaitek Viajes","og_description":"Apasionante experiencia al Trekking al Glaciar Vinciguerra, \u00fanico en el mundo, desde Ushuaia","og_url":"https:\/\/kaitekviajes.com.ar\/en\/product\/trekking-a-glaciar-vinciguerra\/?wmc-currency=USD","og_site_name":"Kaitek Viajes","article_modified_time":"2026-03-22T19:21:46+00:00","og_image":[{"width":800,"height":669,"url":"https:\/\/kaitekviajes.com.ar\/wp-content\/uploads\/2023\/07\/04_glaciar_vinciguerra.jpg","type":"image\/jpeg"}],"twitter_card":"summary_large_image","twitter_misc":{"Est. reading time":"1 minute"},"schema":{"@context":"https:\/\/schema.org","@graph":[{"@type":"WebPage","@id":"https:\/\/kaitekviajes.com.ar\/producto\/trekking-a-glaciar-vinciguerra\/","url":"https:\/\/kaitekviajes.com.ar\/producto\/trekking-a-glaciar-vinciguerra\/","name":"Trekking a Glaciar Vinciguerra - Kaitek Viajes","isPartOf":{"@id":"https:\/\/kaitekviajes.com.ar\/#website"},"primaryImageOfPage":{"@id":"https:\/\/kaitekviajes.com.ar\/producto\/trekking-a-glaciar-vinciguerra\/#primaryimage"},"image":{"@id":"https:\/\/kaitekviajes.com.ar\/producto\/trekking-a-glaciar-vinciguerra\/#primaryimage"},"thumbnailUrl":"https:\/\/kaitekviajes.com.ar\/wp-content\/uploads\/2023\/07\/04_glaciar_vinciguerra.jpg","datePublished":"2025-06-21T18:50:36+00:00","dateModified":"2026-03-22T19:21:46+00:00","description":"Apasionante experiencia al Trekking al Glaciar Vinciguerra, \u00fanico en el mundo, desde Ushuaia","breadcrumb":{"@id":"https:\/\/kaitekviajes.com.ar\/producto\/trekking-a-glaciar-vinciguerra\/#breadcrumb"},"inLanguage":"en-US","potentialAction":[{"@type":"ReadAction","target":["https:\/\/kaitekviajes.com.ar\/producto\/trekking-a-glaciar-vinciguerra\/"]}]},{"@type":"ImageObject","inLanguage":"en-US","@id":"https:\/\/kaitekviajes.com.ar\/producto\/trekking-a-glaciar-vinciguerra\/#primaryimage","url":"https:\/\/kaitekviajes.com.ar\/wp-content\/uploads\/2023\/07\/04_glaciar_vinciguerra.jpg","contentUrl":"https:\/\/kaitekviajes.com.ar\/wp-content\/uploads\/2023\/07\/04_glaciar_vinciguerra.jpg","width":800,"height":669},{"@type":"BreadcrumbList","@id":"https:\/\/kaitekviajes.com.ar\/producto\/trekking-a-glaciar-vinciguerra\/#breadcrumb","itemListElement":[{"@type":"ListItem","position":1,"name":"Portada","item":"https:\/\/kaitekviajes.com.ar\/"},{"@type":"ListItem","position":2,"name":"Tienda","item":"https:\/\/kaitekviajes.com.ar\/tienda\/"},{"@type":"ListItem","position":3,"name":"Trekking a Glaciar Vinciguerra"}]},{"@type":"WebSite","@id":"https:\/\/kaitekviajes.com.ar\/#website","url":"https:\/\/kaitekviajes.com.ar\/","name":"Kaitek Viajes","description":"Excursiones - Ushuaia y Tierra del Fuego, Patagonia","publisher":{"@id":"https:\/\/kaitekviajes.com.ar\/#organization"},"potentialAction":[{"@type":"SearchAction","target":{"@type":"EntryPoint","urlTemplate":"https:\/\/kaitekviajes.com.ar\/?s={search_term_string}"},"query-input":{"@type":"PropertyValueSpecification","valueRequired":true,"valueName":"search_term_string"}}],"inLanguage":"en-US"},{"@type":"Organization","@id":"https:\/\/kaitekviajes.com.ar\/#organization","name":"Kaitek Viajes","url":"https:\/\/kaitekviajes.com.ar\/","logo":{"@type":"ImageObject","inLanguage":"en-US","@id":"https:\/\/kaitekviajes.com.ar\/#\/schema\/logo\/image\/","url":"https:\/\/kaitekviajes.com.ar\/wp-content\/uploads\/2023\/04\/cropped-Logo-Kaitek-completo.png","contentUrl":"https:\/\/kaitekviajes.com.ar\/wp-content\/uploads\/2023\/04\/cropped-Logo-Kaitek-completo.png","width":1380,"height":706,"caption":"Kaitek Viajes"},"image":{"@id":"https:\/\/kaitekviajes.com.ar\/#\/schema\/logo\/image\/"}}]}},"_links":{"self":[{"href":"https:\/\/kaitekviajes.com.ar\/en\/wp-json\/wp\/v2\/product\/2938","targetHints":{"allow":["GET"]}}],"collection":[{"href":"https:\/\/kaitekviajes.com.ar\/en\/wp-json\/wp\/v2\/product"}],"about":[{"href":"https:\/\/kaitekviajes.com.ar\/en\/wp-json\/wp\/v2\/types\/product"}],"replies":[{"embeddable":true,"href":"https:\/\/kaitekviajes.com.ar\/en\/wp-json\/wp\/v2\/comments?post=2938"}],"wp:featuredmedia":[{"embeddable":true,"href":"https:\/\/kaitekviajes.com.ar\/en\/wp-json\/wp\/v2\/media\/2941"}],"wp:attachment":[{"href":"https:\/\/kaitekviajes.com.ar\/en\/wp-json\/wp\/v2\/media?parent=2938"}],"wp:term":[{"taxonomy":"product_brand","embeddable":true,"href":"https:\/\/kaitekviajes.com.ar\/en\/wp-json\/wp\/v2\/product_brand?post=2938"},{"taxonomy":"product_cat","embeddable":true,"href":"https:\/\/kaitekviajes.com.ar\/en\/wp-json\/wp\/v2\/product_cat?post=2938"},{"taxonomy":"product_tag","embeddable":true,"href":"https:\/\/kaitekviajes.com.ar\/en\/wp-json\/wp\/v2\/product_tag?post=2938"},{"taxonomy":"actividad","embeddable":true,"href":"https:\/\/kaitekviajes.com.ar\/en\/wp-json\/wp\/v2\/actividad?post=2938"},{"taxonomy":"ciudad","embeddable":true,"href":"https:\/\/kaitekviajes.com.ar\/en\/wp-json\/wp\/v2\/ciudad?post=2938"},{"taxonomy":"provincia","embeddable":true,"href":"https:\/\/kaitekviajes.com.ar\/en\/wp-json\/wp\/v2\/provincia?post=2938"},{"taxonomy":"lugar","embeddable":true,"href":"https:\/\/kaitekviajes.com.ar\/en\/wp-json\/wp\/v2\/lugar?post=2938"},{"taxonomy":"pais","embeddable":true,"href":"https:\/\/kaitekviajes.com.ar\/en\/wp-json\/wp\/v2\/pais?post=2938"}],"curies":[{"name":"wp","href":"https:\/\/api.w.org\/{rel}","templated":true}]}}