{"id":2924,"date":"2023-06-11T21:43:51","date_gmt":"2023-06-12T00:43:51","guid":{"rendered":"https:\/\/kaitekviajes.com.ar\/?post_type=product&#038;p=2924"},"modified":"2025-10-03T15:23:07","modified_gmt":"2025-10-03T18:23:07","slug":"sobrevuelo-ushuaia-en-helicoptero","status":"publish","type":"product","link":"https:\/\/kaitekviajes.com.ar\/en\/product\/sobrevuelo-ushuaia-en-helicoptero\/","title":{"rendered":"Helicopter overflight over Ushuaia"},"content":{"rendered":"<h1><strong>Flying over Ushuaia is an invitation to feel <\/strong>one of the seagulls that flutter on the coast of this southern bay.<\/h1>\n<p>Fasten your seatbelts as we take off westward to enjoy a unique perspective of the Beagle Channel. Turning east, you&#039;ll enjoy wonderful views of the city, framed by the imposing Andes mountain range, the Martial Glacier, Mount Cinco Hermanos, and the iconic Mount Olivia.<\/p>","protected":false},"excerpt":{"rendered":"<p>Sobrevolar Ushuaia es una invitaci\u00f3n a sentirte una de las gaviotas que se agitan en la costa de esta bah\u00eda tan austral. Abrochate el cintur\u00f3n que despegamos hacia el Oeste para apreciar el Canal Beagle desde una perspectiva \u00fanica. Virando con rumbo Este, vas a disfrutar de la maravillosa vista de la ciudad, enmarcada por [&hellip;]<\/p>","protected":false},"featured_media":2893,"comment_status":"open","ping_status":"closed","template":"","meta":{"_joinchat":[]},"product_brand":[],"product_cat":[27],"product_tag":[],"actividad":[262],"ciudad":[59],"provincia":[238],"lugar":[248,244,242,243],"pais":[47],"class_list":{"0":"post-2924","1":"product","2":"type-product","3":"status-publish","4":"has-post-thumbnail","6":"product_cat-excursiones","7":"actividad-sobrevuelos","8":"ciudad-ushuaia","9":"provincia-tierra-del-fuego","10":"lugar-canal-beagle","11":"lugar-glaciar-martial","12":"lugar-monte-olivia","13":"lugar-monte-susana","14":"pais-argentina","16":"first","17":"instock","18":"sold-individually","19":"shipping-taxable","20":"purchasable","21":"product-type-booking"},"yoast_head":"<!-- This site is optimized with the Yoast SEO plugin v27.2 - https:\/\/yoast.com\/product\/yoast-seo-wordpress\/ -->\n<title>Sobrevuelo Ushuaia en Helic\u00f3ptero - Kaitek Viajes<\/title>\n<meta name=\"description\" content=\"Sobrevolar Ushuaia es una invitaci\u00f3n a sentirte una de las gaviotas que se agitan en la costa de esta bah\u00eda tan austral.\" \/>\n<meta name=\"robots\" content=\"index, follow, max-snippet:-1, max-image-preview:large, max-video-preview:-1\" \/>\n<link rel=\"canonical\" href=\"https:\/\/kaitekviajes.com.ar\/en\/product\/sobrevuelo-ushuaia-en-helicoptero\/?wmc-currency=USD\" \/>\n<meta property=\"og:locale\" content=\"en_US\" \/>\n<meta property=\"og:type\" content=\"article\" \/>\n<meta property=\"og:title\" content=\"Sobrevuelo Ushuaia en Helic\u00f3ptero - Kaitek Viajes\" \/>\n<meta property=\"og:description\" content=\"Sobrevolar Ushuaia es una invitaci\u00f3n a sentirte una de las gaviotas que se agitan en la costa de esta bah\u00eda tan austral.\" \/>\n<meta property=\"og:url\" content=\"https:\/\/kaitekviajes.com.ar\/en\/product\/sobrevuelo-ushuaia-en-helicoptero\/?wmc-currency=USD\" \/>\n<meta property=\"og:site_name\" content=\"Kaitek Viajes\" \/>\n<meta property=\"article:modified_time\" content=\"2025-10-03T18:23:07+00:00\" \/>\n<meta property=\"og:image\" content=\"https:\/\/kaitekviajes.com.ar\/wp-content\/uploads\/2023\/07\/00_circuito_doble_avioneta.jpg\" \/>\n\t<meta property=\"og:image:width\" content=\"800\" \/>\n\t<meta property=\"og:image:height\" content=\"520\" \/>\n\t<meta property=\"og:image:type\" content=\"image\/jpeg\" \/>\n<meta name=\"twitter:card\" content=\"summary_large_image\" \/>\n<meta name=\"twitter:label1\" content=\"Est. reading time\" \/>\n\t<meta name=\"twitter:data1\" content=\"1 minute\" \/>\n<script type=\"application\/ld+json\" class=\"yoast-schema-graph\">{\"@context\":\"https:\/\/schema.org\",\"@graph\":[{\"@type\":\"WebPage\",\"@id\":\"https:\/\/kaitekviajes.com.ar\/producto\/sobrevuelo-ushuaia-en-helicoptero\/\",\"url\":\"https:\/\/kaitekviajes.com.ar\/producto\/sobrevuelo-ushuaia-en-helicoptero\/\",\"name\":\"Sobrevuelo Ushuaia en Helic\u00f3ptero - Kaitek Viajes\",\"isPartOf\":{\"@id\":\"https:\/\/kaitekviajes.com.ar\/#website\"},\"primaryImageOfPage\":{\"@id\":\"https:\/\/kaitekviajes.com.ar\/producto\/sobrevuelo-ushuaia-en-helicoptero\/#primaryimage\"},\"image\":{\"@id\":\"https:\/\/kaitekviajes.com.ar\/producto\/sobrevuelo-ushuaia-en-helicoptero\/#primaryimage\"},\"thumbnailUrl\":\"https:\/\/kaitekviajes.com.ar\/wp-content\/uploads\/2023\/07\/00_circuito_doble_avioneta.jpg\",\"datePublished\":\"2023-06-12T00:43:51+00:00\",\"dateModified\":\"2025-10-03T18:23:07+00:00\",\"description\":\"Sobrevolar Ushuaia es una invitaci\u00f3n a sentirte una de las gaviotas que se agitan en la costa de esta bah\u00eda tan austral.\",\"breadcrumb\":{\"@id\":\"https:\/\/kaitekviajes.com.ar\/producto\/sobrevuelo-ushuaia-en-helicoptero\/#breadcrumb\"},\"inLanguage\":\"en-US\",\"potentialAction\":[{\"@type\":\"ReadAction\",\"target\":[\"https:\/\/kaitekviajes.com.ar\/producto\/sobrevuelo-ushuaia-en-helicoptero\/\"]}]},{\"@type\":\"ImageObject\",\"inLanguage\":\"en-US\",\"@id\":\"https:\/\/kaitekviajes.com.ar\/producto\/sobrevuelo-ushuaia-en-helicoptero\/#primaryimage\",\"url\":\"https:\/\/kaitekviajes.com.ar\/wp-content\/uploads\/2023\/07\/00_circuito_doble_avioneta.jpg\",\"contentUrl\":\"https:\/\/kaitekviajes.com.ar\/wp-content\/uploads\/2023\/07\/00_circuito_doble_avioneta.jpg\",\"width\":800,\"height\":520},{\"@type\":\"BreadcrumbList\",\"@id\":\"https:\/\/kaitekviajes.com.ar\/producto\/sobrevuelo-ushuaia-en-helicoptero\/#breadcrumb\",\"itemListElement\":[{\"@type\":\"ListItem\",\"position\":1,\"name\":\"Portada\",\"item\":\"https:\/\/kaitekviajes.com.ar\/\"},{\"@type\":\"ListItem\",\"position\":2,\"name\":\"Tienda\",\"item\":\"https:\/\/kaitekviajes.com.ar\/tienda\/\"},{\"@type\":\"ListItem\",\"position\":3,\"name\":\"Sobrevuelo Ushuaia en Helic\u00f3ptero\"}]},{\"@type\":\"WebSite\",\"@id\":\"https:\/\/kaitekviajes.com.ar\/#website\",\"url\":\"https:\/\/kaitekviajes.com.ar\/\",\"name\":\"Kaitek Viajes\",\"description\":\"Excursiones - Ushuaia y Tierra del Fuego, Patagonia\",\"publisher\":{\"@id\":\"https:\/\/kaitekviajes.com.ar\/#organization\"},\"potentialAction\":[{\"@type\":\"SearchAction\",\"target\":{\"@type\":\"EntryPoint\",\"urlTemplate\":\"https:\/\/kaitekviajes.com.ar\/?s={search_term_string}\"},\"query-input\":{\"@type\":\"PropertyValueSpecification\",\"valueRequired\":true,\"valueName\":\"search_term_string\"}}],\"inLanguage\":\"en-US\"},{\"@type\":\"Organization\",\"@id\":\"https:\/\/kaitekviajes.com.ar\/#organization\",\"name\":\"Kaitek Viajes\",\"url\":\"https:\/\/kaitekviajes.com.ar\/\",\"logo\":{\"@type\":\"ImageObject\",\"inLanguage\":\"en-US\",\"@id\":\"https:\/\/kaitekviajes.com.ar\/#\/schema\/logo\/image\/\",\"url\":\"https:\/\/kaitekviajes.com.ar\/wp-content\/uploads\/2023\/04\/cropped-Logo-Kaitek-completo.png\",\"contentUrl\":\"https:\/\/kaitekviajes.com.ar\/wp-content\/uploads\/2023\/04\/cropped-Logo-Kaitek-completo.png\",\"width\":1380,\"height\":706,\"caption\":\"Kaitek Viajes\"},\"image\":{\"@id\":\"https:\/\/kaitekviajes.com.ar\/#\/schema\/logo\/image\/\"}}]}<\/script>\n<!-- \/ Yoast SEO plugin. -->","yoast_head_json":{"title":"Sobrevuelo Ushuaia en Helic\u00f3ptero - Kaitek Viajes","description":"Sobrevolar Ushuaia es una invitaci\u00f3n a sentirte una de las gaviotas que se agitan en la costa de esta bah\u00eda tan austral.","robots":{"index":"index","follow":"follow","max-snippet":"max-snippet:-1","max-image-preview":"max-image-preview:large","max-video-preview":"max-video-preview:-1"},"canonical":"https:\/\/kaitekviajes.com.ar\/en\/product\/sobrevuelo-ushuaia-en-helicoptero\/?wmc-currency=USD","og_locale":"en_US","og_type":"article","og_title":"Sobrevuelo Ushuaia en Helic\u00f3ptero - Kaitek Viajes","og_description":"Sobrevolar Ushuaia es una invitaci\u00f3n a sentirte una de las gaviotas que se agitan en la costa de esta bah\u00eda tan austral.","og_url":"https:\/\/kaitekviajes.com.ar\/en\/product\/sobrevuelo-ushuaia-en-helicoptero\/?wmc-currency=USD","og_site_name":"Kaitek Viajes","article_modified_time":"2025-10-03T18:23:07+00:00","og_image":[{"width":800,"height":520,"url":"https:\/\/kaitekviajes.com.ar\/wp-content\/uploads\/2023\/07\/00_circuito_doble_avioneta.jpg","type":"image\/jpeg"}],"twitter_card":"summary_large_image","twitter_misc":{"Est. reading time":"1 minute"},"schema":{"@context":"https:\/\/schema.org","@graph":[{"@type":"WebPage","@id":"https:\/\/kaitekviajes.com.ar\/producto\/sobrevuelo-ushuaia-en-helicoptero\/","url":"https:\/\/kaitekviajes.com.ar\/producto\/sobrevuelo-ushuaia-en-helicoptero\/","name":"Sobrevuelo Ushuaia en Helic\u00f3ptero - Kaitek Viajes","isPartOf":{"@id":"https:\/\/kaitekviajes.com.ar\/#website"},"primaryImageOfPage":{"@id":"https:\/\/kaitekviajes.com.ar\/producto\/sobrevuelo-ushuaia-en-helicoptero\/#primaryimage"},"image":{"@id":"https:\/\/kaitekviajes.com.ar\/producto\/sobrevuelo-ushuaia-en-helicoptero\/#primaryimage"},"thumbnailUrl":"https:\/\/kaitekviajes.com.ar\/wp-content\/uploads\/2023\/07\/00_circuito_doble_avioneta.jpg","datePublished":"2023-06-12T00:43:51+00:00","dateModified":"2025-10-03T18:23:07+00:00","description":"Sobrevolar Ushuaia es una invitaci\u00f3n a sentirte una de las gaviotas que se agitan en la costa de esta bah\u00eda tan austral.","breadcrumb":{"@id":"https:\/\/kaitekviajes.com.ar\/producto\/sobrevuelo-ushuaia-en-helicoptero\/#breadcrumb"},"inLanguage":"en-US","potentialAction":[{"@type":"ReadAction","target":["https:\/\/kaitekviajes.com.ar\/producto\/sobrevuelo-ushuaia-en-helicoptero\/"]}]},{"@type":"ImageObject","inLanguage":"en-US","@id":"https:\/\/kaitekviajes.com.ar\/producto\/sobrevuelo-ushuaia-en-helicoptero\/#primaryimage","url":"https:\/\/kaitekviajes.com.ar\/wp-content\/uploads\/2023\/07\/00_circuito_doble_avioneta.jpg","contentUrl":"https:\/\/kaitekviajes.com.ar\/wp-content\/uploads\/2023\/07\/00_circuito_doble_avioneta.jpg","width":800,"height":520},{"@type":"BreadcrumbList","@id":"https:\/\/kaitekviajes.com.ar\/producto\/sobrevuelo-ushuaia-en-helicoptero\/#breadcrumb","itemListElement":[{"@type":"ListItem","position":1,"name":"Portada","item":"https:\/\/kaitekviajes.com.ar\/"},{"@type":"ListItem","position":2,"name":"Tienda","item":"https:\/\/kaitekviajes.com.ar\/tienda\/"},{"@type":"ListItem","position":3,"name":"Sobrevuelo Ushuaia en Helic\u00f3ptero"}]},{"@type":"WebSite","@id":"https:\/\/kaitekviajes.com.ar\/#website","url":"https:\/\/kaitekviajes.com.ar\/","name":"Kaitek Viajes","description":"Excursiones - Ushuaia y Tierra del Fuego, Patagonia","publisher":{"@id":"https:\/\/kaitekviajes.com.ar\/#organization"},"potentialAction":[{"@type":"SearchAction","target":{"@type":"EntryPoint","urlTemplate":"https:\/\/kaitekviajes.com.ar\/?s={search_term_string}"},"query-input":{"@type":"PropertyValueSpecification","valueRequired":true,"valueName":"search_term_string"}}],"inLanguage":"en-US"},{"@type":"Organization","@id":"https:\/\/kaitekviajes.com.ar\/#organization","name":"Kaitek Viajes","url":"https:\/\/kaitekviajes.com.ar\/","logo":{"@type":"ImageObject","inLanguage":"en-US","@id":"https:\/\/kaitekviajes.com.ar\/#\/schema\/logo\/image\/","url":"https:\/\/kaitekviajes.com.ar\/wp-content\/uploads\/2023\/04\/cropped-Logo-Kaitek-completo.png","contentUrl":"https:\/\/kaitekviajes.com.ar\/wp-content\/uploads\/2023\/04\/cropped-Logo-Kaitek-completo.png","width":1380,"height":706,"caption":"Kaitek Viajes"},"image":{"@id":"https:\/\/kaitekviajes.com.ar\/#\/schema\/logo\/image\/"}}]}},"_links":{"self":[{"href":"https:\/\/kaitekviajes.com.ar\/en\/wp-json\/wp\/v2\/product\/2924","targetHints":{"allow":["GET"]}}],"collection":[{"href":"https:\/\/kaitekviajes.com.ar\/en\/wp-json\/wp\/v2\/product"}],"about":[{"href":"https:\/\/kaitekviajes.com.ar\/en\/wp-json\/wp\/v2\/types\/product"}],"replies":[{"embeddable":true,"href":"https:\/\/kaitekviajes.com.ar\/en\/wp-json\/wp\/v2\/comments?post=2924"}],"wp:featuredmedia":[{"embeddable":true,"href":"https:\/\/kaitekviajes.com.ar\/en\/wp-json\/wp\/v2\/media\/2893"}],"wp:attachment":[{"href":"https:\/\/kaitekviajes.com.ar\/en\/wp-json\/wp\/v2\/media?parent=2924"}],"wp:term":[{"taxonomy":"product_brand","embeddable":true,"href":"https:\/\/kaitekviajes.com.ar\/en\/wp-json\/wp\/v2\/product_brand?post=2924"},{"taxonomy":"product_cat","embeddable":true,"href":"https:\/\/kaitekviajes.com.ar\/en\/wp-json\/wp\/v2\/product_cat?post=2924"},{"taxonomy":"product_tag","embeddable":true,"href":"https:\/\/kaitekviajes.com.ar\/en\/wp-json\/wp\/v2\/product_tag?post=2924"},{"taxonomy":"actividad","embeddable":true,"href":"https:\/\/kaitekviajes.com.ar\/en\/wp-json\/wp\/v2\/actividad?post=2924"},{"taxonomy":"ciudad","embeddable":true,"href":"https:\/\/kaitekviajes.com.ar\/en\/wp-json\/wp\/v2\/ciudad?post=2924"},{"taxonomy":"provincia","embeddable":true,"href":"https:\/\/kaitekviajes.com.ar\/en\/wp-json\/wp\/v2\/provincia?post=2924"},{"taxonomy":"lugar","embeddable":true,"href":"https:\/\/kaitekviajes.com.ar\/en\/wp-json\/wp\/v2\/lugar?post=2924"},{"taxonomy":"pais","embeddable":true,"href":"https:\/\/kaitekviajes.com.ar\/en\/wp-json\/wp\/v2\/pais?post=2924"}],"curies":[{"name":"wp","href":"https:\/\/api.w.org\/{rel}","templated":true}]}}