{"id":2877,"date":"2023-06-11T20:24:03","date_gmt":"2023-06-11T23:24:03","guid":{"rendered":"https:\/\/kaitekviajes.com.ar\/?post_type=product&#038;p=2877"},"modified":"2025-10-03T15:27:13","modified_gmt":"2025-10-03T18:27:13","slug":"sobrevuelo-a-laguna-esmeralda-copia","status":"publish","type":"product","link":"https:\/\/kaitekviajes.com.ar\/en\/product\/sobrevuelo-a-laguna-esmeralda-copia\/","title":{"rendered":"Overflight of the Island of the States"},"content":{"rendered":"<h1>Discover Isla de los Estados, the Lighthouse at the End of the World, flying over the best landscapes of Tierra del Fuego.<\/h1>\n<p><strong>With the Ushuaia Aeroclub<\/strong> You can fly over this iconic island from the comfort of an airplane, enjoying the best views, on an impressive flight lasting approximately 3.5 hours.<\/p>","protected":false},"excerpt":{"rendered":"<p>Conoc\u00e9 Isla de los Estados, el Faro del Fin del Mundo, sobrevolando los mejores paisajes de Tierra del Fuego Con el Aeroclub Ushuaia se puede sobrevolar esta ic\u00f3nica Isla desde la comodidad de un avi\u00f3n, disfrutando de las mejores vistas, en un impresionante vuelo de aproximadamente 3 horas y media de duraci\u00f3n.<\/p>","protected":false},"featured_media":2880,"comment_status":"open","ping_status":"closed","template":"","meta":{"_joinchat":[]},"product_brand":[],"product_cat":[27],"product_tag":[],"actividad":[262],"ciudad":[59],"provincia":[238],"lugar":[254],"pais":[47],"class_list":{"0":"post-2877","1":"product","2":"type-product","3":"status-publish","4":"has-post-thumbnail","6":"product_cat-excursiones","7":"actividad-sobrevuelos","8":"ciudad-ushuaia","9":"provincia-tierra-del-fuego","10":"lugar-isla-de-los-estados","11":"pais-argentina","13":"first","14":"instock","15":"sold-individually","16":"shipping-taxable","17":"purchasable","18":"product-type-booking"},"yoast_head":"<!-- This site is optimized with the Yoast SEO plugin v27.2 - https:\/\/yoast.com\/product\/yoast-seo-wordpress\/ -->\n<title>Sobrevuelo a Isla de los Estados - Kaitek Viajes<\/title>\n<meta name=\"description\" content=\"Conoc\u00e9 Isla de los Estados, el Faro del Fin del Mundo, sobrevolando los mejores paisajes de Tierra del Fuego\" \/>\n<meta name=\"robots\" content=\"index, follow, max-snippet:-1, max-image-preview:large, max-video-preview:-1\" \/>\n<link rel=\"canonical\" href=\"https:\/\/kaitekviajes.com.ar\/en\/product\/sobrevuelo-a-laguna-esmeralda-copia\/?wmc-currency=USD\" \/>\n<meta property=\"og:locale\" content=\"en_US\" \/>\n<meta property=\"og:type\" content=\"article\" \/>\n<meta property=\"og:title\" content=\"Sobrevuelo a Isla de los Estados - Kaitek Viajes\" \/>\n<meta property=\"og:description\" content=\"Conoc\u00e9 Isla de los Estados, el Faro del Fin del Mundo, sobrevolando los mejores paisajes de Tierra del Fuego\" \/>\n<meta property=\"og:url\" content=\"https:\/\/kaitekviajes.com.ar\/en\/product\/sobrevuelo-a-laguna-esmeralda-copia\/?wmc-currency=USD\" \/>\n<meta property=\"og:site_name\" content=\"Kaitek Viajes\" \/>\n<meta property=\"article:modified_time\" content=\"2025-10-03T18:27:13+00:00\" \/>\n<meta property=\"og:image\" content=\"https:\/\/kaitekviajes.com.ar\/wp-content\/uploads\/2023\/07\/00_sobrevuelo_isla_de_los_estados.jpg\" \/>\n\t<meta property=\"og:image:width\" content=\"800\" \/>\n\t<meta property=\"og:image:height\" content=\"520\" \/>\n\t<meta property=\"og:image:type\" content=\"image\/jpeg\" \/>\n<meta name=\"twitter:card\" content=\"summary_large_image\" \/>\n<meta name=\"twitter:label1\" content=\"Est. reading time\" \/>\n\t<meta name=\"twitter:data1\" content=\"1 minute\" \/>\n<script type=\"application\/ld+json\" class=\"yoast-schema-graph\">{\"@context\":\"https:\/\/schema.org\",\"@graph\":[{\"@type\":\"WebPage\",\"@id\":\"https:\/\/kaitekviajes.com.ar\/producto\/sobrevuelo-a-laguna-esmeralda-copia\/\",\"url\":\"https:\/\/kaitekviajes.com.ar\/producto\/sobrevuelo-a-laguna-esmeralda-copia\/\",\"name\":\"Sobrevuelo a Isla de los Estados - Kaitek Viajes\",\"isPartOf\":{\"@id\":\"https:\/\/kaitekviajes.com.ar\/#website\"},\"primaryImageOfPage\":{\"@id\":\"https:\/\/kaitekviajes.com.ar\/producto\/sobrevuelo-a-laguna-esmeralda-copia\/#primaryimage\"},\"image\":{\"@id\":\"https:\/\/kaitekviajes.com.ar\/producto\/sobrevuelo-a-laguna-esmeralda-copia\/#primaryimage\"},\"thumbnailUrl\":\"https:\/\/kaitekviajes.com.ar\/wp-content\/uploads\/2023\/07\/00_sobrevuelo_isla_de_los_estados.jpg\",\"datePublished\":\"2023-06-11T23:24:03+00:00\",\"dateModified\":\"2025-10-03T18:27:13+00:00\",\"description\":\"Conoc\u00e9 Isla de los Estados, el Faro del Fin del Mundo, sobrevolando los mejores paisajes de Tierra del Fuego\",\"breadcrumb\":{\"@id\":\"https:\/\/kaitekviajes.com.ar\/producto\/sobrevuelo-a-laguna-esmeralda-copia\/#breadcrumb\"},\"inLanguage\":\"en-US\",\"potentialAction\":[{\"@type\":\"ReadAction\",\"target\":[\"https:\/\/kaitekviajes.com.ar\/producto\/sobrevuelo-a-laguna-esmeralda-copia\/\"]}]},{\"@type\":\"ImageObject\",\"inLanguage\":\"en-US\",\"@id\":\"https:\/\/kaitekviajes.com.ar\/producto\/sobrevuelo-a-laguna-esmeralda-copia\/#primaryimage\",\"url\":\"https:\/\/kaitekviajes.com.ar\/wp-content\/uploads\/2023\/07\/00_sobrevuelo_isla_de_los_estados.jpg\",\"contentUrl\":\"https:\/\/kaitekviajes.com.ar\/wp-content\/uploads\/2023\/07\/00_sobrevuelo_isla_de_los_estados.jpg\",\"width\":800,\"height\":520},{\"@type\":\"BreadcrumbList\",\"@id\":\"https:\/\/kaitekviajes.com.ar\/producto\/sobrevuelo-a-laguna-esmeralda-copia\/#breadcrumb\",\"itemListElement\":[{\"@type\":\"ListItem\",\"position\":1,\"name\":\"Portada\",\"item\":\"https:\/\/kaitekviajes.com.ar\/\"},{\"@type\":\"ListItem\",\"position\":2,\"name\":\"Tienda\",\"item\":\"https:\/\/kaitekviajes.com.ar\/tienda\/\"},{\"@type\":\"ListItem\",\"position\":3,\"name\":\"Sobrevuelo a Isla de los Estados\"}]},{\"@type\":\"WebSite\",\"@id\":\"https:\/\/kaitekviajes.com.ar\/#website\",\"url\":\"https:\/\/kaitekviajes.com.ar\/\",\"name\":\"Kaitek Viajes\",\"description\":\"Excursiones - Ushuaia y Tierra del Fuego, Patagonia\",\"publisher\":{\"@id\":\"https:\/\/kaitekviajes.com.ar\/#organization\"},\"potentialAction\":[{\"@type\":\"SearchAction\",\"target\":{\"@type\":\"EntryPoint\",\"urlTemplate\":\"https:\/\/kaitekviajes.com.ar\/?s={search_term_string}\"},\"query-input\":{\"@type\":\"PropertyValueSpecification\",\"valueRequired\":true,\"valueName\":\"search_term_string\"}}],\"inLanguage\":\"en-US\"},{\"@type\":\"Organization\",\"@id\":\"https:\/\/kaitekviajes.com.ar\/#organization\",\"name\":\"Kaitek Viajes\",\"url\":\"https:\/\/kaitekviajes.com.ar\/\",\"logo\":{\"@type\":\"ImageObject\",\"inLanguage\":\"en-US\",\"@id\":\"https:\/\/kaitekviajes.com.ar\/#\/schema\/logo\/image\/\",\"url\":\"https:\/\/kaitekviajes.com.ar\/wp-content\/uploads\/2023\/04\/cropped-Logo-Kaitek-completo.png\",\"contentUrl\":\"https:\/\/kaitekviajes.com.ar\/wp-content\/uploads\/2023\/04\/cropped-Logo-Kaitek-completo.png\",\"width\":1380,\"height\":706,\"caption\":\"Kaitek Viajes\"},\"image\":{\"@id\":\"https:\/\/kaitekviajes.com.ar\/#\/schema\/logo\/image\/\"}}]}<\/script>\n<!-- \/ Yoast SEO plugin. -->","yoast_head_json":{"title":"Sobrevuelo a Isla de los Estados - Kaitek Viajes","description":"Conoc\u00e9 Isla de los Estados, el Faro del Fin del Mundo, sobrevolando los mejores paisajes de Tierra del Fuego","robots":{"index":"index","follow":"follow","max-snippet":"max-snippet:-1","max-image-preview":"max-image-preview:large","max-video-preview":"max-video-preview:-1"},"canonical":"https:\/\/kaitekviajes.com.ar\/en\/product\/sobrevuelo-a-laguna-esmeralda-copia\/?wmc-currency=USD","og_locale":"en_US","og_type":"article","og_title":"Sobrevuelo a Isla de los Estados - Kaitek Viajes","og_description":"Conoc\u00e9 Isla de los Estados, el Faro del Fin del Mundo, sobrevolando los mejores paisajes de Tierra del Fuego","og_url":"https:\/\/kaitekviajes.com.ar\/en\/product\/sobrevuelo-a-laguna-esmeralda-copia\/?wmc-currency=USD","og_site_name":"Kaitek Viajes","article_modified_time":"2025-10-03T18:27:13+00:00","og_image":[{"width":800,"height":520,"url":"https:\/\/kaitekviajes.com.ar\/wp-content\/uploads\/2023\/07\/00_sobrevuelo_isla_de_los_estados.jpg","type":"image\/jpeg"}],"twitter_card":"summary_large_image","twitter_misc":{"Est. reading time":"1 minute"},"schema":{"@context":"https:\/\/schema.org","@graph":[{"@type":"WebPage","@id":"https:\/\/kaitekviajes.com.ar\/producto\/sobrevuelo-a-laguna-esmeralda-copia\/","url":"https:\/\/kaitekviajes.com.ar\/producto\/sobrevuelo-a-laguna-esmeralda-copia\/","name":"Sobrevuelo a Isla de los Estados - Kaitek Viajes","isPartOf":{"@id":"https:\/\/kaitekviajes.com.ar\/#website"},"primaryImageOfPage":{"@id":"https:\/\/kaitekviajes.com.ar\/producto\/sobrevuelo-a-laguna-esmeralda-copia\/#primaryimage"},"image":{"@id":"https:\/\/kaitekviajes.com.ar\/producto\/sobrevuelo-a-laguna-esmeralda-copia\/#primaryimage"},"thumbnailUrl":"https:\/\/kaitekviajes.com.ar\/wp-content\/uploads\/2023\/07\/00_sobrevuelo_isla_de_los_estados.jpg","datePublished":"2023-06-11T23:24:03+00:00","dateModified":"2025-10-03T18:27:13+00:00","description":"Conoc\u00e9 Isla de los Estados, el Faro del Fin del Mundo, sobrevolando los mejores paisajes de Tierra del Fuego","breadcrumb":{"@id":"https:\/\/kaitekviajes.com.ar\/producto\/sobrevuelo-a-laguna-esmeralda-copia\/#breadcrumb"},"inLanguage":"en-US","potentialAction":[{"@type":"ReadAction","target":["https:\/\/kaitekviajes.com.ar\/producto\/sobrevuelo-a-laguna-esmeralda-copia\/"]}]},{"@type":"ImageObject","inLanguage":"en-US","@id":"https:\/\/kaitekviajes.com.ar\/producto\/sobrevuelo-a-laguna-esmeralda-copia\/#primaryimage","url":"https:\/\/kaitekviajes.com.ar\/wp-content\/uploads\/2023\/07\/00_sobrevuelo_isla_de_los_estados.jpg","contentUrl":"https:\/\/kaitekviajes.com.ar\/wp-content\/uploads\/2023\/07\/00_sobrevuelo_isla_de_los_estados.jpg","width":800,"height":520},{"@type":"BreadcrumbList","@id":"https:\/\/kaitekviajes.com.ar\/producto\/sobrevuelo-a-laguna-esmeralda-copia\/#breadcrumb","itemListElement":[{"@type":"ListItem","position":1,"name":"Portada","item":"https:\/\/kaitekviajes.com.ar\/"},{"@type":"ListItem","position":2,"name":"Tienda","item":"https:\/\/kaitekviajes.com.ar\/tienda\/"},{"@type":"ListItem","position":3,"name":"Sobrevuelo a Isla de los Estados"}]},{"@type":"WebSite","@id":"https:\/\/kaitekviajes.com.ar\/#website","url":"https:\/\/kaitekviajes.com.ar\/","name":"Kaitek Viajes","description":"Excursiones - Ushuaia y Tierra del Fuego, Patagonia","publisher":{"@id":"https:\/\/kaitekviajes.com.ar\/#organization"},"potentialAction":[{"@type":"SearchAction","target":{"@type":"EntryPoint","urlTemplate":"https:\/\/kaitekviajes.com.ar\/?s={search_term_string}"},"query-input":{"@type":"PropertyValueSpecification","valueRequired":true,"valueName":"search_term_string"}}],"inLanguage":"en-US"},{"@type":"Organization","@id":"https:\/\/kaitekviajes.com.ar\/#organization","name":"Kaitek Viajes","url":"https:\/\/kaitekviajes.com.ar\/","logo":{"@type":"ImageObject","inLanguage":"en-US","@id":"https:\/\/kaitekviajes.com.ar\/#\/schema\/logo\/image\/","url":"https:\/\/kaitekviajes.com.ar\/wp-content\/uploads\/2023\/04\/cropped-Logo-Kaitek-completo.png","contentUrl":"https:\/\/kaitekviajes.com.ar\/wp-content\/uploads\/2023\/04\/cropped-Logo-Kaitek-completo.png","width":1380,"height":706,"caption":"Kaitek Viajes"},"image":{"@id":"https:\/\/kaitekviajes.com.ar\/#\/schema\/logo\/image\/"}}]}},"_links":{"self":[{"href":"https:\/\/kaitekviajes.com.ar\/en\/wp-json\/wp\/v2\/product\/2877","targetHints":{"allow":["GET"]}}],"collection":[{"href":"https:\/\/kaitekviajes.com.ar\/en\/wp-json\/wp\/v2\/product"}],"about":[{"href":"https:\/\/kaitekviajes.com.ar\/en\/wp-json\/wp\/v2\/types\/product"}],"replies":[{"embeddable":true,"href":"https:\/\/kaitekviajes.com.ar\/en\/wp-json\/wp\/v2\/comments?post=2877"}],"wp:featuredmedia":[{"embeddable":true,"href":"https:\/\/kaitekviajes.com.ar\/en\/wp-json\/wp\/v2\/media\/2880"}],"wp:attachment":[{"href":"https:\/\/kaitekviajes.com.ar\/en\/wp-json\/wp\/v2\/media?parent=2877"}],"wp:term":[{"taxonomy":"product_brand","embeddable":true,"href":"https:\/\/kaitekviajes.com.ar\/en\/wp-json\/wp\/v2\/product_brand?post=2877"},{"taxonomy":"product_cat","embeddable":true,"href":"https:\/\/kaitekviajes.com.ar\/en\/wp-json\/wp\/v2\/product_cat?post=2877"},{"taxonomy":"product_tag","embeddable":true,"href":"https:\/\/kaitekviajes.com.ar\/en\/wp-json\/wp\/v2\/product_tag?post=2877"},{"taxonomy":"actividad","embeddable":true,"href":"https:\/\/kaitekviajes.com.ar\/en\/wp-json\/wp\/v2\/actividad?post=2877"},{"taxonomy":"ciudad","embeddable":true,"href":"https:\/\/kaitekviajes.com.ar\/en\/wp-json\/wp\/v2\/ciudad?post=2877"},{"taxonomy":"provincia","embeddable":true,"href":"https:\/\/kaitekviajes.com.ar\/en\/wp-json\/wp\/v2\/provincia?post=2877"},{"taxonomy":"lugar","embeddable":true,"href":"https:\/\/kaitekviajes.com.ar\/en\/wp-json\/wp\/v2\/lugar?post=2877"},{"taxonomy":"pais","embeddable":true,"href":"https:\/\/kaitekviajes.com.ar\/en\/wp-json\/wp\/v2\/pais?post=2877"}],"curies":[{"name":"wp","href":"https:\/\/api.w.org\/{rel}","templated":true}]}}