{"id":2722,"date":"2025-06-20T23:57:09","date_gmt":"2025-06-21T02:57:09","guid":{"rendered":"https:\/\/kaitekviajes.com.ar\/?post_type=product&#038;p=2722"},"modified":"2026-03-22T16:23:19","modified_gmt":"2026-03-22T19:23:19","slug":"navegacion-isla-de-los-lobos-en-catamaran","status":"publish","type":"product","link":"https:\/\/kaitekviajes.com.ar\/en\/product\/navegacion-isla-de-los-lobos-en-catamaran\/","title":{"rendered":"Sailing to Los Lobos Island on a Catamaran"},"content":{"rendered":"<h1>Beagle Channel, Les Eclaireus Lighthouse, Sea Lion and Bird Island from Ushuaia, Tierra del Fuego<\/h1>\n<p><strong>The Beagle Channel or Onashaga Channel<\/strong> In the native language, it&#039;s a strait that connects the Pacific Ocean with the Atlantic. Ushuaia stretches along this famous channel, and the port is located right in the center. Daily excursions depart from here to explore the area aboard catamarans, sailboats, motor sailboats, and yachts. A varied selection of opportunities to spot sea lions, cormorants, petrels, condors, gulls, and penguins\u2014in other words, the abundant birdlife of the Beagle Channel in all its splendor.<\/p>","protected":false},"excerpt":{"rendered":"<p>Canal Beagle, Faro Les Eclaireus, Isla de los Lobos y de los P\u00e1jaros desde Ushuaia, Tierra del Fuego El Canal Beagle o Canal Onashaga en lengua nativa, es un estrecho que une el Oc\u00e9ano Pac\u00edfico con el Atl\u00e1ntico. Ushuaia se extiende a lo largo de este famoso canal y en pleno centro est\u00e1 ubicado el [&hellip;]<\/p>","protected":false},"featured_media":2725,"comment_status":"open","ping_status":"closed","template":"","meta":{"_joinchat":[]},"product_brand":[],"product_cat":[27],"product_tag":[],"actividad":[263],"ciudad":[59],"provincia":[238],"lugar":[248,275,242],"pais":[47],"class_list":{"0":"post-2722","1":"product","2":"type-product","3":"status-publish","4":"has-post-thumbnail","6":"product_cat-excursiones","7":"actividad-navegacion","8":"ciudad-ushuaia","9":"provincia-tierra-del-fuego","10":"lugar-canal-beagle","11":"lugar-isla-de-los-lobos","12":"lugar-monte-olivia","13":"pais-argentina","15":"first","16":"instock","17":"sold-individually","18":"shipping-taxable","19":"purchasable","20":"product-type-booking"},"yoast_head":"<!-- This site is optimized with the Yoast SEO plugin v27.2 - https:\/\/yoast.com\/product\/yoast-seo-wordpress\/ -->\n<title>Navegaci\u00f3n Isla de los Lobos en Catamar\u00e1n - Kaitek Viajes<\/title>\n<meta name=\"description\" content=\"Canal Beagle, Faro Les Eclaireus, Isla de los Lobos y de los P\u00e1jaros desde Ushuaia, Tierra del Fuego. Incluye una caminata por Islas Bridges!\" \/>\n<meta name=\"robots\" content=\"index, follow, max-snippet:-1, max-image-preview:large, max-video-preview:-1\" \/>\n<link rel=\"canonical\" href=\"https:\/\/kaitekviajes.com.ar\/en\/product\/navegacion-isla-de-los-lobos-en-catamaran\/?wmc-currency=USD\" \/>\n<meta property=\"og:locale\" content=\"en_US\" \/>\n<meta property=\"og:type\" content=\"article\" \/>\n<meta property=\"og:title\" content=\"Navegaci\u00f3n Isla de los Lobos en Catamar\u00e1n - Kaitek Viajes\" \/>\n<meta property=\"og:description\" content=\"Canal Beagle, Faro Les Eclaireus, Isla de los Lobos y de los P\u00e1jaros desde Ushuaia, Tierra del Fuego. Incluye una caminata por Islas Bridges!\" \/>\n<meta property=\"og:url\" content=\"https:\/\/kaitekviajes.com.ar\/en\/product\/navegacion-isla-de-los-lobos-en-catamaran\/?wmc-currency=USD\" \/>\n<meta property=\"og:site_name\" content=\"Kaitek Viajes\" \/>\n<meta property=\"article:modified_time\" content=\"2026-03-22T19:23:19+00:00\" \/>\n<meta property=\"og:image\" content=\"https:\/\/kaitekviajes.com.ar\/wp-content\/uploads\/2023\/07\/IMG_8997.jpg\" \/>\n\t<meta property=\"og:image:width\" content=\"1400\" \/>\n\t<meta property=\"og:image:height\" content=\"933\" \/>\n\t<meta property=\"og:image:type\" content=\"image\/jpeg\" \/>\n<meta name=\"twitter:card\" content=\"summary_large_image\" \/>\n<meta name=\"twitter:label1\" content=\"Est. reading time\" \/>\n\t<meta name=\"twitter:data1\" content=\"1 minute\" \/>\n<script type=\"application\/ld+json\" class=\"yoast-schema-graph\">{\"@context\":\"https:\/\/schema.org\",\"@graph\":[{\"@type\":\"WebPage\",\"@id\":\"https:\/\/kaitekviajes.com.ar\/producto\/navegacion-isla-de-los-lobos-en-catamaran\/\",\"url\":\"https:\/\/kaitekviajes.com.ar\/producto\/navegacion-isla-de-los-lobos-en-catamaran\/\",\"name\":\"Navegaci\u00f3n Isla de los Lobos en Catamar\u00e1n - Kaitek Viajes\",\"isPartOf\":{\"@id\":\"https:\/\/kaitekviajes.com.ar\/#website\"},\"primaryImageOfPage\":{\"@id\":\"https:\/\/kaitekviajes.com.ar\/producto\/navegacion-isla-de-los-lobos-en-catamaran\/#primaryimage\"},\"image\":{\"@id\":\"https:\/\/kaitekviajes.com.ar\/producto\/navegacion-isla-de-los-lobos-en-catamaran\/#primaryimage\"},\"thumbnailUrl\":\"https:\/\/kaitekviajes.com.ar\/wp-content\/uploads\/2023\/07\/IMG_8997.jpg\",\"datePublished\":\"2025-06-21T02:57:09+00:00\",\"dateModified\":\"2026-03-22T19:23:19+00:00\",\"description\":\"Canal Beagle, Faro Les Eclaireus, Isla de los Lobos y de los P\u00e1jaros desde Ushuaia, Tierra del Fuego. Incluye una caminata por Islas Bridges!\",\"breadcrumb\":{\"@id\":\"https:\/\/kaitekviajes.com.ar\/producto\/navegacion-isla-de-los-lobos-en-catamaran\/#breadcrumb\"},\"inLanguage\":\"en-US\",\"potentialAction\":[{\"@type\":\"ReadAction\",\"target\":[\"https:\/\/kaitekviajes.com.ar\/producto\/navegacion-isla-de-los-lobos-en-catamaran\/\"]}]},{\"@type\":\"ImageObject\",\"inLanguage\":\"en-US\",\"@id\":\"https:\/\/kaitekviajes.com.ar\/producto\/navegacion-isla-de-los-lobos-en-catamaran\/#primaryimage\",\"url\":\"https:\/\/kaitekviajes.com.ar\/wp-content\/uploads\/2023\/07\/IMG_8997.jpg\",\"contentUrl\":\"https:\/\/kaitekviajes.com.ar\/wp-content\/uploads\/2023\/07\/IMG_8997.jpg\",\"width\":1400,\"height\":933},{\"@type\":\"BreadcrumbList\",\"@id\":\"https:\/\/kaitekviajes.com.ar\/producto\/navegacion-isla-de-los-lobos-en-catamaran\/#breadcrumb\",\"itemListElement\":[{\"@type\":\"ListItem\",\"position\":1,\"name\":\"Portada\",\"item\":\"https:\/\/kaitekviajes.com.ar\/\"},{\"@type\":\"ListItem\",\"position\":2,\"name\":\"Tienda\",\"item\":\"https:\/\/kaitekviajes.com.ar\/tienda\/\"},{\"@type\":\"ListItem\",\"position\":3,\"name\":\"Navegaci\u00f3n Isla de los Lobos en Catamar\u00e1n\"}]},{\"@type\":\"WebSite\",\"@id\":\"https:\/\/kaitekviajes.com.ar\/#website\",\"url\":\"https:\/\/kaitekviajes.com.ar\/\",\"name\":\"Kaitek Viajes\",\"description\":\"Excursiones - Ushuaia y Tierra del Fuego, Patagonia\",\"publisher\":{\"@id\":\"https:\/\/kaitekviajes.com.ar\/#organization\"},\"potentialAction\":[{\"@type\":\"SearchAction\",\"target\":{\"@type\":\"EntryPoint\",\"urlTemplate\":\"https:\/\/kaitekviajes.com.ar\/?s={search_term_string}\"},\"query-input\":{\"@type\":\"PropertyValueSpecification\",\"valueRequired\":true,\"valueName\":\"search_term_string\"}}],\"inLanguage\":\"en-US\"},{\"@type\":\"Organization\",\"@id\":\"https:\/\/kaitekviajes.com.ar\/#organization\",\"name\":\"Kaitek Viajes\",\"url\":\"https:\/\/kaitekviajes.com.ar\/\",\"logo\":{\"@type\":\"ImageObject\",\"inLanguage\":\"en-US\",\"@id\":\"https:\/\/kaitekviajes.com.ar\/#\/schema\/logo\/image\/\",\"url\":\"https:\/\/kaitekviajes.com.ar\/wp-content\/uploads\/2023\/04\/cropped-Logo-Kaitek-completo.png\",\"contentUrl\":\"https:\/\/kaitekviajes.com.ar\/wp-content\/uploads\/2023\/04\/cropped-Logo-Kaitek-completo.png\",\"width\":1380,\"height\":706,\"caption\":\"Kaitek Viajes\"},\"image\":{\"@id\":\"https:\/\/kaitekviajes.com.ar\/#\/schema\/logo\/image\/\"}}]}<\/script>\n<!-- \/ Yoast SEO plugin. -->","yoast_head_json":{"title":"Navegaci\u00f3n Isla de los Lobos en Catamar\u00e1n - Kaitek Viajes","description":"Canal Beagle, Faro Les Eclaireus, Isla de los Lobos y de los P\u00e1jaros desde Ushuaia, Tierra del Fuego. Incluye una caminata por Islas Bridges!","robots":{"index":"index","follow":"follow","max-snippet":"max-snippet:-1","max-image-preview":"max-image-preview:large","max-video-preview":"max-video-preview:-1"},"canonical":"https:\/\/kaitekviajes.com.ar\/en\/product\/navegacion-isla-de-los-lobos-en-catamaran\/?wmc-currency=USD","og_locale":"en_US","og_type":"article","og_title":"Navegaci\u00f3n Isla de los Lobos en Catamar\u00e1n - Kaitek Viajes","og_description":"Canal Beagle, Faro Les Eclaireus, Isla de los Lobos y de los P\u00e1jaros desde Ushuaia, Tierra del Fuego. Incluye una caminata por Islas Bridges!","og_url":"https:\/\/kaitekviajes.com.ar\/en\/product\/navegacion-isla-de-los-lobos-en-catamaran\/?wmc-currency=USD","og_site_name":"Kaitek Viajes","article_modified_time":"2026-03-22T19:23:19+00:00","og_image":[{"width":1400,"height":933,"url":"https:\/\/kaitekviajes.com.ar\/wp-content\/uploads\/2023\/07\/IMG_8997.jpg","type":"image\/jpeg"}],"twitter_card":"summary_large_image","twitter_misc":{"Est. reading time":"1 minute"},"schema":{"@context":"https:\/\/schema.org","@graph":[{"@type":"WebPage","@id":"https:\/\/kaitekviajes.com.ar\/producto\/navegacion-isla-de-los-lobos-en-catamaran\/","url":"https:\/\/kaitekviajes.com.ar\/producto\/navegacion-isla-de-los-lobos-en-catamaran\/","name":"Navegaci\u00f3n Isla de los Lobos en Catamar\u00e1n - Kaitek Viajes","isPartOf":{"@id":"https:\/\/kaitekviajes.com.ar\/#website"},"primaryImageOfPage":{"@id":"https:\/\/kaitekviajes.com.ar\/producto\/navegacion-isla-de-los-lobos-en-catamaran\/#primaryimage"},"image":{"@id":"https:\/\/kaitekviajes.com.ar\/producto\/navegacion-isla-de-los-lobos-en-catamaran\/#primaryimage"},"thumbnailUrl":"https:\/\/kaitekviajes.com.ar\/wp-content\/uploads\/2023\/07\/IMG_8997.jpg","datePublished":"2025-06-21T02:57:09+00:00","dateModified":"2026-03-22T19:23:19+00:00","description":"Canal Beagle, Faro Les Eclaireus, Isla de los Lobos y de los P\u00e1jaros desde Ushuaia, Tierra del Fuego. Incluye una caminata por Islas Bridges!","breadcrumb":{"@id":"https:\/\/kaitekviajes.com.ar\/producto\/navegacion-isla-de-los-lobos-en-catamaran\/#breadcrumb"},"inLanguage":"en-US","potentialAction":[{"@type":"ReadAction","target":["https:\/\/kaitekviajes.com.ar\/producto\/navegacion-isla-de-los-lobos-en-catamaran\/"]}]},{"@type":"ImageObject","inLanguage":"en-US","@id":"https:\/\/kaitekviajes.com.ar\/producto\/navegacion-isla-de-los-lobos-en-catamaran\/#primaryimage","url":"https:\/\/kaitekviajes.com.ar\/wp-content\/uploads\/2023\/07\/IMG_8997.jpg","contentUrl":"https:\/\/kaitekviajes.com.ar\/wp-content\/uploads\/2023\/07\/IMG_8997.jpg","width":1400,"height":933},{"@type":"BreadcrumbList","@id":"https:\/\/kaitekviajes.com.ar\/producto\/navegacion-isla-de-los-lobos-en-catamaran\/#breadcrumb","itemListElement":[{"@type":"ListItem","position":1,"name":"Portada","item":"https:\/\/kaitekviajes.com.ar\/"},{"@type":"ListItem","position":2,"name":"Tienda","item":"https:\/\/kaitekviajes.com.ar\/tienda\/"},{"@type":"ListItem","position":3,"name":"Navegaci\u00f3n Isla de los Lobos en Catamar\u00e1n"}]},{"@type":"WebSite","@id":"https:\/\/kaitekviajes.com.ar\/#website","url":"https:\/\/kaitekviajes.com.ar\/","name":"Kaitek Viajes","description":"Excursiones - Ushuaia y Tierra del Fuego, Patagonia","publisher":{"@id":"https:\/\/kaitekviajes.com.ar\/#organization"},"potentialAction":[{"@type":"SearchAction","target":{"@type":"EntryPoint","urlTemplate":"https:\/\/kaitekviajes.com.ar\/?s={search_term_string}"},"query-input":{"@type":"PropertyValueSpecification","valueRequired":true,"valueName":"search_term_string"}}],"inLanguage":"en-US"},{"@type":"Organization","@id":"https:\/\/kaitekviajes.com.ar\/#organization","name":"Kaitek Viajes","url":"https:\/\/kaitekviajes.com.ar\/","logo":{"@type":"ImageObject","inLanguage":"en-US","@id":"https:\/\/kaitekviajes.com.ar\/#\/schema\/logo\/image\/","url":"https:\/\/kaitekviajes.com.ar\/wp-content\/uploads\/2023\/04\/cropped-Logo-Kaitek-completo.png","contentUrl":"https:\/\/kaitekviajes.com.ar\/wp-content\/uploads\/2023\/04\/cropped-Logo-Kaitek-completo.png","width":1380,"height":706,"caption":"Kaitek Viajes"},"image":{"@id":"https:\/\/kaitekviajes.com.ar\/#\/schema\/logo\/image\/"}}]}},"_links":{"self":[{"href":"https:\/\/kaitekviajes.com.ar\/en\/wp-json\/wp\/v2\/product\/2722","targetHints":{"allow":["GET"]}}],"collection":[{"href":"https:\/\/kaitekviajes.com.ar\/en\/wp-json\/wp\/v2\/product"}],"about":[{"href":"https:\/\/kaitekviajes.com.ar\/en\/wp-json\/wp\/v2\/types\/product"}],"replies":[{"embeddable":true,"href":"https:\/\/kaitekviajes.com.ar\/en\/wp-json\/wp\/v2\/comments?post=2722"}],"wp:featuredmedia":[{"embeddable":true,"href":"https:\/\/kaitekviajes.com.ar\/en\/wp-json\/wp\/v2\/media\/2725"}],"wp:attachment":[{"href":"https:\/\/kaitekviajes.com.ar\/en\/wp-json\/wp\/v2\/media?parent=2722"}],"wp:term":[{"taxonomy":"product_brand","embeddable":true,"href":"https:\/\/kaitekviajes.com.ar\/en\/wp-json\/wp\/v2\/product_brand?post=2722"},{"taxonomy":"product_cat","embeddable":true,"href":"https:\/\/kaitekviajes.com.ar\/en\/wp-json\/wp\/v2\/product_cat?post=2722"},{"taxonomy":"product_tag","embeddable":true,"href":"https:\/\/kaitekviajes.com.ar\/en\/wp-json\/wp\/v2\/product_tag?post=2722"},{"taxonomy":"actividad","embeddable":true,"href":"https:\/\/kaitekviajes.com.ar\/en\/wp-json\/wp\/v2\/actividad?post=2722"},{"taxonomy":"ciudad","embeddable":true,"href":"https:\/\/kaitekviajes.com.ar\/en\/wp-json\/wp\/v2\/ciudad?post=2722"},{"taxonomy":"provincia","embeddable":true,"href":"https:\/\/kaitekviajes.com.ar\/en\/wp-json\/wp\/v2\/provincia?post=2722"},{"taxonomy":"lugar","embeddable":true,"href":"https:\/\/kaitekviajes.com.ar\/en\/wp-json\/wp\/v2\/lugar?post=2722"},{"taxonomy":"pais","embeddable":true,"href":"https:\/\/kaitekviajes.com.ar\/en\/wp-json\/wp\/v2\/pais?post=2722"}],"curies":[{"name":"wp","href":"https:\/\/api.w.org\/{rel}","templated":true}]}}