{"id":2711,"date":"2025-06-23T11:59:53","date_gmt":"2025-06-23T14:59:53","guid":{"rendered":"https:\/\/kaitekviajes.com.ar\/?post_type=product&#038;p=2711"},"modified":"2026-03-22T16:19:19","modified_gmt":"2026-03-22T19:19:19","slug":"trekking-nocturno-glaciar-martial","status":"publish","type":"product","link":"https:\/\/kaitekviajes.com.ar\/en\/product\/trekking-nocturno-glaciar-martial\/","title":{"rendered":"Martial Glacier Night Trek"},"content":{"rendered":"<h1>The most complete and original Night Trekking Experience in Ushuaia, Tierra del Fuego<\/h1>\n<p>Experience the thrill of a night hike on the Martial Glacier, a unique experience guided by our expert mountain guides. At the halfway point, enjoy a snack with the best panoramic views of Ushuaia!<\/p>","protected":false},"excerpt":{"rendered":"<p>La Experiencia de Trekking Nocturno m\u00e1s completa y original de Ushuaia, Tierra del Fuego Viv\u00ed la emoci\u00f3n de realizar el Trekking nocturno por Glaciar Martial, experiencia \u00fanica de la mano de nuestros expertos gu\u00edas de monta\u00f1a. En el punto intermedio, un snack con las mejores vistas panor\u00e1micas de Ushuaia!<\/p>","protected":false},"featured_media":2714,"comment_status":"open","ping_status":"closed","template":"","meta":{"_joinchat":[]},"product_brand":[],"product_cat":[27],"product_tag":[],"actividad":[268,260],"ciudad":[59],"provincia":[238],"lugar":[244],"pais":[47],"class_list":{"0":"post-2711","1":"product","2":"type-product","3":"status-publish","4":"has-post-thumbnail","6":"product_cat-excursiones","7":"actividad-gastronomia","8":"actividad-trekking","9":"ciudad-ushuaia","10":"provincia-tierra-del-fuego","11":"lugar-glaciar-martial","12":"pais-argentina","14":"first","15":"instock","16":"sold-individually","17":"shipping-taxable","18":"purchasable","19":"product-type-booking"},"yoast_head":"<!-- This site is optimized with the Yoast SEO plugin v27.2 - https:\/\/yoast.com\/product\/yoast-seo-wordpress\/ -->\n<title>Trekking Nocturno Glaciar Martial - Kaitek Viajes<\/title>\n<meta name=\"description\" content=\"La Experiencia de Trekking Nocturno m\u00e1s completa y original de Ushuaia, Tierra del Fuego\" \/>\n<meta name=\"robots\" content=\"index, follow, max-snippet:-1, max-image-preview:large, max-video-preview:-1\" \/>\n<link rel=\"canonical\" href=\"https:\/\/kaitekviajes.com.ar\/en\/product\/trekking-nocturno-glaciar-martial\/?wmc-currency=USD\" \/>\n<meta property=\"og:locale\" content=\"en_US\" \/>\n<meta property=\"og:type\" content=\"article\" \/>\n<meta property=\"og:title\" content=\"Trekking Nocturno Glaciar Martial - Kaitek Viajes\" \/>\n<meta property=\"og:description\" content=\"La Experiencia de Trekking Nocturno m\u00e1s completa y original de Ushuaia, Tierra del Fuego\" \/>\n<meta property=\"og:url\" content=\"https:\/\/kaitekviajes.com.ar\/en\/product\/trekking-nocturno-glaciar-martial\/?wmc-currency=USD\" \/>\n<meta property=\"og:site_name\" content=\"Kaitek Viajes\" \/>\n<meta property=\"article:modified_time\" content=\"2026-03-22T19:19:19+00:00\" \/>\n<meta property=\"og:image\" content=\"https:\/\/kaitekviajes.com.ar\/wp-content\/uploads\/2023\/07\/02_martial_nocturno.jpg\" \/>\n\t<meta property=\"og:image:width\" content=\"800\" \/>\n\t<meta property=\"og:image:height\" content=\"669\" \/>\n\t<meta property=\"og:image:type\" content=\"image\/jpeg\" \/>\n<meta name=\"twitter:card\" content=\"summary_large_image\" \/>\n<meta name=\"twitter:label1\" content=\"Est. reading time\" \/>\n\t<meta name=\"twitter:data1\" content=\"1 minute\" \/>\n<script type=\"application\/ld+json\" class=\"yoast-schema-graph\">{\"@context\":\"https:\/\/schema.org\",\"@graph\":[{\"@type\":\"WebPage\",\"@id\":\"https:\/\/kaitekviajes.com.ar\/producto\/trekking-nocturno-glaciar-martial\/\",\"url\":\"https:\/\/kaitekviajes.com.ar\/producto\/trekking-nocturno-glaciar-martial\/\",\"name\":\"Trekking Nocturno Glaciar Martial - Kaitek Viajes\",\"isPartOf\":{\"@id\":\"https:\/\/kaitekviajes.com.ar\/#website\"},\"primaryImageOfPage\":{\"@id\":\"https:\/\/kaitekviajes.com.ar\/producto\/trekking-nocturno-glaciar-martial\/#primaryimage\"},\"image\":{\"@id\":\"https:\/\/kaitekviajes.com.ar\/producto\/trekking-nocturno-glaciar-martial\/#primaryimage\"},\"thumbnailUrl\":\"https:\/\/kaitekviajes.com.ar\/wp-content\/uploads\/2023\/07\/02_martial_nocturno.jpg\",\"datePublished\":\"2025-06-23T14:59:53+00:00\",\"dateModified\":\"2026-03-22T19:19:19+00:00\",\"description\":\"La Experiencia de Trekking Nocturno m\u00e1s completa y original de Ushuaia, Tierra del Fuego\",\"breadcrumb\":{\"@id\":\"https:\/\/kaitekviajes.com.ar\/producto\/trekking-nocturno-glaciar-martial\/#breadcrumb\"},\"inLanguage\":\"en-US\",\"potentialAction\":[{\"@type\":\"ReadAction\",\"target\":[\"https:\/\/kaitekviajes.com.ar\/producto\/trekking-nocturno-glaciar-martial\/\"]}]},{\"@type\":\"ImageObject\",\"inLanguage\":\"en-US\",\"@id\":\"https:\/\/kaitekviajes.com.ar\/producto\/trekking-nocturno-glaciar-martial\/#primaryimage\",\"url\":\"https:\/\/kaitekviajes.com.ar\/wp-content\/uploads\/2023\/07\/02_martial_nocturno.jpg\",\"contentUrl\":\"https:\/\/kaitekviajes.com.ar\/wp-content\/uploads\/2023\/07\/02_martial_nocturno.jpg\",\"width\":800,\"height\":669},{\"@type\":\"BreadcrumbList\",\"@id\":\"https:\/\/kaitekviajes.com.ar\/producto\/trekking-nocturno-glaciar-martial\/#breadcrumb\",\"itemListElement\":[{\"@type\":\"ListItem\",\"position\":1,\"name\":\"Portada\",\"item\":\"https:\/\/kaitekviajes.com.ar\/\"},{\"@type\":\"ListItem\",\"position\":2,\"name\":\"Tienda\",\"item\":\"https:\/\/kaitekviajes.com.ar\/tienda\/\"},{\"@type\":\"ListItem\",\"position\":3,\"name\":\"Trekking Nocturno Glaciar Martial\"}]},{\"@type\":\"WebSite\",\"@id\":\"https:\/\/kaitekviajes.com.ar\/#website\",\"url\":\"https:\/\/kaitekviajes.com.ar\/\",\"name\":\"Kaitek Viajes\",\"description\":\"Excursiones - Ushuaia y Tierra del Fuego, Patagonia\",\"publisher\":{\"@id\":\"https:\/\/kaitekviajes.com.ar\/#organization\"},\"potentialAction\":[{\"@type\":\"SearchAction\",\"target\":{\"@type\":\"EntryPoint\",\"urlTemplate\":\"https:\/\/kaitekviajes.com.ar\/?s={search_term_string}\"},\"query-input\":{\"@type\":\"PropertyValueSpecification\",\"valueRequired\":true,\"valueName\":\"search_term_string\"}}],\"inLanguage\":\"en-US\"},{\"@type\":\"Organization\",\"@id\":\"https:\/\/kaitekviajes.com.ar\/#organization\",\"name\":\"Kaitek Viajes\",\"url\":\"https:\/\/kaitekviajes.com.ar\/\",\"logo\":{\"@type\":\"ImageObject\",\"inLanguage\":\"en-US\",\"@id\":\"https:\/\/kaitekviajes.com.ar\/#\/schema\/logo\/image\/\",\"url\":\"https:\/\/kaitekviajes.com.ar\/wp-content\/uploads\/2023\/04\/cropped-Logo-Kaitek-completo.png\",\"contentUrl\":\"https:\/\/kaitekviajes.com.ar\/wp-content\/uploads\/2023\/04\/cropped-Logo-Kaitek-completo.png\",\"width\":1380,\"height\":706,\"caption\":\"Kaitek Viajes\"},\"image\":{\"@id\":\"https:\/\/kaitekviajes.com.ar\/#\/schema\/logo\/image\/\"}}]}<\/script>\n<!-- \/ Yoast SEO plugin. -->","yoast_head_json":{"title":"Trekking Nocturno Glaciar Martial - Kaitek Viajes","description":"La Experiencia de Trekking Nocturno m\u00e1s completa y original de Ushuaia, Tierra del Fuego","robots":{"index":"index","follow":"follow","max-snippet":"max-snippet:-1","max-image-preview":"max-image-preview:large","max-video-preview":"max-video-preview:-1"},"canonical":"https:\/\/kaitekviajes.com.ar\/en\/product\/trekking-nocturno-glaciar-martial\/?wmc-currency=USD","og_locale":"en_US","og_type":"article","og_title":"Trekking Nocturno Glaciar Martial - Kaitek Viajes","og_description":"La Experiencia de Trekking Nocturno m\u00e1s completa y original de Ushuaia, Tierra del Fuego","og_url":"https:\/\/kaitekviajes.com.ar\/en\/product\/trekking-nocturno-glaciar-martial\/?wmc-currency=USD","og_site_name":"Kaitek Viajes","article_modified_time":"2026-03-22T19:19:19+00:00","og_image":[{"width":800,"height":669,"url":"https:\/\/kaitekviajes.com.ar\/wp-content\/uploads\/2023\/07\/02_martial_nocturno.jpg","type":"image\/jpeg"}],"twitter_card":"summary_large_image","twitter_misc":{"Est. reading time":"1 minute"},"schema":{"@context":"https:\/\/schema.org","@graph":[{"@type":"WebPage","@id":"https:\/\/kaitekviajes.com.ar\/producto\/trekking-nocturno-glaciar-martial\/","url":"https:\/\/kaitekviajes.com.ar\/producto\/trekking-nocturno-glaciar-martial\/","name":"Trekking Nocturno Glaciar Martial - Kaitek Viajes","isPartOf":{"@id":"https:\/\/kaitekviajes.com.ar\/#website"},"primaryImageOfPage":{"@id":"https:\/\/kaitekviajes.com.ar\/producto\/trekking-nocturno-glaciar-martial\/#primaryimage"},"image":{"@id":"https:\/\/kaitekviajes.com.ar\/producto\/trekking-nocturno-glaciar-martial\/#primaryimage"},"thumbnailUrl":"https:\/\/kaitekviajes.com.ar\/wp-content\/uploads\/2023\/07\/02_martial_nocturno.jpg","datePublished":"2025-06-23T14:59:53+00:00","dateModified":"2026-03-22T19:19:19+00:00","description":"La Experiencia de Trekking Nocturno m\u00e1s completa y original de Ushuaia, Tierra del Fuego","breadcrumb":{"@id":"https:\/\/kaitekviajes.com.ar\/producto\/trekking-nocturno-glaciar-martial\/#breadcrumb"},"inLanguage":"en-US","potentialAction":[{"@type":"ReadAction","target":["https:\/\/kaitekviajes.com.ar\/producto\/trekking-nocturno-glaciar-martial\/"]}]},{"@type":"ImageObject","inLanguage":"en-US","@id":"https:\/\/kaitekviajes.com.ar\/producto\/trekking-nocturno-glaciar-martial\/#primaryimage","url":"https:\/\/kaitekviajes.com.ar\/wp-content\/uploads\/2023\/07\/02_martial_nocturno.jpg","contentUrl":"https:\/\/kaitekviajes.com.ar\/wp-content\/uploads\/2023\/07\/02_martial_nocturno.jpg","width":800,"height":669},{"@type":"BreadcrumbList","@id":"https:\/\/kaitekviajes.com.ar\/producto\/trekking-nocturno-glaciar-martial\/#breadcrumb","itemListElement":[{"@type":"ListItem","position":1,"name":"Portada","item":"https:\/\/kaitekviajes.com.ar\/"},{"@type":"ListItem","position":2,"name":"Tienda","item":"https:\/\/kaitekviajes.com.ar\/tienda\/"},{"@type":"ListItem","position":3,"name":"Trekking Nocturno Glaciar Martial"}]},{"@type":"WebSite","@id":"https:\/\/kaitekviajes.com.ar\/#website","url":"https:\/\/kaitekviajes.com.ar\/","name":"Kaitek Viajes","description":"Excursiones - Ushuaia y Tierra del Fuego, Patagonia","publisher":{"@id":"https:\/\/kaitekviajes.com.ar\/#organization"},"potentialAction":[{"@type":"SearchAction","target":{"@type":"EntryPoint","urlTemplate":"https:\/\/kaitekviajes.com.ar\/?s={search_term_string}"},"query-input":{"@type":"PropertyValueSpecification","valueRequired":true,"valueName":"search_term_string"}}],"inLanguage":"en-US"},{"@type":"Organization","@id":"https:\/\/kaitekviajes.com.ar\/#organization","name":"Kaitek Viajes","url":"https:\/\/kaitekviajes.com.ar\/","logo":{"@type":"ImageObject","inLanguage":"en-US","@id":"https:\/\/kaitekviajes.com.ar\/#\/schema\/logo\/image\/","url":"https:\/\/kaitekviajes.com.ar\/wp-content\/uploads\/2023\/04\/cropped-Logo-Kaitek-completo.png","contentUrl":"https:\/\/kaitekviajes.com.ar\/wp-content\/uploads\/2023\/04\/cropped-Logo-Kaitek-completo.png","width":1380,"height":706,"caption":"Kaitek Viajes"},"image":{"@id":"https:\/\/kaitekviajes.com.ar\/#\/schema\/logo\/image\/"}}]}},"_links":{"self":[{"href":"https:\/\/kaitekviajes.com.ar\/en\/wp-json\/wp\/v2\/product\/2711","targetHints":{"allow":["GET"]}}],"collection":[{"href":"https:\/\/kaitekviajes.com.ar\/en\/wp-json\/wp\/v2\/product"}],"about":[{"href":"https:\/\/kaitekviajes.com.ar\/en\/wp-json\/wp\/v2\/types\/product"}],"replies":[{"embeddable":true,"href":"https:\/\/kaitekviajes.com.ar\/en\/wp-json\/wp\/v2\/comments?post=2711"}],"wp:featuredmedia":[{"embeddable":true,"href":"https:\/\/kaitekviajes.com.ar\/en\/wp-json\/wp\/v2\/media\/2714"}],"wp:attachment":[{"href":"https:\/\/kaitekviajes.com.ar\/en\/wp-json\/wp\/v2\/media?parent=2711"}],"wp:term":[{"taxonomy":"product_brand","embeddable":true,"href":"https:\/\/kaitekviajes.com.ar\/en\/wp-json\/wp\/v2\/product_brand?post=2711"},{"taxonomy":"product_cat","embeddable":true,"href":"https:\/\/kaitekviajes.com.ar\/en\/wp-json\/wp\/v2\/product_cat?post=2711"},{"taxonomy":"product_tag","embeddable":true,"href":"https:\/\/kaitekviajes.com.ar\/en\/wp-json\/wp\/v2\/product_tag?post=2711"},{"taxonomy":"actividad","embeddable":true,"href":"https:\/\/kaitekviajes.com.ar\/en\/wp-json\/wp\/v2\/actividad?post=2711"},{"taxonomy":"ciudad","embeddable":true,"href":"https:\/\/kaitekviajes.com.ar\/en\/wp-json\/wp\/v2\/ciudad?post=2711"},{"taxonomy":"provincia","embeddable":true,"href":"https:\/\/kaitekviajes.com.ar\/en\/wp-json\/wp\/v2\/provincia?post=2711"},{"taxonomy":"lugar","embeddable":true,"href":"https:\/\/kaitekviajes.com.ar\/en\/wp-json\/wp\/v2\/lugar?post=2711"},{"taxonomy":"pais","embeddable":true,"href":"https:\/\/kaitekviajes.com.ar\/en\/wp-json\/wp\/v2\/pais?post=2711"}],"curies":[{"name":"wp","href":"https:\/\/api.w.org\/{rel}","templated":true}]}}