{"id":2679,"date":"2023-07-30T14:29:35","date_gmt":"2023-07-30T17:29:35","guid":{"rendered":"https:\/\/kaitekviajes.com.ar\/?post_type=product&#038;p=2679"},"modified":"2025-12-16T18:49:29","modified_gmt":"2025-12-16T21:49:29","slug":"experiencia-gastronomica-en-puerto-almanza","status":"publish","type":"product","link":"https:\/\/kaitekviajes.com.ar\/en\/product\/experiencia-gastronomica-en-puerto-almanza\/","title":{"rendered":"Gastronomic Experience in Puerto Almanza"},"content":{"rendered":"<h1>Gastronomic Experience with King Crab in Puerto Almanza from Ushuaia<\/h1>\n<p><strong>The Gastronomic Experience in Puerto Almanza<\/strong> will make you an expert chef of local dishes based on fresh fish from the Beagle Channel and seasonal fruits. Our local chef will teach you how to cook and get active in the kitchen, while you learn about local varieties such as king crab, seafood, and other typical products from Ushuaia and Puerto Almanza. This is your opportunity to experience local cuisine and cook your own menu with friends or family.<\/p>","protected":false},"excerpt":{"rendered":"<p>Experiencia Gastron\u00f3mica con Centolla en Puerto Almanza desde Ushuaia La Experiencia Gastron\u00f3mica en Puerto Almanza te convertir\u00e1 en un experto cocinero de platos locales, en base a pescados frescos del Canal Beagle y frutos de estaci\u00f3n.\u00a0Nuestro Cheff local te ense\u00f1ar\u00e1 a cocinar y a sentirte activo en la cocina, mientras aprend\u00e9s de las variedades locales [&hellip;]<\/p>","protected":false},"featured_media":9479,"comment_status":"open","ping_status":"closed","template":"","meta":{"_joinchat":[]},"product_brand":[],"product_cat":[27],"product_tag":[],"actividad":[264,268],"ciudad":[212],"provincia":[238],"lugar":[274],"pais":[47],"class_list":{"0":"post-2679","1":"product","2":"type-product","3":"status-publish","4":"has-post-thumbnail","6":"product_cat-excursiones","7":"actividad-aventura-4x4","8":"actividad-gastronomia","9":"ciudad-puerto-almanza","10":"provincia-tierra-del-fuego","11":"lugar-puerto-almanza","12":"pais-argentina","14":"first","15":"instock","16":"sold-individually","17":"shipping-taxable","18":"purchasable","19":"product-type-booking"},"yoast_head":"<!-- This site is optimized with the Yoast SEO plugin v27.2 - https:\/\/yoast.com\/product\/yoast-seo-wordpress\/ -->\n<title>Experiencia Gastron\u00f3mica en Puerto Almanza - Kaitek Viajes<\/title>\n<meta name=\"description\" content=\"La Experiencia Gastron\u00f3mica en Puerto Almanza te convertir\u00e1 en un experto cocinero de platos locales, en base a pescados frescos del Canal Beagle\" \/>\n<meta name=\"robots\" content=\"index, follow, max-snippet:-1, max-image-preview:large, max-video-preview:-1\" \/>\n<link rel=\"canonical\" href=\"https:\/\/kaitekviajes.com.ar\/en\/product\/experiencia-gastronomica-en-puerto-almanza\/?wmc-currency=USD\" \/>\n<meta property=\"og:locale\" content=\"en_US\" \/>\n<meta property=\"og:type\" content=\"article\" \/>\n<meta property=\"og:title\" content=\"Experiencia Gastron\u00f3mica en Puerto Almanza - Kaitek Viajes\" \/>\n<meta property=\"og:description\" content=\"La Experiencia Gastron\u00f3mica en Puerto Almanza te convertir\u00e1 en un experto cocinero de platos locales, en base a pescados frescos del Canal Beagle\" \/>\n<meta property=\"og:url\" content=\"https:\/\/kaitekviajes.com.ar\/en\/product\/experiencia-gastronomica-en-puerto-almanza\/?wmc-currency=USD\" \/>\n<meta property=\"og:site_name\" content=\"Kaitek Viajes\" \/>\n<meta property=\"article:modified_time\" content=\"2025-12-16T21:49:29+00:00\" \/>\n<meta property=\"og:image\" content=\"https:\/\/kaitekviajes.com.ar\/wp-content\/uploads\/2023\/07\/eg_01-e1708541379182.jpg\" \/>\n\t<meta property=\"og:image:width\" content=\"720\" \/>\n\t<meta property=\"og:image:height\" content=\"776\" \/>\n\t<meta property=\"og:image:type\" content=\"image\/jpeg\" \/>\n<meta name=\"twitter:card\" content=\"summary_large_image\" \/>\n<meta name=\"twitter:label1\" content=\"Est. reading time\" \/>\n\t<meta name=\"twitter:data1\" content=\"1 minute\" \/>\n<script type=\"application\/ld+json\" class=\"yoast-schema-graph\">{\"@context\":\"https:\/\/schema.org\",\"@graph\":[{\"@type\":\"WebPage\",\"@id\":\"https:\/\/kaitekviajes.com.ar\/producto\/experiencia-gastronomica-en-puerto-almanza\/\",\"url\":\"https:\/\/kaitekviajes.com.ar\/producto\/experiencia-gastronomica-en-puerto-almanza\/\",\"name\":\"Experiencia Gastron\u00f3mica en Puerto Almanza - Kaitek Viajes\",\"isPartOf\":{\"@id\":\"https:\/\/kaitekviajes.com.ar\/#website\"},\"primaryImageOfPage\":{\"@id\":\"https:\/\/kaitekviajes.com.ar\/producto\/experiencia-gastronomica-en-puerto-almanza\/#primaryimage\"},\"image\":{\"@id\":\"https:\/\/kaitekviajes.com.ar\/producto\/experiencia-gastronomica-en-puerto-almanza\/#primaryimage\"},\"thumbnailUrl\":\"https:\/\/kaitekviajes.com.ar\/wp-content\/uploads\/2023\/07\/eg_01-e1708541379182.jpg\",\"datePublished\":\"2023-07-30T17:29:35+00:00\",\"dateModified\":\"2025-12-16T21:49:29+00:00\",\"description\":\"La Experiencia Gastron\u00f3mica en Puerto Almanza te convertir\u00e1 en un experto cocinero de platos locales, en base a pescados frescos del Canal Beagle\",\"breadcrumb\":{\"@id\":\"https:\/\/kaitekviajes.com.ar\/producto\/experiencia-gastronomica-en-puerto-almanza\/#breadcrumb\"},\"inLanguage\":\"en-US\",\"potentialAction\":[{\"@type\":\"ReadAction\",\"target\":[\"https:\/\/kaitekviajes.com.ar\/producto\/experiencia-gastronomica-en-puerto-almanza\/\"]}]},{\"@type\":\"ImageObject\",\"inLanguage\":\"en-US\",\"@id\":\"https:\/\/kaitekviajes.com.ar\/producto\/experiencia-gastronomica-en-puerto-almanza\/#primaryimage\",\"url\":\"https:\/\/kaitekviajes.com.ar\/wp-content\/uploads\/2023\/07\/eg_01-e1708541379182.jpg\",\"contentUrl\":\"https:\/\/kaitekviajes.com.ar\/wp-content\/uploads\/2023\/07\/eg_01-e1708541379182.jpg\",\"width\":720,\"height\":776},{\"@type\":\"BreadcrumbList\",\"@id\":\"https:\/\/kaitekviajes.com.ar\/producto\/experiencia-gastronomica-en-puerto-almanza\/#breadcrumb\",\"itemListElement\":[{\"@type\":\"ListItem\",\"position\":1,\"name\":\"Portada\",\"item\":\"https:\/\/kaitekviajes.com.ar\/\"},{\"@type\":\"ListItem\",\"position\":2,\"name\":\"Tienda\",\"item\":\"https:\/\/kaitekviajes.com.ar\/tienda\/\"},{\"@type\":\"ListItem\",\"position\":3,\"name\":\"Experiencia Gastron\u00f3mica en Puerto Almanza\"}]},{\"@type\":\"WebSite\",\"@id\":\"https:\/\/kaitekviajes.com.ar\/#website\",\"url\":\"https:\/\/kaitekviajes.com.ar\/\",\"name\":\"Kaitek Viajes\",\"description\":\"Excursiones - Ushuaia y Tierra del Fuego, Patagonia\",\"publisher\":{\"@id\":\"https:\/\/kaitekviajes.com.ar\/#organization\"},\"potentialAction\":[{\"@type\":\"SearchAction\",\"target\":{\"@type\":\"EntryPoint\",\"urlTemplate\":\"https:\/\/kaitekviajes.com.ar\/?s={search_term_string}\"},\"query-input\":{\"@type\":\"PropertyValueSpecification\",\"valueRequired\":true,\"valueName\":\"search_term_string\"}}],\"inLanguage\":\"en-US\"},{\"@type\":\"Organization\",\"@id\":\"https:\/\/kaitekviajes.com.ar\/#organization\",\"name\":\"Kaitek Viajes\",\"url\":\"https:\/\/kaitekviajes.com.ar\/\",\"logo\":{\"@type\":\"ImageObject\",\"inLanguage\":\"en-US\",\"@id\":\"https:\/\/kaitekviajes.com.ar\/#\/schema\/logo\/image\/\",\"url\":\"https:\/\/kaitekviajes.com.ar\/wp-content\/uploads\/2023\/04\/cropped-Logo-Kaitek-completo.png\",\"contentUrl\":\"https:\/\/kaitekviajes.com.ar\/wp-content\/uploads\/2023\/04\/cropped-Logo-Kaitek-completo.png\",\"width\":1380,\"height\":706,\"caption\":\"Kaitek Viajes\"},\"image\":{\"@id\":\"https:\/\/kaitekviajes.com.ar\/#\/schema\/logo\/image\/\"}}]}<\/script>\n<!-- \/ Yoast SEO plugin. -->","yoast_head_json":{"title":"Experiencia Gastron\u00f3mica en Puerto Almanza - Kaitek Viajes","description":"La Experiencia Gastron\u00f3mica en Puerto Almanza te convertir\u00e1 en un experto cocinero de platos locales, en base a pescados frescos del Canal Beagle","robots":{"index":"index","follow":"follow","max-snippet":"max-snippet:-1","max-image-preview":"max-image-preview:large","max-video-preview":"max-video-preview:-1"},"canonical":"https:\/\/kaitekviajes.com.ar\/en\/product\/experiencia-gastronomica-en-puerto-almanza\/?wmc-currency=USD","og_locale":"en_US","og_type":"article","og_title":"Experiencia Gastron\u00f3mica en Puerto Almanza - Kaitek Viajes","og_description":"La Experiencia Gastron\u00f3mica en Puerto Almanza te convertir\u00e1 en un experto cocinero de platos locales, en base a pescados frescos del Canal Beagle","og_url":"https:\/\/kaitekviajes.com.ar\/en\/product\/experiencia-gastronomica-en-puerto-almanza\/?wmc-currency=USD","og_site_name":"Kaitek Viajes","article_modified_time":"2025-12-16T21:49:29+00:00","og_image":[{"width":720,"height":776,"url":"https:\/\/kaitekviajes.com.ar\/wp-content\/uploads\/2023\/07\/eg_01-e1708541379182.jpg","type":"image\/jpeg"}],"twitter_card":"summary_large_image","twitter_misc":{"Est. reading time":"1 minute"},"schema":{"@context":"https:\/\/schema.org","@graph":[{"@type":"WebPage","@id":"https:\/\/kaitekviajes.com.ar\/producto\/experiencia-gastronomica-en-puerto-almanza\/","url":"https:\/\/kaitekviajes.com.ar\/producto\/experiencia-gastronomica-en-puerto-almanza\/","name":"Experiencia Gastron\u00f3mica en Puerto Almanza - Kaitek Viajes","isPartOf":{"@id":"https:\/\/kaitekviajes.com.ar\/#website"},"primaryImageOfPage":{"@id":"https:\/\/kaitekviajes.com.ar\/producto\/experiencia-gastronomica-en-puerto-almanza\/#primaryimage"},"image":{"@id":"https:\/\/kaitekviajes.com.ar\/producto\/experiencia-gastronomica-en-puerto-almanza\/#primaryimage"},"thumbnailUrl":"https:\/\/kaitekviajes.com.ar\/wp-content\/uploads\/2023\/07\/eg_01-e1708541379182.jpg","datePublished":"2023-07-30T17:29:35+00:00","dateModified":"2025-12-16T21:49:29+00:00","description":"La Experiencia Gastron\u00f3mica en Puerto Almanza te convertir\u00e1 en un experto cocinero de platos locales, en base a pescados frescos del Canal Beagle","breadcrumb":{"@id":"https:\/\/kaitekviajes.com.ar\/producto\/experiencia-gastronomica-en-puerto-almanza\/#breadcrumb"},"inLanguage":"en-US","potentialAction":[{"@type":"ReadAction","target":["https:\/\/kaitekviajes.com.ar\/producto\/experiencia-gastronomica-en-puerto-almanza\/"]}]},{"@type":"ImageObject","inLanguage":"en-US","@id":"https:\/\/kaitekviajes.com.ar\/producto\/experiencia-gastronomica-en-puerto-almanza\/#primaryimage","url":"https:\/\/kaitekviajes.com.ar\/wp-content\/uploads\/2023\/07\/eg_01-e1708541379182.jpg","contentUrl":"https:\/\/kaitekviajes.com.ar\/wp-content\/uploads\/2023\/07\/eg_01-e1708541379182.jpg","width":720,"height":776},{"@type":"BreadcrumbList","@id":"https:\/\/kaitekviajes.com.ar\/producto\/experiencia-gastronomica-en-puerto-almanza\/#breadcrumb","itemListElement":[{"@type":"ListItem","position":1,"name":"Portada","item":"https:\/\/kaitekviajes.com.ar\/"},{"@type":"ListItem","position":2,"name":"Tienda","item":"https:\/\/kaitekviajes.com.ar\/tienda\/"},{"@type":"ListItem","position":3,"name":"Experiencia Gastron\u00f3mica en Puerto Almanza"}]},{"@type":"WebSite","@id":"https:\/\/kaitekviajes.com.ar\/#website","url":"https:\/\/kaitekviajes.com.ar\/","name":"Kaitek Viajes","description":"Excursiones - Ushuaia y Tierra del Fuego, Patagonia","publisher":{"@id":"https:\/\/kaitekviajes.com.ar\/#organization"},"potentialAction":[{"@type":"SearchAction","target":{"@type":"EntryPoint","urlTemplate":"https:\/\/kaitekviajes.com.ar\/?s={search_term_string}"},"query-input":{"@type":"PropertyValueSpecification","valueRequired":true,"valueName":"search_term_string"}}],"inLanguage":"en-US"},{"@type":"Organization","@id":"https:\/\/kaitekviajes.com.ar\/#organization","name":"Kaitek Viajes","url":"https:\/\/kaitekviajes.com.ar\/","logo":{"@type":"ImageObject","inLanguage":"en-US","@id":"https:\/\/kaitekviajes.com.ar\/#\/schema\/logo\/image\/","url":"https:\/\/kaitekviajes.com.ar\/wp-content\/uploads\/2023\/04\/cropped-Logo-Kaitek-completo.png","contentUrl":"https:\/\/kaitekviajes.com.ar\/wp-content\/uploads\/2023\/04\/cropped-Logo-Kaitek-completo.png","width":1380,"height":706,"caption":"Kaitek Viajes"},"image":{"@id":"https:\/\/kaitekviajes.com.ar\/#\/schema\/logo\/image\/"}}]}},"_links":{"self":[{"href":"https:\/\/kaitekviajes.com.ar\/en\/wp-json\/wp\/v2\/product\/2679","targetHints":{"allow":["GET"]}}],"collection":[{"href":"https:\/\/kaitekviajes.com.ar\/en\/wp-json\/wp\/v2\/product"}],"about":[{"href":"https:\/\/kaitekviajes.com.ar\/en\/wp-json\/wp\/v2\/types\/product"}],"replies":[{"embeddable":true,"href":"https:\/\/kaitekviajes.com.ar\/en\/wp-json\/wp\/v2\/comments?post=2679"}],"wp:featuredmedia":[{"embeddable":true,"href":"https:\/\/kaitekviajes.com.ar\/en\/wp-json\/wp\/v2\/media\/9479"}],"wp:attachment":[{"href":"https:\/\/kaitekviajes.com.ar\/en\/wp-json\/wp\/v2\/media?parent=2679"}],"wp:term":[{"taxonomy":"product_brand","embeddable":true,"href":"https:\/\/kaitekviajes.com.ar\/en\/wp-json\/wp\/v2\/product_brand?post=2679"},{"taxonomy":"product_cat","embeddable":true,"href":"https:\/\/kaitekviajes.com.ar\/en\/wp-json\/wp\/v2\/product_cat?post=2679"},{"taxonomy":"product_tag","embeddable":true,"href":"https:\/\/kaitekviajes.com.ar\/en\/wp-json\/wp\/v2\/product_tag?post=2679"},{"taxonomy":"actividad","embeddable":true,"href":"https:\/\/kaitekviajes.com.ar\/en\/wp-json\/wp\/v2\/actividad?post=2679"},{"taxonomy":"ciudad","embeddable":true,"href":"https:\/\/kaitekviajes.com.ar\/en\/wp-json\/wp\/v2\/ciudad?post=2679"},{"taxonomy":"provincia","embeddable":true,"href":"https:\/\/kaitekviajes.com.ar\/en\/wp-json\/wp\/v2\/provincia?post=2679"},{"taxonomy":"lugar","embeddable":true,"href":"https:\/\/kaitekviajes.com.ar\/en\/wp-json\/wp\/v2\/lugar?post=2679"},{"taxonomy":"pais","embeddable":true,"href":"https:\/\/kaitekviajes.com.ar\/en\/wp-json\/wp\/v2\/pais?post=2679"}],"curies":[{"name":"wp","href":"https:\/\/api.w.org\/{rel}","templated":true}]}}