{"id":2414,"date":"2025-06-23T18:23:05","date_gmt":"2025-06-23T21:23:05","guid":{"rendered":"https:\/\/kaitekviajes.com.ar\/?post_type=product&#038;p=2414"},"modified":"2026-03-22T16:15:59","modified_gmt":"2026-03-22T19:15:59","slug":"cabo-san-pablo-y-estancia-pirinaica","status":"publish","type":"product","link":"https:\/\/kaitekviajes.com.ar\/en\/product\/cabo-san-pablo-y-estancia-pirinaica\/","title":{"rendered":"Cape San Pablo and Estancia Pirinaica"},"content":{"rendered":"<h1>Cabo San Pablo y Estancia Pirinaica en 4&#215;4 desde Ushuaia<\/h1>\n<p><strong>This captivating adventure<\/strong> nos lleva a trav\u00e9s del tiempo hacia un maravilloso paisaje natural, por la Ruta de las Estancias, y en compa\u00f1\u00eda de bosques, ecotono y guanacos, hacia el imponente \u00a8Desd\u00e9mona\u00bb. Un d\u00eda completo, todo incluido, para que vivas la experiencia de Tierra del Fuego en su totalidad.<\/p>","protected":false},"excerpt":{"rendered":"<p>Cabo San Pablo y Estancia Pirinaica en 4&#215;4 desde Ushuaia Esta atrapante aventura nos lleva a trav\u00e9s del tiempo hacia un maravilloso paisaje natural, por la Ruta de las Estancias, y en compa\u00f1\u00eda de bosques, ecotono y guanacos, hacia el imponente \u00a8Desd\u00e9mona\u00bb. Un d\u00eda completo, todo incluido, para que vivas la experiencia de Tierra del [&hellip;]<\/p>","protected":false},"featured_media":2420,"comment_status":"open","ping_status":"closed","template":"","meta":{"_joinchat":[]},"product_brand":[],"product_cat":[27],"product_tag":[],"actividad":[264,268],"ciudad":[286,213,59],"provincia":[238],"lugar":[252,287],"pais":[47],"class_list":{"0":"post-2414","1":"product","2":"type-product","3":"status-publish","4":"has-post-thumbnail","6":"product_cat-excursiones","7":"actividad-aventura-4x4","8":"actividad-gastronomia","9":"ciudad-cabo-san-pablo","10":"ciudad-tolhuin","11":"ciudad-ushuaia","12":"provincia-tierra-del-fuego","13":"lugar-cabo-san-pablo","14":"lugar-tolhuin","15":"pais-argentina","17":"first","18":"instock","19":"virtual","20":"sold-individually","21":"purchasable","22":"product-type-booking"},"yoast_head":"<!-- This site is optimized with the Yoast SEO plugin v27.2 - https:\/\/yoast.com\/product\/yoast-seo-wordpress\/ -->\n<title>Cabo San Pablo y Estancia Pirinaica - Kaitek Viajes<\/title>\n<meta name=\"robots\" content=\"index, follow, max-snippet:-1, max-image-preview:large, max-video-preview:-1\" \/>\n<link rel=\"canonical\" href=\"https:\/\/kaitekviajes.com.ar\/en\/product\/cabo-san-pablo-y-estancia-pirinaica\/?wmc-currency=USD\" \/>\n<meta property=\"og:locale\" content=\"en_US\" \/>\n<meta property=\"og:type\" content=\"article\" \/>\n<meta property=\"og:title\" content=\"Cabo San Pablo y Estancia Pirinaica - Kaitek Viajes\" \/>\n<meta property=\"og:description\" content=\"Cabo San Pablo y Estancia Pirinaica en 4&#215;4 desde Ushuaia Esta atrapante aventura nos lleva a trav\u00e9s del tiempo hacia un maravilloso paisaje natural, por la Ruta de las Estancias, y en compa\u00f1\u00eda de bosques, ecotono y guanacos, hacia el imponente \u00a8Desd\u00e9mona\u00bb. Un d\u00eda completo, todo incluido, para que vivas la experiencia de Tierra del [&hellip;]\" \/>\n<meta property=\"og:url\" content=\"https:\/\/kaitekviajes.com.ar\/en\/product\/cabo-san-pablo-y-estancia-pirinaica\/?wmc-currency=USD\" \/>\n<meta property=\"og:site_name\" content=\"Kaitek Viajes\" \/>\n<meta property=\"article:modified_time\" content=\"2026-03-22T19:15:59+00:00\" \/>\n<meta property=\"og:image\" content=\"https:\/\/kaitekviajes.com.ar\/wp-content\/uploads\/2023\/07\/006_cabo_san_pablo.jpg\" \/>\n\t<meta property=\"og:image:width\" content=\"800\" \/>\n\t<meta property=\"og:image:height\" content=\"520\" \/>\n\t<meta property=\"og:image:type\" content=\"image\/jpeg\" \/>\n<meta name=\"twitter:card\" content=\"summary_large_image\" \/>\n<meta name=\"twitter:label1\" content=\"Est. reading time\" \/>\n\t<meta name=\"twitter:data1\" content=\"1 minute\" \/>\n<script type=\"application\/ld+json\" class=\"yoast-schema-graph\">{\"@context\":\"https:\/\/schema.org\",\"@graph\":[{\"@type\":\"WebPage\",\"@id\":\"https:\/\/kaitekviajes.com.ar\/producto\/cabo-san-pablo-y-estancia-pirinaica\/\",\"url\":\"https:\/\/kaitekviajes.com.ar\/producto\/cabo-san-pablo-y-estancia-pirinaica\/\",\"name\":\"Cabo San Pablo y Estancia Pirinaica - Kaitek Viajes\",\"isPartOf\":{\"@id\":\"https:\/\/kaitekviajes.com.ar\/#website\"},\"primaryImageOfPage\":{\"@id\":\"https:\/\/kaitekviajes.com.ar\/producto\/cabo-san-pablo-y-estancia-pirinaica\/#primaryimage\"},\"image\":{\"@id\":\"https:\/\/kaitekviajes.com.ar\/producto\/cabo-san-pablo-y-estancia-pirinaica\/#primaryimage\"},\"thumbnailUrl\":\"https:\/\/kaitekviajes.com.ar\/wp-content\/uploads\/2023\/07\/006_cabo_san_pablo.jpg\",\"datePublished\":\"2025-06-23T21:23:05+00:00\",\"dateModified\":\"2026-03-22T19:15:59+00:00\",\"breadcrumb\":{\"@id\":\"https:\/\/kaitekviajes.com.ar\/producto\/cabo-san-pablo-y-estancia-pirinaica\/#breadcrumb\"},\"inLanguage\":\"en-US\",\"potentialAction\":[{\"@type\":\"ReadAction\",\"target\":[\"https:\/\/kaitekviajes.com.ar\/producto\/cabo-san-pablo-y-estancia-pirinaica\/\"]}]},{\"@type\":\"ImageObject\",\"inLanguage\":\"en-US\",\"@id\":\"https:\/\/kaitekviajes.com.ar\/producto\/cabo-san-pablo-y-estancia-pirinaica\/#primaryimage\",\"url\":\"https:\/\/kaitekviajes.com.ar\/wp-content\/uploads\/2023\/07\/006_cabo_san_pablo.jpg\",\"contentUrl\":\"https:\/\/kaitekviajes.com.ar\/wp-content\/uploads\/2023\/07\/006_cabo_san_pablo.jpg\",\"width\":800,\"height\":520},{\"@type\":\"BreadcrumbList\",\"@id\":\"https:\/\/kaitekviajes.com.ar\/producto\/cabo-san-pablo-y-estancia-pirinaica\/#breadcrumb\",\"itemListElement\":[{\"@type\":\"ListItem\",\"position\":1,\"name\":\"Portada\",\"item\":\"https:\/\/kaitekviajes.com.ar\/\"},{\"@type\":\"ListItem\",\"position\":2,\"name\":\"Tienda\",\"item\":\"https:\/\/kaitekviajes.com.ar\/tienda\/\"},{\"@type\":\"ListItem\",\"position\":3,\"name\":\"Cabo San Pablo y Estancia Pirinaica\"}]},{\"@type\":\"WebSite\",\"@id\":\"https:\/\/kaitekviajes.com.ar\/#website\",\"url\":\"https:\/\/kaitekviajes.com.ar\/\",\"name\":\"Kaitek Viajes\",\"description\":\"Excursiones - Ushuaia y Tierra del Fuego, Patagonia\",\"publisher\":{\"@id\":\"https:\/\/kaitekviajes.com.ar\/#organization\"},\"potentialAction\":[{\"@type\":\"SearchAction\",\"target\":{\"@type\":\"EntryPoint\",\"urlTemplate\":\"https:\/\/kaitekviajes.com.ar\/?s={search_term_string}\"},\"query-input\":{\"@type\":\"PropertyValueSpecification\",\"valueRequired\":true,\"valueName\":\"search_term_string\"}}],\"inLanguage\":\"en-US\"},{\"@type\":\"Organization\",\"@id\":\"https:\/\/kaitekviajes.com.ar\/#organization\",\"name\":\"Kaitek Viajes\",\"url\":\"https:\/\/kaitekviajes.com.ar\/\",\"logo\":{\"@type\":\"ImageObject\",\"inLanguage\":\"en-US\",\"@id\":\"https:\/\/kaitekviajes.com.ar\/#\/schema\/logo\/image\/\",\"url\":\"https:\/\/kaitekviajes.com.ar\/wp-content\/uploads\/2023\/04\/cropped-Logo-Kaitek-completo.png\",\"contentUrl\":\"https:\/\/kaitekviajes.com.ar\/wp-content\/uploads\/2023\/04\/cropped-Logo-Kaitek-completo.png\",\"width\":1380,\"height\":706,\"caption\":\"Kaitek Viajes\"},\"image\":{\"@id\":\"https:\/\/kaitekviajes.com.ar\/#\/schema\/logo\/image\/\"}}]}<\/script>\n<!-- \/ Yoast SEO plugin. -->","yoast_head_json":{"title":"Cabo San Pablo y Estancia Pirinaica - Kaitek Viajes","robots":{"index":"index","follow":"follow","max-snippet":"max-snippet:-1","max-image-preview":"max-image-preview:large","max-video-preview":"max-video-preview:-1"},"canonical":"https:\/\/kaitekviajes.com.ar\/en\/product\/cabo-san-pablo-y-estancia-pirinaica\/?wmc-currency=USD","og_locale":"en_US","og_type":"article","og_title":"Cabo San Pablo y Estancia Pirinaica - Kaitek Viajes","og_description":"Cabo San Pablo y Estancia Pirinaica en 4&#215;4 desde Ushuaia Esta atrapante aventura nos lleva a trav\u00e9s del tiempo hacia un maravilloso paisaje natural, por la Ruta de las Estancias, y en compa\u00f1\u00eda de bosques, ecotono y guanacos, hacia el imponente \u00a8Desd\u00e9mona\u00bb. Un d\u00eda completo, todo incluido, para que vivas la experiencia de Tierra del [&hellip;]","og_url":"https:\/\/kaitekviajes.com.ar\/en\/product\/cabo-san-pablo-y-estancia-pirinaica\/?wmc-currency=USD","og_site_name":"Kaitek Viajes","article_modified_time":"2026-03-22T19:15:59+00:00","og_image":[{"width":800,"height":520,"url":"https:\/\/kaitekviajes.com.ar\/wp-content\/uploads\/2023\/07\/006_cabo_san_pablo.jpg","type":"image\/jpeg"}],"twitter_card":"summary_large_image","twitter_misc":{"Est. reading time":"1 minute"},"schema":{"@context":"https:\/\/schema.org","@graph":[{"@type":"WebPage","@id":"https:\/\/kaitekviajes.com.ar\/producto\/cabo-san-pablo-y-estancia-pirinaica\/","url":"https:\/\/kaitekviajes.com.ar\/producto\/cabo-san-pablo-y-estancia-pirinaica\/","name":"Cabo San Pablo y Estancia Pirinaica - Kaitek Viajes","isPartOf":{"@id":"https:\/\/kaitekviajes.com.ar\/#website"},"primaryImageOfPage":{"@id":"https:\/\/kaitekviajes.com.ar\/producto\/cabo-san-pablo-y-estancia-pirinaica\/#primaryimage"},"image":{"@id":"https:\/\/kaitekviajes.com.ar\/producto\/cabo-san-pablo-y-estancia-pirinaica\/#primaryimage"},"thumbnailUrl":"https:\/\/kaitekviajes.com.ar\/wp-content\/uploads\/2023\/07\/006_cabo_san_pablo.jpg","datePublished":"2025-06-23T21:23:05+00:00","dateModified":"2026-03-22T19:15:59+00:00","breadcrumb":{"@id":"https:\/\/kaitekviajes.com.ar\/producto\/cabo-san-pablo-y-estancia-pirinaica\/#breadcrumb"},"inLanguage":"en-US","potentialAction":[{"@type":"ReadAction","target":["https:\/\/kaitekviajes.com.ar\/producto\/cabo-san-pablo-y-estancia-pirinaica\/"]}]},{"@type":"ImageObject","inLanguage":"en-US","@id":"https:\/\/kaitekviajes.com.ar\/producto\/cabo-san-pablo-y-estancia-pirinaica\/#primaryimage","url":"https:\/\/kaitekviajes.com.ar\/wp-content\/uploads\/2023\/07\/006_cabo_san_pablo.jpg","contentUrl":"https:\/\/kaitekviajes.com.ar\/wp-content\/uploads\/2023\/07\/006_cabo_san_pablo.jpg","width":800,"height":520},{"@type":"BreadcrumbList","@id":"https:\/\/kaitekviajes.com.ar\/producto\/cabo-san-pablo-y-estancia-pirinaica\/#breadcrumb","itemListElement":[{"@type":"ListItem","position":1,"name":"Portada","item":"https:\/\/kaitekviajes.com.ar\/"},{"@type":"ListItem","position":2,"name":"Tienda","item":"https:\/\/kaitekviajes.com.ar\/tienda\/"},{"@type":"ListItem","position":3,"name":"Cabo San Pablo y Estancia Pirinaica"}]},{"@type":"WebSite","@id":"https:\/\/kaitekviajes.com.ar\/#website","url":"https:\/\/kaitekviajes.com.ar\/","name":"Kaitek Viajes","description":"Excursiones - Ushuaia y Tierra del Fuego, Patagonia","publisher":{"@id":"https:\/\/kaitekviajes.com.ar\/#organization"},"potentialAction":[{"@type":"SearchAction","target":{"@type":"EntryPoint","urlTemplate":"https:\/\/kaitekviajes.com.ar\/?s={search_term_string}"},"query-input":{"@type":"PropertyValueSpecification","valueRequired":true,"valueName":"search_term_string"}}],"inLanguage":"en-US"},{"@type":"Organization","@id":"https:\/\/kaitekviajes.com.ar\/#organization","name":"Kaitek Viajes","url":"https:\/\/kaitekviajes.com.ar\/","logo":{"@type":"ImageObject","inLanguage":"en-US","@id":"https:\/\/kaitekviajes.com.ar\/#\/schema\/logo\/image\/","url":"https:\/\/kaitekviajes.com.ar\/wp-content\/uploads\/2023\/04\/cropped-Logo-Kaitek-completo.png","contentUrl":"https:\/\/kaitekviajes.com.ar\/wp-content\/uploads\/2023\/04\/cropped-Logo-Kaitek-completo.png","width":1380,"height":706,"caption":"Kaitek Viajes"},"image":{"@id":"https:\/\/kaitekviajes.com.ar\/#\/schema\/logo\/image\/"}}]}},"_links":{"self":[{"href":"https:\/\/kaitekviajes.com.ar\/en\/wp-json\/wp\/v2\/product\/2414","targetHints":{"allow":["GET"]}}],"collection":[{"href":"https:\/\/kaitekviajes.com.ar\/en\/wp-json\/wp\/v2\/product"}],"about":[{"href":"https:\/\/kaitekviajes.com.ar\/en\/wp-json\/wp\/v2\/types\/product"}],"replies":[{"embeddable":true,"href":"https:\/\/kaitekviajes.com.ar\/en\/wp-json\/wp\/v2\/comments?post=2414"}],"wp:featuredmedia":[{"embeddable":true,"href":"https:\/\/kaitekviajes.com.ar\/en\/wp-json\/wp\/v2\/media\/2420"}],"wp:attachment":[{"href":"https:\/\/kaitekviajes.com.ar\/en\/wp-json\/wp\/v2\/media?parent=2414"}],"wp:term":[{"taxonomy":"product_brand","embeddable":true,"href":"https:\/\/kaitekviajes.com.ar\/en\/wp-json\/wp\/v2\/product_brand?post=2414"},{"taxonomy":"product_cat","embeddable":true,"href":"https:\/\/kaitekviajes.com.ar\/en\/wp-json\/wp\/v2\/product_cat?post=2414"},{"taxonomy":"product_tag","embeddable":true,"href":"https:\/\/kaitekviajes.com.ar\/en\/wp-json\/wp\/v2\/product_tag?post=2414"},{"taxonomy":"actividad","embeddable":true,"href":"https:\/\/kaitekviajes.com.ar\/en\/wp-json\/wp\/v2\/actividad?post=2414"},{"taxonomy":"ciudad","embeddable":true,"href":"https:\/\/kaitekviajes.com.ar\/en\/wp-json\/wp\/v2\/ciudad?post=2414"},{"taxonomy":"provincia","embeddable":true,"href":"https:\/\/kaitekviajes.com.ar\/en\/wp-json\/wp\/v2\/provincia?post=2414"},{"taxonomy":"lugar","embeddable":true,"href":"https:\/\/kaitekviajes.com.ar\/en\/wp-json\/wp\/v2\/lugar?post=2414"},{"taxonomy":"pais","embeddable":true,"href":"https:\/\/kaitekviajes.com.ar\/en\/wp-json\/wp\/v2\/pais?post=2414"}],"curies":[{"name":"wp","href":"https:\/\/api.w.org\/{rel}","templated":true}]}}