{"id":208,"date":"2025-06-25T05:39:32","date_gmt":"2025-06-25T08:39:32","guid":{"rendered":"https:\/\/kaitekviajes.com.ar\/?post_type=product&#038;p=208"},"modified":"2026-03-20T15:28:44","modified_gmt":"2026-03-20T18:28:44","slug":"pinguinera-y-tour-de-la-centolla-en-4x4","status":"publish","type":"product","link":"https:\/\/kaitekviajes.com.ar\/en\/product\/pinguinera-y-tour-de-la-centolla-en-4x4\/","title":{"rendered":"Ping\u00fcinera y Tour de la Centolla 4&#215;4"},"content":{"rendered":"<h1>Pinguinera y Tour de la Centolla en 4&#215;4 es el producto estrella de Kaitek Viajes para nuestros amigos viajeros<\/h1>\n<p>Adding to the company&#039;s high-end experience is a boarding trip to see Magellanic and Gentoo penguins on Martillo Island, a unique and exclusive experience. It combines exquisite dishes based on fresh seafood and king crab with stunning landscapes, where the forest penetrates the Beagle Channel in a fascinating and capricious way.<\/p>","protected":false},"excerpt":{"rendered":"<p>Pinguinera y Tour de la Centolla en 4&#215;4 es el producto estrella de Kaitek Viajes para nuestros amigos viajeros Sumamos a una experiencia de alta gama de la empresa, el embarque para avistar ping\u00fcinos magall\u00e1nicos y pap\u00faas en Isla Martillo, una experiencia \u00fanica y exclusiva.\u00a0Combinaci\u00f3n exquisitos platos elaborados en base a mariscos y centolla frescos, [&hellip;]<\/p>","protected":false},"featured_media":2330,"comment_status":"open","ping_status":"closed","template":"","meta":{"_joinchat":[]},"product_brand":[],"product_cat":[27],"product_tag":[],"actividad":[264,268,263,273],"ciudad":[212,59],"provincia":[238],"lugar":[248,249,274],"pais":[47],"class_list":{"0":"post-208","1":"product","2":"type-product","3":"status-publish","4":"has-post-thumbnail","6":"product_cat-excursiones","7":"actividad-aventura-4x4","8":"actividad-gastronomia","9":"actividad-navegacion","10":"actividad-pinguinera","11":"ciudad-puerto-almanza","12":"ciudad-ushuaia","13":"provincia-tierra-del-fuego","14":"lugar-canal-beagle","15":"lugar-isla-martillo","16":"lugar-puerto-almanza","17":"pais-argentina","19":"first","20":"instock","21":"sold-individually","22":"shipping-taxable","23":"purchasable","24":"product-type-booking"},"yoast_head":"<!-- This site is optimized with the Yoast SEO plugin v27.2 - https:\/\/yoast.com\/product\/yoast-seo-wordpress\/ -->\n<title>Ping\u00fcinera y Tour de la Centolla 4x4 - Kaitek Viajes<\/title>\n<meta name=\"robots\" content=\"index, follow, max-snippet:-1, max-image-preview:large, max-video-preview:-1\" \/>\n<link rel=\"canonical\" href=\"https:\/\/kaitekviajes.com.ar\/en\/product\/pinguinera-y-tour-de-la-centolla-en-4x4\/?wmc-currency=USD\" \/>\n<meta property=\"og:locale\" content=\"en_US\" \/>\n<meta property=\"og:type\" content=\"article\" \/>\n<meta property=\"og:title\" content=\"Ping\u00fcinera y Tour de la Centolla 4x4 - Kaitek Viajes\" \/>\n<meta property=\"og:description\" content=\"Pinguinera y Tour de la Centolla en 4&#215;4 es el producto estrella de Kaitek Viajes para nuestros amigos viajeros Sumamos a una experiencia de alta gama de la empresa, el embarque para avistar ping\u00fcinos magall\u00e1nicos y pap\u00faas en Isla Martillo, una experiencia \u00fanica y exclusiva.\u00a0Combinaci\u00f3n exquisitos platos elaborados en base a mariscos y centolla frescos, [&hellip;]\" \/>\n<meta property=\"og:url\" content=\"https:\/\/kaitekviajes.com.ar\/en\/product\/pinguinera-y-tour-de-la-centolla-en-4x4\/?wmc-currency=USD\" \/>\n<meta property=\"og:site_name\" content=\"Kaitek Viajes\" \/>\n<meta property=\"article:modified_time\" content=\"2026-03-20T18:28:44+00:00\" \/>\n<meta property=\"og:image\" content=\"https:\/\/kaitekviajes.com.ar\/wp-content\/uploads\/2023\/05\/03_cc_ap.jpg\" \/>\n\t<meta property=\"og:image:width\" content=\"275\" \/>\n\t<meta property=\"og:image:height\" content=\"183\" \/>\n\t<meta property=\"og:image:type\" content=\"image\/jpeg\" \/>\n<meta name=\"twitter:card\" content=\"summary_large_image\" \/>\n<meta name=\"twitter:label1\" content=\"Est. reading time\" \/>\n\t<meta name=\"twitter:data1\" content=\"1 minute\" \/>\n<script type=\"application\/ld+json\" class=\"yoast-schema-graph\">{\"@context\":\"https:\/\/schema.org\",\"@graph\":[{\"@type\":\"WebPage\",\"@id\":\"https:\/\/kaitekviajes.com.ar\/producto\/pinguinera-y-tour-de-la-centolla-en-4x4\/\",\"url\":\"https:\/\/kaitekviajes.com.ar\/producto\/pinguinera-y-tour-de-la-centolla-en-4x4\/\",\"name\":\"Ping\u00fcinera y Tour de la Centolla 4x4 - Kaitek Viajes\",\"isPartOf\":{\"@id\":\"https:\/\/kaitekviajes.com.ar\/#website\"},\"primaryImageOfPage\":{\"@id\":\"https:\/\/kaitekviajes.com.ar\/producto\/pinguinera-y-tour-de-la-centolla-en-4x4\/#primaryimage\"},\"image\":{\"@id\":\"https:\/\/kaitekviajes.com.ar\/producto\/pinguinera-y-tour-de-la-centolla-en-4x4\/#primaryimage\"},\"thumbnailUrl\":\"https:\/\/kaitekviajes.com.ar\/wp-content\/uploads\/2023\/05\/03_cc_ap.jpg\",\"datePublished\":\"2025-06-25T08:39:32+00:00\",\"dateModified\":\"2026-03-20T18:28:44+00:00\",\"breadcrumb\":{\"@id\":\"https:\/\/kaitekviajes.com.ar\/producto\/pinguinera-y-tour-de-la-centolla-en-4x4\/#breadcrumb\"},\"inLanguage\":\"en-US\",\"potentialAction\":[{\"@type\":\"ReadAction\",\"target\":[\"https:\/\/kaitekviajes.com.ar\/producto\/pinguinera-y-tour-de-la-centolla-en-4x4\/\"]}]},{\"@type\":\"ImageObject\",\"inLanguage\":\"en-US\",\"@id\":\"https:\/\/kaitekviajes.com.ar\/producto\/pinguinera-y-tour-de-la-centolla-en-4x4\/#primaryimage\",\"url\":\"https:\/\/kaitekviajes.com.ar\/wp-content\/uploads\/2023\/05\/03_cc_ap.jpg\",\"contentUrl\":\"https:\/\/kaitekviajes.com.ar\/wp-content\/uploads\/2023\/05\/03_cc_ap.jpg\",\"width\":275,\"height\":183},{\"@type\":\"BreadcrumbList\",\"@id\":\"https:\/\/kaitekviajes.com.ar\/producto\/pinguinera-y-tour-de-la-centolla-en-4x4\/#breadcrumb\",\"itemListElement\":[{\"@type\":\"ListItem\",\"position\":1,\"name\":\"Portada\",\"item\":\"https:\/\/kaitekviajes.com.ar\/\"},{\"@type\":\"ListItem\",\"position\":2,\"name\":\"Tienda\",\"item\":\"https:\/\/kaitekviajes.com.ar\/tienda\/\"},{\"@type\":\"ListItem\",\"position\":3,\"name\":\"Ping\u00fcinera y Tour de la Centolla 4&#215;4\"}]},{\"@type\":\"WebSite\",\"@id\":\"https:\/\/kaitekviajes.com.ar\/#website\",\"url\":\"https:\/\/kaitekviajes.com.ar\/\",\"name\":\"Kaitek Viajes\",\"description\":\"Excursiones - Ushuaia y Tierra del Fuego, Patagonia\",\"publisher\":{\"@id\":\"https:\/\/kaitekviajes.com.ar\/#organization\"},\"potentialAction\":[{\"@type\":\"SearchAction\",\"target\":{\"@type\":\"EntryPoint\",\"urlTemplate\":\"https:\/\/kaitekviajes.com.ar\/?s={search_term_string}\"},\"query-input\":{\"@type\":\"PropertyValueSpecification\",\"valueRequired\":true,\"valueName\":\"search_term_string\"}}],\"inLanguage\":\"en-US\"},{\"@type\":\"Organization\",\"@id\":\"https:\/\/kaitekviajes.com.ar\/#organization\",\"name\":\"Kaitek Viajes\",\"url\":\"https:\/\/kaitekviajes.com.ar\/\",\"logo\":{\"@type\":\"ImageObject\",\"inLanguage\":\"en-US\",\"@id\":\"https:\/\/kaitekviajes.com.ar\/#\/schema\/logo\/image\/\",\"url\":\"https:\/\/kaitekviajes.com.ar\/wp-content\/uploads\/2023\/04\/cropped-Logo-Kaitek-completo.png\",\"contentUrl\":\"https:\/\/kaitekviajes.com.ar\/wp-content\/uploads\/2023\/04\/cropped-Logo-Kaitek-completo.png\",\"width\":1380,\"height\":706,\"caption\":\"Kaitek Viajes\"},\"image\":{\"@id\":\"https:\/\/kaitekviajes.com.ar\/#\/schema\/logo\/image\/\"}}]}<\/script>\n<!-- \/ Yoast SEO plugin. -->","yoast_head_json":{"title":"Ping\u00fcinera y Tour de la Centolla 4x4 - Kaitek Viajes","robots":{"index":"index","follow":"follow","max-snippet":"max-snippet:-1","max-image-preview":"max-image-preview:large","max-video-preview":"max-video-preview:-1"},"canonical":"https:\/\/kaitekviajes.com.ar\/en\/product\/pinguinera-y-tour-de-la-centolla-en-4x4\/?wmc-currency=USD","og_locale":"en_US","og_type":"article","og_title":"Ping\u00fcinera y Tour de la Centolla 4x4 - Kaitek Viajes","og_description":"Pinguinera y Tour de la Centolla en 4&#215;4 es el producto estrella de Kaitek Viajes para nuestros amigos viajeros Sumamos a una experiencia de alta gama de la empresa, el embarque para avistar ping\u00fcinos magall\u00e1nicos y pap\u00faas en Isla Martillo, una experiencia \u00fanica y exclusiva.\u00a0Combinaci\u00f3n exquisitos platos elaborados en base a mariscos y centolla frescos, [&hellip;]","og_url":"https:\/\/kaitekviajes.com.ar\/en\/product\/pinguinera-y-tour-de-la-centolla-en-4x4\/?wmc-currency=USD","og_site_name":"Kaitek Viajes","article_modified_time":"2026-03-20T18:28:44+00:00","og_image":[{"width":275,"height":183,"url":"https:\/\/kaitekviajes.com.ar\/wp-content\/uploads\/2023\/05\/03_cc_ap.jpg","type":"image\/jpeg"}],"twitter_card":"summary_large_image","twitter_misc":{"Est. reading time":"1 minute"},"schema":{"@context":"https:\/\/schema.org","@graph":[{"@type":"WebPage","@id":"https:\/\/kaitekviajes.com.ar\/producto\/pinguinera-y-tour-de-la-centolla-en-4x4\/","url":"https:\/\/kaitekviajes.com.ar\/producto\/pinguinera-y-tour-de-la-centolla-en-4x4\/","name":"Ping\u00fcinera y Tour de la Centolla 4x4 - Kaitek Viajes","isPartOf":{"@id":"https:\/\/kaitekviajes.com.ar\/#website"},"primaryImageOfPage":{"@id":"https:\/\/kaitekviajes.com.ar\/producto\/pinguinera-y-tour-de-la-centolla-en-4x4\/#primaryimage"},"image":{"@id":"https:\/\/kaitekviajes.com.ar\/producto\/pinguinera-y-tour-de-la-centolla-en-4x4\/#primaryimage"},"thumbnailUrl":"https:\/\/kaitekviajes.com.ar\/wp-content\/uploads\/2023\/05\/03_cc_ap.jpg","datePublished":"2025-06-25T08:39:32+00:00","dateModified":"2026-03-20T18:28:44+00:00","breadcrumb":{"@id":"https:\/\/kaitekviajes.com.ar\/producto\/pinguinera-y-tour-de-la-centolla-en-4x4\/#breadcrumb"},"inLanguage":"en-US","potentialAction":[{"@type":"ReadAction","target":["https:\/\/kaitekviajes.com.ar\/producto\/pinguinera-y-tour-de-la-centolla-en-4x4\/"]}]},{"@type":"ImageObject","inLanguage":"en-US","@id":"https:\/\/kaitekviajes.com.ar\/producto\/pinguinera-y-tour-de-la-centolla-en-4x4\/#primaryimage","url":"https:\/\/kaitekviajes.com.ar\/wp-content\/uploads\/2023\/05\/03_cc_ap.jpg","contentUrl":"https:\/\/kaitekviajes.com.ar\/wp-content\/uploads\/2023\/05\/03_cc_ap.jpg","width":275,"height":183},{"@type":"BreadcrumbList","@id":"https:\/\/kaitekviajes.com.ar\/producto\/pinguinera-y-tour-de-la-centolla-en-4x4\/#breadcrumb","itemListElement":[{"@type":"ListItem","position":1,"name":"Portada","item":"https:\/\/kaitekviajes.com.ar\/"},{"@type":"ListItem","position":2,"name":"Tienda","item":"https:\/\/kaitekviajes.com.ar\/tienda\/"},{"@type":"ListItem","position":3,"name":"Ping\u00fcinera y Tour de la Centolla 4&#215;4"}]},{"@type":"WebSite","@id":"https:\/\/kaitekviajes.com.ar\/#website","url":"https:\/\/kaitekviajes.com.ar\/","name":"Kaitek Viajes","description":"Excursiones - Ushuaia y Tierra del Fuego, Patagonia","publisher":{"@id":"https:\/\/kaitekviajes.com.ar\/#organization"},"potentialAction":[{"@type":"SearchAction","target":{"@type":"EntryPoint","urlTemplate":"https:\/\/kaitekviajes.com.ar\/?s={search_term_string}"},"query-input":{"@type":"PropertyValueSpecification","valueRequired":true,"valueName":"search_term_string"}}],"inLanguage":"en-US"},{"@type":"Organization","@id":"https:\/\/kaitekviajes.com.ar\/#organization","name":"Kaitek Viajes","url":"https:\/\/kaitekviajes.com.ar\/","logo":{"@type":"ImageObject","inLanguage":"en-US","@id":"https:\/\/kaitekviajes.com.ar\/#\/schema\/logo\/image\/","url":"https:\/\/kaitekviajes.com.ar\/wp-content\/uploads\/2023\/04\/cropped-Logo-Kaitek-completo.png","contentUrl":"https:\/\/kaitekviajes.com.ar\/wp-content\/uploads\/2023\/04\/cropped-Logo-Kaitek-completo.png","width":1380,"height":706,"caption":"Kaitek Viajes"},"image":{"@id":"https:\/\/kaitekviajes.com.ar\/#\/schema\/logo\/image\/"}}]}},"_links":{"self":[{"href":"https:\/\/kaitekviajes.com.ar\/en\/wp-json\/wp\/v2\/product\/208","targetHints":{"allow":["GET"]}}],"collection":[{"href":"https:\/\/kaitekviajes.com.ar\/en\/wp-json\/wp\/v2\/product"}],"about":[{"href":"https:\/\/kaitekviajes.com.ar\/en\/wp-json\/wp\/v2\/types\/product"}],"replies":[{"embeddable":true,"href":"https:\/\/kaitekviajes.com.ar\/en\/wp-json\/wp\/v2\/comments?post=208"}],"wp:featuredmedia":[{"embeddable":true,"href":"https:\/\/kaitekviajes.com.ar\/en\/wp-json\/wp\/v2\/media\/2330"}],"wp:attachment":[{"href":"https:\/\/kaitekviajes.com.ar\/en\/wp-json\/wp\/v2\/media?parent=208"}],"wp:term":[{"taxonomy":"product_brand","embeddable":true,"href":"https:\/\/kaitekviajes.com.ar\/en\/wp-json\/wp\/v2\/product_brand?post=208"},{"taxonomy":"product_cat","embeddable":true,"href":"https:\/\/kaitekviajes.com.ar\/en\/wp-json\/wp\/v2\/product_cat?post=208"},{"taxonomy":"product_tag","embeddable":true,"href":"https:\/\/kaitekviajes.com.ar\/en\/wp-json\/wp\/v2\/product_tag?post=208"},{"taxonomy":"actividad","embeddable":true,"href":"https:\/\/kaitekviajes.com.ar\/en\/wp-json\/wp\/v2\/actividad?post=208"},{"taxonomy":"ciudad","embeddable":true,"href":"https:\/\/kaitekviajes.com.ar\/en\/wp-json\/wp\/v2\/ciudad?post=208"},{"taxonomy":"provincia","embeddable":true,"href":"https:\/\/kaitekviajes.com.ar\/en\/wp-json\/wp\/v2\/provincia?post=208"},{"taxonomy":"lugar","embeddable":true,"href":"https:\/\/kaitekviajes.com.ar\/en\/wp-json\/wp\/v2\/lugar?post=208"},{"taxonomy":"pais","embeddable":true,"href":"https:\/\/kaitekviajes.com.ar\/en\/wp-json\/wp\/v2\/pais?post=208"}],"curies":[{"name":"wp","href":"https:\/\/api.w.org\/{rel}","templated":true}]}}