{"id":188,"date":"2025-06-22T13:22:31","date_gmt":"2025-06-22T16:22:31","guid":{"rendered":"https:\/\/kaitekviajes.com.ar\/?post_type=product&#038;p=188"},"modified":"2026-03-22T16:20:27","modified_gmt":"2026-03-22T19:20:27","slug":"avistaje-de-castores-en-4x4-con-cena","status":"publish","type":"product","link":"https:\/\/kaitekviajes.com.ar\/en\/product\/avistaje-de-castores-en-4x4-con-cena\/","title":{"rendered":"4x4 Beaver Watching with Dinner"},"content":{"rendered":"<h1>Aventura en 4&#215;4. Avistaje de Castores con cena desde Ushuaia<\/h1>\n<div><strong>One of the best experiences you&#039;ll have during your stay in Tierra del Fuego<\/strong>, the End of the World. Immerse yourself in the wonderful world of ecosystem engineers and learn from expert instructors what they do, as well as the methods used to build dams and burrows.<\/div>","protected":false},"excerpt":{"rendered":"<p>Aventura en 4&#215;4. Avistaje de Castores con cena desde Ushuaia Una de las mejores experiencias que vas a vivir en tu estad\u00eda por Tierra del Fuego, el Fin del Mundo. Sumergite en el mundo maravilloso de los ingenieros del ecosistema, y conoc\u00e9 desde la ense\u00f1anza por parte de expertos, como es su trabajo, as\u00ed como [&hellip;]<\/p>","protected":false},"featured_media":192,"comment_status":"open","ping_status":"closed","template":"","meta":{"_joinchat":[]},"product_brand":[],"product_cat":[27],"product_tag":[],"actividad":[271,264,268],"ciudad":[59],"provincia":[238],"lugar":[240,239],"pais":[47],"class_list":{"0":"post-188","1":"product","2":"type-product","3":"status-publish","4":"has-post-thumbnail","6":"product_cat-excursiones","7":"actividad-avistaje-de-castores","8":"actividad-aventura-4x4","9":"actividad-gastronomia","10":"ciudad-ushuaia","11":"provincia-tierra-del-fuego","12":"lugar-lago-escondido","13":"lugar-lago-fagnano","14":"pais-argentina","16":"first","17":"instock","18":"sold-individually","19":"shipping-taxable","20":"purchasable","21":"product-type-booking"},"yoast_head":"<!-- This site is optimized with the Yoast SEO plugin v27.2 - https:\/\/yoast.com\/product\/yoast-seo-wordpress\/ -->\n<title>Avistaje de Castores en 4x4 con Cena - Kaitek Viajes<\/title>\n<meta name=\"description\" content=\"Aventura en 4x4. Avistaje de Castores con cena desde Ushuaia\" \/>\n<meta name=\"robots\" content=\"index, follow, max-snippet:-1, max-image-preview:large, max-video-preview:-1\" \/>\n<link rel=\"canonical\" href=\"https:\/\/kaitekviajes.com.ar\/en\/product\/avistaje-de-castores-en-4x4-con-cena\/?wmc-currency=USD\" \/>\n<meta property=\"og:locale\" content=\"en_US\" \/>\n<meta property=\"og:type\" content=\"article\" \/>\n<meta property=\"og:title\" content=\"Avistaje de Castores en 4x4 con Cena - Kaitek Viajes\" \/>\n<meta property=\"og:description\" content=\"Aventura en 4x4. Avistaje de Castores con cena desde Ushuaia\" \/>\n<meta property=\"og:url\" content=\"https:\/\/kaitekviajes.com.ar\/en\/product\/avistaje-de-castores-en-4x4-con-cena\/?wmc-currency=USD\" \/>\n<meta property=\"og:site_name\" content=\"Kaitek Viajes\" \/>\n<meta property=\"article:modified_time\" content=\"2026-03-22T19:20:27+00:00\" \/>\n<meta property=\"og:image\" content=\"https:\/\/kaitekviajes.com.ar\/wp-content\/uploads\/2023\/05\/01_avistaje_de_castores_PORTADA201.jpg\" \/>\n\t<meta property=\"og:image:width\" content=\"800\" \/>\n\t<meta property=\"og:image:height\" content=\"669\" \/>\n\t<meta property=\"og:image:type\" content=\"image\/jpeg\" \/>\n<meta name=\"twitter:card\" content=\"summary_large_image\" \/>\n<meta name=\"twitter:label1\" content=\"Est. reading time\" \/>\n\t<meta name=\"twitter:data1\" content=\"1 minute\" \/>\n<script type=\"application\/ld+json\" class=\"yoast-schema-graph\">{\"@context\":\"https:\/\/schema.org\",\"@graph\":[{\"@type\":\"WebPage\",\"@id\":\"https:\/\/kaitekviajes.com.ar\/producto\/avistaje-de-castores-en-4x4-con-cena\/\",\"url\":\"https:\/\/kaitekviajes.com.ar\/producto\/avistaje-de-castores-en-4x4-con-cena\/\",\"name\":\"Avistaje de Castores en 4x4 con Cena - Kaitek Viajes\",\"isPartOf\":{\"@id\":\"https:\/\/kaitekviajes.com.ar\/#website\"},\"primaryImageOfPage\":{\"@id\":\"https:\/\/kaitekviajes.com.ar\/producto\/avistaje-de-castores-en-4x4-con-cena\/#primaryimage\"},\"image\":{\"@id\":\"https:\/\/kaitekviajes.com.ar\/producto\/avistaje-de-castores-en-4x4-con-cena\/#primaryimage\"},\"thumbnailUrl\":\"https:\/\/kaitekviajes.com.ar\/wp-content\/uploads\/2023\/05\/01_avistaje_de_castores_PORTADA201.jpg\",\"datePublished\":\"2025-06-22T16:22:31+00:00\",\"dateModified\":\"2026-03-22T19:20:27+00:00\",\"description\":\"Aventura en 4x4. Avistaje de Castores con cena desde Ushuaia\",\"breadcrumb\":{\"@id\":\"https:\/\/kaitekviajes.com.ar\/producto\/avistaje-de-castores-en-4x4-con-cena\/#breadcrumb\"},\"inLanguage\":\"en-US\",\"potentialAction\":[{\"@type\":\"ReadAction\",\"target\":[\"https:\/\/kaitekviajes.com.ar\/producto\/avistaje-de-castores-en-4x4-con-cena\/\"]}]},{\"@type\":\"ImageObject\",\"inLanguage\":\"en-US\",\"@id\":\"https:\/\/kaitekviajes.com.ar\/producto\/avistaje-de-castores-en-4x4-con-cena\/#primaryimage\",\"url\":\"https:\/\/kaitekviajes.com.ar\/wp-content\/uploads\/2023\/05\/01_avistaje_de_castores_PORTADA201.jpg\",\"contentUrl\":\"https:\/\/kaitekviajes.com.ar\/wp-content\/uploads\/2023\/05\/01_avistaje_de_castores_PORTADA201.jpg\",\"width\":800,\"height\":669,\"caption\":\"dos castores armando una represa\"},{\"@type\":\"BreadcrumbList\",\"@id\":\"https:\/\/kaitekviajes.com.ar\/producto\/avistaje-de-castores-en-4x4-con-cena\/#breadcrumb\",\"itemListElement\":[{\"@type\":\"ListItem\",\"position\":1,\"name\":\"Portada\",\"item\":\"https:\/\/kaitekviajes.com.ar\/\"},{\"@type\":\"ListItem\",\"position\":2,\"name\":\"Tienda\",\"item\":\"https:\/\/kaitekviajes.com.ar\/tienda\/\"},{\"@type\":\"ListItem\",\"position\":3,\"name\":\"Avistaje de Castores en 4&#215;4 con Cena\"}]},{\"@type\":\"WebSite\",\"@id\":\"https:\/\/kaitekviajes.com.ar\/#website\",\"url\":\"https:\/\/kaitekviajes.com.ar\/\",\"name\":\"Kaitek Viajes\",\"description\":\"Excursiones - Ushuaia y Tierra del Fuego, Patagonia\",\"publisher\":{\"@id\":\"https:\/\/kaitekviajes.com.ar\/#organization\"},\"potentialAction\":[{\"@type\":\"SearchAction\",\"target\":{\"@type\":\"EntryPoint\",\"urlTemplate\":\"https:\/\/kaitekviajes.com.ar\/?s={search_term_string}\"},\"query-input\":{\"@type\":\"PropertyValueSpecification\",\"valueRequired\":true,\"valueName\":\"search_term_string\"}}],\"inLanguage\":\"en-US\"},{\"@type\":\"Organization\",\"@id\":\"https:\/\/kaitekviajes.com.ar\/#organization\",\"name\":\"Kaitek Viajes\",\"url\":\"https:\/\/kaitekviajes.com.ar\/\",\"logo\":{\"@type\":\"ImageObject\",\"inLanguage\":\"en-US\",\"@id\":\"https:\/\/kaitekviajes.com.ar\/#\/schema\/logo\/image\/\",\"url\":\"https:\/\/kaitekviajes.com.ar\/wp-content\/uploads\/2023\/04\/cropped-Logo-Kaitek-completo.png\",\"contentUrl\":\"https:\/\/kaitekviajes.com.ar\/wp-content\/uploads\/2023\/04\/cropped-Logo-Kaitek-completo.png\",\"width\":1380,\"height\":706,\"caption\":\"Kaitek Viajes\"},\"image\":{\"@id\":\"https:\/\/kaitekviajes.com.ar\/#\/schema\/logo\/image\/\"}}]}<\/script>\n<!-- \/ Yoast SEO plugin. -->","yoast_head_json":{"title":"Avistaje de Castores en 4x4 con Cena - Kaitek Viajes","description":"Aventura en 4x4. Avistaje de Castores con cena desde Ushuaia","robots":{"index":"index","follow":"follow","max-snippet":"max-snippet:-1","max-image-preview":"max-image-preview:large","max-video-preview":"max-video-preview:-1"},"canonical":"https:\/\/kaitekviajes.com.ar\/en\/product\/avistaje-de-castores-en-4x4-con-cena\/?wmc-currency=USD","og_locale":"en_US","og_type":"article","og_title":"Avistaje de Castores en 4x4 con Cena - Kaitek Viajes","og_description":"Aventura en 4x4. Avistaje de Castores con cena desde Ushuaia","og_url":"https:\/\/kaitekviajes.com.ar\/en\/product\/avistaje-de-castores-en-4x4-con-cena\/?wmc-currency=USD","og_site_name":"Kaitek Viajes","article_modified_time":"2026-03-22T19:20:27+00:00","og_image":[{"width":800,"height":669,"url":"https:\/\/kaitekviajes.com.ar\/wp-content\/uploads\/2023\/05\/01_avistaje_de_castores_PORTADA201.jpg","type":"image\/jpeg"}],"twitter_card":"summary_large_image","twitter_misc":{"Est. reading time":"1 minute"},"schema":{"@context":"https:\/\/schema.org","@graph":[{"@type":"WebPage","@id":"https:\/\/kaitekviajes.com.ar\/producto\/avistaje-de-castores-en-4x4-con-cena\/","url":"https:\/\/kaitekviajes.com.ar\/producto\/avistaje-de-castores-en-4x4-con-cena\/","name":"Avistaje de Castores en 4x4 con Cena - Kaitek Viajes","isPartOf":{"@id":"https:\/\/kaitekviajes.com.ar\/#website"},"primaryImageOfPage":{"@id":"https:\/\/kaitekviajes.com.ar\/producto\/avistaje-de-castores-en-4x4-con-cena\/#primaryimage"},"image":{"@id":"https:\/\/kaitekviajes.com.ar\/producto\/avistaje-de-castores-en-4x4-con-cena\/#primaryimage"},"thumbnailUrl":"https:\/\/kaitekviajes.com.ar\/wp-content\/uploads\/2023\/05\/01_avistaje_de_castores_PORTADA201.jpg","datePublished":"2025-06-22T16:22:31+00:00","dateModified":"2026-03-22T19:20:27+00:00","description":"Aventura en 4x4. Avistaje de Castores con cena desde Ushuaia","breadcrumb":{"@id":"https:\/\/kaitekviajes.com.ar\/producto\/avistaje-de-castores-en-4x4-con-cena\/#breadcrumb"},"inLanguage":"en-US","potentialAction":[{"@type":"ReadAction","target":["https:\/\/kaitekviajes.com.ar\/producto\/avistaje-de-castores-en-4x4-con-cena\/"]}]},{"@type":"ImageObject","inLanguage":"en-US","@id":"https:\/\/kaitekviajes.com.ar\/producto\/avistaje-de-castores-en-4x4-con-cena\/#primaryimage","url":"https:\/\/kaitekviajes.com.ar\/wp-content\/uploads\/2023\/05\/01_avistaje_de_castores_PORTADA201.jpg","contentUrl":"https:\/\/kaitekviajes.com.ar\/wp-content\/uploads\/2023\/05\/01_avistaje_de_castores_PORTADA201.jpg","width":800,"height":669,"caption":"dos castores armando una represa"},{"@type":"BreadcrumbList","@id":"https:\/\/kaitekviajes.com.ar\/producto\/avistaje-de-castores-en-4x4-con-cena\/#breadcrumb","itemListElement":[{"@type":"ListItem","position":1,"name":"Portada","item":"https:\/\/kaitekviajes.com.ar\/"},{"@type":"ListItem","position":2,"name":"Tienda","item":"https:\/\/kaitekviajes.com.ar\/tienda\/"},{"@type":"ListItem","position":3,"name":"Avistaje de Castores en 4&#215;4 con Cena"}]},{"@type":"WebSite","@id":"https:\/\/kaitekviajes.com.ar\/#website","url":"https:\/\/kaitekviajes.com.ar\/","name":"Kaitek Viajes","description":"Excursiones - Ushuaia y Tierra del Fuego, Patagonia","publisher":{"@id":"https:\/\/kaitekviajes.com.ar\/#organization"},"potentialAction":[{"@type":"SearchAction","target":{"@type":"EntryPoint","urlTemplate":"https:\/\/kaitekviajes.com.ar\/?s={search_term_string}"},"query-input":{"@type":"PropertyValueSpecification","valueRequired":true,"valueName":"search_term_string"}}],"inLanguage":"en-US"},{"@type":"Organization","@id":"https:\/\/kaitekviajes.com.ar\/#organization","name":"Kaitek Viajes","url":"https:\/\/kaitekviajes.com.ar\/","logo":{"@type":"ImageObject","inLanguage":"en-US","@id":"https:\/\/kaitekviajes.com.ar\/#\/schema\/logo\/image\/","url":"https:\/\/kaitekviajes.com.ar\/wp-content\/uploads\/2023\/04\/cropped-Logo-Kaitek-completo.png","contentUrl":"https:\/\/kaitekviajes.com.ar\/wp-content\/uploads\/2023\/04\/cropped-Logo-Kaitek-completo.png","width":1380,"height":706,"caption":"Kaitek Viajes"},"image":{"@id":"https:\/\/kaitekviajes.com.ar\/#\/schema\/logo\/image\/"}}]}},"_links":{"self":[{"href":"https:\/\/kaitekviajes.com.ar\/en\/wp-json\/wp\/v2\/product\/188","targetHints":{"allow":["GET"]}}],"collection":[{"href":"https:\/\/kaitekviajes.com.ar\/en\/wp-json\/wp\/v2\/product"}],"about":[{"href":"https:\/\/kaitekviajes.com.ar\/en\/wp-json\/wp\/v2\/types\/product"}],"replies":[{"embeddable":true,"href":"https:\/\/kaitekviajes.com.ar\/en\/wp-json\/wp\/v2\/comments?post=188"}],"wp:featuredmedia":[{"embeddable":true,"href":"https:\/\/kaitekviajes.com.ar\/en\/wp-json\/wp\/v2\/media\/192"}],"wp:attachment":[{"href":"https:\/\/kaitekviajes.com.ar\/en\/wp-json\/wp\/v2\/media?parent=188"}],"wp:term":[{"taxonomy":"product_brand","embeddable":true,"href":"https:\/\/kaitekviajes.com.ar\/en\/wp-json\/wp\/v2\/product_brand?post=188"},{"taxonomy":"product_cat","embeddable":true,"href":"https:\/\/kaitekviajes.com.ar\/en\/wp-json\/wp\/v2\/product_cat?post=188"},{"taxonomy":"product_tag","embeddable":true,"href":"https:\/\/kaitekviajes.com.ar\/en\/wp-json\/wp\/v2\/product_tag?post=188"},{"taxonomy":"actividad","embeddable":true,"href":"https:\/\/kaitekviajes.com.ar\/en\/wp-json\/wp\/v2\/actividad?post=188"},{"taxonomy":"ciudad","embeddable":true,"href":"https:\/\/kaitekviajes.com.ar\/en\/wp-json\/wp\/v2\/ciudad?post=188"},{"taxonomy":"provincia","embeddable":true,"href":"https:\/\/kaitekviajes.com.ar\/en\/wp-json\/wp\/v2\/provincia?post=188"},{"taxonomy":"lugar","embeddable":true,"href":"https:\/\/kaitekviajes.com.ar\/en\/wp-json\/wp\/v2\/lugar?post=188"},{"taxonomy":"pais","embeddable":true,"href":"https:\/\/kaitekviajes.com.ar\/en\/wp-json\/wp\/v2\/pais?post=188"}],"curies":[{"name":"wp","href":"https:\/\/api.w.org\/{rel}","templated":true}]}}