{"id":177,"date":"2025-06-21T12:01:20","date_gmt":"2025-06-21T15:01:20","guid":{"rendered":"https:\/\/kaitekviajes.com.ar\/?post_type=product&#038;p=177"},"modified":"2026-03-22T16:22:06","modified_gmt":"2026-03-22T19:22:06","slug":"trekking-a-laguna-esmeralda","status":"publish","type":"product","link":"https:\/\/kaitekviajes.com.ar\/en\/product\/trekking-a-laguna-esmeralda\/","title":{"rendered":"Trekking to Laguna Esmeralda"},"content":{"rendered":"<h1><strong>Laguna Esmeralda with our expert mountain guides from Ushuaia<\/strong><\/h1>\n<div><strong>Emerald Lagoon<\/strong>\u00a0It is a glacial body that collects meltwater from the Albino Glacier. It is located at 450 meters above sea level, within an ancient lenga forest, and surrounded by sharply silhouetted mountains, some with hanging glaciers that visitors can admire from a privileged vantage point.<\/div>","protected":false},"excerpt":{"rendered":"<p>Laguna Esmeralda con nuestros expertos Gu\u00edas de Monta\u00f1a desde Ushuaia Laguna Esmeralda\u00a0es un cuerpo de origen glaciar, que recoge las aguas de deshielo del Glaciar Albino. Se encuentra ubicada a los 450 msnm, dentro de un a\u00f1ejo bosque de lengas, y rodeada de monta\u00f1as de silueta afilada, algunas con glaciares colgantes que pueden ser admiradas [&hellip;]<\/p>","protected":false},"featured_media":2320,"comment_status":"open","ping_status":"closed","template":"","meta":{"_joinchat":[]},"product_brand":[],"product_cat":[27],"product_tag":[],"actividad":[260],"ciudad":[59],"provincia":[238],"lugar":[247],"pais":[47],"class_list":{"0":"post-177","1":"product","2":"type-product","3":"status-publish","4":"has-post-thumbnail","6":"product_cat-excursiones","7":"actividad-trekking","8":"ciudad-ushuaia","9":"provincia-tierra-del-fuego","10":"lugar-laguna-esmeralda","11":"pais-argentina","13":"first","14":"instock","15":"sold-individually","16":"shipping-taxable","17":"purchasable","18":"product-type-booking"},"yoast_head":"<!-- This site is optimized with the Yoast SEO plugin v27.2 - https:\/\/yoast.com\/product\/yoast-seo-wordpress\/ -->\n<title>Trekking a Laguna Esmeralda - Kaitek Viajes<\/title>\n<meta name=\"description\" content=\"Laguna Esmeralda con nuestros expertos Gu\u00edas de Monta\u00f1a desde Ushuaia. Se encuentra ubicada a los 450 msnm, dentro de un a\u00f1ejo bosque de lengas. Disfrutalo!\" \/>\n<meta name=\"robots\" content=\"index, follow, max-snippet:-1, max-image-preview:large, max-video-preview:-1\" \/>\n<link rel=\"canonical\" href=\"https:\/\/kaitekviajes.com.ar\/en\/product\/trekking-a-laguna-esmeralda\/?wmc-currency=USD\" \/>\n<meta property=\"og:locale\" content=\"en_US\" \/>\n<meta property=\"og:type\" content=\"article\" \/>\n<meta property=\"og:title\" content=\"Trekking a Laguna Esmeralda - Kaitek Viajes\" \/>\n<meta property=\"og:description\" content=\"Laguna Esmeralda con nuestros expertos Gu\u00edas de Monta\u00f1a desde Ushuaia. Se encuentra ubicada a los 450 msnm, dentro de un a\u00f1ejo bosque de lengas. Disfrutalo!\" \/>\n<meta property=\"og:url\" content=\"https:\/\/kaitekviajes.com.ar\/en\/product\/trekking-a-laguna-esmeralda\/?wmc-currency=USD\" \/>\n<meta property=\"og:site_name\" content=\"Kaitek Viajes\" \/>\n<meta property=\"article:modified_time\" content=\"2026-03-22T19:22:06+00:00\" \/>\n<meta property=\"og:image\" content=\"https:\/\/kaitekviajes.com.ar\/wp-content\/uploads\/2023\/05\/00_laguna_esmeralda-1.png\" \/>\n\t<meta property=\"og:image:width\" content=\"800\" \/>\n\t<meta property=\"og:image:height\" content=\"520\" \/>\n\t<meta property=\"og:image:type\" content=\"image\/png\" \/>\n<meta name=\"twitter:card\" content=\"summary_large_image\" \/>\n<meta name=\"twitter:label1\" content=\"Est. reading time\" \/>\n\t<meta name=\"twitter:data1\" content=\"1 minute\" \/>\n<script type=\"application\/ld+json\" class=\"yoast-schema-graph\">{\"@context\":\"https:\/\/schema.org\",\"@graph\":[{\"@type\":\"WebPage\",\"@id\":\"https:\/\/kaitekviajes.com.ar\/producto\/trekking-a-laguna-esmeralda\/\",\"url\":\"https:\/\/kaitekviajes.com.ar\/producto\/trekking-a-laguna-esmeralda\/\",\"name\":\"Trekking a Laguna Esmeralda - Kaitek Viajes\",\"isPartOf\":{\"@id\":\"https:\/\/kaitekviajes.com.ar\/#website\"},\"primaryImageOfPage\":{\"@id\":\"https:\/\/kaitekviajes.com.ar\/producto\/trekking-a-laguna-esmeralda\/#primaryimage\"},\"image\":{\"@id\":\"https:\/\/kaitekviajes.com.ar\/producto\/trekking-a-laguna-esmeralda\/#primaryimage\"},\"thumbnailUrl\":\"https:\/\/kaitekviajes.com.ar\/wp-content\/uploads\/2023\/05\/00_laguna_esmeralda-1.png\",\"datePublished\":\"2025-06-21T15:01:20+00:00\",\"dateModified\":\"2026-03-22T19:22:06+00:00\",\"description\":\"Laguna Esmeralda con nuestros expertos Gu\u00edas de Monta\u00f1a desde Ushuaia. Se encuentra ubicada a los 450 msnm, dentro de un a\u00f1ejo bosque de lengas. Disfrutalo!\",\"breadcrumb\":{\"@id\":\"https:\/\/kaitekviajes.com.ar\/producto\/trekking-a-laguna-esmeralda\/#breadcrumb\"},\"inLanguage\":\"en-US\",\"potentialAction\":[{\"@type\":\"ReadAction\",\"target\":[\"https:\/\/kaitekviajes.com.ar\/producto\/trekking-a-laguna-esmeralda\/\"]}]},{\"@type\":\"ImageObject\",\"inLanguage\":\"en-US\",\"@id\":\"https:\/\/kaitekviajes.com.ar\/producto\/trekking-a-laguna-esmeralda\/#primaryimage\",\"url\":\"https:\/\/kaitekviajes.com.ar\/wp-content\/uploads\/2023\/05\/00_laguna_esmeralda-1.png\",\"contentUrl\":\"https:\/\/kaitekviajes.com.ar\/wp-content\/uploads\/2023\/05\/00_laguna_esmeralda-1.png\",\"width\":800,\"height\":520},{\"@type\":\"BreadcrumbList\",\"@id\":\"https:\/\/kaitekviajes.com.ar\/producto\/trekking-a-laguna-esmeralda\/#breadcrumb\",\"itemListElement\":[{\"@type\":\"ListItem\",\"position\":1,\"name\":\"Portada\",\"item\":\"https:\/\/kaitekviajes.com.ar\/\"},{\"@type\":\"ListItem\",\"position\":2,\"name\":\"Tienda\",\"item\":\"https:\/\/kaitekviajes.com.ar\/tienda\/\"},{\"@type\":\"ListItem\",\"position\":3,\"name\":\"Trekking a Laguna Esmeralda\"}]},{\"@type\":\"WebSite\",\"@id\":\"https:\/\/kaitekviajes.com.ar\/#website\",\"url\":\"https:\/\/kaitekviajes.com.ar\/\",\"name\":\"Kaitek Viajes\",\"description\":\"Excursiones - Ushuaia y Tierra del Fuego, Patagonia\",\"publisher\":{\"@id\":\"https:\/\/kaitekviajes.com.ar\/#organization\"},\"potentialAction\":[{\"@type\":\"SearchAction\",\"target\":{\"@type\":\"EntryPoint\",\"urlTemplate\":\"https:\/\/kaitekviajes.com.ar\/?s={search_term_string}\"},\"query-input\":{\"@type\":\"PropertyValueSpecification\",\"valueRequired\":true,\"valueName\":\"search_term_string\"}}],\"inLanguage\":\"en-US\"},{\"@type\":\"Organization\",\"@id\":\"https:\/\/kaitekviajes.com.ar\/#organization\",\"name\":\"Kaitek Viajes\",\"url\":\"https:\/\/kaitekviajes.com.ar\/\",\"logo\":{\"@type\":\"ImageObject\",\"inLanguage\":\"en-US\",\"@id\":\"https:\/\/kaitekviajes.com.ar\/#\/schema\/logo\/image\/\",\"url\":\"https:\/\/kaitekviajes.com.ar\/wp-content\/uploads\/2023\/04\/cropped-Logo-Kaitek-completo.png\",\"contentUrl\":\"https:\/\/kaitekviajes.com.ar\/wp-content\/uploads\/2023\/04\/cropped-Logo-Kaitek-completo.png\",\"width\":1380,\"height\":706,\"caption\":\"Kaitek Viajes\"},\"image\":{\"@id\":\"https:\/\/kaitekviajes.com.ar\/#\/schema\/logo\/image\/\"}}]}<\/script>\n<!-- \/ Yoast SEO plugin. -->","yoast_head_json":{"title":"Trekking a Laguna Esmeralda - Kaitek Viajes","description":"Laguna Esmeralda con nuestros expertos Gu\u00edas de Monta\u00f1a desde Ushuaia. Se encuentra ubicada a los 450 msnm, dentro de un a\u00f1ejo bosque de lengas. Disfrutalo!","robots":{"index":"index","follow":"follow","max-snippet":"max-snippet:-1","max-image-preview":"max-image-preview:large","max-video-preview":"max-video-preview:-1"},"canonical":"https:\/\/kaitekviajes.com.ar\/en\/product\/trekking-a-laguna-esmeralda\/?wmc-currency=USD","og_locale":"en_US","og_type":"article","og_title":"Trekking a Laguna Esmeralda - Kaitek Viajes","og_description":"Laguna Esmeralda con nuestros expertos Gu\u00edas de Monta\u00f1a desde Ushuaia. Se encuentra ubicada a los 450 msnm, dentro de un a\u00f1ejo bosque de lengas. Disfrutalo!","og_url":"https:\/\/kaitekviajes.com.ar\/en\/product\/trekking-a-laguna-esmeralda\/?wmc-currency=USD","og_site_name":"Kaitek Viajes","article_modified_time":"2026-03-22T19:22:06+00:00","og_image":[{"width":800,"height":520,"url":"https:\/\/kaitekviajes.com.ar\/wp-content\/uploads\/2023\/05\/00_laguna_esmeralda-1.png","type":"image\/png"}],"twitter_card":"summary_large_image","twitter_misc":{"Est. reading time":"1 minute"},"schema":{"@context":"https:\/\/schema.org","@graph":[{"@type":"WebPage","@id":"https:\/\/kaitekviajes.com.ar\/producto\/trekking-a-laguna-esmeralda\/","url":"https:\/\/kaitekviajes.com.ar\/producto\/trekking-a-laguna-esmeralda\/","name":"Trekking a Laguna Esmeralda - Kaitek Viajes","isPartOf":{"@id":"https:\/\/kaitekviajes.com.ar\/#website"},"primaryImageOfPage":{"@id":"https:\/\/kaitekviajes.com.ar\/producto\/trekking-a-laguna-esmeralda\/#primaryimage"},"image":{"@id":"https:\/\/kaitekviajes.com.ar\/producto\/trekking-a-laguna-esmeralda\/#primaryimage"},"thumbnailUrl":"https:\/\/kaitekviajes.com.ar\/wp-content\/uploads\/2023\/05\/00_laguna_esmeralda-1.png","datePublished":"2025-06-21T15:01:20+00:00","dateModified":"2026-03-22T19:22:06+00:00","description":"Laguna Esmeralda con nuestros expertos Gu\u00edas de Monta\u00f1a desde Ushuaia. Se encuentra ubicada a los 450 msnm, dentro de un a\u00f1ejo bosque de lengas. Disfrutalo!","breadcrumb":{"@id":"https:\/\/kaitekviajes.com.ar\/producto\/trekking-a-laguna-esmeralda\/#breadcrumb"},"inLanguage":"en-US","potentialAction":[{"@type":"ReadAction","target":["https:\/\/kaitekviajes.com.ar\/producto\/trekking-a-laguna-esmeralda\/"]}]},{"@type":"ImageObject","inLanguage":"en-US","@id":"https:\/\/kaitekviajes.com.ar\/producto\/trekking-a-laguna-esmeralda\/#primaryimage","url":"https:\/\/kaitekviajes.com.ar\/wp-content\/uploads\/2023\/05\/00_laguna_esmeralda-1.png","contentUrl":"https:\/\/kaitekviajes.com.ar\/wp-content\/uploads\/2023\/05\/00_laguna_esmeralda-1.png","width":800,"height":520},{"@type":"BreadcrumbList","@id":"https:\/\/kaitekviajes.com.ar\/producto\/trekking-a-laguna-esmeralda\/#breadcrumb","itemListElement":[{"@type":"ListItem","position":1,"name":"Portada","item":"https:\/\/kaitekviajes.com.ar\/"},{"@type":"ListItem","position":2,"name":"Tienda","item":"https:\/\/kaitekviajes.com.ar\/tienda\/"},{"@type":"ListItem","position":3,"name":"Trekking a Laguna Esmeralda"}]},{"@type":"WebSite","@id":"https:\/\/kaitekviajes.com.ar\/#website","url":"https:\/\/kaitekviajes.com.ar\/","name":"Kaitek Viajes","description":"Excursiones - Ushuaia y Tierra del Fuego, Patagonia","publisher":{"@id":"https:\/\/kaitekviajes.com.ar\/#organization"},"potentialAction":[{"@type":"SearchAction","target":{"@type":"EntryPoint","urlTemplate":"https:\/\/kaitekviajes.com.ar\/?s={search_term_string}"},"query-input":{"@type":"PropertyValueSpecification","valueRequired":true,"valueName":"search_term_string"}}],"inLanguage":"en-US"},{"@type":"Organization","@id":"https:\/\/kaitekviajes.com.ar\/#organization","name":"Kaitek Viajes","url":"https:\/\/kaitekviajes.com.ar\/","logo":{"@type":"ImageObject","inLanguage":"en-US","@id":"https:\/\/kaitekviajes.com.ar\/#\/schema\/logo\/image\/","url":"https:\/\/kaitekviajes.com.ar\/wp-content\/uploads\/2023\/04\/cropped-Logo-Kaitek-completo.png","contentUrl":"https:\/\/kaitekviajes.com.ar\/wp-content\/uploads\/2023\/04\/cropped-Logo-Kaitek-completo.png","width":1380,"height":706,"caption":"Kaitek Viajes"},"image":{"@id":"https:\/\/kaitekviajes.com.ar\/#\/schema\/logo\/image\/"}}]}},"_links":{"self":[{"href":"https:\/\/kaitekviajes.com.ar\/en\/wp-json\/wp\/v2\/product\/177","targetHints":{"allow":["GET"]}}],"collection":[{"href":"https:\/\/kaitekviajes.com.ar\/en\/wp-json\/wp\/v2\/product"}],"about":[{"href":"https:\/\/kaitekviajes.com.ar\/en\/wp-json\/wp\/v2\/types\/product"}],"replies":[{"embeddable":true,"href":"https:\/\/kaitekviajes.com.ar\/en\/wp-json\/wp\/v2\/comments?post=177"}],"wp:featuredmedia":[{"embeddable":true,"href":"https:\/\/kaitekviajes.com.ar\/en\/wp-json\/wp\/v2\/media\/2320"}],"wp:attachment":[{"href":"https:\/\/kaitekviajes.com.ar\/en\/wp-json\/wp\/v2\/media?parent=177"}],"wp:term":[{"taxonomy":"product_brand","embeddable":true,"href":"https:\/\/kaitekviajes.com.ar\/en\/wp-json\/wp\/v2\/product_brand?post=177"},{"taxonomy":"product_cat","embeddable":true,"href":"https:\/\/kaitekviajes.com.ar\/en\/wp-json\/wp\/v2\/product_cat?post=177"},{"taxonomy":"product_tag","embeddable":true,"href":"https:\/\/kaitekviajes.com.ar\/en\/wp-json\/wp\/v2\/product_tag?post=177"},{"taxonomy":"actividad","embeddable":true,"href":"https:\/\/kaitekviajes.com.ar\/en\/wp-json\/wp\/v2\/actividad?post=177"},{"taxonomy":"ciudad","embeddable":true,"href":"https:\/\/kaitekviajes.com.ar\/en\/wp-json\/wp\/v2\/ciudad?post=177"},{"taxonomy":"provincia","embeddable":true,"href":"https:\/\/kaitekviajes.com.ar\/en\/wp-json\/wp\/v2\/provincia?post=177"},{"taxonomy":"lugar","embeddable":true,"href":"https:\/\/kaitekviajes.com.ar\/en\/wp-json\/wp\/v2\/lugar?post=177"},{"taxonomy":"pais","embeddable":true,"href":"https:\/\/kaitekviajes.com.ar\/en\/wp-json\/wp\/v2\/pais?post=177"}],"curies":[{"name":"wp","href":"https:\/\/api.w.org\/{rel}","templated":true}]}}