{"id":14305,"date":"2025-06-05T09:02:34","date_gmt":"2025-06-05T12:02:34","guid":{"rendered":"https:\/\/kaitekviajes.com.ar\/?post_type=product&#038;p=14305"},"modified":"2026-03-20T07:18:20","modified_gmt":"2026-03-20T10:18:20","slug":"minitrekking-al-glaciar-perito-moreno","status":"publish","type":"product","link":"https:\/\/kaitekviajes.com.ar\/en\/product\/minitrekking-al-glaciar-perito-moreno\/","title":{"rendered":"Minitrekking to the Perito Moreno Glacier"},"content":{"rendered":"<h1>Treat yourself to a hike on the most beautiful glacier on the planet and experience the most authentic adventure of your life!<\/h1>\n<p>The Perito Moreno Glacier Mini Trek is an experience designed for adventurers seeking something unique and authentic. During the experience, you&#039;ll experience more than just thrills, sharing a trek with a team filled with adrenaline and excitement.<\/p>","protected":false},"excerpt":{"rendered":"<p>Date el gusto de caminar sobre el glaciar m\u00e1s bonito del planeta y viv\u00ed la aventura m\u00e1s aut\u00e9ntica de tu vida! El Minitrekking al Glaciar Perito Moreno es una experiencia ideada para aquellos aventureros que buscan lo distinto, lo aut\u00e9ntico. Durante la experiencia vas a poder vivir momentos m\u00e1s que atractivos, compartir en equipo un [&hellip;]<\/p>","protected":false},"featured_media":14308,"comment_status":"open","ping_status":"closed","template":"","meta":{"_joinchat":[]},"product_brand":[],"product_cat":[27],"product_tag":[],"actividad":[260],"ciudad":[259],"provincia":[237],"lugar":[256],"pais":[47],"class_list":{"0":"post-14305","1":"product","2":"type-product","3":"status-publish","4":"has-post-thumbnail","6":"product_cat-excursiones","7":"actividad-trekking","8":"ciudad-el-calafate","9":"provincia-santa-cruz","10":"lugar-glaciar-perito-moreno","11":"pais-argentina","13":"first","14":"instock","15":"sold-individually","16":"shipping-taxable","17":"purchasable","18":"product-type-booking"},"yoast_head":"<!-- This site is optimized with the Yoast SEO plugin v27.2 - https:\/\/yoast.com\/product\/yoast-seo-wordpress\/ -->\n<title>Minitrekking al Glaciar Perito Moreno - Kaitek Viajes<\/title>\n<meta name=\"description\" content=\"Date el gusto de caminar sobre el glaciar m\u00e1s bonito del planeta y viv\u00ed la aventura m\u00e1s aut\u00e9ntica de tu vida!\" \/>\n<meta name=\"robots\" content=\"index, follow, max-snippet:-1, max-image-preview:large, max-video-preview:-1\" \/>\n<link rel=\"canonical\" href=\"https:\/\/kaitekviajes.com.ar\/en\/product\/minitrekking-al-glaciar-perito-moreno\/?wmc-currency=USD\" \/>\n<meta property=\"og:locale\" content=\"en_US\" \/>\n<meta property=\"og:type\" content=\"article\" \/>\n<meta property=\"og:title\" content=\"Minitrekking al Glaciar Perito Moreno - Kaitek Viajes\" \/>\n<meta property=\"og:description\" content=\"Date el gusto de caminar sobre el glaciar m\u00e1s bonito del planeta y viv\u00ed la aventura m\u00e1s aut\u00e9ntica de tu vida!\" \/>\n<meta property=\"og:url\" content=\"https:\/\/kaitekviajes.com.ar\/en\/product\/minitrekking-al-glaciar-perito-moreno\/?wmc-currency=USD\" \/>\n<meta property=\"og:site_name\" content=\"Kaitek Viajes\" \/>\n<meta property=\"article:modified_time\" content=\"2026-03-20T10:18:20+00:00\" \/>\n<meta property=\"og:image\" content=\"https:\/\/kaitekviajes.com.ar\/wp-content\/uploads\/2025\/06\/heather_minitrekking_perito_moreno_3.png\" \/>\n\t<meta property=\"og:image:width\" content=\"600\" \/>\n\t<meta property=\"og:image:height\" content=\"315\" \/>\n\t<meta property=\"og:image:type\" content=\"image\/png\" \/>\n<meta name=\"twitter:card\" content=\"summary_large_image\" \/>\n<meta name=\"twitter:label1\" content=\"Est. reading time\" \/>\n\t<meta name=\"twitter:data1\" content=\"1 minute\" \/>\n<script type=\"application\/ld+json\" class=\"yoast-schema-graph\">{\"@context\":\"https:\/\/schema.org\",\"@graph\":[{\"@type\":\"WebPage\",\"@id\":\"https:\/\/kaitekviajes.com.ar\/producto\/minitrekking-al-glaciar-perito-moreno\/\",\"url\":\"https:\/\/kaitekviajes.com.ar\/producto\/minitrekking-al-glaciar-perito-moreno\/\",\"name\":\"Minitrekking al Glaciar Perito Moreno - Kaitek Viajes\",\"isPartOf\":{\"@id\":\"https:\/\/kaitekviajes.com.ar\/#website\"},\"primaryImageOfPage\":{\"@id\":\"https:\/\/kaitekviajes.com.ar\/producto\/minitrekking-al-glaciar-perito-moreno\/#primaryimage\"},\"image\":{\"@id\":\"https:\/\/kaitekviajes.com.ar\/producto\/minitrekking-al-glaciar-perito-moreno\/#primaryimage\"},\"thumbnailUrl\":\"https:\/\/kaitekviajes.com.ar\/wp-content\/uploads\/2025\/06\/heather_minitrekking_perito_moreno_3.png\",\"datePublished\":\"2025-06-05T12:02:34+00:00\",\"dateModified\":\"2026-03-20T10:18:20+00:00\",\"description\":\"Date el gusto de caminar sobre el glaciar m\u00e1s bonito del planeta y viv\u00ed la aventura m\u00e1s aut\u00e9ntica de tu vida!\",\"breadcrumb\":{\"@id\":\"https:\/\/kaitekviajes.com.ar\/producto\/minitrekking-al-glaciar-perito-moreno\/#breadcrumb\"},\"inLanguage\":\"en-US\",\"potentialAction\":[{\"@type\":\"ReadAction\",\"target\":[\"https:\/\/kaitekviajes.com.ar\/producto\/minitrekking-al-glaciar-perito-moreno\/\"]}]},{\"@type\":\"ImageObject\",\"inLanguage\":\"en-US\",\"@id\":\"https:\/\/kaitekviajes.com.ar\/producto\/minitrekking-al-glaciar-perito-moreno\/#primaryimage\",\"url\":\"https:\/\/kaitekviajes.com.ar\/wp-content\/uploads\/2025\/06\/heather_minitrekking_perito_moreno_3.png\",\"contentUrl\":\"https:\/\/kaitekviajes.com.ar\/wp-content\/uploads\/2025\/06\/heather_minitrekking_perito_moreno_3.png\",\"width\":600,\"height\":315},{\"@type\":\"BreadcrumbList\",\"@id\":\"https:\/\/kaitekviajes.com.ar\/producto\/minitrekking-al-glaciar-perito-moreno\/#breadcrumb\",\"itemListElement\":[{\"@type\":\"ListItem\",\"position\":1,\"name\":\"Portada\",\"item\":\"https:\/\/kaitekviajes.com.ar\/\"},{\"@type\":\"ListItem\",\"position\":2,\"name\":\"Tienda\",\"item\":\"https:\/\/kaitekviajes.com.ar\/tienda\/\"},{\"@type\":\"ListItem\",\"position\":3,\"name\":\"Minitrekking al Glaciar Perito Moreno\"}]},{\"@type\":\"WebSite\",\"@id\":\"https:\/\/kaitekviajes.com.ar\/#website\",\"url\":\"https:\/\/kaitekviajes.com.ar\/\",\"name\":\"Kaitek Viajes\",\"description\":\"Excursiones - Ushuaia y Tierra del Fuego, Patagonia\",\"publisher\":{\"@id\":\"https:\/\/kaitekviajes.com.ar\/#organization\"},\"potentialAction\":[{\"@type\":\"SearchAction\",\"target\":{\"@type\":\"EntryPoint\",\"urlTemplate\":\"https:\/\/kaitekviajes.com.ar\/?s={search_term_string}\"},\"query-input\":{\"@type\":\"PropertyValueSpecification\",\"valueRequired\":true,\"valueName\":\"search_term_string\"}}],\"inLanguage\":\"en-US\"},{\"@type\":\"Organization\",\"@id\":\"https:\/\/kaitekviajes.com.ar\/#organization\",\"name\":\"Kaitek Viajes\",\"url\":\"https:\/\/kaitekviajes.com.ar\/\",\"logo\":{\"@type\":\"ImageObject\",\"inLanguage\":\"en-US\",\"@id\":\"https:\/\/kaitekviajes.com.ar\/#\/schema\/logo\/image\/\",\"url\":\"https:\/\/kaitekviajes.com.ar\/wp-content\/uploads\/2023\/04\/cropped-Logo-Kaitek-completo.png\",\"contentUrl\":\"https:\/\/kaitekviajes.com.ar\/wp-content\/uploads\/2023\/04\/cropped-Logo-Kaitek-completo.png\",\"width\":1380,\"height\":706,\"caption\":\"Kaitek Viajes\"},\"image\":{\"@id\":\"https:\/\/kaitekviajes.com.ar\/#\/schema\/logo\/image\/\"}}]}<\/script>\n<!-- \/ Yoast SEO plugin. -->","yoast_head_json":{"title":"Minitrekking al Glaciar Perito Moreno - Kaitek Viajes","description":"Date el gusto de caminar sobre el glaciar m\u00e1s bonito del planeta y viv\u00ed la aventura m\u00e1s aut\u00e9ntica de tu vida!","robots":{"index":"index","follow":"follow","max-snippet":"max-snippet:-1","max-image-preview":"max-image-preview:large","max-video-preview":"max-video-preview:-1"},"canonical":"https:\/\/kaitekviajes.com.ar\/en\/product\/minitrekking-al-glaciar-perito-moreno\/?wmc-currency=USD","og_locale":"en_US","og_type":"article","og_title":"Minitrekking al Glaciar Perito Moreno - Kaitek Viajes","og_description":"Date el gusto de caminar sobre el glaciar m\u00e1s bonito del planeta y viv\u00ed la aventura m\u00e1s aut\u00e9ntica de tu vida!","og_url":"https:\/\/kaitekviajes.com.ar\/en\/product\/minitrekking-al-glaciar-perito-moreno\/?wmc-currency=USD","og_site_name":"Kaitek Viajes","article_modified_time":"2026-03-20T10:18:20+00:00","og_image":[{"width":600,"height":315,"url":"https:\/\/kaitekviajes.com.ar\/wp-content\/uploads\/2025\/06\/heather_minitrekking_perito_moreno_3.png","type":"image\/png"}],"twitter_card":"summary_large_image","twitter_misc":{"Est. reading time":"1 minute"},"schema":{"@context":"https:\/\/schema.org","@graph":[{"@type":"WebPage","@id":"https:\/\/kaitekviajes.com.ar\/producto\/minitrekking-al-glaciar-perito-moreno\/","url":"https:\/\/kaitekviajes.com.ar\/producto\/minitrekking-al-glaciar-perito-moreno\/","name":"Minitrekking al Glaciar Perito Moreno - Kaitek Viajes","isPartOf":{"@id":"https:\/\/kaitekviajes.com.ar\/#website"},"primaryImageOfPage":{"@id":"https:\/\/kaitekviajes.com.ar\/producto\/minitrekking-al-glaciar-perito-moreno\/#primaryimage"},"image":{"@id":"https:\/\/kaitekviajes.com.ar\/producto\/minitrekking-al-glaciar-perito-moreno\/#primaryimage"},"thumbnailUrl":"https:\/\/kaitekviajes.com.ar\/wp-content\/uploads\/2025\/06\/heather_minitrekking_perito_moreno_3.png","datePublished":"2025-06-05T12:02:34+00:00","dateModified":"2026-03-20T10:18:20+00:00","description":"Date el gusto de caminar sobre el glaciar m\u00e1s bonito del planeta y viv\u00ed la aventura m\u00e1s aut\u00e9ntica de tu vida!","breadcrumb":{"@id":"https:\/\/kaitekviajes.com.ar\/producto\/minitrekking-al-glaciar-perito-moreno\/#breadcrumb"},"inLanguage":"en-US","potentialAction":[{"@type":"ReadAction","target":["https:\/\/kaitekviajes.com.ar\/producto\/minitrekking-al-glaciar-perito-moreno\/"]}]},{"@type":"ImageObject","inLanguage":"en-US","@id":"https:\/\/kaitekviajes.com.ar\/producto\/minitrekking-al-glaciar-perito-moreno\/#primaryimage","url":"https:\/\/kaitekviajes.com.ar\/wp-content\/uploads\/2025\/06\/heather_minitrekking_perito_moreno_3.png","contentUrl":"https:\/\/kaitekviajes.com.ar\/wp-content\/uploads\/2025\/06\/heather_minitrekking_perito_moreno_3.png","width":600,"height":315},{"@type":"BreadcrumbList","@id":"https:\/\/kaitekviajes.com.ar\/producto\/minitrekking-al-glaciar-perito-moreno\/#breadcrumb","itemListElement":[{"@type":"ListItem","position":1,"name":"Portada","item":"https:\/\/kaitekviajes.com.ar\/"},{"@type":"ListItem","position":2,"name":"Tienda","item":"https:\/\/kaitekviajes.com.ar\/tienda\/"},{"@type":"ListItem","position":3,"name":"Minitrekking al Glaciar Perito Moreno"}]},{"@type":"WebSite","@id":"https:\/\/kaitekviajes.com.ar\/#website","url":"https:\/\/kaitekviajes.com.ar\/","name":"Kaitek Viajes","description":"Excursiones - Ushuaia y Tierra del Fuego, Patagonia","publisher":{"@id":"https:\/\/kaitekviajes.com.ar\/#organization"},"potentialAction":[{"@type":"SearchAction","target":{"@type":"EntryPoint","urlTemplate":"https:\/\/kaitekviajes.com.ar\/?s={search_term_string}"},"query-input":{"@type":"PropertyValueSpecification","valueRequired":true,"valueName":"search_term_string"}}],"inLanguage":"en-US"},{"@type":"Organization","@id":"https:\/\/kaitekviajes.com.ar\/#organization","name":"Kaitek Viajes","url":"https:\/\/kaitekviajes.com.ar\/","logo":{"@type":"ImageObject","inLanguage":"en-US","@id":"https:\/\/kaitekviajes.com.ar\/#\/schema\/logo\/image\/","url":"https:\/\/kaitekviajes.com.ar\/wp-content\/uploads\/2023\/04\/cropped-Logo-Kaitek-completo.png","contentUrl":"https:\/\/kaitekviajes.com.ar\/wp-content\/uploads\/2023\/04\/cropped-Logo-Kaitek-completo.png","width":1380,"height":706,"caption":"Kaitek Viajes"},"image":{"@id":"https:\/\/kaitekviajes.com.ar\/#\/schema\/logo\/image\/"}}]}},"_links":{"self":[{"href":"https:\/\/kaitekviajes.com.ar\/en\/wp-json\/wp\/v2\/product\/14305","targetHints":{"allow":["GET"]}}],"collection":[{"href":"https:\/\/kaitekviajes.com.ar\/en\/wp-json\/wp\/v2\/product"}],"about":[{"href":"https:\/\/kaitekviajes.com.ar\/en\/wp-json\/wp\/v2\/types\/product"}],"replies":[{"embeddable":true,"href":"https:\/\/kaitekviajes.com.ar\/en\/wp-json\/wp\/v2\/comments?post=14305"}],"wp:featuredmedia":[{"embeddable":true,"href":"https:\/\/kaitekviajes.com.ar\/en\/wp-json\/wp\/v2\/media\/14308"}],"wp:attachment":[{"href":"https:\/\/kaitekviajes.com.ar\/en\/wp-json\/wp\/v2\/media?parent=14305"}],"wp:term":[{"taxonomy":"product_brand","embeddable":true,"href":"https:\/\/kaitekviajes.com.ar\/en\/wp-json\/wp\/v2\/product_brand?post=14305"},{"taxonomy":"product_cat","embeddable":true,"href":"https:\/\/kaitekviajes.com.ar\/en\/wp-json\/wp\/v2\/product_cat?post=14305"},{"taxonomy":"product_tag","embeddable":true,"href":"https:\/\/kaitekviajes.com.ar\/en\/wp-json\/wp\/v2\/product_tag?post=14305"},{"taxonomy":"actividad","embeddable":true,"href":"https:\/\/kaitekviajes.com.ar\/en\/wp-json\/wp\/v2\/actividad?post=14305"},{"taxonomy":"ciudad","embeddable":true,"href":"https:\/\/kaitekviajes.com.ar\/en\/wp-json\/wp\/v2\/ciudad?post=14305"},{"taxonomy":"provincia","embeddable":true,"href":"https:\/\/kaitekviajes.com.ar\/en\/wp-json\/wp\/v2\/provincia?post=14305"},{"taxonomy":"lugar","embeddable":true,"href":"https:\/\/kaitekviajes.com.ar\/en\/wp-json\/wp\/v2\/lugar?post=14305"},{"taxonomy":"pais","embeddable":true,"href":"https:\/\/kaitekviajes.com.ar\/en\/wp-json\/wp\/v2\/pais?post=14305"}],"curies":[{"name":"wp","href":"https:\/\/api.w.org\/{rel}","templated":true}]}}