{"id":615,"date":"2023-05-09T16:17:37","date_gmt":"2023-05-09T19:17:37","guid":{"rendered":"https:\/\/kaitekviajes.com.ar\/?page_id=615"},"modified":"2023-05-25T23:27:19","modified_gmt":"2023-05-26T02:27:19","slug":"terminos-y-condiciones","status":"publish","type":"page","link":"https:\/\/kaitekviajes.com.ar\/en\/terminos-y-condiciones\/","title":{"rendered":"Terms and Conditions"},"content":{"rendered":"<div data-elementor-type=\"wp-page\" data-elementor-id=\"615\" class=\"elementor elementor-615\" data-elementor-post-type=\"page\">\n\t\t\t\t\t\t<section class=\"elementor-section elementor-top-section elementor-element elementor-element-fbd1f16 elementor-section-full_width elementor-section-height-min-height elementor-section-stretched elementor-section-height-default elementor-section-items-middle\" data-id=\"fbd1f16\" data-element_type=\"section\" data-e-type=\"section\" data-settings=\"{&quot;stretch_section&quot;:&quot;section-stretched&quot;,&quot;background_background&quot;:&quot;classic&quot;}\">\n\t\t\t\t\t\t\t<div class=\"elementor-background-overlay\"><\/div>\n\t\t\t\t\t\t\t<div class=\"elementor-container elementor-column-gap-default\">\n\t\t\t\t\t<div class=\"elementor-column elementor-col-100 elementor-top-column elementor-element elementor-element-b61072f\" data-id=\"b61072f\" data-element_type=\"column\" data-e-type=\"column\">\n\t\t\t<div class=\"elementor-widget-wrap elementor-element-populated\">\n\t\t\t\t\t\t<div class=\"elementor-element elementor-element-6fa5004 elementor-widget elementor-widget-heading\" data-id=\"6fa5004\" data-element_type=\"widget\" data-e-type=\"widget\" data-widget_type=\"heading.default\">\n\t\t\t\t\t<h1 class=\"elementor-heading-title elementor-size-default\">Terms and Conditions<\/h1>\t\t\t\t<\/div>\n\t\t\t\t\t<\/div>\n\t\t<\/div>\n\t\t\t\t\t<\/div>\n\t\t<\/section>\n\t\t\t\t<section class=\"elementor-section elementor-top-section elementor-element elementor-element-09a377f elementor-section-stretched elementor-section-boxed elementor-section-height-default elementor-section-height-default\" data-id=\"09a377f\" data-element_type=\"section\" data-e-type=\"section\" data-settings=\"{&quot;stretch_section&quot;:&quot;section-stretched&quot;}\">\n\t\t\t\t\t\t<div class=\"elementor-container elementor-column-gap-default\">\n\t\t\t\t\t<div class=\"elementor-column elementor-col-100 elementor-top-column elementor-element elementor-element-41c755c\" data-id=\"41c755c\" data-element_type=\"column\" data-e-type=\"column\">\n\t\t\t<div class=\"elementor-widget-wrap elementor-element-populated\">\n\t\t\t\t\t\t<div class=\"elementor-element elementor-element-7eda03a elementor-widget elementor-widget-text-editor\" data-id=\"7eda03a\" data-element_type=\"widget\" data-e-type=\"widget\" data-widget_type=\"text-editor.default\">\n\t\t\t\t\t\t\t\t\t<div><strong>MERIDION TRAVEL COMPANY SAS<\/strong>. \u2013 File No. 17,508 \u2013 VAT Status: Registered Taxpayer \u2013 Tax Identification Number (CUIT) 30-71627741-7<\/div>\t\t\t\t\t\t\t\t<\/div>\n\t\t\t\t<div class=\"elementor-element elementor-element-4b7a67e elementor-widget elementor-widget-heading\" data-id=\"4b7a67e\" data-element_type=\"widget\" data-e-type=\"widget\" data-widget_type=\"heading.default\">\n\t\t\t\t\t<h2 class=\"elementor-heading-title elementor-size-default\">1. Payment Currency<\/h2>\t\t\t\t<\/div>\n\t\t\t\t<div class=\"elementor-element elementor-element-293e0d3 elementor-widget elementor-widget-text-editor\" data-id=\"293e0d3\" data-element_type=\"widget\" data-e-type=\"widget\" data-widget_type=\"text-editor.default\">\n\t\t\t\t\t\t\t\t\t<div>Our prices are in Argentine pesos. In dollars, euros, or reais, these prices vary depending on the exchange rate applied by your credit card at the time of payment. The exchange rate used is the seller&#039;s exchange rate. <a href=\"https:\/\/www.bna.com.ar\" target=\"_blank\" rel=\"noopener\">www.bna.com.ar<\/a><\/div>\t\t\t\t\t\t\t\t<\/div>\n\t\t\t\t<div class=\"elementor-element elementor-element-beb039b elementor-widget elementor-widget-heading\" data-id=\"beb039b\" data-element_type=\"widget\" data-e-type=\"widget\" data-widget_type=\"heading.default\">\n\t\t\t\t\t<h2 class=\"elementor-heading-title elementor-size-default\">2. Disclaimer<\/h2>\t\t\t\t<\/div>\n\t\t\t\t<div class=\"elementor-element elementor-element-2fcbe57 elementor-widget elementor-widget-text-editor\" data-id=\"2fcbe57\" data-element_type=\"widget\" data-e-type=\"widget\" data-widget_type=\"text-editor.default\">\n\t\t\t\t\t\t\t\t\t<div>To avoid any confusion, please verify that your browser displays our prices in Argentine pesos, which is the default currency displayed on this site and the currency in which our services will be billed.<\/div>\t\t\t\t\t\t\t\t<\/div>\n\t\t\t\t<div class=\"elementor-element elementor-element-3e7ccf5 elementor-widget elementor-widget-heading\" data-id=\"3e7ccf5\" data-element_type=\"widget\" data-e-type=\"widget\" data-widget_type=\"heading.default\">\n\t\t\t\t\t<h2 class=\"elementor-heading-title elementor-size-default\">3. Prices Include<\/h2>\t\t\t\t<\/div>\n\t\t\t\t<div class=\"elementor-element elementor-element-5439c48 elementor-widget elementor-widget-text-editor\" data-id=\"5439c48\" data-element_type=\"widget\" data-e-type=\"widget\" data-widget_type=\"text-editor.default\">\n\t\t\t\t\t\t\t\t\t<ul><li>Transportation as specified in each of the itineraries.<\/li><li>Accommodation in the hotels mentioned in the itineraries or similar hotels in the event of force majeure, for which the same category as the reservation will be respected in the latter case.<\/li><li>Meal plan as indicated on each occasion.<\/li><li>Visits and excursions as mentioned. Transfers to and from airports, terminals, and hotels, where indicated.<\/li><\/ul>\t\t\t\t\t\t\t\t<\/div>\n\t\t\t\t<div class=\"elementor-element elementor-element-ab9b438 elementor-widget elementor-widget-heading\" data-id=\"ab9b438\" data-element_type=\"widget\" data-e-type=\"widget\" data-widget_type=\"heading.default\">\n\t\t\t\t\t<h2 class=\"elementor-heading-title elementor-size-default\">4. Documentation and Specific Requirements<\/h2>\t\t\t\t<\/div>\n\t\t\t\t<div class=\"elementor-element elementor-element-5123775 elementor-widget elementor-widget-text-editor\" data-id=\"5123775\" data-element_type=\"widget\" data-e-type=\"widget\" data-widget_type=\"text-editor.default\">\n\t\t\t\t\t\t\t\t\t<div>For travel abroad, it is necessary to comply with the legislation in force in each case. Documentation and visa requirements are strictly personal, and therefore, it is the passenger&#039;s sole responsibility to have their documents and visas in perfect condition and valid, having been duly informed in advance of the requirements imposed by the immigration, customs, and health authorities of the destinations included in the tour. The organizer will not be liable for any inconveniences suffered by passengers who lack valid documentation. If a passenger is unable to travel for these reasons, they will forfeit all contracted services without any right to claim. Passengers are responsible for complying with the mandatory vaccination requirements for countries that require them.<\/div>\t\t\t\t\t\t\t\t<\/div>\n\t\t\t\t<div class=\"elementor-element elementor-element-f9fcf00 elementor-widget elementor-widget-heading\" data-id=\"f9fcf00\" data-element_type=\"widget\" data-e-type=\"widget\" data-widget_type=\"heading.default\">\n\t\t\t\t\t<h2 class=\"elementor-heading-title elementor-size-default\">5. Limitations on the Right of Residency<\/h2>\t\t\t\t<\/div>\n\t\t\t\t<div class=\"elementor-element elementor-element-7112b9b elementor-widget elementor-widget-text-editor\" data-id=\"7112b9b\" data-element_type=\"widget\" data-e-type=\"widget\" data-widget_type=\"text-editor.default\">\n\t\t\t\t\t\t\t\t\t<div>Meridion Travel Company SAS reserves the right to withdraw from the tour at any point if, in the company&#039;s judgment, any passenger&#039;s conduct, behavior, health condition, or other serious reasons pose a danger or cause inconvenience to other travelers or could jeopardize the success of the tour or its normal operation. In this case, the passenger will be entitled to a refund for any unused tour days, without any other compensation, and will be responsible for any cancellation costs incurred.<\/div>\t\t\t\t\t\t\t\t<\/div>\n\t\t\t\t<div class=\"elementor-element elementor-element-a22dfe5 elementor-widget elementor-widget-heading\" data-id=\"a22dfe5\" data-element_type=\"widget\" data-e-type=\"widget\" data-widget_type=\"heading.default\">\n\t\t\t\t\t<h2 class=\"elementor-heading-title elementor-size-default\">6. Cancellation Policy<\/h2>\t\t\t\t<\/div>\n\t\t\t\t<div class=\"elementor-element elementor-element-7900f59 elementor-widget elementor-widget-text-editor\" data-id=\"7900f59\" data-element_type=\"widget\" data-e-type=\"widget\" data-widget_type=\"text-editor.default\">\n\t\t\t\t\t\t\t\t\t<div>In the event of cancellations made within 7 days of the service, Meridion Travel Company SAS will refund 100% of the amount paid in Argentine pesos to the customer.<\/div><div>\u00a0<\/div><div>Any user who wishes to contract our services must accept that:<\/div><div>If you cancel between 3 and 6 days before the date of the first booked service, you will receive a refund of 50% of the amount paid in Argentine pesos. The cancellation fee is 50% of the total reservation amount.<\/div><div>If you cancel within two calendar days of the first contracted service date, no refund will be issued. In this case, the cancellation fee is 100% of the amount paid in Argentine pesos.<\/div><div>\u00a0<\/div><div>This policy does not apply to cancellations or rescheduling of passengers&#039; flights to Ushuaia, which prevents them from enjoying the contracted services. In this case, you must provide us with the PNR or LOC code of your flight reservation so we can verify your flight reservation history. After verifying the cancellation or rescheduling of your flight, you will receive a refund of 100%.<\/div><div>\u00a0<\/div><div>Please note that the transaction currency is Argentine pesos, and its value may be subject to taxes, duties, foreign transaction fees, currency exchange fees, or other charges. Your bank or credit or debit card company may convert the payment into our local currency and charge fees, which may cause discrepancies between the amount shown on your credit card charge and the final amount charged to your credit card. Please contact your bank or card company if you have any questions about any applicable conversions or fees.<\/div>\t\t\t\t\t\t\t\t<\/div>\n\t\t\t\t<div class=\"elementor-element elementor-element-45bf745 elementor-widget elementor-widget-heading\" data-id=\"45bf745\" data-element_type=\"widget\" data-e-type=\"widget\" data-widget_type=\"heading.default\">\n\t\t\t\t\t<h2 class=\"elementor-heading-title elementor-size-default\">7. Weather conditions and excursions<\/h2>\t\t\t\t<\/div>\n\t\t\t\t<div class=\"elementor-element elementor-element-ce5833e elementor-widget elementor-widget-text-editor\" data-id=\"ce5833e\" data-element_type=\"widget\" data-e-type=\"widget\" data-widget_type=\"text-editor.default\">\n\t\t\t\t\t\t\t\t\t<div>Since the weather here can be very changeable from moment to moment, we do not cancel our tours due to rain or anything else that a passenger might consider \u201cbad weather.\u201d<\/div><div><div>\u00a0<\/div><div>Excursions that include kayaking or sailing in the Beagle Channel are highly dependent on wind conditions. If the tour managers consider the forecasted wind strength too strong to make the planned tours as enjoyable or safe as they should be, they may be modified or even canceled. Only in the case of these excursions (kayaking and sailing) will cancellation of the itinerary entitle you to a refund of 100% of what you paid in Argentine pesos.<\/div><\/div>\t\t\t\t\t\t\t\t<\/div>\n\t\t\t\t<div class=\"elementor-element elementor-element-c307369 elementor-widget elementor-widget-heading\" data-id=\"c307369\" data-element_type=\"widget\" data-e-type=\"widget\" data-widget_type=\"heading.default\">\n\t\t\t\t\t<h2 class=\"elementor-heading-title elementor-size-default\">8. Security policies<\/h2>\t\t\t\t<\/div>\n\t\t\t\t<div class=\"elementor-element elementor-element-b901c76 elementor-widget elementor-widget-text-editor\" data-id=\"b901c76\" data-element_type=\"widget\" data-e-type=\"widget\" data-widget_type=\"text-editor.default\">\n\t\t\t\t\t\t\t\t\t<div>On all tours involving weather exposure or off-route routes, there are sections that guides may modify or cancel if they deem necessary to ensure the safety and well-being of passengers. These modifications are extremely rare and do not entail any claims or refunds.<\/div><div>\u00a0<\/div><div><div>Under all circumstances, all passengers must follow the guides&#039; instructions.<\/div><\/div><div><div>\u00a0<\/div><div>All tours offered on this site are supervised by Meridion Travel Company SAS and local authorities and comply with all legal and safety requirements.<\/div><\/div>\t\t\t\t\t\t\t\t<\/div>\n\t\t\t\t<div class=\"elementor-element elementor-element-daf2b14 elementor-widget elementor-widget-heading\" data-id=\"daf2b14\" data-element_type=\"widget\" data-e-type=\"widget\" data-widget_type=\"heading.default\">\n\t\t\t\t\t<h2 class=\"elementor-heading-title elementor-size-default\">9. Age restrictions<\/h2>\t\t\t\t<\/div>\n\t\t\t\t<div class=\"elementor-element elementor-element-c6ad914 elementor-widget elementor-widget-text-editor\" data-id=\"c6ad914\" data-element_type=\"widget\" data-e-type=\"widget\" data-widget_type=\"text-editor.default\">\n\t\t\t\t\t\t\t\t\t<div>Children under 18 must travel accompanied by an adult. Regular excursions accept children under 5 years old. In the case of kayaking offered on company excursions, or trekking of any difficulty, these designated activities are not permitted for children under 5 years old. We offer private (tailor-made) services for families with young children.<\/div>\t\t\t\t\t\t\t\t<\/div>\n\t\t\t\t<div class=\"elementor-element elementor-element-33c5325 elementor-widget elementor-widget-heading\" data-id=\"33c5325\" data-element_type=\"widget\" data-e-type=\"widget\" data-widget_type=\"heading.default\">\n\t\t\t\t\t<h2 class=\"elementor-heading-title elementor-size-default\">10. General Requirements<\/h2>\t\t\t\t<\/div>\n\t\t\t\t<div class=\"elementor-element elementor-element-d7c51e4 elementor-widget elementor-widget-text-editor\" data-id=\"d7c51e4\" data-element_type=\"widget\" data-e-type=\"widget\" data-widget_type=\"text-editor.default\">\n\t\t\t\t\t\t\t\t\t<div>To travel to any foreign country as a tourist, you must have a return ticket to Argentina, and the maximum stay at your destination cannot exceed 90 days (exceptions exist; consult with the corresponding Consulate). You may also be asked for other informal requirements (e.g., sufficient funds to maintain your stay, accommodation address, etc.), which you should consult with the corresponding Consulate.<\/div>\t\t\t\t\t\t\t\t<\/div>\n\t\t\t\t<div class=\"elementor-element elementor-element-30b8ada elementor-widget elementor-widget-heading\" data-id=\"30b8ada\" data-element_type=\"widget\" data-e-type=\"widget\" data-widget_type=\"heading.default\">\n\t\t\t\t\t<h2 class=\"elementor-heading-title elementor-size-default\">11. Arbitration Clause<\/h2>\t\t\t\t<\/div>\n\t\t\t\t<div class=\"elementor-element elementor-element-f952b63 elementor-widget elementor-widget-text-editor\" data-id=\"f952b63\" data-element_type=\"widget\" data-e-type=\"widget\" data-widget_type=\"text-editor.default\">\n\t\t\t\t\t\t\t\t\t<div>Any issue arising from the execution, performance, non-performance, extension, or termination of this contract may be submitted by the parties to the Arbitration Tribunal of the Argentine Association of Travel and Tourism Agencies and\/or the Arbitration Tribunals operating in its Regional Offices. In the event of submission to such jurisdiction, the contracting parties agree to and accept all the conditions established by the Arbitration Tribunal Regulations.<\/div>\t\t\t\t\t\t\t\t<\/div>\n\t\t\t\t<div class=\"elementor-element elementor-element-59d0356 elementor-widget elementor-widget-heading\" data-id=\"59d0356\" data-element_type=\"widget\" data-e-type=\"widget\" data-widget_type=\"heading.default\">\n\t\t\t\t\t<h2 class=\"elementor-heading-title elementor-size-default\">12. Application Rules<\/h2>\t\t\t\t<\/div>\n\t\t\t\t<div class=\"elementor-element elementor-element-a1e5ea2 elementor-widget elementor-widget-text-editor\" data-id=\"a1e5ea2\" data-element_type=\"widget\" data-e-type=\"widget\" data-widget_type=\"text-editor.default\">\n\t\t\t\t\t\t\t\t\t<div>This contract and, where applicable, the provision of services shall be governed exclusively by these general conditions, by Law No. 18,829 and its regulations, and by the Brussels Convention approved by Law 19,918. This is without prejudice to the provisions regarding liability for accidents in transportation. These general conditions, together with any other documentation provided to passengers, shall constitute the Travel Contract established by the aforementioned Convention.<\/div>\t\t\t\t\t\t\t\t<\/div>\n\t\t\t\t<div class=\"elementor-element elementor-element-f2364ce elementor-widget elementor-widget-heading\" data-id=\"f2364ce\" data-element_type=\"widget\" data-e-type=\"widget\" data-widget_type=\"heading.default\">\n\t\t\t\t\t<h2 class=\"elementor-heading-title elementor-size-default\">13. Jurisdiction and Competence<\/h2>\t\t\t\t<\/div>\n\t\t\t\t<div class=\"elementor-element elementor-element-33417b6 elementor-widget elementor-widget-text-editor\" data-id=\"33417b6\" data-element_type=\"widget\" data-e-type=\"widget\" data-widget_type=\"text-editor.default\">\n\t\t\t\t\t\t\t\t\t<div>Any issue arising from the execution, performance, non-performance, extension, or termination of this contract shall be submitted by the parties to the Ordinary Commercial Courts of the Federal Capital.<\/div><div>\u00a0<\/div><div><div class=\"container\"><div class=\"wrapper_contenidos\"><div>By accepting the General Conditions, I acknowledge that I have read and understood the above and accept it.<\/div><\/div><\/div><\/div>\t\t\t\t\t\t\t\t<\/div>\n\t\t\t\t\t<\/div>\n\t\t<\/div>\n\t\t\t\t\t<\/div>\n\t\t<\/section>\n\t\t\t\t<\/div>","protected":false},"excerpt":{"rendered":"<p>MERIDION TRAVEL COMPANY S.A.S. &#8211; Legajo Nro. 17.508 &#8211; Condici\u00f3n de IVA: Responsable Inscripto &#8211; Nro. Identificaci\u00f3n Tributaria (CUIT) 30-71627741-7 1. Moneda de Pago Nuestros precios son en pesos argentinos. En d\u00f3lares, euros o reales, estos precios var\u00edan seg\u00fan la tasa de cambio que pueda aplicar su tarjeta de cr\u00e9dito en el momento en que [&hellip;]<\/p>","protected":false},"author":2,"featured_media":0,"parent":0,"menu_order":0,"comment_status":"closed","ping_status":"closed","template":"","meta":{"_joinchat":[],"footnotes":""},"class_list":["post-615","page","type-page","status-publish","hentry"],"yoast_head":"<!-- This site is optimized with the Yoast SEO plugin v27.2 - https:\/\/yoast.com\/product\/yoast-seo-wordpress\/ -->\n<title>T\u00e9rminos y Condiciones - Kaitek Viajes<\/title>\n<meta name=\"robots\" content=\"index, follow, max-snippet:-1, max-image-preview:large, max-video-preview:-1\" \/>\n<link rel=\"canonical\" href=\"https:\/\/kaitekviajes.com.ar\/en\/terminos-y-condiciones\/?wmc-currency=USD\" \/>\n<meta property=\"og:locale\" content=\"en_US\" \/>\n<meta property=\"og:type\" content=\"article\" \/>\n<meta property=\"og:title\" content=\"T\u00e9rminos y Condiciones - Kaitek Viajes\" \/>\n<meta property=\"og:description\" content=\"MERIDION TRAVEL COMPANY S.A.S. &#8211; Legajo Nro. 17.508 &#8211; Condici\u00f3n de IVA: Responsable Inscripto &#8211; Nro. Identificaci\u00f3n Tributaria (CUIT) 30-71627741-7 1. Moneda de Pago Nuestros precios son en pesos argentinos. En d\u00f3lares, euros o reales, estos precios var\u00edan seg\u00fan la tasa de cambio que pueda aplicar su tarjeta de cr\u00e9dito en el momento en que [&hellip;]\" \/>\n<meta property=\"og:url\" content=\"https:\/\/kaitekviajes.com.ar\/en\/terminos-y-condiciones\/?wmc-currency=USD\" \/>\n<meta property=\"og:site_name\" content=\"Kaitek Viajes\" \/>\n<meta property=\"article:modified_time\" content=\"2023-05-26T02:27:19+00:00\" \/>\n<meta name=\"twitter:card\" content=\"summary_large_image\" \/>\n<meta name=\"twitter:label1\" content=\"Est. reading time\" \/>\n\t<meta name=\"twitter:data1\" content=\"7 minutes\" \/>\n<script type=\"application\/ld+json\" class=\"yoast-schema-graph\">{\"@context\":\"https:\/\/schema.org\",\"@graph\":[{\"@type\":\"WebPage\",\"@id\":\"https:\/\/kaitekviajes.com.ar\/terminos-y-condiciones\/\",\"url\":\"https:\/\/kaitekviajes.com.ar\/terminos-y-condiciones\/\",\"name\":\"T\u00e9rminos y Condiciones - Kaitek Viajes\",\"isPartOf\":{\"@id\":\"https:\/\/kaitekviajes.com.ar\/#website\"},\"datePublished\":\"2023-05-09T19:17:37+00:00\",\"dateModified\":\"2023-05-26T02:27:19+00:00\",\"breadcrumb\":{\"@id\":\"https:\/\/kaitekviajes.com.ar\/terminos-y-condiciones\/#breadcrumb\"},\"inLanguage\":\"en-US\",\"potentialAction\":[{\"@type\":\"ReadAction\",\"target\":[\"https:\/\/kaitekviajes.com.ar\/terminos-y-condiciones\/\"]}]},{\"@type\":\"BreadcrumbList\",\"@id\":\"https:\/\/kaitekviajes.com.ar\/terminos-y-condiciones\/#breadcrumb\",\"itemListElement\":[{\"@type\":\"ListItem\",\"position\":1,\"name\":\"Portada\",\"item\":\"https:\/\/kaitekviajes.com.ar\/\"},{\"@type\":\"ListItem\",\"position\":2,\"name\":\"T\u00e9rminos y Condiciones\"}]},{\"@type\":\"WebSite\",\"@id\":\"https:\/\/kaitekviajes.com.ar\/#website\",\"url\":\"https:\/\/kaitekviajes.com.ar\/\",\"name\":\"Kaitek Viajes\",\"description\":\"Excursiones - Ushuaia y Tierra del Fuego, Patagonia\",\"publisher\":{\"@id\":\"https:\/\/kaitekviajes.com.ar\/#organization\"},\"potentialAction\":[{\"@type\":\"SearchAction\",\"target\":{\"@type\":\"EntryPoint\",\"urlTemplate\":\"https:\/\/kaitekviajes.com.ar\/?s={search_term_string}\"},\"query-input\":{\"@type\":\"PropertyValueSpecification\",\"valueRequired\":true,\"valueName\":\"search_term_string\"}}],\"inLanguage\":\"en-US\"},{\"@type\":\"Organization\",\"@id\":\"https:\/\/kaitekviajes.com.ar\/#organization\",\"name\":\"Kaitek Viajes\",\"url\":\"https:\/\/kaitekviajes.com.ar\/\",\"logo\":{\"@type\":\"ImageObject\",\"inLanguage\":\"en-US\",\"@id\":\"https:\/\/kaitekviajes.com.ar\/#\/schema\/logo\/image\/\",\"url\":\"https:\/\/kaitekviajes.com.ar\/wp-content\/uploads\/2023\/04\/cropped-Logo-Kaitek-completo.png\",\"contentUrl\":\"https:\/\/kaitekviajes.com.ar\/wp-content\/uploads\/2023\/04\/cropped-Logo-Kaitek-completo.png\",\"width\":1380,\"height\":706,\"caption\":\"Kaitek Viajes\"},\"image\":{\"@id\":\"https:\/\/kaitekviajes.com.ar\/#\/schema\/logo\/image\/\"}}]}<\/script>\n<!-- \/ Yoast SEO plugin. -->","yoast_head_json":{"title":"T\u00e9rminos y Condiciones - Kaitek Viajes","robots":{"index":"index","follow":"follow","max-snippet":"max-snippet:-1","max-image-preview":"max-image-preview:large","max-video-preview":"max-video-preview:-1"},"canonical":"https:\/\/kaitekviajes.com.ar\/en\/terminos-y-condiciones\/?wmc-currency=USD","og_locale":"en_US","og_type":"article","og_title":"T\u00e9rminos y Condiciones - Kaitek Viajes","og_description":"MERIDION TRAVEL COMPANY S.A.S. &#8211; Legajo Nro. 17.508 &#8211; Condici\u00f3n de IVA: Responsable Inscripto &#8211; Nro. Identificaci\u00f3n Tributaria (CUIT) 30-71627741-7 1. Moneda de Pago Nuestros precios son en pesos argentinos. En d\u00f3lares, euros o reales, estos precios var\u00edan seg\u00fan la tasa de cambio que pueda aplicar su tarjeta de cr\u00e9dito en el momento en que [&hellip;]","og_url":"https:\/\/kaitekviajes.com.ar\/en\/terminos-y-condiciones\/?wmc-currency=USD","og_site_name":"Kaitek Viajes","article_modified_time":"2023-05-26T02:27:19+00:00","twitter_card":"summary_large_image","twitter_misc":{"Est. reading time":"7 minutes"},"schema":{"@context":"https:\/\/schema.org","@graph":[{"@type":"WebPage","@id":"https:\/\/kaitekviajes.com.ar\/terminos-y-condiciones\/","url":"https:\/\/kaitekviajes.com.ar\/terminos-y-condiciones\/","name":"T\u00e9rminos y Condiciones - Kaitek Viajes","isPartOf":{"@id":"https:\/\/kaitekviajes.com.ar\/#website"},"datePublished":"2023-05-09T19:17:37+00:00","dateModified":"2023-05-26T02:27:19+00:00","breadcrumb":{"@id":"https:\/\/kaitekviajes.com.ar\/terminos-y-condiciones\/#breadcrumb"},"inLanguage":"en-US","potentialAction":[{"@type":"ReadAction","target":["https:\/\/kaitekviajes.com.ar\/terminos-y-condiciones\/"]}]},{"@type":"BreadcrumbList","@id":"https:\/\/kaitekviajes.com.ar\/terminos-y-condiciones\/#breadcrumb","itemListElement":[{"@type":"ListItem","position":1,"name":"Portada","item":"https:\/\/kaitekviajes.com.ar\/"},{"@type":"ListItem","position":2,"name":"T\u00e9rminos y Condiciones"}]},{"@type":"WebSite","@id":"https:\/\/kaitekviajes.com.ar\/#website","url":"https:\/\/kaitekviajes.com.ar\/","name":"Kaitek Viajes","description":"Excursiones - Ushuaia y Tierra del Fuego, Patagonia","publisher":{"@id":"https:\/\/kaitekviajes.com.ar\/#organization"},"potentialAction":[{"@type":"SearchAction","target":{"@type":"EntryPoint","urlTemplate":"https:\/\/kaitekviajes.com.ar\/?s={search_term_string}"},"query-input":{"@type":"PropertyValueSpecification","valueRequired":true,"valueName":"search_term_string"}}],"inLanguage":"en-US"},{"@type":"Organization","@id":"https:\/\/kaitekviajes.com.ar\/#organization","name":"Kaitek Viajes","url":"https:\/\/kaitekviajes.com.ar\/","logo":{"@type":"ImageObject","inLanguage":"en-US","@id":"https:\/\/kaitekviajes.com.ar\/#\/schema\/logo\/image\/","url":"https:\/\/kaitekviajes.com.ar\/wp-content\/uploads\/2023\/04\/cropped-Logo-Kaitek-completo.png","contentUrl":"https:\/\/kaitekviajes.com.ar\/wp-content\/uploads\/2023\/04\/cropped-Logo-Kaitek-completo.png","width":1380,"height":706,"caption":"Kaitek Viajes"},"image":{"@id":"https:\/\/kaitekviajes.com.ar\/#\/schema\/logo\/image\/"}}]}},"_links":{"self":[{"href":"https:\/\/kaitekviajes.com.ar\/en\/wp-json\/wp\/v2\/pages\/615","targetHints":{"allow":["GET"]}}],"collection":[{"href":"https:\/\/kaitekviajes.com.ar\/en\/wp-json\/wp\/v2\/pages"}],"about":[{"href":"https:\/\/kaitekviajes.com.ar\/en\/wp-json\/wp\/v2\/types\/page"}],"author":[{"embeddable":true,"href":"https:\/\/kaitekviajes.com.ar\/en\/wp-json\/wp\/v2\/users\/2"}],"replies":[{"embeddable":true,"href":"https:\/\/kaitekviajes.com.ar\/en\/wp-json\/wp\/v2\/comments?post=615"}],"version-history":[{"count":13,"href":"https:\/\/kaitekviajes.com.ar\/en\/wp-json\/wp\/v2\/pages\/615\/revisions"}],"predecessor-version":[{"id":1764,"href":"https:\/\/kaitekviajes.com.ar\/en\/wp-json\/wp\/v2\/pages\/615\/revisions\/1764"}],"wp:attachment":[{"href":"https:\/\/kaitekviajes.com.ar\/en\/wp-json\/wp\/v2\/media?parent=615"}],"curies":[{"name":"wp","href":"https:\/\/api.w.org\/{rel}","templated":true}]}}