{"id":609,"date":"2023-05-09T16:02:18","date_gmt":"2023-05-09T19:02:18","guid":{"rendered":"https:\/\/kaitekviajes.com.ar\/?page_id=609"},"modified":"2025-04-03T22:59:53","modified_gmt":"2025-04-04T01:59:53","slug":"politica-de-privacidad","status":"publish","type":"page","link":"https:\/\/kaitekviajes.com.ar\/en\/politica-de-privacidad\/","title":{"rendered":"Privacy Policy"},"content":{"rendered":"<div data-elementor-type=\"wp-page\" data-elementor-id=\"609\" class=\"elementor elementor-609\" data-elementor-post-type=\"page\">\n\t\t\t\t\t\t<section class=\"elementor-section elementor-top-section elementor-element elementor-element-258a4a5 elementor-section-full_width elementor-section-height-min-height elementor-section-stretched elementor-section-height-default elementor-section-items-middle\" data-id=\"258a4a5\" data-element_type=\"section\" data-e-type=\"section\" data-settings=\"{&quot;stretch_section&quot;:&quot;section-stretched&quot;,&quot;background_background&quot;:&quot;classic&quot;}\">\n\t\t\t\t\t\t\t<div class=\"elementor-background-overlay\"><\/div>\n\t\t\t\t\t\t\t<div class=\"elementor-container elementor-column-gap-default\">\n\t\t\t\t\t<div class=\"elementor-column elementor-col-100 elementor-top-column elementor-element elementor-element-20f4342\" data-id=\"20f4342\" data-element_type=\"column\" data-e-type=\"column\">\n\t\t\t<div class=\"elementor-widget-wrap elementor-element-populated\">\n\t\t\t\t\t\t<div class=\"elementor-element elementor-element-213b024 elementor-widget elementor-widget-heading\" data-id=\"213b024\" data-element_type=\"widget\" data-e-type=\"widget\" data-widget_type=\"heading.default\">\n\t\t\t\t\t<h1 class=\"elementor-heading-title elementor-size-default\">Privacy Policy<\/h1>\t\t\t\t<\/div>\n\t\t\t\t\t<\/div>\n\t\t<\/div>\n\t\t\t\t\t<\/div>\n\t\t<\/section>\n\t\t\t\t<section class=\"elementor-section elementor-top-section elementor-element elementor-element-aeb7cad elementor-section-stretched elementor-section-boxed elementor-section-height-default elementor-section-height-default\" data-id=\"aeb7cad\" data-element_type=\"section\" data-e-type=\"section\" data-settings=\"{&quot;stretch_section&quot;:&quot;section-stretched&quot;}\">\n\t\t\t\t\t\t<div class=\"elementor-container elementor-column-gap-default\">\n\t\t\t\t\t<div class=\"elementor-column elementor-col-100 elementor-top-column elementor-element elementor-element-9c850ba\" data-id=\"9c850ba\" data-element_type=\"column\" data-e-type=\"column\">\n\t\t\t<div class=\"elementor-widget-wrap elementor-element-populated\">\n\t\t\t\t\t\t<div class=\"elementor-element elementor-element-fdfa22c elementor-widget elementor-widget-text-editor\" data-id=\"fdfa22c\" data-element_type=\"widget\" data-e-type=\"widget\" data-widget_type=\"text-editor.default\">\n\t\t\t\t\t\t\t\t\t<p>The following information about our Privacy Policy reflects MERIDION TRAVEL COMPANY SAS&#039;s commitment to maintaining and ensuring secure business relationships by protecting personal data and guaranteeing the right to privacy of each of our service users. This document explains how we use the personal data of website users.<\/p>\t\t\t\t\t\t\t\t<\/div>\n\t\t\t\t<div class=\"elementor-element elementor-element-0fd1b56 elementor-widget__width-auto elementor-widget elementor-widget-heading\" data-id=\"0fd1b56\" data-element_type=\"widget\" data-e-type=\"widget\" data-widget_type=\"heading.default\">\n\t\t\t\t\t<h2 class=\"elementor-heading-title elementor-size-default\">Definition of personal data<\/h2>\t\t\t\t<\/div>\n\t\t\t\t<div class=\"elementor-element elementor-element-fc5c516 elementor-widget elementor-widget-text-editor\" data-id=\"fc5c516\" data-element_type=\"widget\" data-e-type=\"widget\" data-widget_type=\"text-editor.default\">\n\t\t\t\t\t\t\t\t\t<p>&quot;Personal Data&quot; refers to any information relating to an identified or identifiable natural person. This includes, among other things, first and last name, postal and email addresses, and telephone number.<\/p>\t\t\t\t\t\t\t\t<\/div>\n\t\t\t\t<div class=\"elementor-element elementor-element-0affc3d elementor-widget__width-auto elementor-widget elementor-widget-heading\" data-id=\"0affc3d\" data-element_type=\"widget\" data-e-type=\"widget\" data-widget_type=\"heading.default\">\n\t\t\t\t\t<h2 class=\"elementor-heading-title elementor-size-default\">Treatments and purposes of the data collected<\/h2>\t\t\t\t<\/div>\n\t\t\t\t<div class=\"elementor-element elementor-element-8006c92 elementor-widget elementor-widget-text-editor\" data-id=\"8006c92\" data-element_type=\"widget\" data-e-type=\"widget\" data-widget_type=\"text-editor.default\">\n\t\t\t\t\t\t\t\t\t<div>Any personal data you provide when visiting any of our websites or installing our mobile application will be processed in accordance with data protection regulations and will only be collected, processed, and used for lawful, legitimate, and informed purposes. Therefore, we detail all the purposes for which MERIDION TRAVEL COMPANY SAS uses personal data as the data controller:<\/div><div>\u00a0<\/div><div>Manage registration forms so you can become a registered user and access the services, as well as contact you and respond to questions you may have or receive commercial information about new products and company news.<\/div><div>Another purpose for which data is collected is to respond to inquiries submitted through contact forms. The data obtained through this means is used to respond to users and send them commercial information, as well as to include them in the distribution list.<\/div><div>MERIDION TRAVEL COMPANY SAS will inform all users that the collection of certain personal data is not mandatory, except in the fields indicated otherwise. However, failure to provide such data may prevent MERIDION TRAVEL COMPANY SAS from providing all the Services linked to such data, releasing us from all liability for the non-provision or incomplete provision of these Services.<\/div><div>\u00a0<\/div><div>It is the user&#039;s obligation to provide accurate data and keep it updated. MERIDION TRAVEL COMPANY SAS reserves the right to exclude from its services and cancel the service of any user who has provided false data, without prejudice to any other legal actions.<\/div>\t\t\t\t\t\t\t\t<\/div>\n\t\t\t\t<div class=\"elementor-element elementor-element-133b0c2 elementor-widget__width-auto elementor-widget elementor-widget-heading\" data-id=\"133b0c2\" data-element_type=\"widget\" data-e-type=\"widget\" data-widget_type=\"heading.default\">\n\t\t\t\t\t<h2 class=\"elementor-heading-title elementor-size-default\">Legitimation for the processing of your data<\/h2>\t\t\t\t<\/div>\n\t\t\t\t<div class=\"elementor-element elementor-element-0af205b elementor-widget elementor-widget-text-editor\" data-id=\"0af205b\" data-element_type=\"widget\" data-e-type=\"widget\" data-widget_type=\"text-editor.default\">\n\t\t\t\t\t\t\t\t\t<div>The legal basis for processing your data is the response to inquiries submitted through the website, which entails taking pre-contractual measures at the data subject&#039;s request.<\/div>\t\t\t\t\t\t\t\t<\/div>\n\t\t\t\t<div class=\"elementor-element elementor-element-6ddbb99 elementor-widget__width-auto elementor-widget elementor-widget-heading\" data-id=\"6ddbb99\" data-element_type=\"widget\" data-e-type=\"widget\" data-widget_type=\"heading.default\">\n\t\t\t\t\t<h2 class=\"elementor-heading-title elementor-size-default\">Data retention period<\/h2>\t\t\t\t<\/div>\n\t\t\t\t<div class=\"elementor-element elementor-element-8125669 elementor-widget elementor-widget-text-editor\" data-id=\"8125669\" data-element_type=\"widget\" data-e-type=\"widget\" data-widget_type=\"text-editor.default\">\n\t\t\t\t\t\t\t\t\t<div>The data will be kept for the time necessary to respond to queries.<\/div>\t\t\t\t\t\t\t\t<\/div>\n\t\t\t\t<div class=\"elementor-element elementor-element-a4f87ea elementor-widget__width-auto elementor-widget elementor-widget-heading\" data-id=\"a4f87ea\" data-element_type=\"widget\" data-e-type=\"widget\" data-widget_type=\"heading.default\">\n\t\t\t\t\t<h2 class=\"elementor-heading-title elementor-size-default\">Communication of your personal data to third parties<\/h2>\t\t\t\t<\/div>\n\t\t\t\t<div class=\"elementor-element elementor-element-da64d4d elementor-widget elementor-widget-text-editor\" data-id=\"da64d4d\" data-element_type=\"widget\" data-e-type=\"widget\" data-widget_type=\"text-editor.default\">\n\t\t\t\t\t\t\t\t\t<div>Your personal data will not be shared with any third party. If it becomes necessary to share your information with a third party, your consent will be requested.<\/div>\t\t\t\t\t\t\t\t<\/div>\n\t\t\t\t<div class=\"elementor-element elementor-element-aed0a2f elementor-widget__width-auto elementor-widget elementor-widget-heading\" data-id=\"aed0a2f\" data-element_type=\"widget\" data-e-type=\"widget\" data-widget_type=\"heading.default\">\n\t\t\t\t\t<h2 class=\"elementor-heading-title elementor-size-default\">Security of your personal data<\/h2>\t\t\t\t<\/div>\n\t\t\t\t<div class=\"elementor-element elementor-element-6144e59 elementor-widget elementor-widget-text-editor\" data-id=\"6144e59\" data-element_type=\"widget\" data-e-type=\"widget\" data-widget_type=\"text-editor.default\">\n\t\t\t\t\t\t\t\t\t<div>MERIDION TRAVEL COMPANY SAS takes special care to ensure the security of your personal data. Your data is stored in our information systems, where we have adopted and implemented technical and organizational security measures to prevent any loss or unauthorized use by third parties. For example, our web portals use HTTPS data encryption protocols.<\/div>\t\t\t\t\t\t\t\t<\/div>\n\t\t\t\t<div class=\"elementor-element elementor-element-91308ad elementor-widget__width-auto elementor-widget elementor-widget-heading\" data-id=\"91308ad\" data-element_type=\"widget\" data-e-type=\"widget\" data-widget_type=\"heading.default\">\n\t\t\t\t\t<h2 class=\"elementor-heading-title elementor-size-default\">Information on the Use of Cookies<\/h2>\t\t\t\t<\/div>\n\t\t\t\t<div class=\"elementor-element elementor-element-39f4903 elementor-widget elementor-widget-text-editor\" data-id=\"39f4903\" data-element_type=\"widget\" data-e-type=\"widget\" data-widget_type=\"text-editor.default\">\n\t\t\t\t\t\t\t\t\t<div>Simply visiting this website or using the services of MERIDION TRAVEL COMPANY SAS does not automatically record any personal data that identifies a User. However, we inform you that while browsing the Website, &quot;cookies&quot; are used. These are small data files generated on the Internet user&#039;s computer and allow us to obtain the following analytical information:<\/div><div>\u00a0<\/div><div>a) The date and time of access to the Web, allowing us to know the busiest times and make the necessary adjustments to avoid saturation problems during our peak hours.<\/div><div>b) The number of daily visitors to each section, allowing us to identify the most successful areas and increase and improve their content, so that users obtain more satisfactory results and improve the design of the content.<\/div><div>c) The date and time of the last time the user visited the Website to conduct analytical and statistical studies on the use of the website.<\/div><div>d) Security elements involved in controlling access to restricted areas.<\/div><div>For more information, visit our cookie policy.<\/div>\t\t\t\t\t\t\t\t<\/div>\n\t\t\t\t<div class=\"elementor-element elementor-element-a767996 elementor-widget__width-auto elementor-widget elementor-widget-heading\" data-id=\"a767996\" data-element_type=\"widget\" data-e-type=\"widget\" data-widget_type=\"heading.default\">\n\t\t\t\t\t<h2 class=\"elementor-heading-title elementor-size-default\">User rights<\/h2>\t\t\t\t<\/div>\n\t\t\t\t<div class=\"elementor-element elementor-element-912ad10 elementor-widget elementor-widget-text-editor\" data-id=\"912ad10\" data-element_type=\"widget\" data-e-type=\"widget\" data-widget_type=\"text-editor.default\">\n\t\t\t\t\t\t\t\t\t<div>All users may exercise any of the rights granted by data protection regulations, such as the right of access, rectification, limitation of processing, deletion, data portability and opposition that assist them by writing to MERIDION TRAVEL COMPANY SAS, located at Enrique Brisighelli 1308, Building 20, Office 10, Ushuaia, Tierra del Fuego, or by sending an email to&nbsp;&nbsp;<a href=\"mailto:info@kaitekviajes.com.ar\">info@kaitekviajes.com.ar<\/a>If you consider this, you may file a complaint with the Argentine National Directorate for the Protection of Personal Data.<\/div>\t\t\t\t\t\t\t\t<\/div>\n\t\t\t\t<div class=\"elementor-element elementor-element-4676916 elementor-widget__width-auto elementor-widget elementor-widget-heading\" data-id=\"4676916\" data-element_type=\"widget\" data-e-type=\"widget\" data-widget_type=\"heading.default\">\n\t\t\t\t\t<h2 class=\"elementor-heading-title elementor-size-default\">Do you not wish to receive information from us or would you like to revoke your consent?<\/h2>\t\t\t\t<\/div>\n\t\t\t\t<div class=\"elementor-element elementor-element-c0de171 elementor-widget elementor-widget-text-editor\" data-id=\"c0de171\" data-element_type=\"widget\" data-e-type=\"widget\" data-widget_type=\"text-editor.default\">\n\t\t\t\t\t\t\t\t\t<div>Any user may object to the use of their information for advertising purposes, market research, or satisfaction surveys, and may revoke their consent at any time (without retroactive effect). To do so, they must send an email to the address\u00a0<a href=\"mailto:info@kaitekviajes.com.ar\">info@kaitekviajes.com.ar<\/a>When you receive advertising via email, you can also opt out from the email itself by clicking on the link included in the email and following the instructions provided.<\/div>\t\t\t\t\t\t\t\t<\/div>\n\t\t\t\t<div class=\"elementor-element elementor-element-92609c2 elementor-widget__width-auto elementor-widget elementor-widget-heading\" data-id=\"92609c2\" data-element_type=\"widget\" data-e-type=\"widget\" data-widget_type=\"heading.default\">\n\t\t\t\t\t<h2 class=\"elementor-heading-title elementor-size-default\">Changes to the Privacy Policy<\/h2>\t\t\t\t<\/div>\n\t\t\t\t<div class=\"elementor-element elementor-element-c65faf4 elementor-widget elementor-widget-text-editor\" data-id=\"c65faf4\" data-element_type=\"widget\" data-e-type=\"widget\" data-widget_type=\"text-editor.default\">\n\t\t\t\t\t\t\t\t\t<div>Our Privacy Policy may be updated due to changes and legal requirements, as well as due to improvements and changes in the way we offer and provide our services and the application&#039;s features. Therefore, we recommend that you visit and access our Privacy Policy periodically to be aware of any recent changes. If these changes relate to the user&#039;s consent, you will be sent a separate notification to obtain it again.<\/div><div>\u00a0<\/div><div><div class=\"container\"><div class=\"wrapper_contenidos\"><div>If during reading you have any questions or concerns about our Privacy Policy or you wish to exercise any right or action related to your personal data, please contact us at the following email address.\u00a0<a href=\"mailto:info@kaitekviajes.com.ar\">info@kaitekviajes.com.ar<\/a>.<\/div><\/div><\/div><\/div>\t\t\t\t\t\t\t\t<\/div>\n\t\t\t\t\t<\/div>\n\t\t<\/div>\n\t\t\t\t\t<\/div>\n\t\t<\/section>\n\t\t\t\t<\/div>","protected":false},"excerpt":{"rendered":"<p>La siguiente informaci\u00f3n sobre nuestra Pol\u00edtica de Privacidad refleja el compromiso de MERIDION TRAVEL COMPANY S.A.S. por mantener y garantizar relaciones comerciales seguras mediante la protecci\u00f3n de los datos personales, garantizando el derecho a la privacidad de cada uno de los usuarios de nuestros servicios. En este documento explicamos c\u00f3mo utilizamos los datos personales de [&hellip;]<\/p>","protected":false},"author":2,"featured_media":0,"parent":0,"menu_order":0,"comment_status":"closed","ping_status":"closed","template":"","meta":{"_joinchat":[],"footnotes":""},"class_list":["post-609","page","type-page","status-publish","hentry"],"yoast_head":"<!-- This site is optimized with the Yoast SEO plugin v27.2 - https:\/\/yoast.com\/product\/yoast-seo-wordpress\/ -->\n<title>Pol\u00edtica de Privacidad - Kaitek Viajes<\/title>\n<meta name=\"robots\" content=\"index, follow, max-snippet:-1, max-image-preview:large, max-video-preview:-1\" \/>\n<link rel=\"canonical\" href=\"https:\/\/kaitekviajes.com.ar\/en\/politica-de-privacidad\/?wmc-currency=USD\" \/>\n<meta property=\"og:locale\" content=\"en_US\" \/>\n<meta property=\"og:type\" content=\"article\" \/>\n<meta property=\"og:title\" content=\"Pol\u00edtica de Privacidad - Kaitek Viajes\" \/>\n<meta property=\"og:description\" content=\"La siguiente informaci\u00f3n sobre nuestra Pol\u00edtica de Privacidad refleja el compromiso de MERIDION TRAVEL COMPANY S.A.S. por mantener y garantizar relaciones comerciales seguras mediante la protecci\u00f3n de los datos personales, garantizando el derecho a la privacidad de cada uno de los usuarios de nuestros servicios. En este documento explicamos c\u00f3mo utilizamos los datos personales de [&hellip;]\" \/>\n<meta property=\"og:url\" content=\"https:\/\/kaitekviajes.com.ar\/en\/politica-de-privacidad\/?wmc-currency=USD\" \/>\n<meta property=\"og:site_name\" content=\"Kaitek Viajes\" \/>\n<meta property=\"article:modified_time\" content=\"2025-04-04T01:59:53+00:00\" \/>\n<meta name=\"twitter:card\" content=\"summary_large_image\" \/>\n<meta name=\"twitter:label1\" content=\"Est. reading time\" \/>\n\t<meta name=\"twitter:data1\" content=\"6 minutes\" \/>\n<script type=\"application\/ld+json\" class=\"yoast-schema-graph\">{\"@context\":\"https:\/\/schema.org\",\"@graph\":[{\"@type\":\"WebPage\",\"@id\":\"https:\/\/kaitekviajes.com.ar\/politica-de-privacidad\/\",\"url\":\"https:\/\/kaitekviajes.com.ar\/politica-de-privacidad\/\",\"name\":\"Pol\u00edtica de Privacidad - Kaitek Viajes\",\"isPartOf\":{\"@id\":\"https:\/\/kaitekviajes.com.ar\/#website\"},\"datePublished\":\"2023-05-09T19:02:18+00:00\",\"dateModified\":\"2025-04-04T01:59:53+00:00\",\"breadcrumb\":{\"@id\":\"https:\/\/kaitekviajes.com.ar\/politica-de-privacidad\/#breadcrumb\"},\"inLanguage\":\"en-US\",\"potentialAction\":[{\"@type\":\"ReadAction\",\"target\":[\"https:\/\/kaitekviajes.com.ar\/politica-de-privacidad\/\"]}]},{\"@type\":\"BreadcrumbList\",\"@id\":\"https:\/\/kaitekviajes.com.ar\/politica-de-privacidad\/#breadcrumb\",\"itemListElement\":[{\"@type\":\"ListItem\",\"position\":1,\"name\":\"Portada\",\"item\":\"https:\/\/kaitekviajes.com.ar\/\"},{\"@type\":\"ListItem\",\"position\":2,\"name\":\"Pol\u00edtica de Privacidad\"}]},{\"@type\":\"WebSite\",\"@id\":\"https:\/\/kaitekviajes.com.ar\/#website\",\"url\":\"https:\/\/kaitekviajes.com.ar\/\",\"name\":\"Kaitek Viajes\",\"description\":\"Excursiones - Ushuaia y Tierra del Fuego, Patagonia\",\"publisher\":{\"@id\":\"https:\/\/kaitekviajes.com.ar\/#organization\"},\"potentialAction\":[{\"@type\":\"SearchAction\",\"target\":{\"@type\":\"EntryPoint\",\"urlTemplate\":\"https:\/\/kaitekviajes.com.ar\/?s={search_term_string}\"},\"query-input\":{\"@type\":\"PropertyValueSpecification\",\"valueRequired\":true,\"valueName\":\"search_term_string\"}}],\"inLanguage\":\"en-US\"},{\"@type\":\"Organization\",\"@id\":\"https:\/\/kaitekviajes.com.ar\/#organization\",\"name\":\"Kaitek Viajes\",\"url\":\"https:\/\/kaitekviajes.com.ar\/\",\"logo\":{\"@type\":\"ImageObject\",\"inLanguage\":\"en-US\",\"@id\":\"https:\/\/kaitekviajes.com.ar\/#\/schema\/logo\/image\/\",\"url\":\"https:\/\/kaitekviajes.com.ar\/wp-content\/uploads\/2023\/04\/cropped-Logo-Kaitek-completo.png\",\"contentUrl\":\"https:\/\/kaitekviajes.com.ar\/wp-content\/uploads\/2023\/04\/cropped-Logo-Kaitek-completo.png\",\"width\":1380,\"height\":706,\"caption\":\"Kaitek Viajes\"},\"image\":{\"@id\":\"https:\/\/kaitekviajes.com.ar\/#\/schema\/logo\/image\/\"}}]}<\/script>\n<!-- \/ Yoast SEO plugin. -->","yoast_head_json":{"title":"Pol\u00edtica de Privacidad - Kaitek Viajes","robots":{"index":"index","follow":"follow","max-snippet":"max-snippet:-1","max-image-preview":"max-image-preview:large","max-video-preview":"max-video-preview:-1"},"canonical":"https:\/\/kaitekviajes.com.ar\/en\/politica-de-privacidad\/?wmc-currency=USD","og_locale":"en_US","og_type":"article","og_title":"Pol\u00edtica de Privacidad - Kaitek Viajes","og_description":"La siguiente informaci\u00f3n sobre nuestra Pol\u00edtica de Privacidad refleja el compromiso de MERIDION TRAVEL COMPANY S.A.S. por mantener y garantizar relaciones comerciales seguras mediante la protecci\u00f3n de los datos personales, garantizando el derecho a la privacidad de cada uno de los usuarios de nuestros servicios. En este documento explicamos c\u00f3mo utilizamos los datos personales de [&hellip;]","og_url":"https:\/\/kaitekviajes.com.ar\/en\/politica-de-privacidad\/?wmc-currency=USD","og_site_name":"Kaitek Viajes","article_modified_time":"2025-04-04T01:59:53+00:00","twitter_card":"summary_large_image","twitter_misc":{"Est. reading time":"6 minutes"},"schema":{"@context":"https:\/\/schema.org","@graph":[{"@type":"WebPage","@id":"https:\/\/kaitekviajes.com.ar\/politica-de-privacidad\/","url":"https:\/\/kaitekviajes.com.ar\/politica-de-privacidad\/","name":"Pol\u00edtica de Privacidad - Kaitek Viajes","isPartOf":{"@id":"https:\/\/kaitekviajes.com.ar\/#website"},"datePublished":"2023-05-09T19:02:18+00:00","dateModified":"2025-04-04T01:59:53+00:00","breadcrumb":{"@id":"https:\/\/kaitekviajes.com.ar\/politica-de-privacidad\/#breadcrumb"},"inLanguage":"en-US","potentialAction":[{"@type":"ReadAction","target":["https:\/\/kaitekviajes.com.ar\/politica-de-privacidad\/"]}]},{"@type":"BreadcrumbList","@id":"https:\/\/kaitekviajes.com.ar\/politica-de-privacidad\/#breadcrumb","itemListElement":[{"@type":"ListItem","position":1,"name":"Portada","item":"https:\/\/kaitekviajes.com.ar\/"},{"@type":"ListItem","position":2,"name":"Pol\u00edtica de Privacidad"}]},{"@type":"WebSite","@id":"https:\/\/kaitekviajes.com.ar\/#website","url":"https:\/\/kaitekviajes.com.ar\/","name":"Kaitek Viajes","description":"Excursiones - Ushuaia y Tierra del Fuego, Patagonia","publisher":{"@id":"https:\/\/kaitekviajes.com.ar\/#organization"},"potentialAction":[{"@type":"SearchAction","target":{"@type":"EntryPoint","urlTemplate":"https:\/\/kaitekviajes.com.ar\/?s={search_term_string}"},"query-input":{"@type":"PropertyValueSpecification","valueRequired":true,"valueName":"search_term_string"}}],"inLanguage":"en-US"},{"@type":"Organization","@id":"https:\/\/kaitekviajes.com.ar\/#organization","name":"Kaitek Viajes","url":"https:\/\/kaitekviajes.com.ar\/","logo":{"@type":"ImageObject","inLanguage":"en-US","@id":"https:\/\/kaitekviajes.com.ar\/#\/schema\/logo\/image\/","url":"https:\/\/kaitekviajes.com.ar\/wp-content\/uploads\/2023\/04\/cropped-Logo-Kaitek-completo.png","contentUrl":"https:\/\/kaitekviajes.com.ar\/wp-content\/uploads\/2023\/04\/cropped-Logo-Kaitek-completo.png","width":1380,"height":706,"caption":"Kaitek Viajes"},"image":{"@id":"https:\/\/kaitekviajes.com.ar\/#\/schema\/logo\/image\/"}}]}},"_links":{"self":[{"href":"https:\/\/kaitekviajes.com.ar\/en\/wp-json\/wp\/v2\/pages\/609","targetHints":{"allow":["GET"]}}],"collection":[{"href":"https:\/\/kaitekviajes.com.ar\/en\/wp-json\/wp\/v2\/pages"}],"about":[{"href":"https:\/\/kaitekviajes.com.ar\/en\/wp-json\/wp\/v2\/types\/page"}],"author":[{"embeddable":true,"href":"https:\/\/kaitekviajes.com.ar\/en\/wp-json\/wp\/v2\/users\/2"}],"replies":[{"embeddable":true,"href":"https:\/\/kaitekviajes.com.ar\/en\/wp-json\/wp\/v2\/comments?post=609"}],"version-history":[{"count":16,"href":"https:\/\/kaitekviajes.com.ar\/en\/wp-json\/wp\/v2\/pages\/609\/revisions"}],"predecessor-version":[{"id":13301,"href":"https:\/\/kaitekviajes.com.ar\/en\/wp-json\/wp\/v2\/pages\/609\/revisions\/13301"}],"wp:attachment":[{"href":"https:\/\/kaitekviajes.com.ar\/en\/wp-json\/wp\/v2\/media?parent=609"}],"curies":[{"name":"wp","href":"https:\/\/api.w.org\/{rel}","templated":true}]}}