{"id":4798,"date":"2023-05-07T21:11:00","date_gmt":"2023-05-08T00:11:00","guid":{"rendered":"https:\/\/kaitekviajes.com.ar\/kaitek-viajes-uma-nova-forma-de-viajar\/"},"modified":"2023-08-07T17:46:03","modified_gmt":"2023-08-07T20:46:03","slug":"kaitek-viajes-uma-nova-forma-de-viajar","status":"publish","type":"page","link":"https:\/\/kaitekviajes.com.ar\/en\/kaitek-viajes-uma-nova-forma-de-viajar\/","title":{"rendered":"Kaitek Viajes, uma nova forma de viajar"},"content":{"rendered":"<div data-elementor-type=\"wp-page\" data-elementor-id=\"4798\" class=\"elementor elementor-4798\" data-elementor-post-type=\"page\">\n\t\t\t\t\t\t<section class=\"elementor-section elementor-top-section elementor-element elementor-element-390d987 elementor-section-full_width elementor-section-height-min-height elementor-section-stretched elementor-section-height-default elementor-section-items-middle\" data-id=\"390d987\" data-element_type=\"section\" data-e-type=\"section\" data-settings=\"{&quot;stretch_section&quot;:&quot;section-stretched&quot;,&quot;background_background&quot;:&quot;classic&quot;}\">\n\t\t\t\t\t\t\t<div class=\"elementor-background-overlay\"><\/div>\n\t\t\t\t\t\t\t<div class=\"elementor-container elementor-column-gap-default\">\n\t\t\t\t\t<div class=\"elementor-column elementor-col-100 elementor-top-column elementor-element elementor-element-2ae9dd8\" data-id=\"2ae9dd8\" data-element_type=\"column\" data-e-type=\"column\">\n\t\t\t<div class=\"elementor-widget-wrap elementor-element-populated\">\n\t\t\t\t\t\t<div class=\"elementor-element elementor-element-80982b0 elementor-widget elementor-widget-heading\" data-id=\"80982b0\" data-element_type=\"widget\" data-e-type=\"widget\" data-widget_type=\"heading.default\">\n\t\t\t\t\t<h1 class=\"elementor-heading-title elementor-size-default\">A new way to travel<\/h1>\t\t\t\t<\/div>\n\t\t\t\t\t<\/div>\n\t\t<\/div>\n\t\t\t\t\t<\/div>\n\t\t<\/section>\n\t\t\t\t<section class=\"elementor-section elementor-top-section elementor-element elementor-element-8543a9f elementor-section-boxed elementor-section-height-default elementor-section-height-default\" data-id=\"8543a9f\" data-element_type=\"section\" data-e-type=\"section\">\n\t\t\t\t\t\t<div class=\"elementor-container elementor-column-gap-default\">\n\t\t\t\t\t<div class=\"elementor-column elementor-col-100 elementor-top-column elementor-element elementor-element-99d911d\" data-id=\"99d911d\" data-element_type=\"column\" data-e-type=\"column\">\n\t\t\t<div class=\"elementor-widget-wrap elementor-element-populated\">\n\t\t\t\t\t\t<div class=\"elementor-element elementor-element-f01cdfc elementor-widget elementor-widget-text-editor\" data-id=\"f01cdfc\" data-element_type=\"widget\" data-e-type=\"widget\" data-widget_type=\"text-editor.default\">\n\t\t\t\t\t\t\t\t\t<div class=\"container\">\n<div class=\"wrapper_contenidos\">\n<p><strong>To Kaitek Travel<\/strong> It will be launched at the end of 2018, as a Travel and Tourism Company. O your founder, <strong>German Cesar Ausili<\/strong>, with more than 22 years of experience in the Travel and Tourism sector.<\/p>\n<p>Germ\u00e1n Ausili is a University Tourism Guide, Technician in Tourism Entrepreneurship and Bacharel in Tourism with specialized academic training in Tourism Business Administration. I have worked in the sector as Operator in Charge of Antarctic Crossing Operations and Large Transport Companies, Shipping Agent, Manager of a Hotel Complex and as Manager of a Travel Company since 2010.<\/p>\n<p>With the creation of Kaitek Viajes, the main objective of its founder was that the clients who accompany its actions, like everything else in the market in question, can count on a company that offers a new way of traveling, personalized, with attention 24 hours a day and attentive to the constant demands of its clients.<\/p>\n<p>Kaitek means Light, Energy in the native Y\u00e1mana language, aborigines of Ushuaia and Tierra del Fuego, Argentina. In this way, and as the name of the company indicates \u201cMeridion Travel Company\u201d, it is reinforced by the concept of Light, Energy and positive atmosphere that has been sought from the creation of the company.<\/p>\n<p>At the same time, we provide services and messages that the company promotes, using different Y\u00e1mana terms, with the objective of promoting our native language and, thus, keeping alive the tradition of our ancestors.<\/p>\n<p>The company has a solid know-how, both in respect to the attention of our business clients, packages for Cara\u00edbas, Brazil, Europe, exotic destinations, travelers around the world, and in providing services in a more professional and humane way to the market.<\/p>\n<p>Germ\u00e1n has been the promoter of group trips to Cara\u00edbas and the World, starting from Ushuaia and in \u201cFriends\u201d groups. In this way, Kaitek Viajes has this enormous potential, to continue developing this line of services, to continue to make the planet more fun and complete.<br \/>It also provides services for the entry market, with numerous programs in Argentina, Ushuaia and Tierra del Fuego.<\/p>\n<\/div>\n<\/div>\n\t\t\t\t\t\t\t\t<\/div>\n\t\t\t\t<div class=\"elementor-element elementor-element-1396a03 elementor-widget elementor-widget-video\" data-id=\"1396a03\" data-element_type=\"widget\" data-e-type=\"widget\" data-settings=\"{&quot;youtube_url&quot;:&quot;https:\\\/\\\/www.youtube.com\\\/watch?v=IOwhJD_T0og&amp;ab_channel=KaitekViajes&quot;,&quot;video_type&quot;:&quot;youtube&quot;,&quot;controls&quot;:&quot;yes&quot;}\" data-widget_type=\"video.default\">\n\t\t\t\t\t\t\t<div class=\"elementor-wrapper elementor-open-inline\">\n\t\t\t<div class=\"elementor-video\"><\/div>\t\t<\/div>\n\t\t\t\t\t\t<\/div>\n\t\t\t\t\t<\/div>\n\t\t<\/div>\n\t\t\t\t\t<\/div>\n\t\t<\/section>\n\t\t\t\t<\/div>","protected":false},"excerpt":{"rendered":"<p>Uma nova forma de viajar A Kaitek Viajes teve a sua g\u00e9nese no final de 2018, como uma Empresa de Viagens e Turismo. O seu fundador, Germ\u00e1n C\u00e9sar Ausili, tem mais de 22 anos de experi\u00eancia no sector das Viagens e Turismo. Germ\u00e1n Ausili \u00e9 Guia de Turismo Universit\u00e1rio, T\u00e9cnico em Empreendimentos Tur\u00edsticos e Bacharel [&hellip;]<\/p>","protected":false},"author":2,"featured_media":0,"parent":0,"menu_order":0,"comment_status":"closed","ping_status":"closed","template":"","meta":{"_joinchat":[],"footnotes":""},"class_list":["post-4798","page","type-page","status-publish","hentry"],"yoast_head":"<!-- This site is optimized with the Yoast SEO plugin v27.2 - https:\/\/yoast.com\/product\/yoast-seo-wordpress\/ -->\n<title>Kaitek Viajes, uma nova forma de viajar - Kaitek Viajes<\/title>\n<meta name=\"robots\" content=\"index, follow, max-snippet:-1, max-image-preview:large, max-video-preview:-1\" \/>\n<link rel=\"canonical\" href=\"https:\/\/kaitekviajes.com.ar\/en\/kaitek-viajes-uma-nova-forma-de-viajar\/?wmc-currency=USD\" \/>\n<meta property=\"og:locale\" content=\"en_US\" \/>\n<meta property=\"og:type\" content=\"article\" \/>\n<meta property=\"og:title\" content=\"Kaitek Viajes, uma nova forma de viajar - Kaitek Viajes\" \/>\n<meta property=\"og:description\" content=\"Uma nova forma de viajar A Kaitek Viajes teve a sua g\u00e9nese no final de 2018, como uma Empresa de Viagens e Turismo. O seu fundador, Germ\u00e1n C\u00e9sar Ausili, tem mais de 22 anos de experi\u00eancia no sector das Viagens e Turismo. Germ\u00e1n Ausili \u00e9 Guia de Turismo Universit\u00e1rio, T\u00e9cnico em Empreendimentos Tur\u00edsticos e Bacharel [&hellip;]\" \/>\n<meta property=\"og:url\" content=\"https:\/\/kaitekviajes.com.ar\/en\/kaitek-viajes-uma-nova-forma-de-viajar\/?wmc-currency=USD\" \/>\n<meta property=\"og:site_name\" content=\"Kaitek Viajes\" \/>\n<meta property=\"article:modified_time\" content=\"2023-08-07T20:46:03+00:00\" \/>\n<meta name=\"twitter:card\" content=\"summary_large_image\" \/>\n<meta name=\"twitter:label1\" content=\"Est. reading time\" \/>\n\t<meta name=\"twitter:data1\" content=\"2 minutes\" \/>\n<script type=\"application\/ld+json\" class=\"yoast-schema-graph\">{\"@context\":\"https:\/\/schema.org\",\"@graph\":[{\"@type\":\"WebPage\",\"@id\":\"https:\/\/kaitekviajes.com.ar\/kaitek-viajes-uma-nova-forma-de-viajar\/\",\"url\":\"https:\/\/kaitekviajes.com.ar\/kaitek-viajes-uma-nova-forma-de-viajar\/\",\"name\":\"Kaitek Viajes, uma nova forma de viajar - Kaitek Viajes\",\"isPartOf\":{\"@id\":\"https:\/\/kaitekviajes.com.ar\/#website\"},\"datePublished\":\"2023-05-08T00:11:00+00:00\",\"dateModified\":\"2023-08-07T20:46:03+00:00\",\"breadcrumb\":{\"@id\":\"https:\/\/kaitekviajes.com.ar\/kaitek-viajes-uma-nova-forma-de-viajar\/#breadcrumb\"},\"inLanguage\":\"en-US\",\"potentialAction\":[{\"@type\":\"ReadAction\",\"target\":[\"https:\/\/kaitekviajes.com.ar\/kaitek-viajes-uma-nova-forma-de-viajar\/\"]}]},{\"@type\":\"BreadcrumbList\",\"@id\":\"https:\/\/kaitekviajes.com.ar\/kaitek-viajes-uma-nova-forma-de-viajar\/#breadcrumb\",\"itemListElement\":[{\"@type\":\"ListItem\",\"position\":1,\"name\":\"Portada\",\"item\":\"https:\/\/kaitekviajes.com.ar\/\"},{\"@type\":\"ListItem\",\"position\":2,\"name\":\"Kaitek Viajes, uma nova forma de viajar\"}]},{\"@type\":\"WebSite\",\"@id\":\"https:\/\/kaitekviajes.com.ar\/#website\",\"url\":\"https:\/\/kaitekviajes.com.ar\/\",\"name\":\"Kaitek Viajes\",\"description\":\"Excursiones - Ushuaia y Tierra del Fuego, Patagonia\",\"publisher\":{\"@id\":\"https:\/\/kaitekviajes.com.ar\/#organization\"},\"potentialAction\":[{\"@type\":\"SearchAction\",\"target\":{\"@type\":\"EntryPoint\",\"urlTemplate\":\"https:\/\/kaitekviajes.com.ar\/?s={search_term_string}\"},\"query-input\":{\"@type\":\"PropertyValueSpecification\",\"valueRequired\":true,\"valueName\":\"search_term_string\"}}],\"inLanguage\":\"en-US\"},{\"@type\":\"Organization\",\"@id\":\"https:\/\/kaitekviajes.com.ar\/#organization\",\"name\":\"Kaitek Viajes\",\"url\":\"https:\/\/kaitekviajes.com.ar\/\",\"logo\":{\"@type\":\"ImageObject\",\"inLanguage\":\"en-US\",\"@id\":\"https:\/\/kaitekviajes.com.ar\/#\/schema\/logo\/image\/\",\"url\":\"https:\/\/kaitekviajes.com.ar\/wp-content\/uploads\/2023\/04\/cropped-Logo-Kaitek-completo.png\",\"contentUrl\":\"https:\/\/kaitekviajes.com.ar\/wp-content\/uploads\/2023\/04\/cropped-Logo-Kaitek-completo.png\",\"width\":1380,\"height\":706,\"caption\":\"Kaitek Viajes\"},\"image\":{\"@id\":\"https:\/\/kaitekviajes.com.ar\/#\/schema\/logo\/image\/\"}}]}<\/script>\n<!-- \/ Yoast SEO plugin. -->","yoast_head_json":{"title":"Kaitek Viajes, uma nova forma de viajar - Kaitek Viajes","robots":{"index":"index","follow":"follow","max-snippet":"max-snippet:-1","max-image-preview":"max-image-preview:large","max-video-preview":"max-video-preview:-1"},"canonical":"https:\/\/kaitekviajes.com.ar\/en\/kaitek-viajes-uma-nova-forma-de-viajar\/?wmc-currency=USD","og_locale":"en_US","og_type":"article","og_title":"Kaitek Viajes, uma nova forma de viajar - Kaitek Viajes","og_description":"Uma nova forma de viajar A Kaitek Viajes teve a sua g\u00e9nese no final de 2018, como uma Empresa de Viagens e Turismo. O seu fundador, Germ\u00e1n C\u00e9sar Ausili, tem mais de 22 anos de experi\u00eancia no sector das Viagens e Turismo. Germ\u00e1n Ausili \u00e9 Guia de Turismo Universit\u00e1rio, T\u00e9cnico em Empreendimentos Tur\u00edsticos e Bacharel [&hellip;]","og_url":"https:\/\/kaitekviajes.com.ar\/en\/kaitek-viajes-uma-nova-forma-de-viajar\/?wmc-currency=USD","og_site_name":"Kaitek Viajes","article_modified_time":"2023-08-07T20:46:03+00:00","twitter_card":"summary_large_image","twitter_misc":{"Est. reading time":"2 minutes"},"schema":{"@context":"https:\/\/schema.org","@graph":[{"@type":"WebPage","@id":"https:\/\/kaitekviajes.com.ar\/kaitek-viajes-uma-nova-forma-de-viajar\/","url":"https:\/\/kaitekviajes.com.ar\/kaitek-viajes-uma-nova-forma-de-viajar\/","name":"Kaitek Viajes, uma nova forma de viajar - Kaitek Viajes","isPartOf":{"@id":"https:\/\/kaitekviajes.com.ar\/#website"},"datePublished":"2023-05-08T00:11:00+00:00","dateModified":"2023-08-07T20:46:03+00:00","breadcrumb":{"@id":"https:\/\/kaitekviajes.com.ar\/kaitek-viajes-uma-nova-forma-de-viajar\/#breadcrumb"},"inLanguage":"en-US","potentialAction":[{"@type":"ReadAction","target":["https:\/\/kaitekviajes.com.ar\/kaitek-viajes-uma-nova-forma-de-viajar\/"]}]},{"@type":"BreadcrumbList","@id":"https:\/\/kaitekviajes.com.ar\/kaitek-viajes-uma-nova-forma-de-viajar\/#breadcrumb","itemListElement":[{"@type":"ListItem","position":1,"name":"Portada","item":"https:\/\/kaitekviajes.com.ar\/"},{"@type":"ListItem","position":2,"name":"Kaitek Viajes, uma nova forma de viajar"}]},{"@type":"WebSite","@id":"https:\/\/kaitekviajes.com.ar\/#website","url":"https:\/\/kaitekviajes.com.ar\/","name":"Kaitek Viajes","description":"Excursiones - Ushuaia y Tierra del Fuego, Patagonia","publisher":{"@id":"https:\/\/kaitekviajes.com.ar\/#organization"},"potentialAction":[{"@type":"SearchAction","target":{"@type":"EntryPoint","urlTemplate":"https:\/\/kaitekviajes.com.ar\/?s={search_term_string}"},"query-input":{"@type":"PropertyValueSpecification","valueRequired":true,"valueName":"search_term_string"}}],"inLanguage":"en-US"},{"@type":"Organization","@id":"https:\/\/kaitekviajes.com.ar\/#organization","name":"Kaitek Viajes","url":"https:\/\/kaitekviajes.com.ar\/","logo":{"@type":"ImageObject","inLanguage":"en-US","@id":"https:\/\/kaitekviajes.com.ar\/#\/schema\/logo\/image\/","url":"https:\/\/kaitekviajes.com.ar\/wp-content\/uploads\/2023\/04\/cropped-Logo-Kaitek-completo.png","contentUrl":"https:\/\/kaitekviajes.com.ar\/wp-content\/uploads\/2023\/04\/cropped-Logo-Kaitek-completo.png","width":1380,"height":706,"caption":"Kaitek Viajes"},"image":{"@id":"https:\/\/kaitekviajes.com.ar\/#\/schema\/logo\/image\/"}}]}},"_links":{"self":[{"href":"https:\/\/kaitekviajes.com.ar\/en\/wp-json\/wp\/v2\/pages\/4798","targetHints":{"allow":["GET"]}}],"collection":[{"href":"https:\/\/kaitekviajes.com.ar\/en\/wp-json\/wp\/v2\/pages"}],"about":[{"href":"https:\/\/kaitekviajes.com.ar\/en\/wp-json\/wp\/v2\/types\/page"}],"author":[{"embeddable":true,"href":"https:\/\/kaitekviajes.com.ar\/en\/wp-json\/wp\/v2\/users\/2"}],"replies":[{"embeddable":true,"href":"https:\/\/kaitekviajes.com.ar\/en\/wp-json\/wp\/v2\/comments?post=4798"}],"version-history":[{"count":1,"href":"https:\/\/kaitekviajes.com.ar\/en\/wp-json\/wp\/v2\/pages\/4798\/revisions"}],"predecessor-version":[{"id":4808,"href":"https:\/\/kaitekviajes.com.ar\/en\/wp-json\/wp\/v2\/pages\/4798\/revisions\/4808"}],"wp:attachment":[{"href":"https:\/\/kaitekviajes.com.ar\/en\/wp-json\/wp\/v2\/media?parent=4798"}],"curies":[{"name":"wp","href":"https:\/\/api.w.org\/{rel}","templated":true}]}}