{"id":4793,"date":"2023-05-09T16:17:37","date_gmt":"2023-05-09T19:17:37","guid":{"rendered":"https:\/\/kaitekviajes.com.ar\/termos-e-condicoes\/"},"modified":"2023-08-07T17:46:05","modified_gmt":"2023-08-07T20:46:05","slug":"termos-e-condicoes","status":"publish","type":"page","link":"https:\/\/kaitekviajes.com.ar\/en\/termos-e-condicoes\/","title":{"rendered":"Termos e condi\u00e7\u00f5es"},"content":{"rendered":"<div data-elementor-type=\"wp-page\" data-elementor-id=\"4793\" class=\"elementor elementor-4793\" data-elementor-post-type=\"page\">\n\t\t\t\t\t\t<section class=\"elementor-section elementor-top-section elementor-element elementor-element-fbd1f16 elementor-section-full_width elementor-section-height-min-height elementor-section-stretched elementor-section-height-default elementor-section-items-middle\" data-id=\"fbd1f16\" data-element_type=\"section\" data-e-type=\"section\" data-settings=\"{&quot;stretch_section&quot;:&quot;section-stretched&quot;,&quot;background_background&quot;:&quot;classic&quot;}\">\n\t\t\t\t\t\t\t<div class=\"elementor-background-overlay\"><\/div>\n\t\t\t\t\t\t\t<div class=\"elementor-container elementor-column-gap-default\">\n\t\t\t\t\t<div class=\"elementor-column elementor-col-100 elementor-top-column elementor-element elementor-element-b61072f\" data-id=\"b61072f\" data-element_type=\"column\" data-e-type=\"column\">\n\t\t\t<div class=\"elementor-widget-wrap elementor-element-populated\">\n\t\t\t\t\t\t<div class=\"elementor-element elementor-element-6fa5004 elementor-widget elementor-widget-heading\" data-id=\"6fa5004\" data-element_type=\"widget\" data-e-type=\"widget\" data-widget_type=\"heading.default\">\n\t\t\t\t\t<h1 class=\"elementor-heading-title elementor-size-default\">Termos e condi\u00e7\u00f5es<\/h1>\t\t\t\t<\/div>\n\t\t\t\t\t<\/div>\n\t\t<\/div>\n\t\t\t\t\t<\/div>\n\t\t<\/section>\n\t\t\t\t<section class=\"elementor-section elementor-top-section elementor-element elementor-element-09a377f elementor-section-stretched elementor-section-boxed elementor-section-height-default elementor-section-height-default\" data-id=\"09a377f\" data-element_type=\"section\" data-e-type=\"section\" data-settings=\"{&quot;stretch_section&quot;:&quot;section-stretched&quot;}\">\n\t\t\t\t\t\t<div class=\"elementor-container elementor-column-gap-default\">\n\t\t\t\t\t<div class=\"elementor-column elementor-col-100 elementor-top-column elementor-element elementor-element-41c755c\" data-id=\"41c755c\" data-element_type=\"column\" data-e-type=\"column\">\n\t\t\t<div class=\"elementor-widget-wrap elementor-element-populated\">\n\t\t\t\t\t\t<div class=\"elementor-element elementor-element-7eda03a elementor-widget elementor-widget-text-editor\" data-id=\"7eda03a\" data-element_type=\"widget\" data-e-type=\"widget\" data-widget_type=\"text-editor.default\">\n\t\t\t\t\t\t\t\t\t<div><strong>MERIDION TRAVEL COMPANY SAS<\/strong>. \u2013 File no. 17,508 \u2013 Situa\u00e7\u00e3o do IVA: Respons\u00e1vel pelo VAT \u2013 No.: 17,508 \u2013 Situa\u00e7\u00e3o do IVA: Respons\u00e1vel pelo VAT \u2013 No.: 17,508. Tax identification number (CUIT) 30-71627741-7<\/div>\n\t\t\t\t\t\t\t\t<\/div>\n\t\t\t\t<div class=\"elementor-element elementor-element-4b7a67e elementor-widget elementor-widget-heading\" data-id=\"4b7a67e\" data-element_type=\"widget\" data-e-type=\"widget\" data-widget_type=\"heading.default\">\n\t\t\t\t\t<h2 class=\"elementor-heading-title elementor-size-default\">Currency of payment<\/h2>\t\t\t\t<\/div>\n\t\t\t\t<div class=\"elementor-element elementor-element-293e0d3 elementor-widget elementor-widget-text-editor\" data-id=\"293e0d3\" data-element_type=\"widget\" data-e-type=\"widget\" data-widget_type=\"text-editor.default\">\n\t\t\t\t\t\t\t\t\t<div>Our prices are in Argentine pesos. In dollars, euros or reais, these prices vary according to the exchange rate that your credit card may apply at the time of payment. For its application, it is used to change sales tax. <a href=\"https:\/\/www.bna.com.ar\" target=\"_blank\" rel=\"noopener\">www.bna.com.ar<\/a>.<\/div>\n\t\t\t\t\t\t\t\t<\/div>\n\t\t\t\t<div class=\"elementor-element elementor-element-beb039b elementor-widget elementor-widget-heading\" data-id=\"beb039b\" data-element_type=\"widget\" data-e-type=\"widget\" data-widget_type=\"heading.default\">\n\t\t\t\t\t<h2 class=\"elementor-heading-title elementor-size-default\">2) Exoneration of liability<\/h2>\t\t\t\t<\/div>\n\t\t\t\t<div class=\"elementor-element elementor-element-2fcbe57 elementor-widget elementor-widget-text-editor\" data-id=\"2fcbe57\" data-element_type=\"widget\" data-e-type=\"widget\" data-widget_type=\"text-editor.default\">\n\t\t\t\t\t\t\t\t\t<div>To avoid doubts, check that your browser does not show our prices in Argentine pesos, which is the standard currency presented on this site and in which our services will be charged.<\/div>\n\t\t\t\t\t\t\t\t<\/div>\n\t\t\t\t<div class=\"elementor-element elementor-element-3e7ccf5 elementor-widget elementor-widget-heading\" data-id=\"3e7ccf5\" data-element_type=\"widget\" data-e-type=\"widget\" data-widget_type=\"heading.default\">\n\t\t\t\t\t<h2 class=\"elementor-heading-title elementor-size-default\">3. Os pre\u00e7os incluem<\/h2>\t\t\t\t<\/div>\n\t\t\t\t<div class=\"elementor-element elementor-element-5439c48 elementor-widget elementor-widget-text-editor\" data-id=\"5439c48\" data-element_type=\"widget\" data-e-type=\"widget\" data-widget_type=\"text-editor.default\">\n\t\t\t\t\t\t\t\t\t<ul>\n<li>Transport specified in each two itineraries.<\/li>\n<li>Accommodation in the hotels mentioned in our itineraries or in our similar hotels, in the case of force maior, for those who, in this last case, will be respected under the conditions of the same reserved category.<\/li>\n<li>Refei\u00e7\u00f5es as indicated at every opportunity.<\/li>\n<li>Visits and excursions as mentioned. Transfers to airports, terminals and hotels, when indicated.<\/li>\n<\/ul>\n\t\t\t\t\t\t\t\t<\/div>\n\t\t\t\t<div class=\"elementor-element elementor-element-ab9b438 elementor-widget elementor-widget-heading\" data-id=\"ab9b438\" data-element_type=\"widget\" data-e-type=\"widget\" data-widget_type=\"heading.default\">\n\t\t\t\t\t<h2 class=\"elementor-heading-title elementor-size-default\">4. Documentation and specific requirements<\/h2>\t\t\t\t<\/div>\n\t\t\t\t<div class=\"elementor-element elementor-element-5123775 elementor-widget elementor-widget-text-editor\" data-id=\"5123775\" data-element_type=\"widget\" data-e-type=\"widget\" data-widget_type=\"text-editor.default\">\n\t\t\t\t\t\t\t\t\t<div>To travel abroad, it is necessary to respect the legislation in force in each case. The documentation and visas are of a strictly personal nature, which gives exclusive responsibility for the passage of two documents and visas in perfect condition and in force, once you have been previously informed in a reliable manner about the requirements of the immigration, customs and health authorities of the destinations included in the trip. The organizer cannot be held responsible for any inconveniences suffered by passengers who do not have adequate documentation. If you are unable to travel for these reasons, you will lose the entire amount for services contracted without a claim. Passengers are responsible for fulfilling two vaccination requirements in the countries that require them.<\/div>\n\t\t\t\t\t\t\t\t<\/div>\n\t\t\t\t<div class=\"elementor-element elementor-element-f9fcf00 elementor-widget elementor-widget-heading\" data-id=\"f9fcf00\" data-element_type=\"widget\" data-e-type=\"widget\" data-widget_type=\"heading.default\">\n\t\t\t\t\t<h2 class=\"elementor-heading-title elementor-size-default\">5. Limitations of residence rights<\/h2>\t\t\t\t<\/div>\n\t\t\t\t<div class=\"elementor-element elementor-element-7112b9b elementor-widget elementor-widget-text-editor\" data-id=\"7112b9b\" data-element_type=\"widget\" data-e-type=\"widget\" data-widget_type=\"text-editor.default\">\n\t\t\t\t\t\t\t\t\t<div>Meridion Travel Company SAS reserves the right to force any passenger to abandon the excursion at any time, whose conduct, behavior, state of health or other serious reasons, in the opinion of the company, cause danger or discomfort to other travelers or may compromise the success of the excursion or the normal unrolling of the same. In this case, the passenger will have the right to reimbursement for two days not used in the trip, without any type of compensation and at your own expense as well as cancellation charges incurred.<\/div>\n\t\t\t\t\t\t\t\t<\/div>\n\t\t\t\t<div class=\"elementor-element elementor-element-a22dfe5 elementor-widget elementor-widget-heading\" data-id=\"a22dfe5\" data-element_type=\"widget\" data-e-type=\"widget\" data-widget_type=\"heading.default\">\n\t\t\t\t\t<h2 class=\"elementor-heading-title elementor-size-default\">6. Cancellation policy<\/h2>\t\t\t\t<\/div>\n\t\t\t\t<div class=\"elementor-element elementor-element-7900f59 elementor-widget elementor-widget-text-editor\" data-id=\"7900f59\" data-element_type=\"widget\" data-e-type=\"widget\" data-widget_type=\"text-editor.default\">\n\t\t\t\t\t\t\t\t\t<div>In case of cancellation within a limit of 7 days before service, Meridion Travel Company SAS will refund 100% of the payment value in Argentine pesos to the client.<\/div>\n<div> <\/div>\n<div>Any user who intends to contract our services must clarify this fact:<\/div>\n<div>If you cancel between 3 and 6 days before the date of the first contracted service, you will receive a refund of 50% of the value paid in Argentine pesos. The cancellation tax is 50% of the total reservation amount.<\/div>\n<div>If the cancellation is made within 2 calendar days before the date of the first contracted service, there will be no refund: in this case, the cancellation tax is 100% of the amount paid in Argentine pesos.<\/div>\n<div> <\/div>\n<div>As exceptions to this policy, there are only cancellations or remarks of your two flights to Ushuaia, which prevent you from using the contracted services. In this case, you must inform us of the PNR or LOC code of your flight reservation so that we can verify the history of the flight reservation. After verifying your cancellation or rescheduling, you will receive a refund from 100%.<\/div>\n<div> <\/div>\n<div>Please note that the transaction currency is Argentine pesos and that its value may be subject to taxes, direitos, foreign transactions, exchange taxes or other taxes. Your bank or credit or debit card company may convert the payment for our local currency and collect taxes, or it may create differences between the amount indicated in the collection that we will charge to your credit card and the final amount that your credit card will charge. Contact your bank or card company if you have any questions about any conversation or applicable tax.<\/div>\n\t\t\t\t\t\t\t\t<\/div>\n\t\t\t\t<div class=\"elementor-element elementor-element-45bf745 elementor-widget elementor-widget-heading\" data-id=\"45bf745\" data-element_type=\"widget\" data-e-type=\"widget\" data-widget_type=\"heading.default\">\n\t\t\t\t\t<h2 class=\"elementor-heading-title elementor-size-default\">7. Climacteric conditions and excursions<\/h2>\t\t\t\t<\/div>\n\t\t\t\t<div class=\"elementor-element elementor-element-ce5833e elementor-widget elementor-widget-text-editor\" data-id=\"ce5833e\" data-element_type=\"widget\" data-e-type=\"widget\" data-widget_type=\"text-editor.default\">\n\t\t\t\t\t\t\t\t\t<div>Once the weather here changes or the time varies greatly from one moment to another, we do not cancel our excursions due to rain or any thing that the passage may consider as &quot;mean time.&quot;<\/div>\n<div>\n<div> <\/div>\n<div>The excursions that involve caiaque or sailing in the Beagle Channel are passes that depend very much on the wind conditions. If you are responsible for these excursions due to the expected wind being considered too strong for the planned excursions to be as pleasant or safe as they should be, these excursions may be modified or canceled, meaning that these excursions (caiaque and sailing) or cancellation of the itinerary will hardly be the case. will give the client the right to receive a refund of 100% of the amount paid in Argentine pesos.<\/div>\n<\/div>\n\t\t\t\t\t\t\t\t<\/div>\n\t\t\t\t<div class=\"elementor-element elementor-element-c307369 elementor-widget elementor-widget-heading\" data-id=\"c307369\" data-element_type=\"widget\" data-e-type=\"widget\" data-widget_type=\"heading.default\">\n\t\t\t\t\t<h2 class=\"elementor-heading-title elementor-size-default\">8. Pol\u00edticas de seguran\u00e7a<\/h2>\t\t\t\t<\/div>\n\t\t\t\t<div class=\"elementor-element elementor-element-b901c76 elementor-widget elementor-widget-text-editor\" data-id=\"b901c76\" data-element_type=\"widget\" data-e-type=\"widget\" data-widget_type=\"text-editor.default\">\n\t\t\t\t\t\t\t\t\t<div>In all excursions that are exposed to weather conditions or trips outside of Spain, the sections that the guides can modify or cancel are considered necessary to ensure safety and safe passage. These alterations are very contradictory and do not give rise to claims or refund rights.<\/div>\n<div> <\/div>\n<div>\n<div>In all circumstances, all passengers must follow the instructions in the guides.<\/div>\n<\/div>\n<div>\n<div> <\/div>\n<div>All excursions offered on this site are supervised by Meridion Travel Company SAS and local authorities and meet all legal and safety requirements.<\/div>\n<\/div>\n\t\t\t\t\t\t\t\t<\/div>\n\t\t\t\t<div class=\"elementor-element elementor-element-daf2b14 elementor-widget elementor-widget-heading\" data-id=\"daf2b14\" data-element_type=\"widget\" data-e-type=\"widget\" data-widget_type=\"heading.default\">\n\t\t\t\t\t<h2 class=\"elementor-heading-title elementor-size-default\">9. Restri\u00e7\u00f5es de idade<\/h2>\t\t\t\t<\/div>\n\t\t\t\t<div class=\"elementor-element elementor-element-c6ad914 elementor-widget elementor-widget-text-editor\" data-id=\"c6ad914\" data-element_type=\"widget\" data-e-type=\"widget\" data-widget_type=\"text-editor.default\">\n\t\t\t\t\t\t\t\t\t<div>Children under 18 years of age must be accompanied by an adult. Regular excursions allow children under 5 years of age. In case of any offered on company excursions, or trekking of any type of difficulty, these activities are not permitted to children under 5 years of age. We offer private services (tailored) for families with small children.<\/div>\n\t\t\t\t\t\t\t\t<\/div>\n\t\t\t\t<div class=\"elementor-element elementor-element-33c5325 elementor-widget elementor-widget-heading\" data-id=\"33c5325\" data-element_type=\"widget\" data-e-type=\"widget\" data-widget_type=\"heading.default\">\n\t\t\t\t\t<h2 class=\"elementor-heading-title elementor-size-default\">10. Gerais Requirements<\/h2>\t\t\t\t<\/div>\n\t\t\t\t<div class=\"elementor-element elementor-element-d7c51e4 elementor-widget elementor-widget-text-editor\" data-id=\"d7c51e4\" data-element_type=\"widget\" data-e-type=\"widget\" data-widget_type=\"text-editor.default\">\n\t\t\t\t\t\t\t\t\t<div>To travel to any foreign country as a tourist, it is necessary to have a return ticket to Argentina and a maximum stay at the destination cannot exceed 90 days (with exceptions, consult the corresponding Consulate). Other non-formal requirements may also be required (for example, sufficient funds to support your stay, accommodation arrangements, etc.), which must be consulted with the competent Consulate.<\/div>\n\t\t\t\t\t\t\t\t<\/div>\n\t\t\t\t<div class=\"elementor-element elementor-element-30b8ada elementor-widget elementor-widget-heading\" data-id=\"30b8ada\" data-element_type=\"widget\" data-e-type=\"widget\" data-widget_type=\"heading.default\">\n\t\t\t\t\t<h2 class=\"elementor-heading-title elementor-size-default\">11. Arbitration clause<\/h2>\t\t\t\t<\/div>\n\t\t\t\t<div class=\"elementor-element elementor-element-f952b63 elementor-widget elementor-widget-text-editor\" data-id=\"f952b63\" data-element_type=\"widget\" data-e-type=\"widget\" data-widget_type=\"text-editor.default\">\n\t\t\t\t\t\t\t\t\t<div>Any question relating to the celebration, execution, breach, extension or termination of this contract may be submitted by both parties to the Arbitration Tribunal of the Argentine Association of Travel and Tourism Agencies and\/or to the Arbitration Tribunals that function in their Regional Tribunals. In case of submission to such jurisdiction, the contracting parties agree to be bound and agree to all the conditions established in the Regulation of the Arbitration Tribunal.<\/div>\n\t\t\t\t\t\t\t\t<\/div>\n\t\t\t\t<div class=\"elementor-element elementor-element-59d0356 elementor-widget elementor-widget-heading\" data-id=\"59d0356\" data-element_type=\"widget\" data-e-type=\"widget\" data-widget_type=\"heading.default\">\n\t\t\t\t\t<h2 class=\"elementor-heading-title elementor-size-default\">12. Regras de aplica\u00e7\u00e3o<\/h2>\t\t\t\t<\/div>\n\t\t\t\t<div class=\"elementor-element elementor-element-a1e5ea2 elementor-widget elementor-widget-text-editor\" data-id=\"a1e5ea2\" data-element_type=\"widget\" data-e-type=\"widget\" data-widget_type=\"text-editor.default\">\n\t\t\t\t\t\t\t\t\t<div>This contract is for the eventual provision of services governed exclusively by the present conditions, under Law No. 18,829 and the respective regulation and regulation of the Brussels Convention approved under Law No. 19,918. This provision does not prejudice the provisions relating to liability for transport accidents. These conditions, together with the remaining documentation provided to the passengers, constitute the Travel Contract established by the above-mentioned Convention.<\/div>\n\t\t\t\t\t\t\t\t<\/div>\n\t\t\t\t<div class=\"elementor-element elementor-element-f2364ce elementor-widget elementor-widget-heading\" data-id=\"f2364ce\" data-element_type=\"widget\" data-e-type=\"widget\" data-widget_type=\"heading.default\">\n\t\t\t\t\t<h2 class=\"elementor-heading-title elementor-size-default\">13. Jurisdiction and competition<\/h2>\t\t\t\t<\/div>\n\t\t\t\t<div class=\"elementor-element elementor-element-33417b6 elementor-widget elementor-widget-text-editor\" data-id=\"33417b6\" data-element_type=\"widget\" data-e-type=\"widget\" data-widget_type=\"text-editor.default\">\n\t\t\t\t\t\t\t\t\t<div>Any question relating to the celebration, execution, breach, extension or termination of this contract will be submitted by both parties to the ordinary courts of the Commercial Court of the Federal Capital.<\/div>\n<div> <\/div>\n<div>\n<div class=\"container\">\n<div class=\"wrapper_contenidos\">\n<div>To oil the Conditions Gerais de Venda, tomo conhecimento e aceito o acima exposto.<\/div>\n<\/div>\n<\/div>\n<\/div>\n\t\t\t\t\t\t\t\t<\/div>\n\t\t\t\t\t<\/div>\n\t\t<\/div>\n\t\t\t\t\t<\/div>\n\t\t<\/section>\n\t\t\t\t<\/div>","protected":false},"excerpt":{"rendered":"<p>MERIDION TRAVEL COMPANY S.A.S. &#8211; Ficheiro n\u00ba. 17.508 &#8211; Situa\u00e7\u00e3o do IVA: Respons\u00e1vel pelo IVA &#8211; N.\u00ba: 17.508 &#8211; Situa\u00e7\u00e3o do IVA: Respons\u00e1vel pelo IVA &#8211; N.\u00ba: 17.508. N\u00famero de identifica\u00e7\u00e3o fiscal (CUIT) 30-71627741-7 Moeda de pagamento Os nossos pre\u00e7os s\u00e3o em pesos argentinos. Em d\u00f3lares, euros ou reais, estes pre\u00e7os variam de acordo com [&hellip;]<\/p>","protected":false},"author":2,"featured_media":0,"parent":0,"menu_order":0,"comment_status":"closed","ping_status":"closed","template":"","meta":{"_joinchat":[],"footnotes":""},"class_list":["post-4793","page","type-page","status-publish","hentry"],"yoast_head":"<!-- This site is optimized with the Yoast SEO plugin v27.2 - https:\/\/yoast.com\/product\/yoast-seo-wordpress\/ -->\n<title>Termos e condi\u00e7\u00f5es - Kaitek Viajes<\/title>\n<meta name=\"robots\" content=\"index, follow, max-snippet:-1, max-image-preview:large, max-video-preview:-1\" \/>\n<link rel=\"canonical\" href=\"https:\/\/kaitekviajes.com.ar\/en\/termos-e-condicoes\/?wmc-currency=USD\" \/>\n<meta property=\"og:locale\" content=\"en_US\" \/>\n<meta property=\"og:type\" content=\"article\" \/>\n<meta property=\"og:title\" content=\"Termos e condi\u00e7\u00f5es - Kaitek Viajes\" \/>\n<meta property=\"og:description\" content=\"MERIDION TRAVEL COMPANY S.A.S. &#8211; Ficheiro n\u00ba. 17.508 &#8211; Situa\u00e7\u00e3o do IVA: Respons\u00e1vel pelo IVA &#8211; N.\u00ba: 17.508 &#8211; Situa\u00e7\u00e3o do IVA: Respons\u00e1vel pelo IVA &#8211; N.\u00ba: 17.508. N\u00famero de identifica\u00e7\u00e3o fiscal (CUIT) 30-71627741-7 Moeda de pagamento Os nossos pre\u00e7os s\u00e3o em pesos argentinos. Em d\u00f3lares, euros ou reais, estes pre\u00e7os variam de acordo com [&hellip;]\" \/>\n<meta property=\"og:url\" content=\"https:\/\/kaitekviajes.com.ar\/en\/termos-e-condicoes\/?wmc-currency=USD\" \/>\n<meta property=\"og:site_name\" content=\"Kaitek Viajes\" \/>\n<meta property=\"article:modified_time\" content=\"2023-08-07T20:46:05+00:00\" \/>\n<meta name=\"twitter:card\" content=\"summary_large_image\" \/>\n<meta name=\"twitter:label1\" content=\"Est. reading time\" \/>\n\t<meta name=\"twitter:data1\" content=\"7 minutes\" \/>\n<script type=\"application\/ld+json\" class=\"yoast-schema-graph\">{\"@context\":\"https:\/\/schema.org\",\"@graph\":[{\"@type\":\"WebPage\",\"@id\":\"https:\/\/kaitekviajes.com.ar\/termos-e-condicoes\/\",\"url\":\"https:\/\/kaitekviajes.com.ar\/termos-e-condicoes\/\",\"name\":\"Termos e condi\u00e7\u00f5es - Kaitek Viajes\",\"isPartOf\":{\"@id\":\"https:\/\/kaitekviajes.com.ar\/#website\"},\"datePublished\":\"2023-05-09T19:17:37+00:00\",\"dateModified\":\"2023-08-07T20:46:05+00:00\",\"breadcrumb\":{\"@id\":\"https:\/\/kaitekviajes.com.ar\/termos-e-condicoes\/#breadcrumb\"},\"inLanguage\":\"en-US\",\"potentialAction\":[{\"@type\":\"ReadAction\",\"target\":[\"https:\/\/kaitekviajes.com.ar\/termos-e-condicoes\/\"]}]},{\"@type\":\"BreadcrumbList\",\"@id\":\"https:\/\/kaitekviajes.com.ar\/termos-e-condicoes\/#breadcrumb\",\"itemListElement\":[{\"@type\":\"ListItem\",\"position\":1,\"name\":\"Portada\",\"item\":\"https:\/\/kaitekviajes.com.ar\/\"},{\"@type\":\"ListItem\",\"position\":2,\"name\":\"Termos e condi\u00e7\u00f5es\"}]},{\"@type\":\"WebSite\",\"@id\":\"https:\/\/kaitekviajes.com.ar\/#website\",\"url\":\"https:\/\/kaitekviajes.com.ar\/\",\"name\":\"Kaitek Viajes\",\"description\":\"Excursiones - Ushuaia y Tierra del Fuego, Patagonia\",\"publisher\":{\"@id\":\"https:\/\/kaitekviajes.com.ar\/#organization\"},\"potentialAction\":[{\"@type\":\"SearchAction\",\"target\":{\"@type\":\"EntryPoint\",\"urlTemplate\":\"https:\/\/kaitekviajes.com.ar\/?s={search_term_string}\"},\"query-input\":{\"@type\":\"PropertyValueSpecification\",\"valueRequired\":true,\"valueName\":\"search_term_string\"}}],\"inLanguage\":\"en-US\"},{\"@type\":\"Organization\",\"@id\":\"https:\/\/kaitekviajes.com.ar\/#organization\",\"name\":\"Kaitek Viajes\",\"url\":\"https:\/\/kaitekviajes.com.ar\/\",\"logo\":{\"@type\":\"ImageObject\",\"inLanguage\":\"en-US\",\"@id\":\"https:\/\/kaitekviajes.com.ar\/#\/schema\/logo\/image\/\",\"url\":\"https:\/\/kaitekviajes.com.ar\/wp-content\/uploads\/2023\/04\/cropped-Logo-Kaitek-completo.png\",\"contentUrl\":\"https:\/\/kaitekviajes.com.ar\/wp-content\/uploads\/2023\/04\/cropped-Logo-Kaitek-completo.png\",\"width\":1380,\"height\":706,\"caption\":\"Kaitek Viajes\"},\"image\":{\"@id\":\"https:\/\/kaitekviajes.com.ar\/#\/schema\/logo\/image\/\"}}]}<\/script>\n<!-- \/ Yoast SEO plugin. -->","yoast_head_json":{"title":"Termos e condi\u00e7\u00f5es - Kaitek Viajes","robots":{"index":"index","follow":"follow","max-snippet":"max-snippet:-1","max-image-preview":"max-image-preview:large","max-video-preview":"max-video-preview:-1"},"canonical":"https:\/\/kaitekviajes.com.ar\/en\/termos-e-condicoes\/?wmc-currency=USD","og_locale":"en_US","og_type":"article","og_title":"Termos e condi\u00e7\u00f5es - Kaitek Viajes","og_description":"MERIDION TRAVEL COMPANY S.A.S. &#8211; Ficheiro n\u00ba. 17.508 &#8211; Situa\u00e7\u00e3o do IVA: Respons\u00e1vel pelo IVA &#8211; N.\u00ba: 17.508 &#8211; Situa\u00e7\u00e3o do IVA: Respons\u00e1vel pelo IVA &#8211; N.\u00ba: 17.508. N\u00famero de identifica\u00e7\u00e3o fiscal (CUIT) 30-71627741-7 Moeda de pagamento Os nossos pre\u00e7os s\u00e3o em pesos argentinos. Em d\u00f3lares, euros ou reais, estes pre\u00e7os variam de acordo com [&hellip;]","og_url":"https:\/\/kaitekviajes.com.ar\/en\/termos-e-condicoes\/?wmc-currency=USD","og_site_name":"Kaitek Viajes","article_modified_time":"2023-08-07T20:46:05+00:00","twitter_card":"summary_large_image","twitter_misc":{"Est. reading time":"7 minutes"},"schema":{"@context":"https:\/\/schema.org","@graph":[{"@type":"WebPage","@id":"https:\/\/kaitekviajes.com.ar\/termos-e-condicoes\/","url":"https:\/\/kaitekviajes.com.ar\/termos-e-condicoes\/","name":"Termos e condi\u00e7\u00f5es - Kaitek Viajes","isPartOf":{"@id":"https:\/\/kaitekviajes.com.ar\/#website"},"datePublished":"2023-05-09T19:17:37+00:00","dateModified":"2023-08-07T20:46:05+00:00","breadcrumb":{"@id":"https:\/\/kaitekviajes.com.ar\/termos-e-condicoes\/#breadcrumb"},"inLanguage":"en-US","potentialAction":[{"@type":"ReadAction","target":["https:\/\/kaitekviajes.com.ar\/termos-e-condicoes\/"]}]},{"@type":"BreadcrumbList","@id":"https:\/\/kaitekviajes.com.ar\/termos-e-condicoes\/#breadcrumb","itemListElement":[{"@type":"ListItem","position":1,"name":"Portada","item":"https:\/\/kaitekviajes.com.ar\/"},{"@type":"ListItem","position":2,"name":"Termos e condi\u00e7\u00f5es"}]},{"@type":"WebSite","@id":"https:\/\/kaitekviajes.com.ar\/#website","url":"https:\/\/kaitekviajes.com.ar\/","name":"Kaitek Viajes","description":"Excursiones - Ushuaia y Tierra del Fuego, Patagonia","publisher":{"@id":"https:\/\/kaitekviajes.com.ar\/#organization"},"potentialAction":[{"@type":"SearchAction","target":{"@type":"EntryPoint","urlTemplate":"https:\/\/kaitekviajes.com.ar\/?s={search_term_string}"},"query-input":{"@type":"PropertyValueSpecification","valueRequired":true,"valueName":"search_term_string"}}],"inLanguage":"en-US"},{"@type":"Organization","@id":"https:\/\/kaitekviajes.com.ar\/#organization","name":"Kaitek Viajes","url":"https:\/\/kaitekviajes.com.ar\/","logo":{"@type":"ImageObject","inLanguage":"en-US","@id":"https:\/\/kaitekviajes.com.ar\/#\/schema\/logo\/image\/","url":"https:\/\/kaitekviajes.com.ar\/wp-content\/uploads\/2023\/04\/cropped-Logo-Kaitek-completo.png","contentUrl":"https:\/\/kaitekviajes.com.ar\/wp-content\/uploads\/2023\/04\/cropped-Logo-Kaitek-completo.png","width":1380,"height":706,"caption":"Kaitek Viajes"},"image":{"@id":"https:\/\/kaitekviajes.com.ar\/#\/schema\/logo\/image\/"}}]}},"_links":{"self":[{"href":"https:\/\/kaitekviajes.com.ar\/en\/wp-json\/wp\/v2\/pages\/4793","targetHints":{"allow":["GET"]}}],"collection":[{"href":"https:\/\/kaitekviajes.com.ar\/en\/wp-json\/wp\/v2\/pages"}],"about":[{"href":"https:\/\/kaitekviajes.com.ar\/en\/wp-json\/wp\/v2\/types\/page"}],"author":[{"embeddable":true,"href":"https:\/\/kaitekviajes.com.ar\/en\/wp-json\/wp\/v2\/users\/2"}],"replies":[{"embeddable":true,"href":"https:\/\/kaitekviajes.com.ar\/en\/wp-json\/wp\/v2\/comments?post=4793"}],"version-history":[{"count":1,"href":"https:\/\/kaitekviajes.com.ar\/en\/wp-json\/wp\/v2\/pages\/4793\/revisions"}],"predecessor-version":[{"id":4807,"href":"https:\/\/kaitekviajes.com.ar\/en\/wp-json\/wp\/v2\/pages\/4793\/revisions\/4807"}],"wp:attachment":[{"href":"https:\/\/kaitekviajes.com.ar\/en\/wp-json\/wp\/v2\/media?parent=4793"}],"curies":[{"name":"wp","href":"https:\/\/api.w.org\/{rel}","templated":true}]}}