{"id":4717,"date":"2023-04-26T15:34:12","date_gmt":"2023-04-26T18:34:12","guid":{"rendered":"https:\/\/kaitekviajes.com.ar\/checkout\/"},"modified":"2023-08-03T12:18:09","modified_gmt":"2023-08-03T15:18:09","slug":"checkout","status":"publish","type":"page","link":"https:\/\/kaitekviajes.com.ar\/en\/checkout\/","title":{"rendered":"Checkout"},"content":{"rendered":"<div data-elementor-type=\"wp-page\" data-elementor-id=\"4717\" class=\"elementor elementor-4717\" data-elementor-post-type=\"page\">\n\t\t\t\t\t\t<section class=\"elementor-section elementor-top-section elementor-element elementor-element-e5aa504 elementor-section-height-min-height elementor-section-boxed elementor-section-height-default elementor-section-items-middle\" data-id=\"e5aa504\" data-element_type=\"section\" data-e-type=\"section\" data-settings=\"{&quot;background_background&quot;:&quot;classic&quot;}\">\n\t\t\t\t\t\t\t<div class=\"elementor-background-overlay\"><\/div>\n\t\t\t\t\t\t\t<div class=\"elementor-container elementor-column-gap-default\">\n\t\t\t\t\t<div class=\"elementor-column elementor-col-100 elementor-top-column elementor-element elementor-element-f645d63\" data-id=\"f645d63\" data-element_type=\"column\" data-e-type=\"column\">\n\t\t\t<div class=\"elementor-widget-wrap elementor-element-populated\">\n\t\t\t\t\t\t<div class=\"elementor-element elementor-element-c6bdba7 elementor-widget elementor-widget-heading\" data-id=\"c6bdba7\" data-element_type=\"widget\" data-e-type=\"widget\" data-widget_type=\"heading.default\">\n\t\t\t\t\t<h2 class=\"elementor-heading-title elementor-size-default\">Checkout<\/h2>\t\t\t\t<\/div>\n\t\t\t\t\t<\/div>\n\t\t<\/div>\n\t\t\t\t\t<\/div>\n\t\t<\/section>\n\t\t\t\t<section class=\"elementor-section elementor-top-section elementor-element elementor-element-35c6a21 elementor-section-boxed elementor-section-height-default elementor-section-height-default\" data-id=\"35c6a21\" data-element_type=\"section\" data-e-type=\"section\">\n\t\t\t\t\t\t<div class=\"elementor-container elementor-column-gap-default\">\n\t\t\t\t\t<div class=\"elementor-column elementor-col-100 elementor-top-column elementor-element elementor-element-2874c91d\" data-id=\"2874c91d\" data-element_type=\"column\" data-e-type=\"column\">\n\t\t\t<div class=\"elementor-widget-wrap elementor-element-populated\">\n\t\t\t\t\t\t<div class=\"elementor-element elementor-element-39f873c e-checkout-layout-two-column elementor-widget elementor-widget-woocommerce-checkout-page\" data-id=\"39f873c\" data-element_type=\"widget\" data-e-type=\"widget\" data-settings=\"{&quot;sticky_right_column&quot;:&quot;yes&quot;,&quot;sticky_right_column_offset&quot;:100,&quot;purchase_button_hover_animation&quot;:&quot;grow&quot;}\" data-widget_type=\"woocommerce-checkout-page.default\">\n\t\t\t\t<div class=\"elementor-widget-container\">\n\t\t\t\t\t<div class=\"woocommerce\"><\/div>\t\t\t\t<\/div>\n\t\t\t\t<\/div>\n\t\t\t\t\t<\/div>\n\t\t<\/div>\n\t\t\t\t\t<\/div>\n\t\t<\/section>\n\t\t\t\t<\/div>","protected":false},"excerpt":{"rendered":"<p>Completar los datos Nombre&nbsp;* Apellido&nbsp;* Nombre de la compa\u00f1\u00eda&nbsp;(opcional) Pa\u00eds \/ Regi\u00f3n&nbsp;*Selecciona un pa\u00eds\/regi\u00f3n&hellip;Afganist\u00e1nAlbaniaAlemaniaAndorraAngolaAnguillaAnt\u00e1rtidaAntigua y BarbudaArabia SauditaArgeliaArgentinaArmeniaArubaAustraliaAustriaAzerbaijanBahamasBahrainBangladeshBarbadosBelauB\u00e9lgicaBelizeBeninBermudaBhutanBielorrusiaBirmaniaBoliviaBonaire, San Eustaquio y SabaBosnia y HerzegovinaBotswanaBrasilBrun\u00e9iBulgariaBurkina FasoBurundiCabo VerdeCamboyaCamer\u00fanCanad\u00e1ChadChileChinaChipreCiudad del VaticanoColombiaComorasCongo (Brazzaville)Congo (Kinshasa)Corea del NorteCorea del SurCosta de MarfilCosta RicaCroaciaCubaCura&ccedil;aoDinamarcaDjiboutiDominicaEcuadorEgiptoEl SalvadorEmiratos \u00c1rabes UnidosEritreaEslovaquiaEsloveniaEspa\u00f1aEstados Unidos (EEUU)EstoniaEsuatiniEtiop\u00edaFilipinasFinlandiaFiyiFranciaGab\u00f3nGambiaGeorgiaGhanaGibraltarGranadaGreciaGroenlandiaGuadalupeGuamGuatemalaGuayana FrancesaGuernseyGuineaGuinea EcuatorialGuinea-Bis\u00e1uGuyanaHait\u00edHondurasHong KongHungr\u00edaIndiaIndonesiaIrakIr\u00e1nIrlandaIsla BouvetIsla de ManIsla de NavidadIsla NorfolkIsla Santa ElenaIslandiaIslas \u00c5landIslas Caim\u00e1nIslas CocosIslas [&hellip;]<\/p>","protected":false},"author":3,"featured_media":0,"parent":0,"menu_order":0,"comment_status":"closed","ping_status":"closed","template":"","meta":{"_joinchat":[],"footnotes":""},"class_list":["post-4717","page","type-page","status-publish","hentry"],"yoast_head":"<!-- This site is optimized with the Yoast SEO plugin v27.2 - https:\/\/yoast.com\/product\/yoast-seo-wordpress\/ -->\n<title>Checkout - Kaitek Viajes<\/title>\n<meta name=\"robots\" content=\"index, follow, max-snippet:-1, max-image-preview:large, max-video-preview:-1\" \/>\n<link rel=\"canonical\" href=\"https:\/\/kaitekviajes.com.ar\/en\/checkout\/?wmc-currency=USD\" \/>\n<meta property=\"og:locale\" content=\"en_US\" \/>\n<meta property=\"og:type\" content=\"article\" \/>\n<meta property=\"og:title\" content=\"Checkout - Kaitek Viajes\" \/>\n<meta property=\"og:description\" content=\"Completar los datos Nombre&nbsp;* Apellido&nbsp;* Nombre de la compa\u00f1\u00eda&nbsp;(opcional) Pa\u00eds \/ Regi\u00f3n&nbsp;*Selecciona un pa\u00eds\/regi\u00f3n&hellip;Afganist\u00e1nAlbaniaAlemaniaAndorraAngolaAnguillaAnt\u00e1rtidaAntigua y BarbudaArabia SauditaArgeliaArgentinaArmeniaArubaAustraliaAustriaAzerbaijanBahamasBahrainBangladeshBarbadosBelauB\u00e9lgicaBelizeBeninBermudaBhutanBielorrusiaBirmaniaBoliviaBonaire, San Eustaquio y SabaBosnia y HerzegovinaBotswanaBrasilBrun\u00e9iBulgariaBurkina FasoBurundiCabo VerdeCamboyaCamer\u00fanCanad\u00e1ChadChileChinaChipreCiudad del VaticanoColombiaComorasCongo (Brazzaville)Congo (Kinshasa)Corea del NorteCorea del SurCosta de MarfilCosta RicaCroaciaCubaCura&ccedil;aoDinamarcaDjiboutiDominicaEcuadorEgiptoEl SalvadorEmiratos \u00c1rabes UnidosEritreaEslovaquiaEsloveniaEspa\u00f1aEstados Unidos (EEUU)EstoniaEsuatiniEtiop\u00edaFilipinasFinlandiaFiyiFranciaGab\u00f3nGambiaGeorgiaGhanaGibraltarGranadaGreciaGroenlandiaGuadalupeGuamGuatemalaGuayana FrancesaGuernseyGuineaGuinea EcuatorialGuinea-Bis\u00e1uGuyanaHait\u00edHondurasHong KongHungr\u00edaIndiaIndonesiaIrakIr\u00e1nIrlandaIsla BouvetIsla de ManIsla de NavidadIsla NorfolkIsla Santa ElenaIslandiaIslas \u00c5landIslas Caim\u00e1nIslas CocosIslas [&hellip;]\" \/>\n<meta property=\"og:url\" content=\"https:\/\/kaitekviajes.com.ar\/en\/checkout\/?wmc-currency=USD\" \/>\n<meta property=\"og:site_name\" content=\"Kaitek Viajes\" \/>\n<meta property=\"article:modified_time\" content=\"2023-08-03T15:18:09+00:00\" \/>\n<meta name=\"twitter:card\" content=\"summary_large_image\" \/>\n<meta name=\"twitter:label1\" content=\"Est. reading time\" \/>\n\t<meta name=\"twitter:data1\" content=\"9 minutes\" \/>\n<script type=\"application\/ld+json\" class=\"yoast-schema-graph\">{\"@context\":\"https:\/\/schema.org\",\"@graph\":[{\"@type\":\"WebPage\",\"@id\":\"https:\/\/kaitekviajes.com.ar\/checkout\/\",\"url\":\"https:\/\/kaitekviajes.com.ar\/checkout\/\",\"name\":\"Checkout - Kaitek Viajes\",\"isPartOf\":{\"@id\":\"https:\/\/kaitekviajes.com.ar\/#website\"},\"datePublished\":\"2023-04-26T18:34:12+00:00\",\"dateModified\":\"2023-08-03T15:18:09+00:00\",\"breadcrumb\":{\"@id\":\"https:\/\/kaitekviajes.com.ar\/checkout\/#breadcrumb\"},\"inLanguage\":\"en-US\",\"potentialAction\":[{\"@type\":\"ReadAction\",\"target\":[\"https:\/\/kaitekviajes.com.ar\/checkout\/\"]}]},{\"@type\":\"BreadcrumbList\",\"@id\":\"https:\/\/kaitekviajes.com.ar\/checkout\/#breadcrumb\",\"itemListElement\":[{\"@type\":\"ListItem\",\"position\":1,\"name\":\"Portada\",\"item\":\"https:\/\/kaitekviajes.com.ar\/\"},{\"@type\":\"ListItem\",\"position\":2,\"name\":\"Checkout\"}]},{\"@type\":\"WebSite\",\"@id\":\"https:\/\/kaitekviajes.com.ar\/#website\",\"url\":\"https:\/\/kaitekviajes.com.ar\/\",\"name\":\"Kaitek Viajes\",\"description\":\"Excursiones - Ushuaia y Tierra del Fuego, Patagonia\",\"publisher\":{\"@id\":\"https:\/\/kaitekviajes.com.ar\/#organization\"},\"potentialAction\":[{\"@type\":\"SearchAction\",\"target\":{\"@type\":\"EntryPoint\",\"urlTemplate\":\"https:\/\/kaitekviajes.com.ar\/?s={search_term_string}\"},\"query-input\":{\"@type\":\"PropertyValueSpecification\",\"valueRequired\":true,\"valueName\":\"search_term_string\"}}],\"inLanguage\":\"en-US\"},{\"@type\":\"Organization\",\"@id\":\"https:\/\/kaitekviajes.com.ar\/#organization\",\"name\":\"Kaitek Viajes\",\"url\":\"https:\/\/kaitekviajes.com.ar\/\",\"logo\":{\"@type\":\"ImageObject\",\"inLanguage\":\"en-US\",\"@id\":\"https:\/\/kaitekviajes.com.ar\/#\/schema\/logo\/image\/\",\"url\":\"https:\/\/kaitekviajes.com.ar\/wp-content\/uploads\/2023\/04\/cropped-Logo-Kaitek-completo.png\",\"contentUrl\":\"https:\/\/kaitekviajes.com.ar\/wp-content\/uploads\/2023\/04\/cropped-Logo-Kaitek-completo.png\",\"width\":1380,\"height\":706,\"caption\":\"Kaitek Viajes\"},\"image\":{\"@id\":\"https:\/\/kaitekviajes.com.ar\/#\/schema\/logo\/image\/\"}}]}<\/script>\n<!-- \/ Yoast SEO plugin. -->","yoast_head_json":{"title":"Checkout - Kaitek Viajes","robots":{"index":"index","follow":"follow","max-snippet":"max-snippet:-1","max-image-preview":"max-image-preview:large","max-video-preview":"max-video-preview:-1"},"canonical":"https:\/\/kaitekviajes.com.ar\/en\/checkout\/?wmc-currency=USD","og_locale":"en_US","og_type":"article","og_title":"Checkout - Kaitek Viajes","og_description":"Completar los datos Nombre&nbsp;* Apellido&nbsp;* Nombre de la compa\u00f1\u00eda&nbsp;(opcional) Pa\u00eds \/ Regi\u00f3n&nbsp;*Selecciona un pa\u00eds\/regi\u00f3n&hellip;Afganist\u00e1nAlbaniaAlemaniaAndorraAngolaAnguillaAnt\u00e1rtidaAntigua y BarbudaArabia SauditaArgeliaArgentinaArmeniaArubaAustraliaAustriaAzerbaijanBahamasBahrainBangladeshBarbadosBelauB\u00e9lgicaBelizeBeninBermudaBhutanBielorrusiaBirmaniaBoliviaBonaire, San Eustaquio y SabaBosnia y HerzegovinaBotswanaBrasilBrun\u00e9iBulgariaBurkina FasoBurundiCabo VerdeCamboyaCamer\u00fanCanad\u00e1ChadChileChinaChipreCiudad del VaticanoColombiaComorasCongo (Brazzaville)Congo (Kinshasa)Corea del NorteCorea del SurCosta de MarfilCosta RicaCroaciaCubaCura&ccedil;aoDinamarcaDjiboutiDominicaEcuadorEgiptoEl SalvadorEmiratos \u00c1rabes UnidosEritreaEslovaquiaEsloveniaEspa\u00f1aEstados Unidos (EEUU)EstoniaEsuatiniEtiop\u00edaFilipinasFinlandiaFiyiFranciaGab\u00f3nGambiaGeorgiaGhanaGibraltarGranadaGreciaGroenlandiaGuadalupeGuamGuatemalaGuayana FrancesaGuernseyGuineaGuinea EcuatorialGuinea-Bis\u00e1uGuyanaHait\u00edHondurasHong KongHungr\u00edaIndiaIndonesiaIrakIr\u00e1nIrlandaIsla BouvetIsla de ManIsla de NavidadIsla NorfolkIsla Santa ElenaIslandiaIslas \u00c5landIslas Caim\u00e1nIslas CocosIslas [&hellip;]","og_url":"https:\/\/kaitekviajes.com.ar\/en\/checkout\/?wmc-currency=USD","og_site_name":"Kaitek Viajes","article_modified_time":"2023-08-03T15:18:09+00:00","twitter_card":"summary_large_image","twitter_misc":{"Est. reading time":"9 minutes"},"schema":{"@context":"https:\/\/schema.org","@graph":[{"@type":"WebPage","@id":"https:\/\/kaitekviajes.com.ar\/checkout\/","url":"https:\/\/kaitekviajes.com.ar\/checkout\/","name":"Checkout - Kaitek Viajes","isPartOf":{"@id":"https:\/\/kaitekviajes.com.ar\/#website"},"datePublished":"2023-04-26T18:34:12+00:00","dateModified":"2023-08-03T15:18:09+00:00","breadcrumb":{"@id":"https:\/\/kaitekviajes.com.ar\/checkout\/#breadcrumb"},"inLanguage":"en-US","potentialAction":[{"@type":"ReadAction","target":["https:\/\/kaitekviajes.com.ar\/checkout\/"]}]},{"@type":"BreadcrumbList","@id":"https:\/\/kaitekviajes.com.ar\/checkout\/#breadcrumb","itemListElement":[{"@type":"ListItem","position":1,"name":"Portada","item":"https:\/\/kaitekviajes.com.ar\/"},{"@type":"ListItem","position":2,"name":"Checkout"}]},{"@type":"WebSite","@id":"https:\/\/kaitekviajes.com.ar\/#website","url":"https:\/\/kaitekviajes.com.ar\/","name":"Kaitek Viajes","description":"Excursiones - Ushuaia y Tierra del Fuego, Patagonia","publisher":{"@id":"https:\/\/kaitekviajes.com.ar\/#organization"},"potentialAction":[{"@type":"SearchAction","target":{"@type":"EntryPoint","urlTemplate":"https:\/\/kaitekviajes.com.ar\/?s={search_term_string}"},"query-input":{"@type":"PropertyValueSpecification","valueRequired":true,"valueName":"search_term_string"}}],"inLanguage":"en-US"},{"@type":"Organization","@id":"https:\/\/kaitekviajes.com.ar\/#organization","name":"Kaitek Viajes","url":"https:\/\/kaitekviajes.com.ar\/","logo":{"@type":"ImageObject","inLanguage":"en-US","@id":"https:\/\/kaitekviajes.com.ar\/#\/schema\/logo\/image\/","url":"https:\/\/kaitekviajes.com.ar\/wp-content\/uploads\/2023\/04\/cropped-Logo-Kaitek-completo.png","contentUrl":"https:\/\/kaitekviajes.com.ar\/wp-content\/uploads\/2023\/04\/cropped-Logo-Kaitek-completo.png","width":1380,"height":706,"caption":"Kaitek Viajes"},"image":{"@id":"https:\/\/kaitekviajes.com.ar\/#\/schema\/logo\/image\/"}}]}},"_links":{"self":[{"href":"https:\/\/kaitekviajes.com.ar\/en\/wp-json\/wp\/v2\/pages\/4717","targetHints":{"allow":["GET"]}}],"collection":[{"href":"https:\/\/kaitekviajes.com.ar\/en\/wp-json\/wp\/v2\/pages"}],"about":[{"href":"https:\/\/kaitekviajes.com.ar\/en\/wp-json\/wp\/v2\/types\/page"}],"author":[{"embeddable":true,"href":"https:\/\/kaitekviajes.com.ar\/en\/wp-json\/wp\/v2\/users\/3"}],"replies":[{"embeddable":true,"href":"https:\/\/kaitekviajes.com.ar\/en\/wp-json\/wp\/v2\/comments?post=4717"}],"version-history":[{"count":0,"href":"https:\/\/kaitekviajes.com.ar\/en\/wp-json\/wp\/v2\/pages\/4717\/revisions"}],"wp:attachment":[{"href":"https:\/\/kaitekviajes.com.ar\/en\/wp-json\/wp\/v2\/media?parent=4717"}],"curies":[{"name":"wp","href":"https:\/\/api.w.org\/{rel}","templated":true}]}}