{"id":439,"date":"2023-05-07T21:11:00","date_gmt":"2023-05-08T00:11:00","guid":{"rendered":"https:\/\/kaitekviajes.com.ar\/?page_id=439"},"modified":"2023-05-25T22:52:15","modified_gmt":"2023-05-26T01:52:15","slug":"kaitek-viajes-una-nueva-forma-de-viajar","status":"publish","type":"page","link":"https:\/\/kaitekviajes.com.ar\/en\/kaitek-viajes-una-nueva-forma-de-viajar\/","title":{"rendered":"Kaitek Viajes, una nueva forma de viajar"},"content":{"rendered":"<div data-elementor-type=\"wp-page\" data-elementor-id=\"439\" class=\"elementor elementor-439\" data-elementor-post-type=\"page\">\n\t\t\t\t\t\t<section class=\"elementor-section elementor-top-section elementor-element elementor-element-390d987 elementor-section-full_width elementor-section-height-min-height elementor-section-stretched elementor-section-height-default elementor-section-items-middle\" data-id=\"390d987\" data-element_type=\"section\" data-e-type=\"section\" data-settings=\"{&quot;stretch_section&quot;:&quot;section-stretched&quot;,&quot;background_background&quot;:&quot;classic&quot;}\">\n\t\t\t\t\t\t\t<div class=\"elementor-background-overlay\"><\/div>\n\t\t\t\t\t\t\t<div class=\"elementor-container elementor-column-gap-default\">\n\t\t\t\t\t<div class=\"elementor-column elementor-col-100 elementor-top-column elementor-element elementor-element-2ae9dd8\" data-id=\"2ae9dd8\" data-element_type=\"column\" data-e-type=\"column\">\n\t\t\t<div class=\"elementor-widget-wrap elementor-element-populated\">\n\t\t\t\t\t\t<div class=\"elementor-element elementor-element-80982b0 elementor-widget elementor-widget-heading\" data-id=\"80982b0\" data-element_type=\"widget\" data-e-type=\"widget\" data-widget_type=\"heading.default\">\n\t\t\t\t\t<h1 class=\"elementor-heading-title elementor-size-default\">Una nueva forma de viajar<\/h1>\t\t\t\t<\/div>\n\t\t\t\t\t<\/div>\n\t\t<\/div>\n\t\t\t\t\t<\/div>\n\t\t<\/section>\n\t\t\t\t<section class=\"elementor-section elementor-top-section elementor-element elementor-element-8543a9f elementor-section-boxed elementor-section-height-default elementor-section-height-default\" data-id=\"8543a9f\" data-element_type=\"section\" data-e-type=\"section\">\n\t\t\t\t\t\t<div class=\"elementor-container elementor-column-gap-default\">\n\t\t\t\t\t<div class=\"elementor-column elementor-col-100 elementor-top-column elementor-element elementor-element-99d911d\" data-id=\"99d911d\" data-element_type=\"column\" data-e-type=\"column\">\n\t\t\t<div class=\"elementor-widget-wrap elementor-element-populated\">\n\t\t\t\t\t\t<div class=\"elementor-element elementor-element-f01cdfc elementor-widget elementor-widget-text-editor\" data-id=\"f01cdfc\" data-element_type=\"widget\" data-e-type=\"widget\" data-widget_type=\"text-editor.default\">\n\t\t\t\t\t\t\t\t\t<div class=\"container\"><div class=\"wrapper_contenidos\"><p><strong>Kaitek Travel<\/strong> tuvo su g\u00e9nesis a fines del a\u00f1o 2018, en calidad de Empresa de Viajes y Turismo. Su fundador, <strong>German Cesar Ausili<\/strong>, tiene una trayectoria de m\u00e1s de 22 a\u00f1os en el sector de Viajes y Turismo.<\/p><p>Germ\u00e1n Ausili es Gu\u00eda Universitario de Turismo, T\u00e9cnico en Emprendimientos Tur\u00edsticos y Licenciado en Turismo con formaci\u00f3n acad\u00e9mica especializada en Administraci\u00f3n de Empresas Tur\u00edsticas. Se desempe\u00f1\u00f3 en el sector como Operativo a Cargo de Operaciones de Cruceros a Ant\u00e1rtida y de Gran Porte, Agente Mar\u00edtimo, Gerente de un Complejo Hotelero y como Gerente de Empresa de Viajes desde el a\u00f1o 2010.<\/p><p>Con la creaci\u00f3n de Kaitek Viajes, su fundador busc\u00f3 como principal objetivo que los clientes que acompa\u00f1an su accionar, as\u00ed como todo el mercado en cuesti\u00f3n pueda contar con una empresa que les brinde una nueva forma de viajar, personalizada, con atenci\u00f3n 24 horas, y atento a las constantes demandas de sus clientes.<\/p><p>Kaitek significa Luz, Energ\u00eda en idioma nativo Y\u00e1mana, abor\u00edgenes de Ushuaia y Tierra del Fuego, Argentina. De este modo, y como la raz\u00f3n social de la empresa lo indica \u00abMeridion Travel Company\u00bb, se refuerza el concepto de Luz, Energ\u00eda y ambiente positivo que se busc\u00f3 desde la creaci\u00f3n de la empresa.<\/p><p>A su vez, dentro de los servicios y mensajes que la empresa promociona, se utilizan distintos t\u00e9rminos Y\u00e1manas, a los fines de dar difusi\u00f3n a nuestra lengua nativa, y mantener de este modo viva la tradici\u00f3n de nuestros ancestros.<\/p><p>La Empresa cuenta con un s\u00f3lido Know how, tanto en cuanto a la atenci\u00f3n de nuestros clientes corporativos, paquetes al Caribe, Brasil, Europa, destinos ex\u00f3ticos, Cruceros por todo el mundo, as\u00ed como a la prestaci\u00f3n de servicios del modo m\u00e1s profesional y humano del mercado.<\/p><p>Germ\u00e1n ha sido el promotor de las salidas grupales por Caribe &amp; El Mundo, desde Ushuaia y en grupos de \u00abAmigos\u00bb. De esta manera, la empresa Kaitek Viajes cuenta con ese enorme potencial, de manera tal de seguir desarrollando esa l\u00ednea de servicios, para seguir conociendo el planeta de la forma m\u00e1s divertida y completa.<br \/>Tambi\u00e9n tiene dentro de los servicios que presta, atenci\u00f3n en el mercado receptivo, contando con numerosos programas por Argentina, Ushuaia &amp; Tierra del Fuego.<\/p><\/div><\/div>\t\t\t\t\t\t\t\t<\/div>\n\t\t\t\t<div class=\"elementor-element elementor-element-1396a03 elementor-widget elementor-widget-video\" data-id=\"1396a03\" data-element_type=\"widget\" data-e-type=\"widget\" data-settings=\"{&quot;youtube_url&quot;:&quot;https:\\\/\\\/www.youtube.com\\\/watch?v=IOwhJD_T0og&amp;ab_channel=KaitekViajes&quot;,&quot;video_type&quot;:&quot;youtube&quot;,&quot;controls&quot;:&quot;yes&quot;}\" data-widget_type=\"video.default\">\n\t\t\t\t\t\t\t<div class=\"elementor-wrapper elementor-open-inline\">\n\t\t\t<div class=\"elementor-video\"><\/div>\t\t<\/div>\n\t\t\t\t\t\t<\/div>\n\t\t\t\t\t<\/div>\n\t\t<\/div>\n\t\t\t\t\t<\/div>\n\t\t<\/section>\n\t\t\t\t<\/div>","protected":false},"excerpt":{"rendered":"<p>Una nueva forma de viajar Kaitek Viajes tuvo su g\u00e9nesis a fines del a\u00f1o 2018, en calidad de Empresa de Viajes y Turismo. Su fundador, Germ\u00e1n C\u00e9sar Ausili, tiene una trayectoria de m\u00e1s de 22 a\u00f1os en el sector de Viajes y Turismo. Germ\u00e1n Ausili es Gu\u00eda Universitario de Turismo, T\u00e9cnico en Emprendimientos Tur\u00edsticos y [&hellip;]<\/p>","protected":false},"author":2,"featured_media":0,"parent":0,"menu_order":0,"comment_status":"closed","ping_status":"closed","template":"","meta":{"_joinchat":[],"footnotes":""},"class_list":["post-439","page","type-page","status-publish","hentry"],"yoast_head":"<!-- This site is optimized with the Yoast SEO plugin v27.2 - https:\/\/yoast.com\/product\/yoast-seo-wordpress\/ -->\n<title>Kaitek Viajes, una nueva forma de viajar - Kaitek Viajes<\/title>\n<meta name=\"robots\" content=\"index, follow, max-snippet:-1, max-image-preview:large, max-video-preview:-1\" \/>\n<link rel=\"canonical\" href=\"https:\/\/kaitekviajes.com.ar\/en\/kaitek-viajes-una-nueva-forma-de-viajar\/?wmc-currency=USD\" \/>\n<meta property=\"og:locale\" content=\"en_US\" \/>\n<meta property=\"og:type\" content=\"article\" \/>\n<meta property=\"og:title\" content=\"Kaitek Viajes, una nueva forma de viajar - Kaitek Viajes\" \/>\n<meta property=\"og:description\" content=\"Una nueva forma de viajar Kaitek Viajes tuvo su g\u00e9nesis a fines del a\u00f1o 2018, en calidad de Empresa de Viajes y Turismo. Su fundador, Germ\u00e1n C\u00e9sar Ausili, tiene una trayectoria de m\u00e1s de 22 a\u00f1os en el sector de Viajes y Turismo. Germ\u00e1n Ausili es Gu\u00eda Universitario de Turismo, T\u00e9cnico en Emprendimientos Tur\u00edsticos y [&hellip;]\" \/>\n<meta property=\"og:url\" content=\"https:\/\/kaitekviajes.com.ar\/en\/kaitek-viajes-una-nueva-forma-de-viajar\/?wmc-currency=USD\" \/>\n<meta property=\"og:site_name\" content=\"Kaitek Viajes\" \/>\n<meta property=\"article:modified_time\" content=\"2023-05-26T01:52:15+00:00\" \/>\n<meta name=\"twitter:card\" content=\"summary_large_image\" \/>\n<meta name=\"twitter:label1\" content=\"Est. reading time\" \/>\n\t<meta name=\"twitter:data1\" content=\"2 minutes\" \/>\n<script type=\"application\/ld+json\" class=\"yoast-schema-graph\">{\"@context\":\"https:\/\/schema.org\",\"@graph\":[{\"@type\":\"WebPage\",\"@id\":\"https:\/\/kaitekviajes.com.ar\/kaitek-viajes-una-nueva-forma-de-viajar\/\",\"url\":\"https:\/\/kaitekviajes.com.ar\/kaitek-viajes-una-nueva-forma-de-viajar\/\",\"name\":\"Kaitek Viajes, una nueva forma de viajar - Kaitek Viajes\",\"isPartOf\":{\"@id\":\"https:\/\/kaitekviajes.com.ar\/#website\"},\"datePublished\":\"2023-05-08T00:11:00+00:00\",\"dateModified\":\"2023-05-26T01:52:15+00:00\",\"breadcrumb\":{\"@id\":\"https:\/\/kaitekviajes.com.ar\/kaitek-viajes-una-nueva-forma-de-viajar\/#breadcrumb\"},\"inLanguage\":\"en-US\",\"potentialAction\":[{\"@type\":\"ReadAction\",\"target\":[\"https:\/\/kaitekviajes.com.ar\/kaitek-viajes-una-nueva-forma-de-viajar\/\"]}]},{\"@type\":\"BreadcrumbList\",\"@id\":\"https:\/\/kaitekviajes.com.ar\/kaitek-viajes-una-nueva-forma-de-viajar\/#breadcrumb\",\"itemListElement\":[{\"@type\":\"ListItem\",\"position\":1,\"name\":\"Portada\",\"item\":\"https:\/\/kaitekviajes.com.ar\/\"},{\"@type\":\"ListItem\",\"position\":2,\"name\":\"Kaitek Viajes, una nueva forma de viajar\"}]},{\"@type\":\"WebSite\",\"@id\":\"https:\/\/kaitekviajes.com.ar\/#website\",\"url\":\"https:\/\/kaitekviajes.com.ar\/\",\"name\":\"Kaitek Viajes\",\"description\":\"Excursiones - Ushuaia y Tierra del Fuego, Patagonia\",\"publisher\":{\"@id\":\"https:\/\/kaitekviajes.com.ar\/#organization\"},\"potentialAction\":[{\"@type\":\"SearchAction\",\"target\":{\"@type\":\"EntryPoint\",\"urlTemplate\":\"https:\/\/kaitekviajes.com.ar\/?s={search_term_string}\"},\"query-input\":{\"@type\":\"PropertyValueSpecification\",\"valueRequired\":true,\"valueName\":\"search_term_string\"}}],\"inLanguage\":\"en-US\"},{\"@type\":\"Organization\",\"@id\":\"https:\/\/kaitekviajes.com.ar\/#organization\",\"name\":\"Kaitek Viajes\",\"url\":\"https:\/\/kaitekviajes.com.ar\/\",\"logo\":{\"@type\":\"ImageObject\",\"inLanguage\":\"en-US\",\"@id\":\"https:\/\/kaitekviajes.com.ar\/#\/schema\/logo\/image\/\",\"url\":\"https:\/\/kaitekviajes.com.ar\/wp-content\/uploads\/2023\/04\/cropped-Logo-Kaitek-completo.png\",\"contentUrl\":\"https:\/\/kaitekviajes.com.ar\/wp-content\/uploads\/2023\/04\/cropped-Logo-Kaitek-completo.png\",\"width\":1380,\"height\":706,\"caption\":\"Kaitek Viajes\"},\"image\":{\"@id\":\"https:\/\/kaitekviajes.com.ar\/#\/schema\/logo\/image\/\"}}]}<\/script>\n<!-- \/ Yoast SEO plugin. -->","yoast_head_json":{"title":"Kaitek Viajes, una nueva forma de viajar - Kaitek Viajes","robots":{"index":"index","follow":"follow","max-snippet":"max-snippet:-1","max-image-preview":"max-image-preview:large","max-video-preview":"max-video-preview:-1"},"canonical":"https:\/\/kaitekviajes.com.ar\/en\/kaitek-viajes-una-nueva-forma-de-viajar\/?wmc-currency=USD","og_locale":"en_US","og_type":"article","og_title":"Kaitek Viajes, una nueva forma de viajar - Kaitek Viajes","og_description":"Una nueva forma de viajar Kaitek Viajes tuvo su g\u00e9nesis a fines del a\u00f1o 2018, en calidad de Empresa de Viajes y Turismo. Su fundador, Germ\u00e1n C\u00e9sar Ausili, tiene una trayectoria de m\u00e1s de 22 a\u00f1os en el sector de Viajes y Turismo. Germ\u00e1n Ausili es Gu\u00eda Universitario de Turismo, T\u00e9cnico en Emprendimientos Tur\u00edsticos y [&hellip;]","og_url":"https:\/\/kaitekviajes.com.ar\/en\/kaitek-viajes-una-nueva-forma-de-viajar\/?wmc-currency=USD","og_site_name":"Kaitek Viajes","article_modified_time":"2023-05-26T01:52:15+00:00","twitter_card":"summary_large_image","twitter_misc":{"Est. reading time":"2 minutes"},"schema":{"@context":"https:\/\/schema.org","@graph":[{"@type":"WebPage","@id":"https:\/\/kaitekviajes.com.ar\/kaitek-viajes-una-nueva-forma-de-viajar\/","url":"https:\/\/kaitekviajes.com.ar\/kaitek-viajes-una-nueva-forma-de-viajar\/","name":"Kaitek Viajes, una nueva forma de viajar - Kaitek Viajes","isPartOf":{"@id":"https:\/\/kaitekviajes.com.ar\/#website"},"datePublished":"2023-05-08T00:11:00+00:00","dateModified":"2023-05-26T01:52:15+00:00","breadcrumb":{"@id":"https:\/\/kaitekviajes.com.ar\/kaitek-viajes-una-nueva-forma-de-viajar\/#breadcrumb"},"inLanguage":"en-US","potentialAction":[{"@type":"ReadAction","target":["https:\/\/kaitekviajes.com.ar\/kaitek-viajes-una-nueva-forma-de-viajar\/"]}]},{"@type":"BreadcrumbList","@id":"https:\/\/kaitekviajes.com.ar\/kaitek-viajes-una-nueva-forma-de-viajar\/#breadcrumb","itemListElement":[{"@type":"ListItem","position":1,"name":"Portada","item":"https:\/\/kaitekviajes.com.ar\/"},{"@type":"ListItem","position":2,"name":"Kaitek Viajes, una nueva forma de viajar"}]},{"@type":"WebSite","@id":"https:\/\/kaitekviajes.com.ar\/#website","url":"https:\/\/kaitekviajes.com.ar\/","name":"Kaitek Viajes","description":"Excursiones - Ushuaia y Tierra del Fuego, Patagonia","publisher":{"@id":"https:\/\/kaitekviajes.com.ar\/#organization"},"potentialAction":[{"@type":"SearchAction","target":{"@type":"EntryPoint","urlTemplate":"https:\/\/kaitekviajes.com.ar\/?s={search_term_string}"},"query-input":{"@type":"PropertyValueSpecification","valueRequired":true,"valueName":"search_term_string"}}],"inLanguage":"en-US"},{"@type":"Organization","@id":"https:\/\/kaitekviajes.com.ar\/#organization","name":"Kaitek Viajes","url":"https:\/\/kaitekviajes.com.ar\/","logo":{"@type":"ImageObject","inLanguage":"en-US","@id":"https:\/\/kaitekviajes.com.ar\/#\/schema\/logo\/image\/","url":"https:\/\/kaitekviajes.com.ar\/wp-content\/uploads\/2023\/04\/cropped-Logo-Kaitek-completo.png","contentUrl":"https:\/\/kaitekviajes.com.ar\/wp-content\/uploads\/2023\/04\/cropped-Logo-Kaitek-completo.png","width":1380,"height":706,"caption":"Kaitek Viajes"},"image":{"@id":"https:\/\/kaitekviajes.com.ar\/#\/schema\/logo\/image\/"}}]}},"_links":{"self":[{"href":"https:\/\/kaitekviajes.com.ar\/en\/wp-json\/wp\/v2\/pages\/439","targetHints":{"allow":["GET"]}}],"collection":[{"href":"https:\/\/kaitekviajes.com.ar\/en\/wp-json\/wp\/v2\/pages"}],"about":[{"href":"https:\/\/kaitekviajes.com.ar\/en\/wp-json\/wp\/v2\/types\/page"}],"author":[{"embeddable":true,"href":"https:\/\/kaitekviajes.com.ar\/en\/wp-json\/wp\/v2\/users\/2"}],"replies":[{"embeddable":true,"href":"https:\/\/kaitekviajes.com.ar\/en\/wp-json\/wp\/v2\/comments?post=439"}],"version-history":[{"count":28,"href":"https:\/\/kaitekviajes.com.ar\/en\/wp-json\/wp\/v2\/pages\/439\/revisions"}],"predecessor-version":[{"id":1724,"href":"https:\/\/kaitekviajes.com.ar\/en\/wp-json\/wp\/v2\/pages\/439\/revisions\/1724"}],"wp:attachment":[{"href":"https:\/\/kaitekviajes.com.ar\/en\/wp-json\/wp\/v2\/media?parent=439"}],"curies":[{"name":"wp","href":"https:\/\/api.w.org\/{rel}","templated":true}]}}